{"id":7031,"date":"2023-03-05T03:22:19","date_gmt":"2023-03-05T03:24:13","guid":{"rendered":"http:\/\/tyditiao.com\/product\/mich2000-balistinis-salmas-3a-taktinis-balistinis-salmas-specialus-dydis-pritaikyta-spalva-speciali-pirkimo-nuoroda\/"},"modified":"2023-03-05T05:24:13","modified_gmt":"2023-03-05T03:24:13","slug":"mich2000-nepersaunamas-salmas-3a-taktinis-balistinis-salmas-specialaus-dydzio-pasirinktinai-spalvai-skirta-pirkimo-nuoroda","status":"publish","type":"product","link":"https:\/\/tyditiao.com\/lt\/produktas\/mich2000-nepersaunamas-salmas-3a-taktinis-balistinis-salmas-specialaus-dydzio-pasirinktinai-spalvai-skirta-pirkimo-nuoroda\/","title":{"rendered":"Mich2000 balistinis \u0161almas, 3A taktinis balistinis \u0161almas, specialus dydis, pritaikyta spalva, speciali pirkimo nuoroda"},"content":{"rendered":"<p><strong>Apie Mich2000 \u0161almo dyd\u012f:<\/strong> Prid\u0117jome ma\u017eas ir dideles gamybos formas \u0161iam Mich 3A taktiniam balistiniam \u0161almui, kad patenkintume skirtingus vartotoj\u0173 poreikius. M dydis yra \u012fprastas dydis ir tinka daugumai \u017emoni\u0173. Jei manote, kad ma\u017eas dydis gali geriau atitikti j\u016bs\u0173 poreikius ar d\u0117v\u0117jimo \u012fpro\u010dius, rinkit\u0117s ma\u017e\u0105 dyd\u012f, kitu atveju rinkit\u0117s didel\u012f dyd\u012f.<\/p>\n<p><strong>Apie Mich2000 neper\u0161aunamo \u0161almo spalv\u0105:<\/strong> Mich 3A taktinis neper\u0161aunamas \u0161almas, daugiausia gaminame trij\u0173 spalv\u0173: juod\u0105, \u0161viesiai rud\u0105 ir \u017eali\u0105. Ta\u010diau tuo pat metu mes galime pagaminti bet koki\u0105 klient\u0173 nurodyt\u0105 spalv\u0105 ar \u012fvairius maskavimo modelius, tokius kaip mi\u0161ko kamuflia\u017eas, d\u017eiungli\u0173 kamuflia\u017eas, dykumos kamuflia\u017eas, j\u016brinis kamuflia\u017eas ir miesto kamuflia\u017eas ir kt. Jei planuojate u\u017esisakyti daugiau nei 10 \u0161alm\u0173, susisiekite su mumis, \u0161i\u0105 tinkint\u0173 spalv\u0173 paslaug\u0105 gausite nemokamai, tiesiog atsi\u0173skite mums norim\u0105 spalv\u0173 model\u012f.<\/p>\n<p>MICH2000 \u0161almas neper\u0161aunamas \u0161almas: 0101.06 standartinis IIIA lygis<\/p>\n<p>Med\u017eiaga: didelio atsparumo Kevlar-Dupont aramido pluo\u0161tas<\/p>\n<p>MICH2000 balistinis \u0161almas turi didesn\u012f apsauginio pavir\u0161iaus plot\u0105 ir \u017eemai nupjaut\u0105 dizain\u0105, kuris geriau dengia galvos \u0161onus, o tai yra dar naudingiau, jei neplanuojate montuoti daug pried\u0173.<\/p>\n<p>Balistinio \u0161almo Mich2000 keturi\u0173 ta\u0161k\u0173 tvirtinimo sistema yra pana\u0161i \u012f riedlen\u010di\u0173 ir dviratinink\u0173 \u0161alm\u0173 apsaug\u0105 ir dir\u017eelius.<\/p>\n","protected":false},"excerpt":{"rendered":"<p>Apie Mich2000 \u0161almo dyd\u012f: Prid\u0117jome ma\u017eas ir dideles gamybos formas \u0161iam Mich 3A taktiniam balistiniam \u0161almui, kad patenkintume skirtingus vartotoj\u0173&#8230;<\/p>\n","protected":false},"featured_media":2659,"comment_status":"open","ping_status":"closed","template":"","meta":[],"product_brand":[],"product_cat":[164,351],"product_tag":[],"woo-feed-brand":[],"class_list":{"0":"post-7031","1":"product","2":"type-product","3":"status-publish","4":"has-post-thumbnail","6":"product_cat-mich2000-lt","7":"product_cat-nepersaunamas-salmas","9":"first","10":"instock","11":"sale","12":"shipping-taxable","13":"purchasable","14":"product-type-variable","15":"has-default-attributes"},"_links":{"self":[{"href":"https:\/\/tyditiao.com\/lt\/wp-json\/wp\/v2\/product\/7031","targetHints":{"allow":["GET"]}}],"collection":[{"href":"https:\/\/tyditiao.com\/lt\/wp-json\/wp\/v2\/product"}],"about":[{"href":"https:\/\/tyditiao.com\/lt\/wp-json\/wp\/v2\/types\/product"}],"replies":[{"embeddable":true,"href":"https:\/\/tyditiao.com\/lt\/wp-json\/wp\/v2\/comments?post=7031"}],"wp:featuredmedia":[{"embeddable":true,"href":"https:\/\/tyditiao.com\/lt\/wp-json\/wp\/v2\/media\/2659"}],"wp:attachment":[{"href":"https:\/\/tyditiao.com\/lt\/wp-json\/wp\/v2\/media?parent=7031"}],"wp:term":[{"taxonomy":"product_brand","embeddable":true,"href":"https:\/\/tyditiao.com\/lt\/wp-json\/wp\/v2\/product_brand?post=7031"},{"taxonomy":"product_cat","embeddable":true,"href":"https:\/\/tyditiao.com\/lt\/wp-json\/wp\/v2\/product_cat?post=7031"},{"taxonomy":"product_tag","embeddable":true,"href":"https:\/\/tyditiao.com\/lt\/wp-json\/wp\/v2\/product_tag?post=7031"},{"taxonomy":"woo-feed-brand","embeddable":true,"href":"https:\/\/tyditiao.com\/lt\/wp-json\/wp\/v2\/woo-feed-brand?post=7031"}],"curies":[{"name":"wp","href":"https:\/\/api.w.org\/{rel}","templated":true}]}}