{"id":7041,"date":"2023-03-05T03:17:44","date_gmt":"2023-03-05T03:26:19","guid":{"rendered":"http:\/\/tyditiao.com\/product\/fast-nepersaunamas-salmas-nij-iiia-lengvas-nepersaunamas-salmas-specialus-dydis-pritaikyta-spalva-speciali-pirkimo-nuoroda\/"},"modified":"2023-03-05T05:26:19","modified_gmt":"2023-03-05T03:26:19","slug":"greito-vairo-bulletproof-nij-iiia-light-ballistic-helm-special-size-custom-color-dedicated-pirkimo-nuoroda","status":"publish","type":"product","link":"https:\/\/tyditiao.com\/lt\/produktas\/greito-vairo-bulletproof-nij-iiia-light-ballistic-helm-special-size-custom-color-dedicated-pirkimo-nuoroda\/","title":{"rendered":"FAST neper\u0161aunamas \u0161almas, NIJ IIIA lengvas neper\u0161aunamas \u0161almas, specialus dydis, pritaikyta spalva, speciali pirkimo nuoroda"},"content":{"rendered":"<p><strong>FAST neper\u0161aunamo \u0161almo dydis:<\/strong> Prid\u0117jome ma\u017eas ir dideles gamybos formas FAST lengvam neper\u0161aunamam \u0161almui, kad patenkintume skirtingus vartotoj\u0173 poreikius. M yra \u012fprastas dydis ir tinka daugumai \u017emoni\u0173. Jei manote, kad ma\u017eas dydis atitinka j\u016bs\u0173 reikalavimus ar ne\u0161iojimo \u012fpro\u010dius, rinkit\u0117s S dyd\u012f, kitu atveju rinkit\u0117s L dyd\u012f.<\/p>\n<p><strong>Fast Light neper\u0161aunam\u0173 \u0161alm\u0173 spalvos:<\/strong> M\u016bs\u0173 gaminam\u0173 Fast Light neper\u0161aunam\u0173 \u0161alm\u0173 spalvos daugiausia yra juodos, \u0161viesiai rudos ir \u017ealios. Ta\u010diau tuo pat metu galime pagaminti kliento nurodytas spalvas ar \u012fvairius kamuflia\u017eas, tokius kaip mi\u0161ko kamuflia\u017eas, d\u017eiungli\u0173 kamuflia\u017eas, dykumos kamuflia\u017eas, vandenyno kamuflia\u017eas ir miesto kamuflia\u017eas. Jei planuojate u\u017esisakyti daugiau nei 10 \u0161alm\u0173, susisiekite su mumis, \u0161i\u0105 tinkint\u0173 spalv\u0173 paslaug\u0105 gausite nemokamai, tiesiog atsi\u0173skite mums norim\u0105 spalv\u0173 model\u012f.<\/p>\n<p>FAST neper\u0161aunamo dvigubo \u0161almo lygis: 0101.06 standartinis IIIA lygis<\/p>\n<p>Med\u017eiaga: didelio atsparumo Kevlar-Dupont aramido pluo\u0161tas<\/p>\n<p>Palyginti su \u012fprastais kariniais \u0161almais, FAST \u0161almai yra 25% lengvesni. Naudodami \u0161almo pakabos sistem\u0105, vartotojai gali lengvai reguliuoti \u0161almo sandarum\u0105 arba sandarum\u0105 pasukdami mygtuk\u0105, kad b\u016bt\u0173 u\u017etikrintas optimalus komfortas.<\/p>\n","protected":false},"excerpt":{"rendered":"<p>FAST neper\u0161aunamo \u0161almo dydis: Prid\u0117jome ma\u017eas ir dideles gamybos formas FAST lengvam neper\u0161aunamam \u0161almui, kad patenkintume skirtingus vartotoj\u0173 poreikius. M&#8230;<\/p>\n","protected":false},"featured_media":3163,"comment_status":"open","ping_status":"closed","template":"","meta":[],"product_brand":[],"product_cat":[152,351],"product_tag":[],"woo-feed-brand":[],"class_list":{"0":"post-7041","1":"product","2":"type-product","3":"status-publish","4":"has-post-thumbnail","6":"product_cat-fast-lt","7":"product_cat-nepersaunamas-salmas","9":"first","10":"instock","11":"sale","12":"shipping-taxable","13":"purchasable","14":"product-type-variable","15":"has-default-attributes"},"_links":{"self":[{"href":"https:\/\/tyditiao.com\/lt\/wp-json\/wp\/v2\/product\/7041","targetHints":{"allow":["GET"]}}],"collection":[{"href":"https:\/\/tyditiao.com\/lt\/wp-json\/wp\/v2\/product"}],"about":[{"href":"https:\/\/tyditiao.com\/lt\/wp-json\/wp\/v2\/types\/product"}],"replies":[{"embeddable":true,"href":"https:\/\/tyditiao.com\/lt\/wp-json\/wp\/v2\/comments?post=7041"}],"wp:featuredmedia":[{"embeddable":true,"href":"https:\/\/tyditiao.com\/lt\/wp-json\/wp\/v2\/media\/3163"}],"wp:attachment":[{"href":"https:\/\/tyditiao.com\/lt\/wp-json\/wp\/v2\/media?parent=7041"}],"wp:term":[{"taxonomy":"product_brand","embeddable":true,"href":"https:\/\/tyditiao.com\/lt\/wp-json\/wp\/v2\/product_brand?post=7041"},{"taxonomy":"product_cat","embeddable":true,"href":"https:\/\/tyditiao.com\/lt\/wp-json\/wp\/v2\/product_cat?post=7041"},{"taxonomy":"product_tag","embeddable":true,"href":"https:\/\/tyditiao.com\/lt\/wp-json\/wp\/v2\/product_tag?post=7041"},{"taxonomy":"woo-feed-brand","embeddable":true,"href":"https:\/\/tyditiao.com\/lt\/wp-json\/wp\/v2\/woo-feed-brand?post=7041"}],"curies":[{"name":"wp","href":"https:\/\/api.w.org\/{rel}","templated":true}]}}