{"id":7289,"date":"2023-03-05T02:51:52","date_gmt":"2023-03-05T12:49:02","guid":{"rendered":"http:\/\/tyditiao.com\/product\/aramidine-isorine-danga-nailono-vidine-serdies-statine-virve-lauko-alpinizmo-saugos-virve-6810-5-10m\/"},"modified":"2024-07-10T11:45:49","modified_gmt":"2024-07-10T09:45:49","slug":"kevlar-outer-scoranil-core-static-safety-rope-outdoor-6810-5-10m","status":"publish","type":"product","link":"https:\/\/tyditiao.com\/lt\/produktas\/kevlar-outer-scoranil-core-static-safety-rope-outdoor-6810-5-10m\/","title":{"rendered":"Aramidin\u0117 i\u0161orin\u0117 danga + nailono vidin\u0117 \u0161erdies statin\u0117 virv\u0117 lauko alpinizmo saugos virv\u0117 6,8,10.5 (10m)"},"content":{"rendered":"<p>Jeigu reikia \u012fsigyti ilgesn\u0119, pvz., 80 metr\u0173, virv\u0119, pra\u0161ome nusipirkti 8*10 metr\u0173 virv\u0119, o tada palikite \u017einut\u0119 pardav\u0117jui, kad reikia visos 80 metr\u0173 virv\u0117s.<\/p>\n<p><strong>Apie karabinus abiejuose statinio virv\u0117s galuose:<\/strong> Jei \u012fsigytos virv\u0117s ilgis vir\u0161ija 10 metr\u0173, padovanosime du paveiksl\u0117lyje pa\u017eym\u0117tus karabinus. Galite pasirinkti montuoti ant abiej\u0173 lyno gal\u0173 arba jums nereikia jo montuoti ir si\u0173sti kartu su virve pakuot\u0117je, tiesiog atsi\u0173skite mums \u017einut\u0119 ir prane\u0161kite apie savo sprendim\u0105<\/p>\n<p>Produkto pavadinimas: Aramido pluo\u0161tas + nailono statin\u0117 virv\u0117<br \/>\nSpalva: Spalva kaip parodyta paveiksl\u0117lyje<br \/>\nSkersmuo: 6mm 8mm 10mm<br \/>\nGrynasis svoris (\u00b15 %): 6 mm (27 g\/m) 8 mm (42 g\/m) 10 mm (65 g\/m)<br \/>\nTraukos j\u0117ga: 6mm (7KN\/700KG) 8mm (16KN\/1600KG) 10mm (36KN\/3600KG)<br \/>\nI\u0161vaizdos med\u017eiaga: aramidas<br \/>\nPagrindin\u0117 med\u017eiaga: nailonas<br \/>\nSertifikatas: CE EN1891:1998<br \/>\nDaugiafunkcinis: kopimas, teleskopavimas, gaisro gesinimas, darbas auk\u0161tyje, kranai ir kt.<\/p>\n","protected":false},"excerpt":{"rendered":"<p>Jeigu reikia \u012fsigyti ilgesn\u0119, pvz., 80 metr\u0173, virv\u0119, pra\u0161ome nusipirkti 8*10 metr\u0173 virv\u0119, o tada palikite \u017einut\u0119 pardav\u0117jui, kad reikia&#8230;<\/p>\n","protected":false},"featured_media":6482,"comment_status":"open","ping_status":"closed","template":"","meta":[],"product_brand":[],"product_cat":[362],"product_tag":[],"woo-feed-brand":[50],"class_list":{"0":"post-7289","1":"product","2":"type-product","3":"status-publish","4":"has-post-thumbnail","6":"product_cat-saugos-virve","7":"woo-feed-brand-tyditiao","9":"first","10":"instock","11":"shipping-taxable","12":"purchasable","13":"product-type-variable","14":"has-default-attributes"},"_links":{"self":[{"href":"https:\/\/tyditiao.com\/lt\/wp-json\/wp\/v2\/product\/7289","targetHints":{"allow":["GET"]}}],"collection":[{"href":"https:\/\/tyditiao.com\/lt\/wp-json\/wp\/v2\/product"}],"about":[{"href":"https:\/\/tyditiao.com\/lt\/wp-json\/wp\/v2\/types\/product"}],"replies":[{"embeddable":true,"href":"https:\/\/tyditiao.com\/lt\/wp-json\/wp\/v2\/comments?post=7289"}],"wp:featuredmedia":[{"embeddable":true,"href":"https:\/\/tyditiao.com\/lt\/wp-json\/wp\/v2\/media\/6482"}],"wp:attachment":[{"href":"https:\/\/tyditiao.com\/lt\/wp-json\/wp\/v2\/media?parent=7289"}],"wp:term":[{"taxonomy":"product_brand","embeddable":true,"href":"https:\/\/tyditiao.com\/lt\/wp-json\/wp\/v2\/product_brand?post=7289"},{"taxonomy":"product_cat","embeddable":true,"href":"https:\/\/tyditiao.com\/lt\/wp-json\/wp\/v2\/product_cat?post=7289"},{"taxonomy":"product_tag","embeddable":true,"href":"https:\/\/tyditiao.com\/lt\/wp-json\/wp\/v2\/product_tag?post=7289"},{"taxonomy":"woo-feed-brand","embeddable":true,"href":"https:\/\/tyditiao.com\/lt\/wp-json\/wp\/v2\/woo-feed-brand?post=7289"}],"curies":[{"name":"wp","href":"https:\/\/api.w.org\/{rel}","templated":true}]}}