{"id":7293,"date":"2023-03-05T03:08:59","date_gmt":"2023-03-05T12:52:00","guid":{"rendered":"http:\/\/tyditiao.com\/product\/pilnas-kevlaro-statinis-lynas-laipiojimo-parasiutu-virve-priesgaisrines-saugos-virve-8-105-mm-10-m\/"},"modified":"2025-01-05T05:32:02","modified_gmt":"2025-01-05T03:32:02","slug":"visiskai-elektrostatine-kevlaro-laipiojimo-priesgaisrine-skecio-virve-8-105-mm-10-m","status":"publish","type":"product","link":"https:\/\/tyditiao.com\/lt\/produktas\/visiskai-elektrostatine-kevlaro-laipiojimo-priesgaisrine-skecio-virve-8-105-mm-10-m\/","title":{"rendered":"Pilnas kevlaro statinis lynas, laipiojimo para\u0161iutu virv\u0117, prie\u0161gaisrin\u0117s saugos virv\u0117, 8, 10,5 mm (10 m)"},"content":{"rendered":"<p>Jeigu norite \u012fsigyti ilgesn\u0119, pvz., 50 metr\u0173, virv\u0119, pra\u0161ome nusipirkti 5*10 metr\u0173 virv\u0119, o tada palikite \u017einut\u0119 pardav\u0117jui, kad jums reikia visos 50 metr\u0173 virv\u0117s.<\/p>\n<p><strong>Apie karabinus:<\/strong> perkant virv\u0119 ilgesn\u0119 nei 10 metr\u0173, padovanosime du karabinus, kaip pa\u017eym\u0117ta paveiksl\u0117lyje. J\u012f galite montuoti ant abiej\u0173 virv\u0117s gal\u0173 arba galite palikti vien\u0105 ir jis yra pakuot\u0117je. Tiesiog susisiekite su mumis ir prane\u0161kite apie savo sprendim\u0105<\/p>\n<p>Produkto pavadinimas: pilna kevlaro statin\u0117 virv\u0117<br \/>\nMed\u017eiaga: Kevlaras<br \/>\nSpalva: Spalva kaip parodyta paveiksl\u0117lyje<br \/>\nSkersmuo: 10,5 mm, 8 mm<br \/>\nGrynasis svoris (\u00b15 %): 10,5 mm (75 g\/m) 8 mm (43 g\/m)<br \/>\nTraukos j\u0117ga: 10,5 mm (40 kN\/4000 kg) 8 mm (28 kN\/2800 kg)<br \/>\nSertifikatas: CE EN1891:1998<br \/>\nSavyb\u0117s: didelis stiprumas, atsparumas auk\u0161tai temperat\u016brai, geras tvirtumas, stiprus atsparumas ply\u0161imui<br \/>\nDaugiafunkcinis: laipiojimas, pl\u0117timasis, gaisro gesinimas, aviacijos darbai, speles, kabinimas ir kt.<\/p>\n<p>Draugi\u0161kas priminimas: dirbdami ar \u017eaisdami auk\u0161tyje, patikrinkite ir pri\u017ei\u016br\u0117kite savo \u012frang\u0105, kad i\u0161vengtum\u0117te pavojaus d\u0117l netinkamo naudojimo<\/p>\n","protected":false},"excerpt":{"rendered":"<p>Jeigu norite \u012fsigyti ilgesn\u0119, pvz., 50 metr\u0173, virv\u0119, pra\u0161ome nusipirkti 5*10 metr\u0173 virv\u0119, o tada palikite \u017einut\u0119 pardav\u0117jui, kad jums&#8230;<\/p>\n","protected":false},"featured_media":6500,"comment_status":"open","ping_status":"closed","template":"","meta":[],"product_brand":[],"product_cat":[362],"product_tag":[],"woo-feed-brand":[],"class_list":{"0":"post-7293","1":"product","2":"type-product","3":"status-publish","4":"has-post-thumbnail","6":"product_cat-saugos-virve","8":"first","9":"instock","10":"shipping-taxable","11":"purchasable","12":"product-type-variable","13":"has-default-attributes"},"_links":{"self":[{"href":"https:\/\/tyditiao.com\/lt\/wp-json\/wp\/v2\/product\/7293","targetHints":{"allow":["GET"]}}],"collection":[{"href":"https:\/\/tyditiao.com\/lt\/wp-json\/wp\/v2\/product"}],"about":[{"href":"https:\/\/tyditiao.com\/lt\/wp-json\/wp\/v2\/types\/product"}],"replies":[{"embeddable":true,"href":"https:\/\/tyditiao.com\/lt\/wp-json\/wp\/v2\/comments?post=7293"}],"wp:featuredmedia":[{"embeddable":true,"href":"https:\/\/tyditiao.com\/lt\/wp-json\/wp\/v2\/media\/6500"}],"wp:attachment":[{"href":"https:\/\/tyditiao.com\/lt\/wp-json\/wp\/v2\/media?parent=7293"}],"wp:term":[{"taxonomy":"product_brand","embeddable":true,"href":"https:\/\/tyditiao.com\/lt\/wp-json\/wp\/v2\/product_brand?post=7293"},{"taxonomy":"product_cat","embeddable":true,"href":"https:\/\/tyditiao.com\/lt\/wp-json\/wp\/v2\/product_cat?post=7293"},{"taxonomy":"product_tag","embeddable":true,"href":"https:\/\/tyditiao.com\/lt\/wp-json\/wp\/v2\/product_tag?post=7293"},{"taxonomy":"woo-feed-brand","embeddable":true,"href":"https:\/\/tyditiao.com\/lt\/wp-json\/wp\/v2\/woo-feed-brand?post=7293"}],"curies":[{"name":"wp","href":"https:\/\/api.w.org\/{rel}","templated":true}]}}