{"id":12868,"date":"2023-05-22T09:17:18","date_gmt":"2023-05-22T07:17:18","guid":{"rendered":"http:\/\/tyditiao.com\/majas\/"},"modified":"2025-01-04T16:01:30","modified_gmt":"2025-01-04T14:01:30","slug":"majas","status":"publish","type":"page","link":"https:\/\/tyditiao.com\/lv\/","title":{"rendered":"S\u0101kums"},"content":{"rendered":"\n<div class=\"wp-block-cover is-light\" style=\"min-height:240px;aspect-ratio:unset;\"><span aria-hidden=\"true\" class=\"wp-block-cover__background has-background-dim-20 has-background-dim\" style=\"background-color:#b7ad73\"><\/span><img loading=\"lazy\" decoding=\"async\" width=\"1401\" height=\"539\" class=\"wp-block-cover__image-background wp-image-1576\" alt=\"\" src=\"http:\/\/tyditiao.com\/wp-content\/uploads\/2022\/06\/2022-06-13_182159.png\" data-object-fit=\"cover\" srcset=\"https:\/\/tyditiao.com\/wp-content\/uploads\/2022\/06\/2022-06-13_182159.png 1401w, https:\/\/tyditiao.com\/wp-content\/uploads\/2022\/06\/2022-06-13_182159-600x231.png 600w, https:\/\/tyditiao.com\/wp-content\/uploads\/2022\/06\/2022-06-13_182159-300x115.png 300w, https:\/\/tyditiao.com\/wp-content\/uploads\/2022\/06\/2022-06-13_182159-1024x394.png 1024w, https:\/\/tyditiao.com\/wp-content\/uploads\/2022\/06\/2022-06-13_182159-768x295.png 768w, https:\/\/tyditiao.com\/wp-content\/uploads\/2022\/06\/2022-06-13_182159-1320x508.png 1320w\" sizes=\"auto, (max-width: 1401px) 100vw, 1401px\" \/><div class=\"wp-block-cover__inner-container is-layout-constrained wp-block-cover-is-layout-constrained\">\n<div class=\"wp-block-columns is-layout-flex wp-container-core-columns-is-layout-9d6595d7 wp-block-columns-is-layout-flex\">\n<div class=\"wp-block-column is-layout-flow wp-block-column-is-layout-flow\" style=\"flex-basis:25%\"><\/div>\n\n\n\n<div class=\"wp-block-column is-layout-flow wp-block-column-is-layout-flow\" style=\"flex-basis:50%\">\n<div style=\"height:20px\" aria-hidden=\"true\" class=\"wp-block-spacer\"><\/div>\n\n\n\n<p class=\"has-text-align-center custom-style has-text-color has-link-color has-large-font-size wp-elements-c478b8a5333e52f95533a8c026a5df0f\" style=\"color:#ffffff\">M\u0113s specializ\u0113jamies da\u017e\u0101du stilu taktisko milit\u0101ro ballistisko \u0137iveru ra\u017eo\u0161an\u0101 un p\u0101rdo\u0161an\u0101<\/p>\n<\/div>\n\n\n\n<div class=\"wp-block-column is-layout-flow wp-block-column-is-layout-flow\" style=\"flex-basis:25%\"><\/div>\n<\/div>\n<\/div><\/div>\n\n<div style=\"height:50px\" aria-hidden=\"true\" class=\"wp-block-spacer\"><\/div>\n\n<div class=\"wp-block-columns is-layout-flex wp-container-core-columns-is-layout-9d6595d7 wp-block-columns-is-layout-flex\">\n<div class=\"wp-block-column is-layout-flow wp-block-column-is-layout-flow\" style=\"flex-basis:10%\"><\/div>\n\n\n\n<div class=\"wp-block-column is-layout-flow wp-block-column-is-layout-flow\">\n<h2 class=\"wp-block-heading has-text-align-center\">P\u0100RDOD BALISTISK\u0100S \u0136IVERES<\/h2>\n\n\n\n<figure class=\"wp-block-gallery has-nested-images columns-4 is-cropped wp-block-gallery-1 is-layout-flex wp-block-gallery-is-layout-flex\">\n<figure class=\"wp-block-image size-medium\"><img decoding=\"async\" data-id=\"5154\" src=\"https:\/\/tyditiao.com\/wp-content\/uploads\/2022\/10\/&#x672A;&#x6807;&#x9898;-51-300x300.png\" alt=\"&#x100;ra ballistisk&#x101; taktisk&#x101; veste, kas apr&#x12B;kota ar lo&#x17E;u necaurlaid&#x12B;gu pane&#x13C;a displeju\" class=\"wp-image-5154\"\/><\/figure>\n\n\n<figure class=\"wp-block-image size-medium\"><img loading=\"lazy\" decoding=\"async\" width=\"300\" height=\"300\" data-id=\"1343\" src=\"http:\/\/tyditiao.com\/wp-content\/uploads\/2022\/06\/7-300x300.jpg\" alt=\"\" class=\"wp-image-1343\" srcset=\"https:\/\/tyditiao.com\/wp-content\/uploads\/2022\/06\/7-300x300.jpg 300w, https:\/\/tyditiao.com\/wp-content\/uploads\/2022\/06\/7-100x100.jpg 100w, https:\/\/tyditiao.com\/wp-content\/uploads\/2022\/06\/7-600x600.jpg 600w, https:\/\/tyditiao.com\/wp-content\/uploads\/2022\/06\/7-1024x1024.jpg 1024w, https:\/\/tyditiao.com\/wp-content\/uploads\/2022\/06\/7-150x150.jpg 150w, https:\/\/tyditiao.com\/wp-content\/uploads\/2022\/06\/7-768x768.jpg 768w, https:\/\/tyditiao.com\/wp-content\/uploads\/2022\/06\/7.jpg 1200w\" sizes=\"auto, (max-width: 300px) 100vw, 300px\" \/><\/figure>\n\n\n<figure class=\"wp-block-image size-medium\"><img decoding=\"async\" data-id=\"4955\" src=\"https:\/\/tyditiao.com\/wp-content\/uploads\/2022\/10\/&#x672A;&#x6807;&#x9898;-3-300x300.png\" alt=\"NIJ IIIA pilnas sejas taktisk&#x101; ballistisk&#x101; maska - shematiska\" class=\"wp-image-4955\"\/><\/figure>\n\n\n<figure class=\"wp-block-image size-medium\"><img decoding=\"async\" data-id=\"5396\" src=\"https:\/\/tyditiao.com\/wp-content\/uploads\/2022\/10\/SICPE&#xFF0C;NIJ-Level-IV&#xFF0C;23MM&#xFF0C;2.5KG-300x300.png\" alt=\"SIC+PE, NIJ IV l&#x12B;menis, 23 mm, 2,5 KG, lo&#x17E;u necaurlaid&#x12B;gs kr&#x16B;&#x161;u p&#x101;rkl&#x101;js, 250 x 300 mm\" class=\"wp-image-5396\"\/><\/figure><\/figure>\n\n\n\n<div style=\"height:50px\" aria-hidden=\"true\" class=\"wp-block-spacer\"><\/div>\n\n\n\n<h2 class=\"wp-block-heading has-text-align-center\">FAQ<\/h2>\n\n\n\n<div style=\"height:30px\" aria-hidden=\"true\" class=\"wp-block-spacer\"><\/div>\n\n\n\n<div class=\"wp-block-columns is-layout-flex wp-container-core-columns-is-layout-9d6595d7 wp-block-columns-is-layout-flex\">\n<div class=\"wp-block-column is-layout-flow wp-block-column-is-layout-flow\">\n<h6 class=\"wp-block-heading\">Vai jums ir fiziska r\u016bpn\u012bca?<\/h6>\n\n\n\n<p>J\u0101! Mums ir fiziska r\u016bpn\u012bca, un m\u0113s jau 6 gadus nodro\u0161in\u0101m vairumtirdzniec\u012bbu Eiropas un Amerikas \u0137iveru p\u0101rdev\u0113jiem. M\u0113s katru dienu pieg\u0101d\u0101jam tonn\u0101m \u0137iveru vis\u0101 pasaul\u0113, un \u0161is ir m\u016bsu r\u016bpn\u012bcas veikals.  <\/p>\n<\/div>\n\n\n\n<div class=\"wp-block-column is-layout-flow wp-block-column-is-layout-flow\">\n<h6 class=\"wp-block-heading\">Vai ir atlaide, p\u0113rkot tie\u0161i no r\u016bpn\u012bcas?<\/h6>\n\n\n\n<p>Protams, pas\u016btot tie\u0161i no m\u016bsu r\u016bpn\u012bcas t\u012bmek\u013ca vietnes, j\u016bs varat ietaup\u012bt vair\u0101k nek\u0101 20% sal\u012bdzin\u0101jum\u0101 ar izplat\u012bt\u0101ja p\u0101rdo\u0161anas cenu, jo tas tie\u0161i ietaupa j\u016bsu netie\u0161\u0101s izmaksas. Taj\u0101 pa\u0161\u0101 laik\u0101 m\u0113s ar\u012b pl\u0101nojam sniegt pe\u013c\u0146u gala pat\u0113r\u0113t\u0101jam, lai papla\u0161in\u0101tu savu mazumtirdzniec\u012bbas biznesu. <\/p>\n<\/div>\n<\/div>\n\n\n\n<div class=\"wp-block-columns is-layout-flex wp-container-core-columns-is-layout-9d6595d7 wp-block-columns-is-layout-flex\">\n<div class=\"wp-block-column is-layout-flow wp-block-column-is-layout-flow\">\n<h6 class=\"wp-block-heading\">K\u0101das ir preces pieg\u0101des izmaksas? Cik \u0101tri es to varu sa\u0146emt?<\/h6>\n\n\n\n<p>FedEx maksas ir iek\u013cautas vis\u0101s \u0137iveres cen\u0101s, t\u0101p\u0113c jums nav j\u0101maks\u0101 papildus par pieg\u0101di. FEDEX Express var pieg\u0101d\u0101t j\u016bsu \u0137iveri jums 6\u201314 darba dienu laik\u0101, un j\u016bsu viet\u0113jais Fedex nos\u016bt\u012bt\u0101js jums piezvan\u012bs, tikl\u012bdz j\u016bsu paka ierad\u012bsies j\u016bsu pils\u0113t\u0101 un nos\u016bt\u012bs to tie\u0161i jums. <\/p>\n<\/div>\n\n\n\n<div class=\"wp-block-column is-layout-flow wp-block-column-is-layout-flow\">\n<h6 class=\"wp-block-heading\">No kurienes tiek nos\u016bt\u012bts pas\u016bt\u012bjums, un vai esmu p\u0101rliecin\u0101ts, ka to sa\u0146em\u0161u?<\/h6>\n\n\n\n<p>Pieg\u0101de no m\u016bsu r\u016bpn\u012bcas noliktavas \u0136\u012bn\u0101, m\u0113s esam p\u0101rdevu\u0161i lielu skaitu lo\u017eu necaurlaid\u012bgu \u0137iveru uz Amerikas Savienotaj\u0101m Valst\u012bm, Poliju, V\u0101ciju, Jap\u0101nu un daudz\u0101m cit\u0101m valst\u012bm, un m\u0113s nos\u016bt\u012bsim jums izseko\u0161anas numuru pa pastu p\u0113c pre\u010du nos\u016bt\u012b\u0161anas, j\u016bs varat jebkur\u0101 laik\u0101 p\u0101rbaudiet pieg\u0101des statusu.<\/p>\n<\/div>\n<\/div>\n\n\n\n<div class=\"wp-block-columns is-layout-flex wp-container-core-columns-is-layout-9d6595d7 wp-block-columns-is-layout-flex\">\n<div class=\"wp-block-column is-layout-flow wp-block-column-is-layout-flow\">\n<h6 class=\"wp-block-heading\">K\u0101 veikt pas\u016bt\u012bjumu un k\u0101 maks\u0101t<\/h6>\n\n\n\n<p>Akceptujemy tylko p\u0142atno\u015bci za zam\u00f3wienia przez Paypal i Western Union\u3002Je\u015bli nie masz jeszcze Paypal, zarejestruj si\u0119 tutaj www.paypal.com, aby kupowa\u0107 i p\u0142aci\u0107 bezpiecznie przez Paypal\u3002Je\u015bli zdecydujesz si\u0119 zap\u0142aci\u0107 przez Western Union, skontaktuj si\u0119 z nami w celu potwierdzenia informacji o p\u0142atno\u015bci.<\/p>\n<\/div>\n\n\n\n<div class=\"wp-block-column is-layout-flow wp-block-column-is-layout-flow\">\n<h6 class=\"wp-block-heading\">Man ir j\u0101ieg\u0101d\u0101jas vair\u0101kas \u0137iveres vienlaikus, vai varu sa\u0146emt papildus atlaidi?<\/h6>\n\n\n\n<p>Protams, ja jums ir nepiecie\u0161amas vair\u0101k nek\u0101 5 \u0137iveres savai lieto\u0161anai vai viet\u0113jam vairumtirgot\u0101jam, l\u016bdzu, sazinieties ar mums tie\u0161i. J\u016bs sa\u0146emsiet v\u0113l lab\u0101kas cenas nek\u0101 m\u016bsu pa\u0161reiz\u0113jie interneta veikali. Nepalaidiet to gar\u0101m, jo tas ietaup\u012bs iev\u0113rojamas izmaksas.  <\/p>\n<\/div>\n<\/div>\n\n\n\n<div style=\"height:50px\" aria-hidden=\"true\" class=\"wp-block-spacer\"><\/div>\n\n\n\n<h2 class=\"wp-block-heading has-text-align-center\">Bezmaksas pieg\u0101de vis\u0101s teritorij\u0101s<\/h2>\n\n\n\n<h4 class=\"wp-block-heading has-text-align-center\">pieg\u0101des zona<\/h4>\n\n\n\n<p class=\"has-text-align-center\"><strong>Eiropa: <\/strong>Polija, Lietuva, V\u0101cija, N\u012bderlande, Ung\u0101rija, Apvienot\u0101 Karaliste, Francija, It\u0101lija, Sp\u0101nija, Austrija, Be\u013c\u0123ija, Luksemburga, \u012arija, Bulg\u0101rija, Horv\u0101tija, \u010cehija, Igaunija, Somija, Latvija, Malta, Portug\u0101le, Rum\u0101nija, Slov\u0101kija, Slov\u0113nija, Zviedrija, D\u0101nija, Grie\u0137ija, \u0160veice, Norv\u0113\u0123ija, Kipra<\/p>\n\n\n\n<p class=\"has-text-align-center\"><strong>\u0100zija: <\/strong>Taiv\u0101na, Makao, Honkonga, Singap\u016bra, Malaizija, Taizeme, Vjetnama, Filip\u012bnas, Izra\u0113la, Turcija, Koreja, Jap\u0101na, Bahreina, Sa\u016bda Ar\u0101bija, Lib\u0101na, Apvienotie Ar\u0101bu Emir\u0101ti<\/p>\n\n\n\n<p class=\"has-text-align-center\"><strong>Zieme\u013camerika: <\/strong>Amerikas Savienot\u0101s Valstis, Kan\u0101da, Meksika<\/p>\n\n\n\n<p class=\"has-text-align-center\"><strong>Dienvidamerika: <\/strong>Braz\u012blija, \u010c\u012ble, Kolumbija<\/p>\n\n\n\n<p class=\"has-text-align-center\"><strong>Oke\u0101nija: <\/strong>Austr\u0101lija, Jaunz\u0113lande<\/p>\n\n\n\n<p class=\"has-text-align-center\"><strong>\u0100frika:<\/strong> Dienvid\u0101frika<\/p>\n\n\n\n<p class=\"has-text-align-center\"><strong>Jauns re\u0123ions: <\/strong>Ukraina (str\u012bdus apgabal\u0101 nav pieg\u0101des pakalpojuma, un pas\u016bt\u012bjums tiks atcelts)<\/p>\n\n\n\n<h4 class=\"wp-block-heading has-text-align-center\">bezmaksas s\u016bt\u012b\u0161ana<\/h4>\n\n\n\n<p class=\"has-text-align-center\">Lai papla\u0161in\u0101tu mazumtirdzniec\u012bbas tirgus apjomu, m\u0113s ievie\u0161am bezmaksas pieg\u0101des politiku vis\u0101s iepriek\u0161 min\u0113taj\u0101s valst\u012bs un re\u0123ionos, kas noz\u012bm\u0113, ka jums nav j\u0101maks\u0101 nek\u0101da cita pieg\u0101des maksa, iz\u0146emot pa\u0161a produkta cenu.<\/p>\n\n\n\n<h4 class=\"wp-block-heading has-text-align-center\">pas\u016bt\u012bjuma izpildes laiks<\/h4>\n\n\n\n<p class=\"has-text-align-center\"><strong>Pas\u016bt\u012bjuma apstr\u0101des laiks: <\/strong>1-6 darba dienu laik\u0101 p\u0113c maks\u0101juma sa\u0146em\u0161anas (s\u016bt\u012bjuma numuru nos\u016bt\u012bsim p\u0113c s\u016bt\u012bjuma nodo\u0161anas kurjerkomp\u0101nijai)<\/p>\n\n\n\n<p class=\"has-text-align-center\"><strong>Ekspress pieg\u0101des laiks:<\/strong> 6-14 darba dienas<\/p>\n\n\n\n<div style=\"height:50px\" aria-hidden=\"true\" class=\"wp-block-spacer\"><\/div>\n\n\n\n<h2 class=\"wp-block-heading has-text-align-center\">maks\u0101t<\/h2>\n\n\n\n<h4 class=\"wp-block-heading has-text-align-center\">Maks\u0101juma metodes<\/h4>\n\n\n\n<p class=\"has-text-align-center\">Apmekl\u0113jiet nor\u0113\u0137inu lapu, lai veiktu priek\u0161apmaksu, izmantojot PAYPAL, vai apmaks\u0101tu pas\u016bt\u012bjumu, izmantojot Western Union.<\/p>\n\n\n\n<p class=\"has-text-align-center\"><strong>A. Dodieties uz nor\u0113\u0137inu lapu un veiciet priek\u0161apmaksu, izmantojot PAYPAL<\/strong><br\/>1. Pievienojiet grozam preci, kas jums patika<br\/>2. Noklik\u0161\u0137iniet uz groza pogas aug\u0161\u0113j\u0101 labaj\u0101 st\u016br\u012b, lai apskat\u012btu un apstiprin\u0101tu preces daudzumu<br\/>3. Noklik\u0161\u0137iniet uz pas\u016bt\u012bjuma pogas, lai atv\u0113rtu nor\u0113\u0137inu lapu, nor\u0101diet savu pieg\u0101des adresi, e-pasta adresi un citu inform\u0101ciju<br\/>4. Apmaks\u0101jiet pas\u016bt\u012bjuma summu, izmantojot PayPal<br\/>5. Iepirk\u0161an\u0101s pabeigta, gaida pre\u010du sav\u0101k\u0161anu<\/p>\n\n\n\n<p class=\"has-text-align-center\"><strong>B. Western Union maks\u0101jums par j\u016bsu pas\u016bt\u012bjumu<\/strong><br\/>1. Sazi\u0146ai pa e-pastu ir nepiecie\u0161ama t\u0101da inform\u0101cija k\u0101 produkts un daudzums, k\u0101 ar\u012b sa\u0146em\u0161anas adrese<br\/>2. P\u0101rskait\u012bjums pas\u016bt\u012bjuma summas apmaksai<br\/>3. Iepirk\u0161an\u0101s pabeigta, gaida pre\u010du sav\u0101k\u0161anu<\/p>\n\n\n\n<h4 class=\"wp-block-heading has-text-align-center\">Atbalsta val\u016bta<\/h4>\n\n\n\n<p class=\"has-text-align-center\">M\u0113s pie\u0146emam jebkuru no t\u0101l\u0101k nor\u0101d\u012btaj\u0101m val\u016bt\u0101m, lai maks\u0101jot var\u0113tu izv\u0113l\u0113ties sev piem\u0113rot\u0101ko val\u016btu<\/p>\n\n\n\n<p class=\"has-text-align-center\">Jaunais Taiv\u0101nas dol\u0101rs (NT$) \u2014 TWD<br\/>Polijas zlots (PLN) &#8211; PLN<br\/>Amerikas Savienoto Valstu dol\u0101rs (ASV) ($) &#8211; USD<br\/>Sterli\u0146u m\u0101rci\u0146a (\u00a3) &#8211; GBP<br\/>Eiro (\u20ac) &#8211; EUR<br\/>Jap\u0101nas jena (\u00a5) \u2014 JPY<br\/>Kan\u0101das dol\u0101rs ($) \u2014 CAD<br\/>\u010cehijas krona (K\u010d) \u2014 CZK<br\/>Meksikas peso ($) \u2014 MXN<\/p>\n\n\n\n<div style=\"height:50px\" aria-hidden=\"true\" class=\"wp-block-spacer\"><\/div>\n\n\n\n<h2 class=\"wp-block-heading has-text-align-center\">30 dienu atgrie\u0161anas politika<\/h2>\n\n\n\n<h4 class=\"wp-block-heading has-text-align-center\">Atgrie\u0161anas nosac\u012bjumi<\/h4>\n\n\n\n<p class=\"has-text-align-center\">Mums ir 30 dienu atgrie\u0161anas politika, kas noz\u012bm\u0113, ka varat piepras\u012bt atgrie\u0161anu 30 dienu laik\u0101 p\u0113c preces sa\u0146em\u0161anas.<\/p>\n\n\n\n<p class=\"has-text-align-center\">Lai prece b\u016btu piem\u0113rota atgrie\u0161anai, tai ir j\u0101b\u016bt t\u0101d\u0101 pa\u0161\u0101 st\u0101vokl\u012b k\u0101 sa\u0146emtajai precei, nelietotai vai nelietotai un ori\u0123in\u0101laj\u0101 iepakojum\u0101. Jums b\u016bs nepiecie\u0161ama ar\u012b kv\u012bts vai pirkuma apliecin\u0101jums. <\/p>\n\n\n\n<p class=\"has-text-align-center\">Lai s\u0101ktu atgrie\u0161anu, varat sazin\u0101ties ar mums pa e-pastu <strong>tyditiao@gmail.com<\/strong>. Ja j\u016bsu atgrie\u0161ana tiks pie\u0146emta, m\u0113s nos\u016bt\u012bsim jums atgrie\u0161anas eti\u0137eti ar nor\u0101d\u012bjumiem par to, k\u0101 un kur nos\u016bt\u012bt j\u016bsu paku. Preces, kas mums atgrieztas bez iepriek\u0161\u0113ja atgrie\u0161anas piepras\u012bjuma, netiks pie\u0146emtas.  <\/p>\n\n\n\n<p class=\"has-text-align-center\">J\u016bs vienm\u0113r varat sazin\u0101ties ar mums pa e-pastu <strong>tyditiao@gmail.com<\/strong> par jebk\u0101d\u0101m atgrie\u0161anas probl\u0113m\u0101m.<\/p>\n\n\n\n<h4 class=\"wp-block-heading has-text-align-center\">boj\u0101jumi un probl\u0113mas<\/h4>\n\n\n\n<p class=\"has-text-align-center\">L\u016bdzu, p\u0101rbaudiet savu pas\u016bt\u012bjumu p\u0113c t\u0101 sa\u0146em\u0161anas, ja prece ir boj\u0101ta, boj\u0101ta vai sa\u0146\u0113m\u0101t nepareizu preci, l\u016bdzu, nekav\u0113joties sazinieties ar mums (<a href=\"https:\/\/tyditiao.com\/lv\/sazinaties\/\">sazinieties ar mum<\/a>s), lai m\u0113s var\u0113tu atrast probl\u0113mu un nekav\u0113joties to nov\u0113rst.<\/p>\n\n\n\n<h4 class=\"wp-block-heading has-text-align-center\">mai\u0146a<\/h4>\n\n\n\n<p class=\"has-text-align-center\">\u0100tr\u0101kais veids, k\u0101 p\u0101rliecin\u0101ties, ka sa\u0146emat to, ko v\u0113laties, ir atgriezt jau eso\u0161o preci un, tikl\u012bdz j\u016bsu atgrie\u0161ana ir pie\u0146emta, ieg\u0101d\u0101jieties jauno preci atsevi\u0161\u0137i.<\/p>\n\n\n\n<h4 class=\"wp-block-heading has-text-align-center\">atgriezties<\/h4>\n\n\n\n<p class=\"has-text-align-center\">M\u0113s j\u016bs inform\u0113sim, tikl\u012bdz j\u016bsu atgrie\u0161ana b\u016bs sa\u0146emta un p\u0101rbaud\u012bta, un j\u016bsu atmaksa tiks autom\u0101tiski atmaks\u0101ta uz j\u016bsu s\u0101kotn\u0113jo maks\u0101juma veidu. Tom\u0113r var paiet zin\u0101ms laiks, l\u012bdz j\u016bsu banka vai kred\u012btkartes izsniedz\u0113js apstr\u0101d\u0101s un izsniegs atmaksu. <\/p>\n<\/div>\n\n\n\n<div class=\"wp-block-column is-layout-flow wp-block-column-is-layout-flow\" style=\"flex-basis:10%\"><\/div>\n<\/div>\n\n<p><\/p>\n","protected":false},"excerpt":{"rendered":"<p>P\u0100RDOD BALISTISK\u0100S \u0136IVERES FAQ Vai jums ir fiziska r\u016bpn\u012bca? J\u0101! Mums ir fiziska r\u016bpn\u012bca, un m\u0113s jau 6 gadus nodro\u0161in\u0101m&#8230;<\/p>\n","protected":false},"author":1,"featured_media":0,"parent":0,"menu_order":0,"comment_status":"closed","ping_status":"closed","template":"","meta":{"footnotes":""},"class_list":["post-12868","page","type-page","status-publish","hentry"],"_links":{"self":[{"href":"https:\/\/tyditiao.com\/lv\/wp-json\/wp\/v2\/pages\/12868","targetHints":{"allow":["GET"]}}],"collection":[{"href":"https:\/\/tyditiao.com\/lv\/wp-json\/wp\/v2\/pages"}],"about":[{"href":"https:\/\/tyditiao.com\/lv\/wp-json\/wp\/v2\/types\/page"}],"author":[{"embeddable":true,"href":"https:\/\/tyditiao.com\/lv\/wp-json\/wp\/v2\/users\/1"}],"replies":[{"embeddable":true,"href":"https:\/\/tyditiao.com\/lv\/wp-json\/wp\/v2\/comments?post=12868"}],"version-history":[{"count":7,"href":"https:\/\/tyditiao.com\/lv\/wp-json\/wp\/v2\/pages\/12868\/revisions"}],"predecessor-version":[{"id":16395,"href":"https:\/\/tyditiao.com\/lv\/wp-json\/wp\/v2\/pages\/12868\/revisions\/16395"}],"wp:attachment":[{"href":"https:\/\/tyditiao.com\/lv\/wp-json\/wp\/v2\/media?parent=12868"}],"curies":[{"name":"wp","href":"https:\/\/api.w.org\/{rel}","templated":true}]}}