{"id":13506,"date":"2023-03-05T03:22:19","date_gmt":"2023-05-22T14:00:57","guid":{"rendered":"http:\/\/tyditiao.com\/product\/mich2000-ballistiska-kivere-3a-taktiska-ballistiska-kivere-ipass-izmers-pielagota-krasa-ipasa-pirksanas-saite\/"},"modified":"2023-05-22T16:00:57","modified_gmt":"2023-05-22T14:00:57","slug":"mich2000-bulletproof-kivere-3a-tactical-ballistic-helmet-special-size-pielagota-krasa-dedicated-buy-link","status":"publish","type":"product","link":"https:\/\/tyditiao.com\/lv\/product\/mich2000-bulletproof-kivere-3a-tactical-ballistic-helmet-special-size-pielagota-krasa-dedicated-buy-link\/","title":{"rendered":"Mich2000 ballistisk\u0101 \u0137ivere, 3A taktisk\u0101 ballistisk\u0101 \u0137ivere, \u012bpa\u0161s izm\u0113rs, piel\u0101gota kr\u0101sa, \u012bpa\u0161a pirk\u0161anas saite"},"content":{"rendered":"<p><strong>Par Mich2000 \u0137iveres izm\u0113ru:<\/strong> \u0161ai Mich\u00a03A taktiskajai ballistiskajai \u0137iverei esam pievienoju\u0161i mazas un lielas ra\u017eo\u0161anas veidnes, lai apmierin\u0101tu lietot\u0101jus ar da\u017e\u0101d\u0101m vajadz\u012bb\u0101m. M izm\u0113rs ir parastais izm\u0113rs un der liel\u0101kajai da\u013cai cilv\u0113ku. Ja uzskat\u0101t, ka mazais izm\u0113rs var lab\u0101k atbilst j\u016bsu pras\u012bb\u0101m vai valk\u0101\u0161anas paradumiem, l\u016bdzu, izv\u0113lieties mazo izm\u0113ru, pret\u0113j\u0101 gad\u012bjum\u0101 izv\u0113lieties lielo izm\u0113ru.<\/p>\n<p><strong>Par Mich2000 lo\u017eu necaurlaid\u012bg\u0101s \u0137iveres kr\u0101su:<\/strong> Mich\u00a03A taktisk\u0101 lo\u017eu necaurlaid\u012bg\u0101 \u0137ivere galvenok\u0101rt ra\u017eo tr\u012bs kr\u0101sas: melnu, gai\u0161i br\u016bnu un za\u013cu. Bet taj\u0101 pa\u0161\u0101 laik\u0101 mums ir iesp\u0113ja izgatavot jebkuru klientu nor\u0101d\u012bto kr\u0101su vai da\u017e\u0101dus mask\u0113\u0161an\u0101s mode\u013cus, piem\u0113ram, me\u017ea mask\u0113\u0161an\u0101s, d\u017eung\u013cu mask\u0113\u0161an\u0101s, tuksne\u0161a mask\u0113\u0161an\u0101s, j\u016bras mask\u0113\u0161an\u0101s un pils\u0113tas mask\u0113\u0161an\u0101s utt. Ja pl\u0101nojat pas\u016bt\u012bt vair\u0101k nek\u0101 10 \u0137iveres , l\u016bdzu, sazinieties ar mums, j\u016bs sa\u0146emsiet \u0161o piel\u0101goto kr\u0101su pakalpojumu bez maksas, vienk\u0101r\u0161i nos\u016btiet mums v\u0113lamo kr\u0101su modeli.<\/p>\n<p>MICH2000 \u0137ivere lo\u017eu necaurlaid\u012bga \u0137ivere: 0101.06 standarta IIIA l\u012bmenis<\/p>\n<p>Materi\u0101ls: augstas stipr\u012bbas Kevlar-Dupont aram\u012bda \u0161\u0137iedra<\/p>\n<p>Ballistiskajai \u0137iverei MICH2000 ir liel\u0101ks aizsargvirsmas laukums un zems griezums, kas lab\u0101k nosedz galvas malas, kas ir v\u0113l izdev\u012bg\u0101k, ja nepl\u0101nojat apr\u012bkot daudz piederumu.<\/p>\n<p>Ballistisk\u0101s \u0137iveres Mich2000 \u010detru punktu stiprin\u0101juma sist\u0113ma ir l\u012bdz\u012bga aizsardz\u012bbai un siksn\u0101m, kas atrodamas skeitborda un velosip\u0113da \u0137iver\u0113s.<\/p>\n","protected":false},"excerpt":{"rendered":"<p>Par Mich2000 \u0137iveres izm\u0113ru: \u0161ai Mich\u00a03A taktiskajai ballistiskajai \u0137iverei esam pievienoju\u0161i mazas un lielas ra\u017eo\u0161anas veidnes, lai apmierin\u0101tu lietot\u0101jus ar&#8230;<\/p>\n","protected":false},"featured_media":9210,"comment_status":"open","ping_status":"closed","template":"","meta":[],"product_brand":[],"product_cat":[719,801],"product_tag":[],"woo-feed-brand":[],"class_list":{"0":"post-13506","1":"product","2":"type-product","3":"status-publish","4":"has-post-thumbnail","6":"product_cat-lozu-necaurlaidiga-kivere","7":"product_cat-mich2000-lv","9":"first","10":"instock","11":"sale","12":"shipping-taxable","13":"purchasable","14":"product-type-variable","15":"has-default-attributes"},"_links":{"self":[{"href":"https:\/\/tyditiao.com\/lv\/wp-json\/wp\/v2\/product\/13506","targetHints":{"allow":["GET"]}}],"collection":[{"href":"https:\/\/tyditiao.com\/lv\/wp-json\/wp\/v2\/product"}],"about":[{"href":"https:\/\/tyditiao.com\/lv\/wp-json\/wp\/v2\/types\/product"}],"replies":[{"embeddable":true,"href":"https:\/\/tyditiao.com\/lv\/wp-json\/wp\/v2\/comments?post=13506"}],"wp:featuredmedia":[{"embeddable":true,"href":"https:\/\/tyditiao.com\/lv\/wp-json\/wp\/v2\/media\/9210"}],"wp:attachment":[{"href":"https:\/\/tyditiao.com\/lv\/wp-json\/wp\/v2\/media?parent=13506"}],"wp:term":[{"taxonomy":"product_brand","embeddable":true,"href":"https:\/\/tyditiao.com\/lv\/wp-json\/wp\/v2\/product_brand?post=13506"},{"taxonomy":"product_cat","embeddable":true,"href":"https:\/\/tyditiao.com\/lv\/wp-json\/wp\/v2\/product_cat?post=13506"},{"taxonomy":"product_tag","embeddable":true,"href":"https:\/\/tyditiao.com\/lv\/wp-json\/wp\/v2\/product_tag?post=13506"},{"taxonomy":"woo-feed-brand","embeddable":true,"href":"https:\/\/tyditiao.com\/lv\/wp-json\/wp\/v2\/woo-feed-brand?post=13506"}],"curies":[{"name":"wp","href":"https:\/\/api.w.org\/{rel}","templated":true}]}}