{"id":13696,"date":"2023-03-05T03:17:44","date_gmt":"2023-05-22T14:07:01","guid":{"rendered":"http:\/\/tyditiao.com\/product\/fast-lozu-necaurlaidiga-kivere-nij-iiia-viegla-lozu-necaurlaidiga-kivere-ipass-izmers-pielagota-krasa-ipasa-pirkuma-saite\/"},"modified":"2023-05-22T16:07:01","modified_gmt":"2023-05-22T14:07:01","slug":"fast-helm-bulletproof-nij-iiia-light-ballistic-helm-special-size-custom-color-dedicated-purchase-link","status":"publish","type":"product","link":"https:\/\/tyditiao.com\/lv\/product\/fast-helm-bulletproof-nij-iiia-light-ballistic-helm-special-size-custom-color-dedicated-purchase-link\/","title":{"rendered":"FAST lo\u017eu necaurlaid\u012bga \u0137ivere, NIJ IIIA viegla lo\u017eu necaurlaid\u012bga \u0137ivere, \u012bpa\u0161s izm\u0113rs, piel\u0101gota kr\u0101sa, \u012bpa\u0161a pirkuma saite"},"content":{"rendered":"<p><strong>FAST lo\u017eu necaurlaid\u012bg\u0101s \u0137iveres izm\u0113rs:<\/strong> esam pievienoju\u0161i mazas un lielas ra\u017eo\u0161anas veidnes FAST vieglajai lo\u017eu necaurlaid\u012bgajai \u0137iverei, lai apmierin\u0101tu lietot\u0101jus ar da\u017e\u0101d\u0101m vajadz\u012bb\u0101m. M ir parastais izm\u0113rs un der liel\u0101kajai da\u013cai cilv\u0113ku. Ja uzskat\u0101t, ka mazais izm\u0113rs atbilst j\u016bsu pras\u012bb\u0101m vai valk\u0101\u0161anas paradumiem, l\u016bdzu, izv\u0113lieties S izm\u0113ru, pret\u0113j\u0101 gad\u012bjum\u0101 izv\u0113lieties L izm\u0113ru.<\/p>\n<p><strong>Fast Light lo\u017eu necaurlaid\u012bgo \u0137iveru kr\u0101sas:<\/strong> m\u016bsu ra\u017eot\u0101s Fast Light bru\u0146uiztur\u012bg\u0101s \u0137iveres galvenok\u0101rt ir melnas, gai\u0161i br\u016bnas un za\u013cas. Bet taj\u0101 pa\u0161\u0101 laik\u0101 m\u0113s varam izgatavot klienta nor\u0101d\u012bt\u0101s kr\u0101sas vai da\u017e\u0101dus mask\u0113\u0161an\u0101s rakstus, piem\u0113ram, me\u017ea mask\u0113\u0161anos, d\u017eung\u013cu mask\u0113\u0161anos, tuksne\u0161a mask\u0113\u0161anos, oke\u0101na mask\u0113\u0161anos un pils\u0113tas mask\u0113\u0161anos. Ja pl\u0101nojat pas\u016bt\u012bt vair\u0101k nek\u0101 10 \u0137iveres, l\u016bdzu, sazinieties ar mums, j\u016bs sa\u0146emsiet \u0161o piel\u0101goto kr\u0101su pakalpojumu bez maksas, vienk\u0101r\u0161i nos\u016btiet mums v\u0113lamo kr\u0101su modeli.<\/p>\n<p>FAST lo\u017eu necaurlaid\u012bg\u0101s dubult\u0137iveres l\u012bmenis: 0101.06 standarta IIIA l\u012bmenis<\/p>\n<p>Materi\u0101ls: augstas stipr\u012bbas Kevlar-Dupont aram\u012bda \u0161\u0137iedra<\/p>\n<p>Sal\u012bdzinot ar parastaj\u0101m milit\u0101raj\u0101m \u0137iver\u0113m, FAST \u0137iveres ir par 25% viegl\u0101kas. Izmantojot \u0137iveres piekares sist\u0113mu, lietot\u0101ji var viegli piel\u0101got \u0137iveres herm\u0113tiskumu vai herm\u0113tiskumu, nospie\u017eot pogu, lai nodro\u0161in\u0101tu optim\u0101lu komfortu.<\/p>\n","protected":false},"excerpt":{"rendered":"<p>FAST lo\u017eu necaurlaid\u012bg\u0101s \u0137iveres izm\u0113rs: esam pievienoju\u0161i mazas un lielas ra\u017eo\u0161anas veidnes FAST vieglajai lo\u017eu necaurlaid\u012bgajai \u0137iverei, lai apmierin\u0101tu lietot\u0101jus&#8230;<\/p>\n","protected":false},"featured_media":10274,"comment_status":"open","ping_status":"closed","template":"","meta":[],"product_brand":[],"product_cat":[820,719],"product_tag":[],"woo-feed-brand":[],"class_list":{"0":"post-13696","1":"product","2":"type-product","3":"status-publish","4":"has-post-thumbnail","6":"product_cat-atri","7":"product_cat-lozu-necaurlaidiga-kivere","9":"first","10":"instock","11":"sale","12":"shipping-taxable","13":"purchasable","14":"product-type-variable","15":"has-default-attributes"},"_links":{"self":[{"href":"https:\/\/tyditiao.com\/lv\/wp-json\/wp\/v2\/product\/13696","targetHints":{"allow":["GET"]}}],"collection":[{"href":"https:\/\/tyditiao.com\/lv\/wp-json\/wp\/v2\/product"}],"about":[{"href":"https:\/\/tyditiao.com\/lv\/wp-json\/wp\/v2\/types\/product"}],"replies":[{"embeddable":true,"href":"https:\/\/tyditiao.com\/lv\/wp-json\/wp\/v2\/comments?post=13696"}],"wp:featuredmedia":[{"embeddable":true,"href":"https:\/\/tyditiao.com\/lv\/wp-json\/wp\/v2\/media\/10274"}],"wp:attachment":[{"href":"https:\/\/tyditiao.com\/lv\/wp-json\/wp\/v2\/media?parent=13696"}],"wp:term":[{"taxonomy":"product_brand","embeddable":true,"href":"https:\/\/tyditiao.com\/lv\/wp-json\/wp\/v2\/product_brand?post=13696"},{"taxonomy":"product_cat","embeddable":true,"href":"https:\/\/tyditiao.com\/lv\/wp-json\/wp\/v2\/product_cat?post=13696"},{"taxonomy":"product_tag","embeddable":true,"href":"https:\/\/tyditiao.com\/lv\/wp-json\/wp\/v2\/product_tag?post=13696"},{"taxonomy":"woo-feed-brand","embeddable":true,"href":"https:\/\/tyditiao.com\/lv\/wp-json\/wp\/v2\/woo-feed-brand?post=13696"}],"curies":[{"name":"wp","href":"https:\/\/api.w.org\/{rel}","templated":true}]}}