{"id":13816,"date":"2023-03-05T03:08:59","date_gmt":"2023-05-22T14:13:06","guid":{"rendered":"http:\/\/tyditiao.com\/product\/pilna-kevlara-statiska-virve-izpletna-kapsanas-virve-ugunsdrosibas-virve-8-105-mm-10-m\/"},"modified":"2023-05-22T16:13:06","modified_gmt":"2023-05-22T14:13:06","slug":"pilna-elektrostatiska-kevlar-kapsana-ugunsdrosibas-lietussargu-virve-8-105-mm-10m","status":"publish","type":"product","link":"https:\/\/tyditiao.com\/lv\/product\/pilna-elektrostatiska-kevlar-kapsana-ugunsdrosibas-lietussargu-virve-8-105-mm-10m\/","title":{"rendered":"Pilna kevl\u0101ra statisk\u0101 virve, izplet\u0146a k\u0101p\u0161anas virve, ugunsdro\u0161\u012bbas virve, 8, 10,5 mm (10 m)"},"content":{"rendered":"<p>Ja v\u0113laties ieg\u0101d\u0101ties gar\u0101ku virvi, piem\u0113ram, 50 metrus, l\u016bdzu, ieg\u0101d\u0101jieties 5*10 metru virvi, un p\u0113c tam atst\u0101jiet zi\u0146u p\u0101rdev\u0113jam, ka jums ir nepiecie\u0161ama visa virve 50 metru garum\u0101.<\/p>\n<p><strong>Par karab\u012bn\u0113m:<\/strong> ja p\u0113rkat virvi, kuras garums p\u0101rsniedz 10 metrus, m\u0113s jums d\u0101v\u0101sim divas karab\u012bnes, k\u0101 nor\u0101d\u012bts att\u0113l\u0101. J\u016bs varat to uzst\u0101d\u012bt abos virves galos vai atst\u0101t to atsevi\u0161\u0137i, un tas ir iek\u013cauts komplekt\u0101. Vienk\u0101r\u0161i rakstiet mums un dariet mums zin\u0101mu savu l\u0113mumu<\/p>\n<p>Produkta nosaukums: pilna Kevlar statisk\u0101 virve<br \/>\nMateri\u0101ls: Kevlars<br \/>\nKr\u0101sa: kr\u0101sa, k\u0101 par\u0101d\u012bts att\u0113l\u0101<br \/>\nDiametrs: 10,5 mm, 8 mm<br \/>\nNeto svars (\u00b15%): 10,5\u00a0mm (75\u00a0g\/m) 8\u00a0mm (43\u00a0g\/m)<br \/>\nVilk\u0161anas sp\u0113ks: 10,5\u00a0mm (40\u00a0kN\/4000\u00a0kg) 8\u00a0mm (28\u00a0kN\/2800\u00a0kg)<br \/>\nSertifik\u0101cija: CE EN1891:1998<br \/>\n\u012apa\u0161\u012bbas: augsta iztur\u012bba, augsta temperat\u016bras iztur\u012bba, laba stingr\u012bba, sp\u0113c\u012bga pl\u012bsuma iztur\u012bba<br \/>\nDaudzfunkcion\u0101ls: k\u0101p\u0161ana, papla\u0161in\u0101\u0161ana, ugunsgr\u0113ka dz\u0113\u0161ana, gaisa darbi, izcir\u0161ana, pak\u0101r\u0161ana utt.<\/p>\n<p>Draudz\u012bgs atg\u0101din\u0101jums: Str\u0101d\u0101jot vai sp\u0113l\u0113jot augstum\u0101, l\u016bdzu, p\u0101rbaudiet un apkopiet savu apr\u012bkojumu, lai izvair\u012btos no briesm\u0101m, ko izraisa nepareiza lieto\u0161ana<\/p>\n","protected":false},"excerpt":{"rendered":"<p>Ja v\u0113laties ieg\u0101d\u0101ties gar\u0101ku virvi, piem\u0113ram, 50 metrus, l\u016bdzu, ieg\u0101d\u0101jieties 5*10 metru virvi, un p\u0113c tam atst\u0101jiet zi\u0146u p\u0101rdev\u0113jam, ka&#8230;<\/p>\n","protected":false},"featured_media":12573,"comment_status":"open","ping_status":"closed","template":"","meta":[],"product_brand":[],"product_cat":[839],"product_tag":[],"woo-feed-brand":[],"class_list":{"0":"post-13816","1":"product","2":"type-product","3":"status-publish","4":"has-post-thumbnail","6":"product_cat-drosibas-virve","8":"first","9":"instock","10":"shipping-taxable","11":"purchasable","12":"product-type-variable","13":"has-default-attributes"},"_links":{"self":[{"href":"https:\/\/tyditiao.com\/lv\/wp-json\/wp\/v2\/product\/13816","targetHints":{"allow":["GET"]}}],"collection":[{"href":"https:\/\/tyditiao.com\/lv\/wp-json\/wp\/v2\/product"}],"about":[{"href":"https:\/\/tyditiao.com\/lv\/wp-json\/wp\/v2\/types\/product"}],"replies":[{"embeddable":true,"href":"https:\/\/tyditiao.com\/lv\/wp-json\/wp\/v2\/comments?post=13816"}],"wp:featuredmedia":[{"embeddable":true,"href":"https:\/\/tyditiao.com\/lv\/wp-json\/wp\/v2\/media\/12573"}],"wp:attachment":[{"href":"https:\/\/tyditiao.com\/lv\/wp-json\/wp\/v2\/media?parent=13816"}],"wp:term":[{"taxonomy":"product_brand","embeddable":true,"href":"https:\/\/tyditiao.com\/lv\/wp-json\/wp\/v2\/product_brand?post=13816"},{"taxonomy":"product_cat","embeddable":true,"href":"https:\/\/tyditiao.com\/lv\/wp-json\/wp\/v2\/product_cat?post=13816"},{"taxonomy":"product_tag","embeddable":true,"href":"https:\/\/tyditiao.com\/lv\/wp-json\/wp\/v2\/product_tag?post=13816"},{"taxonomy":"woo-feed-brand","embeddable":true,"href":"https:\/\/tyditiao.com\/lv\/wp-json\/wp\/v2\/woo-feed-brand?post=13816"}],"curies":[{"name":"wp","href":"https:\/\/api.w.org\/{rel}","templated":true}]}}