{"id":13883,"date":"2023-03-05T02:51:52","date_gmt":"2023-05-22T14:19:10","guid":{"rendered":"http:\/\/tyditiao.com\/product\/aramida-areja-apvalka-neilona-iekseja-serdena-statiska-virve-ara-alpinisma-drosibas-virve-6810-5-10m\/"},"modified":"2023-05-22T16:19:10","modified_gmt":"2023-05-22T14:19:10","slug":"kevlar-outer-scoranylon-core-static-safety-rope-outdoor-6810-5-10m","status":"publish","type":"product","link":"https:\/\/tyditiao.com\/lv\/product\/kevlar-outer-scoranylon-core-static-safety-rope-outdoor-6810-5-10m\/","title":{"rendered":"Aram\u012bda \u0101r\u0113j\u0101 apvalka + neilona iek\u0161\u0113j\u0101 serde\u0146a statisk\u0101 virve \u0101ra alp\u012bnisma dro\u0161\u012bbas virve 6,8,10.5 (10m)"},"content":{"rendered":"<p>Ja nepiecie\u0161ams ieg\u0101d\u0101ties gar\u0101ku virvi, piem\u0113ram, 80 metrus, l\u016bdzu, ieg\u0101d\u0101jieties 8*10 metrus garu virvi, un p\u0113c tam atst\u0101jiet zi\u0146u p\u0101rdev\u0113jam, ka nepiecie\u0161ama visa virve 80 metru garum\u0101.<\/p>\n<p><strong>Par karab\u012bn\u0113m statisk\u0101s virves abos galos:<\/strong> ja ieg\u0101d\u0101t\u0101s virves garums p\u0101rsniedz 10 metrus, m\u0113s jums pie\u0161\u0137irsim divas att\u0113l\u0101 nor\u0101d\u012bt\u0101s karab\u012bnes. Varat izv\u0113l\u0113ties uzst\u0101d\u012bt to abos virves galos, vai ar\u012b jums tas nav j\u0101uzst\u0101da un j\u0101nos\u016bta kop\u0101 ar virvi iepakojum\u0101, vienk\u0101r\u0161i nos\u016btiet mums z\u012bm\u012bti un pazi\u0146ojiet mums savu l\u0113mumu<\/p>\n<p>Produkta nosaukums: Aram\u012bda \u0161\u0137iedra + neilona statisk\u0101 virve<br \/>\nKr\u0101sa: kr\u0101sa, k\u0101 par\u0101d\u012bts att\u0113l\u0101<br \/>\nDiametrs: 6mm 8mm 10mm<br \/>\nNeto svars (\u00b15%): 6\u00a0mm (27\u00a0g\/m) 8\u00a0mm (42\u00a0g\/m) 10\u00a0mm (65\u00a0g\/m)<br \/>\nVilk\u0161anas sp\u0113ks: 6\u00a0mm (7\u00a0KN\/700\u00a0KG) 8\u00a0mm (16\u00a0KN\/1600\u00a0KG) 10\u00a0mm (36\u00a0KN\/3600\u00a0KG)<br \/>\nIzskata materi\u0101ls: aram\u012bds<br \/>\nPamatmateri\u0101ls: neilons<br \/>\nSertifik\u0101cija: CE EN1891:1998<br \/>\nDaudzfunkcion\u0101ls: k\u0101p\u0161ana, teleskop\u0113\u0161ana, ugunsgr\u0113ka dz\u0113\u0161ana, darbs augstum\u0101, celt\u0146i utt.<\/p>\n","protected":false},"excerpt":{"rendered":"<p>Ja nepiecie\u0161ams ieg\u0101d\u0101ties gar\u0101ku virvi, piem\u0113ram, 80 metrus, l\u016bdzu, ieg\u0101d\u0101jieties 8*10 metrus garu virvi, un p\u0113c tam atst\u0101jiet zi\u0146u p\u0101rdev\u0113jam,&#8230;<\/p>\n","protected":false},"featured_media":12554,"comment_status":"open","ping_status":"closed","template":"","meta":[],"product_brand":[],"product_cat":[839],"product_tag":[],"woo-feed-brand":[50],"class_list":{"0":"post-13883","1":"product","2":"type-product","3":"status-publish","4":"has-post-thumbnail","6":"product_cat-drosibas-virve","7":"woo-feed-brand-tyditiao","9":"first","10":"instock","11":"shipping-taxable","12":"purchasable","13":"product-type-variable","14":"has-default-attributes"},"_links":{"self":[{"href":"https:\/\/tyditiao.com\/lv\/wp-json\/wp\/v2\/product\/13883","targetHints":{"allow":["GET"]}}],"collection":[{"href":"https:\/\/tyditiao.com\/lv\/wp-json\/wp\/v2\/product"}],"about":[{"href":"https:\/\/tyditiao.com\/lv\/wp-json\/wp\/v2\/types\/product"}],"replies":[{"embeddable":true,"href":"https:\/\/tyditiao.com\/lv\/wp-json\/wp\/v2\/comments?post=13883"}],"wp:featuredmedia":[{"embeddable":true,"href":"https:\/\/tyditiao.com\/lv\/wp-json\/wp\/v2\/media\/12554"}],"wp:attachment":[{"href":"https:\/\/tyditiao.com\/lv\/wp-json\/wp\/v2\/media?parent=13883"}],"wp:term":[{"taxonomy":"product_brand","embeddable":true,"href":"https:\/\/tyditiao.com\/lv\/wp-json\/wp\/v2\/product_brand?post=13883"},{"taxonomy":"product_cat","embeddable":true,"href":"https:\/\/tyditiao.com\/lv\/wp-json\/wp\/v2\/product_cat?post=13883"},{"taxonomy":"product_tag","embeddable":true,"href":"https:\/\/tyditiao.com\/lv\/wp-json\/wp\/v2\/product_tag?post=13883"},{"taxonomy":"woo-feed-brand","embeddable":true,"href":"https:\/\/tyditiao.com\/lv\/wp-json\/wp\/v2\/woo-feed-brand?post=13883"}],"curies":[{"name":"wp","href":"https:\/\/api.w.org\/{rel}","templated":true}]}}