{"id":13994,"date":"2022-10-21T05:20:55","date_gmt":"2023-05-22T16:45:04","guid":{"rendered":"http:\/\/tyditiao.com\/product\/lozu-necaurlaidigs-terauds-nij-iv-7mm-3kg-lozu-necaurlaidigs-ballistiskais-krusu-plaksne-250x300mm\/"},"modified":"2025-09-29T15:50:15","modified_gmt":"2025-09-29T13:50:15","slug":"lozu-necaurlaidigs-terauds-nij-level-iv-7mm-3kg-krusu-plaksne-lozu-necaurlaidigs-250x300mm","status":"publish","type":"product","link":"https:\/\/tyditiao.com\/lv\/product\/lozu-necaurlaidigs-terauds-nij-level-iv-7mm-3kg-krusu-plaksne-lozu-necaurlaidigs-250x300mm\/","title":{"rendered":"Lo\u017eu necaurlaid\u012bgs t\u0113rauds, NIJ IV, 7mm, 3KG, lo\u017eu necaurlaid\u012bgs ballistiskais kr\u016b\u0161u pl\u0101ksne, 250x300mm"},"content":{"rendered":"<p>Svars: 3kg<br \/>\nMateri\u0101ls: lo\u017eu necaurlaid\u012bgs t\u0113rauds;<br \/>\nBiezums: 7mm<br \/>\nAizsardz\u012bbas klase: NIJ IV (GA6)<\/p>\n<p>Izm\u0113rs: 25cm * 30cm<br \/>\nForma: trapecveida (trapecveida pl\u0101ksne ar nosl\u012bp\u0113tiem st\u016briem)<\/p>\n<p>Iepakojuma saraksts:<br \/>\n1 x trapecveida lo\u017eu necaurlaid\u012bga pl\u0101ksne.<\/p>\n<p>Pazi\u0146ojums:<br \/>\nAtstarojo\u0161\u0101 veste nav iek\u013cauta<\/p>\n<p>Lietot\u0101ji: \u0123imenes aizsardz\u012bba, ar risku saist\u012btais person\u0101ls, banku val\u016btas aizsardz\u012bba, \u0101rvalstu milit\u0101rpersonas, \u0101rvalstu bru\u0146oto konfliktu darbinieki, dro\u0161\u012bbas darbinieki, j\u016brnieki, robe\u017esargi utt.<\/p>\n","protected":false},"excerpt":{"rendered":"<p>Izgatavots no \u012bpa\u0161as lo\u017eu necaurlaid\u012bgas t\u0113rauda pl\u0101ksnes: vien\u0101ds aizsardz\u012bbas l\u012bmenis, ar priek\u0161roc\u012bbu, ka tas ir pl\u0101ns un viegls.<\/p>\n<p>Bufera sl\u0101nis: katr\u0101 lo\u017eu necaurlaid\u012bgaj\u0101 pl\u0101ksn\u0113 ir triecieniztur\u012bga EVA kokvilnas spilventi\u0146a sl\u0101nis, kas var efekt\u012bvi samazin\u0101t ietekmi uz cilv\u0113ka \u0137ermeni p\u0113c bombard\u0113\u0161anas.<\/p>\n<p>Dubult\u0101s arkas dizains: Meh\u0101nisk\u0101 gludin\u0101\u0161ana d\u0113\u013ca kreisaj\u0101 un labaj\u0101 pus\u0113 saska\u0146\u0101 ar ergonomikas principiem padara izliekt\u0101s malas perfekti piegu\u013co\u0161am \u0137ermenim<\/p>\n<p>Pielietojums: Dro\u0161\u012bbas nol\u016bkos izmantojiet ar taktiskaj\u0101m vest\u0113m, jak\u0101m, ballistiskaj\u0101m mugursom\u0101m, da\u017e\u0101d\u0101m bru\u0146uvest\u0113m u.c.<\/p>\n","protected":false},"featured_media":12003,"comment_status":"open","ping_status":"closed","template":"","meta":[],"product_brand":[],"product_cat":[884],"product_tag":[],"woo-feed-brand":[50],"class_list":{"0":"post-13994","1":"product","2":"type-product","3":"status-publish","4":"has-post-thumbnail","6":"product_cat-lozu-necaurlaidiga-krusu-plaksne","7":"woo-feed-brand-tyditiao","9":"first","10":"instock","11":"sale","12":"shipping-taxable","13":"purchasable","14":"product-type-simple"},"_links":{"self":[{"href":"https:\/\/tyditiao.com\/lv\/wp-json\/wp\/v2\/product\/13994","targetHints":{"allow":["GET"]}}],"collection":[{"href":"https:\/\/tyditiao.com\/lv\/wp-json\/wp\/v2\/product"}],"about":[{"href":"https:\/\/tyditiao.com\/lv\/wp-json\/wp\/v2\/types\/product"}],"replies":[{"embeddable":true,"href":"https:\/\/tyditiao.com\/lv\/wp-json\/wp\/v2\/comments?post=13994"}],"wp:featuredmedia":[{"embeddable":true,"href":"https:\/\/tyditiao.com\/lv\/wp-json\/wp\/v2\/media\/12003"}],"wp:attachment":[{"href":"https:\/\/tyditiao.com\/lv\/wp-json\/wp\/v2\/media?parent=13994"}],"wp:term":[{"taxonomy":"product_brand","embeddable":true,"href":"https:\/\/tyditiao.com\/lv\/wp-json\/wp\/v2\/product_brand?post=13994"},{"taxonomy":"product_cat","embeddable":true,"href":"https:\/\/tyditiao.com\/lv\/wp-json\/wp\/v2\/product_cat?post=13994"},{"taxonomy":"product_tag","embeddable":true,"href":"https:\/\/tyditiao.com\/lv\/wp-json\/wp\/v2\/product_tag?post=13994"},{"taxonomy":"woo-feed-brand","embeddable":true,"href":"https:\/\/tyditiao.com\/lv\/wp-json\/wp\/v2\/woo-feed-brand?post=13994"}],"curies":[{"name":"wp","href":"https:\/\/api.w.org\/{rel}","templated":true}]}}