{"id":14038,"date":"2022-10-21T05:15:35","date_gmt":"2022-10-21T03:15:35","guid":{"rendered":"http:\/\/tyditiao.com\/product\/aluminija-oksidspe-nij-iv-23-mm-29-kg-lozu-necaurlaidigs-krusu-parklajs-250-x300-mm\/"},"modified":"2026-01-25T18:31:16","modified_gmt":"2026-01-25T16:31:16","slug":"aluminija-oksids-nij-level-iv-23mm-2-9kgnustro-lozu-necaurlaidigs-250x300mm","status":"publish","type":"product","link":"https:\/\/tyditiao.com\/lv\/product\/aluminija-oksids-nij-level-iv-23mm-2-9kgnustro-lozu-necaurlaidigs-250x300mm\/","title":{"rendered":"Alum\u012bnija oks\u012bds+PE, NIJ IV, 23\u00a0MM, 2,9\u00a0KG, lo\u017eu necaurlaid\u012bgs kr\u016b\u0161u p\u0101rkl\u0101js, 250\u00a0X300\u00a0MM"},"content":{"rendered":"<p>Svars: 2,9 kg<br \/>\nMateri\u0101ls: alum\u012bnija oks\u012bds+PE<br \/>\nBiezums: 23 mm<br \/>\nAizsardz\u012bbas klase: NIJ III klase (GA6)<\/p>\n<p>\u0100r\u0113jais sl\u0101nis: melns \u016bdensiztur\u012bgs poliestera audums;<br \/>\nIzm\u0113ri: 250\u00a0x\u00a0300\u00a0mm \/ 9,8\u00a0x11,8\u00a0collas<br \/>\nForma: trapecveida (trapecveida pl\u0101ksne ar nosl\u012bp\u0113tiem st\u016briem)<\/p>\n<p>Iepakojuma saraksts:<br \/>\n1 x trapecveida lo\u017eu necaurlaid\u012bga pl\u0101ksne.<\/p>\n<p>Pazi\u0146ojums:<br \/>\nAtstarojo\u0161\u0101 veste nav iek\u013cauta<\/p>\n<p>M\u0113r\u0137a lietot\u0101ji: Bru\u0146otie sp\u0113ki, SWAT, iek\u0161zemes dro\u0161\u012bba, muita un robe\u017esardze, imigr\u0101cijas kontrole un citi, kas saskaras ar iero\u010du draudiem, var b\u016bt apr\u012bkoti ar m\u016bsu produktiem. Cilv\u0113ki g\u016bst lab\u0101kus rezult\u0101tus un maz\u0101k upuru. Produkts ir ar\u012b lab\u0101k piem\u0113rots t\u0101d\u0101m situ\u0101cij\u0101m k\u0101 t\u0101lsatiksmes misijas vai t\u0101lsatiksmes misijas. T\u0101 ir ar\u012b laba izv\u0113le j\u016bsu \u0123imenes aizsardz\u012bbai<\/p>\n<p>Keramikas lo\u017eu necaurlaid\u012bgie ielikt\u0146i parasti ir izgatavoti no t\u0101diem materi\u0101liem k\u0101 keramika un polietil\u0113ns PE. Noteikums ir \u0161\u0101ds: kad lode tr\u0101pa pret lo\u017eu necaurlaid\u012bgo patronu, lode vispirms tr\u0101pa virs keramikas sl\u0101\u0146a. \u0160\u0101vi\u0146a milz\u012bgais trieciena sp\u0113ks tiek p\u0101rnests uz vidi, absorb\u0113jot \u0161\u0101vi\u0146a milz\u012bgo kin\u0113tisko ener\u0123iju. Kad \u0161\u0101vi\u0146\u0161 iziet cauri keramikas sl\u0101nim, tas zaud\u0113 liel\u0101ko da\u013cu savas kin\u0113tisk\u0101s ener\u0123ijas. Kad \u0161\u0101vi\u0146\u0161 sasniedz polietil\u0113na sl\u0101ni, polietil\u0113ns izklied\u0113 \u0161\u0101vi\u0146a kin\u0113tisko ener\u0123iju, izstiepjot un aptinot \u0161\u0101vi\u0146u un lauskas, ar nelielu ietekmi uz \u0137ermeni, nodro\u0161inot lielisku aizsardz\u012bbu.<\/p>\n","protected":false},"excerpt":{"rendered":"<p>Taj\u0101 pa\u0161\u0101 ballistikas v\u0113rt\u0113jum\u0101 tas ir viegl\u0101ks par t\u0113raudu un l\u0113t\u0101ks nek\u0101 sil\u012bcija karb\u012bds, t\u0101p\u0113c alum\u012bnija oks\u012bda keramikas ballistika ir labs l\u012bdzsvars.<\/p>\n<p>Aug\u0161\u0113jais sl\u0101nis ir izgatavots no \u016bdensiztur\u012bga poliestera auduma, un panelis ir \u016bdensnecaurlaid\u012bgs un iztur\u012bgs pret traipiem.<\/p>\n<p>Bufera sl\u0101nis: katra lo\u017eu necaurlaid\u012bga pl\u0101ksne ir piestiprin\u0101ta EVA triecieniztur\u012bg\u0101 spilventi\u0146a iek\u0161\u0113jam sl\u0101nim, kas var efekt\u012bvi samazin\u0101t ietekmi uz cilv\u0113ka \u0137ermeni p\u0113c spr\u0101dziena.<\/p>\n<p>Pl\u0101ksnes materi\u0101ls: aug\u0161\u0113jais sl\u0101nis ir alum\u012bnija keramikas pl\u0101ksne, bet apak\u0161\u0113jais sl\u0101nis ir PE lo\u017eu necaurlaid\u012bga pl\u0101ksne;<\/p>\n","protected":false},"featured_media":11965,"comment_status":"open","ping_status":"closed","template":"","meta":[],"product_brand":[],"product_cat":[884],"product_tag":[],"woo-feed-brand":[50],"class_list":{"0":"post-14038","1":"product","2":"type-product","3":"status-publish","4":"has-post-thumbnail","6":"product_cat-lozu-necaurlaidiga-krusu-plaksne","7":"woo-feed-brand-tyditiao","9":"first","10":"instock","11":"sale","12":"shipping-taxable","13":"purchasable","14":"product-type-simple"},"_links":{"self":[{"href":"https:\/\/tyditiao.com\/lv\/wp-json\/wp\/v2\/product\/14038","targetHints":{"allow":["GET"]}}],"collection":[{"href":"https:\/\/tyditiao.com\/lv\/wp-json\/wp\/v2\/product"}],"about":[{"href":"https:\/\/tyditiao.com\/lv\/wp-json\/wp\/v2\/types\/product"}],"replies":[{"embeddable":true,"href":"https:\/\/tyditiao.com\/lv\/wp-json\/wp\/v2\/comments?post=14038"}],"wp:featuredmedia":[{"embeddable":true,"href":"https:\/\/tyditiao.com\/lv\/wp-json\/wp\/v2\/media\/11965"}],"wp:attachment":[{"href":"https:\/\/tyditiao.com\/lv\/wp-json\/wp\/v2\/media?parent=14038"}],"wp:term":[{"taxonomy":"product_brand","embeddable":true,"href":"https:\/\/tyditiao.com\/lv\/wp-json\/wp\/v2\/product_brand?post=14038"},{"taxonomy":"product_cat","embeddable":true,"href":"https:\/\/tyditiao.com\/lv\/wp-json\/wp\/v2\/product_cat?post=14038"},{"taxonomy":"product_tag","embeddable":true,"href":"https:\/\/tyditiao.com\/lv\/wp-json\/wp\/v2\/product_tag?post=14038"},{"taxonomy":"woo-feed-brand","embeddable":true,"href":"https:\/\/tyditiao.com\/lv\/wp-json\/wp\/v2\/woo-feed-brand?post=14038"}],"curies":[{"name":"wp","href":"https:\/\/api.w.org\/{rel}","templated":true}]}}