{"id":14076,"date":"2022-10-21T05:10:23","date_gmt":"2022-10-21T03:10:23","guid":{"rendered":"http:\/\/tyditiao.com\/product\/sicpe-nij-limenis-iv-23-mm-25-kg-lozu-necaurlaidigs-krusu-platnes-ballistiskais-ieliktnis-250-x300-mm\/"},"modified":"2026-01-25T18:31:33","modified_gmt":"2026-01-25T16:31:33","slug":"sicpe-nij-level-iv-23mm-2-5kgn-brastplate-bullet-proof-250x300mm","status":"publish","type":"product","link":"https:\/\/tyditiao.com\/lv\/product\/sicpe-nij-level-iv-23mm-2-5kgn-brastplate-bullet-proof-250x300mm\/","title":{"rendered":"SIC+PE, NIJ\u00a0l\u012bmenis IV, 23\u00a0MM, 2,5\u00a0KG, lo\u017eu necaurlaid\u012bgs kr\u016b\u0161u pl\u0101tnes ballistiskais ieliktnis, 250\u00a0X300\u00a0MM"},"content":{"rendered":"<p>Nosaukums: NIJ IV klases \u012bpa\u0161i viegla sil\u012bcija karb\u012bda lo\u017eu necaurlaid\u012bga pl\u0101ksne<\/p>\n<p>Standarts: NIJ 0101.06 IV klase, m\u0113s varam nodro\u0161in\u0101t atbilsto\u0161o testa zi\u0146ojumu.<\/p>\n<p>Materi\u0101ls: SiC + UHMW-PE<\/p>\n<p>Svars: 2,5\u00a0kg + 0,05\u00a0kg \/ 2,20\u00a0+ 0,11\u00a0lB<\/p>\n<p>Biezums: 23 mm<\/p>\n<p>\u0100r\u0113jais sl\u0101nis: melns \u016bdensiztur\u012bgs poliestera audums;<br \/>\nIzm\u0113ri: 250\u00a0x\u00a0300\u00a0mm \/ 9,8\u00a0x11,8\u00a0collas<br \/>\nForma: trapecveida (trapecveida pl\u0101ksne ar nosl\u012bp\u0113tiem st\u016briem)<\/p>\n<p>Iepakojuma saraksts:<br \/>\n1 x trapecveida lo\u017eu necaurlaid\u012bga pl\u0101ksne.<\/p>\n<p>Pazi\u0146ojums:<br \/>\nAtstarojo\u0161\u0101 veste nav iek\u013cauta<\/p>\n<p>M\u0113r\u0137a lietot\u0101ji: NIJ IV klases \u012bpa\u0161i viegl\u0101s Sic lo\u017eu necaurlaid\u012bg\u0101s pl\u0101ksnes izmanto\u0161anai pret ar iero\u010diem saist\u012btiem draudiem. Bru\u0146otie sp\u0113ki, SWAT a\u0123ent\u016bras, iek\u0161\u0113j\u0101s dro\u0161\u012bbas a\u0123ent\u016bras, muitas un robe\u017eapsardz\u012bbas a\u0123ent\u016bras, imigr\u0101cijas kontroles a\u0123ent\u016bras un citas a\u0123ent\u016bras, kur\u0101m draud \u0161aujamiero\u010di, var b\u016bt apr\u012bkotas ar m\u016bsu produktiem. Cilv\u0113ki g\u016bst lab\u0101kus rezult\u0101tus un maz\u0101k upuru. Produkts ir ar\u012b lab\u0101k piem\u0113rots t\u0101d\u0101m situ\u0101cij\u0101m k\u0101 t\u0101lsatiksmes misijas vai t\u0101lsatiksmes misijas. T\u0101 ir ar\u012b laba izv\u0113le j\u016bsu \u0123imenes aizsardz\u012bbai<\/p>\n<p><!--vair\u0101k--><\/p>\n<p>L\u0101di\u0146u parametri, pret kuriem NIJ IV var aizsarg\u0101ties:<\/p>\n<p>Pilna met\u0101la korpuss 7,62 x 51 mm M80 (FMJ) \/ NATO bumba;<\/p>\n<p>7,62\u00a0x\u00a039\u00a0mm AK47 svina serde (LC) \/ viegla t\u0113rauda serde (MSC);<\/p>\n<p>5,56 x 45 mm M193 svins (LC) \/ NATO SS109 lode;<\/p>\n<p>Ballistiskie ielikt\u0146i bie\u017ei tiek izmantoti bru\u0146uvest\u0113s vai taktiskaj\u0101s vest\u0113s. Ir divu veidu lo\u017eu necaurlaid\u012bg\u0101s patronas: front\u0101l\u0101s un s\u0101nu. Priek\u0161\u0113jais panelis aizsarg\u0101 kr\u016btis un muguru, bet s\u0101nu pane\u013ci aizsarg\u0101 \u0137erme\u0146a s\u0101nus. Fas\u0101des parasti aizsarg\u0101 kr\u016b\u0161kurvja priek\u0161\u0113jo pusi, un kvadr\u0101ti aizsarg\u0101 muguru.<\/p>\n<p>Ir \u010detru veidu lo\u017eu necaurlaid\u012bgi pl\u0101k\u0161\u0146u materi\u0101li: lo\u017eu necaurlaid\u012bgs t\u0113rauds, PE polietil\u0113ns, PE + alum\u012bnija oks\u012bds, PE + sil\u012bcija karb\u012bds. \u0160is akumulators ir pieejams no da\u017e\u0101du materi\u0101lu mode\u013ciem, un tas ir no t\u012bra PE + sil\u012bcija.<\/p>\n<p>Keramikas lo\u017eu necaurlaid\u012bgie ielikt\u0146i parasti ir izgatavoti no t\u0101diem materi\u0101liem k\u0101 keramika un polietil\u0113ns PE. Noteikums ir \u0161\u0101ds: kad lode tr\u0101pa pret lo\u017eu necaurlaid\u012bgo patronu, lode vispirms tr\u0101pa virs keramikas sl\u0101\u0146a. \u0160\u0101vi\u0146a milz\u012bgais trieciena sp\u0113ks tiek p\u0101rnests uz vidi, absorb\u0113jot \u0161\u0101vi\u0146a milz\u012bgo kin\u0113tisko ener\u0123iju. Kad \u0161\u0101vi\u0146\u0161 iziet cauri keramikas sl\u0101nim, tas zaud\u0113 liel\u0101ko da\u013cu savas kin\u0113tisk\u0101s ener\u0123ijas. Kad \u0161\u0101vi\u0146\u0161 sasniedz polietil\u0113na sl\u0101ni, polietil\u0113ns izklied\u0113 \u0161\u0101vi\u0146a kin\u0113tisko ener\u0123iju, izstiepjot un aptinot \u0161\u0101vi\u0146u un lauskas, ar nelielu ietekmi uz \u0137ermeni, nodro\u0161inot lielisku aizsardz\u012bbu.<\/p>\n","protected":false},"excerpt":{"rendered":"<p>\u012apa\u0161i viegla ballistisk\u0101 pl\u0101ksne, kas izgatavota no NIJ IV klases sil\u012bcija karb\u012bda, kas sp\u0113j iztur\u0113t parasto \u0161autenes patronu draudus.<\/p>\n<p>Nobriedis process: par\u0101d\u012bs stabilu un lielisku aizsardz\u012bbas veiktsp\u0113ju.<\/p>\n<p>Viegl\u0101ks un \u0113rt\u0101ks nek\u0101 alum\u012bnija oks\u012bda keramikas pane\u013ci.<\/p>\n<p>Aug\u0161\u0113jais sl\u0101nis ir izgatavots no \u016bdensiztur\u012bga poliestera auduma, un panelis ir \u016bdensnecaurlaid\u012bgs un iztur\u012bgs pret traipiem.<\/p>\n","protected":false},"featured_media":12041,"comment_status":"open","ping_status":"closed","template":"","meta":[],"product_brand":[],"product_cat":[884],"product_tag":[],"woo-feed-brand":[50],"class_list":{"0":"post-14076","1":"product","2":"type-product","3":"status-publish","4":"has-post-thumbnail","6":"product_cat-lozu-necaurlaidiga-krusu-plaksne","7":"woo-feed-brand-tyditiao","9":"first","10":"instock","11":"sale","12":"shipping-taxable","13":"purchasable","14":"product-type-simple"},"_links":{"self":[{"href":"https:\/\/tyditiao.com\/lv\/wp-json\/wp\/v2\/product\/14076","targetHints":{"allow":["GET"]}}],"collection":[{"href":"https:\/\/tyditiao.com\/lv\/wp-json\/wp\/v2\/product"}],"about":[{"href":"https:\/\/tyditiao.com\/lv\/wp-json\/wp\/v2\/types\/product"}],"replies":[{"embeddable":true,"href":"https:\/\/tyditiao.com\/lv\/wp-json\/wp\/v2\/comments?post=14076"}],"wp:featuredmedia":[{"embeddable":true,"href":"https:\/\/tyditiao.com\/lv\/wp-json\/wp\/v2\/media\/12041"}],"wp:attachment":[{"href":"https:\/\/tyditiao.com\/lv\/wp-json\/wp\/v2\/media?parent=14076"}],"wp:term":[{"taxonomy":"product_brand","embeddable":true,"href":"https:\/\/tyditiao.com\/lv\/wp-json\/wp\/v2\/product_brand?post=14076"},{"taxonomy":"product_cat","embeddable":true,"href":"https:\/\/tyditiao.com\/lv\/wp-json\/wp\/v2\/product_cat?post=14076"},{"taxonomy":"product_tag","embeddable":true,"href":"https:\/\/tyditiao.com\/lv\/wp-json\/wp\/v2\/product_tag?post=14076"},{"taxonomy":"woo-feed-brand","embeddable":true,"href":"https:\/\/tyditiao.com\/lv\/wp-json\/wp\/v2\/woo-feed-brand?post=14076"}],"curies":[{"name":"wp","href":"https:\/\/api.w.org\/{rel}","templated":true}]}}