{"id":14138,"date":"2022-10-11T12:39:23","date_gmt":"2022-10-11T10:39:23","guid":{"rendered":"http:\/\/tyditiao.com\/product\/kevlar-nij-iiia-lozu-necaurlaidiga-pusmaska-aramida-lozu-necaurlaidiga-sejas-maska-taktiskai-lozu-necaurlaidigai-kiverei\/"},"modified":"2026-01-25T18:34:42","modified_gmt":"2026-01-25T16:34:42","slug":"ballistic-kevlar-nij-iiia-aramid-ballistic-mask-fit-with-tactical-ballistic-helmet-wendy-quick-michigan-fit","status":"publish","type":"product","link":"https:\/\/tyditiao.com\/lv\/product\/ballistic-kevlar-nij-iiia-aramid-ballistic-mask-fit-with-tactical-ballistic-helmet-wendy-quick-michigan-fit\/","title":{"rendered":"Kevlar NIJ IIIA lo\u017eu necaurlaid\u012bga pusmaska, aram\u012bda lo\u017eu necaurlaid\u012bga sejas maska taktiskai lo\u017eu necaurlaid\u012bgai \u0137iverei"},"content":{"rendered":"<p>Svars: 0,68 kg<\/p>\n<p>Materi\u0101ls: aram\u012bds<\/p>\n<p>Biezums: 8 mm biezs aram\u012bds un 1 mm p\u0101rkl\u0101jums<\/p>\n<p>Aizsardz\u012bbas klase: NIJ 0101.06 IIIA l\u012bmenis<\/p>\n<p>Izm\u0113rs: viens izm\u0113rs der visiem<\/p>\n<p>Der\u012bguma termi\u0146\u0161: 5 gadi<\/p>\n<p>Piem\u0113rojamie scen\u0101riji: m\u0101jas aizsardz\u012bba, apsardze, policijas apr\u012bkojums, faktisk\u0101 kauja, cosplay<\/p>\n<p>OEM\/ODM pakalpojums pieejams p\u0113c piepras\u012bjuma<\/p>\n<p>&nbsp;<\/p>\n<p>Iepakojuma saraksts: 1\u00a0X puse sejas lo\u017eu necaurlaid\u012bga maska<\/p>\n","protected":false},"excerpt":{"rendered":"<p>Materi\u0101ls: Izgatavots no uzlabot\u0101m viegl\u0101m kevlar \u0161\u0137iedr\u0101m, kas ir 15 reizes stipr\u0101kas par t\u0113raudu, lai samazin\u0101tu lo\u017eu draudus<\/p>\n<p>Unik\u0101ls ergonomisks dizains: 6\u00a0punktos regul\u0113jama neilona galvas saite un papildu polster\u0113jums atbilst jebkurai galvas formai un uzlabo valk\u0101\u0161anas komfortu<\/p>\n<p>Laba piel\u0101go\u0161an\u0101s sp\u0113ja: var izmantot ar FAST, WENDY, MICH un cit\u0101m lo\u017eu necaurlaid\u012bg\u0101m \u0137iver\u0113m, piln\u012bb\u0101 nosedzot lietot\u0101ja seju<\/p>\n<p>Piem\u0113rojamie lietojumi: m\u0101jas aizsardz\u012bba, milit\u0101rpersonas, person\u0101ls, kas iesaist\u012bts b\u012bstam\u0101s oper\u0101cij\u0101s, lauka apm\u0101c\u012bba, miesassargi, person\u0101ls, kas iesaist\u012bts b\u012bstam\u0101s oper\u0101cij\u0101s \u0101rvalstu bru\u0146otu konfliktu zon\u0101s<\/p>\n","protected":false},"featured_media":11566,"comment_status":"open","ping_status":"closed","template":"","meta":[],"product_brand":[],"product_cat":[591],"product_tag":[],"woo-feed-brand":[50],"class_list":{"0":"post-14138","1":"product","2":"type-product","3":"status-publish","4":"has-post-thumbnail","6":"product_cat-ballistiska-maska","7":"product_shipping_class-0-3-kg-lv","8":"woo-feed-brand-tyditiao","10":"first","11":"instock","12":"sale","13":"shipping-taxable","14":"purchasable","15":"product-type-simple"},"_links":{"self":[{"href":"https:\/\/tyditiao.com\/lv\/wp-json\/wp\/v2\/product\/14138","targetHints":{"allow":["GET"]}}],"collection":[{"href":"https:\/\/tyditiao.com\/lv\/wp-json\/wp\/v2\/product"}],"about":[{"href":"https:\/\/tyditiao.com\/lv\/wp-json\/wp\/v2\/types\/product"}],"replies":[{"embeddable":true,"href":"https:\/\/tyditiao.com\/lv\/wp-json\/wp\/v2\/comments?post=14138"}],"wp:featuredmedia":[{"embeddable":true,"href":"https:\/\/tyditiao.com\/lv\/wp-json\/wp\/v2\/media\/11566"}],"wp:attachment":[{"href":"https:\/\/tyditiao.com\/lv\/wp-json\/wp\/v2\/media?parent=14138"}],"wp:term":[{"taxonomy":"product_brand","embeddable":true,"href":"https:\/\/tyditiao.com\/lv\/wp-json\/wp\/v2\/product_brand?post=14138"},{"taxonomy":"product_cat","embeddable":true,"href":"https:\/\/tyditiao.com\/lv\/wp-json\/wp\/v2\/product_cat?post=14138"},{"taxonomy":"product_tag","embeddable":true,"href":"https:\/\/tyditiao.com\/lv\/wp-json\/wp\/v2\/product_tag?post=14138"},{"taxonomy":"woo-feed-brand","embeddable":true,"href":"https:\/\/tyditiao.com\/lv\/wp-json\/wp\/v2\/woo-feed-brand?post=14138"}],"curies":[{"name":"wp","href":"https:\/\/api.w.org\/{rel}","templated":true}]}}