{"id":14192,"date":"2022-06-13T04:32:01","date_gmt":"2022-06-13T02:32:01","guid":{"rendered":"http:\/\/tyditiao.com\/product\/jauna-kevlar-kivere-iiia-klases-militara-kivere-militaras-kaujas-kiveres-komanda-vendija-zala\/"},"modified":"2026-01-25T18:35:09","modified_gmt":"2026-01-25T16:35:09","slug":"wendys-bulletproof-kivere-kevlar-kivere-taktiska-zala","status":"publish","type":"product","link":"https:\/\/tyditiao.com\/lv\/product\/wendys-bulletproof-kivere-kevlar-kivere-taktiska-zala\/","title":{"rendered":"Jauna Kevlar \u0137ivere, IIIA klases milit\u0101r\u0101 \u0137ivere, Milit\u0101r\u0101s kaujas \u0137iveres komanda Vendija, za\u013ca"},"content":{"rendered":"<p>Viegla karav\u012bra \u0137ivere Wendy&#8217;s \u0137ivere ir veidota t\u0101, lai t\u0101 b\u016btu \u012bpa\u0161i viegla un \u013coti \u0113rta valk\u0101\u0161anai. Tas ir apr\u012bkots ar\u012b ar augstas kvalit\u0101tes ener\u0123iju absorb\u0113jo\u0161iem ielikt\u0146iem, kas var efekt\u012bvi absorb\u0113t trieciena sp\u0113ku, samazin\u0101t \u0137iveres korpusa deform\u0101ciju, kad lode sasniedz \u0137iveri, un samazin\u0101t lietot\u0101ja traumu bie\u017eumu un pak\u0101pi. Divpus\u0113js ar univers\u0101l\u0101m ier\u012bces stiprin\u0101juma slied\u0113m un kard\u0101na kron\u0161teinu uz pieres, \u013caujot Vendijai rad\u012bt vair\u0101k iesp\u0113ju.<\/p>\n<hr \/>\n<p><strong>Aizsardz\u012bbas klase:<\/strong><\/p>\n<p>\u0160\u012b lo\u017eu necaurlaid\u012bg\u0101 \u0137ivere ir NIJ IIIA l\u012bme\u0146a lo\u017eu necaurlaid\u012bga \u0137ivere saska\u0146\u0101 ar NIJ 0101.06 standartu, un var nodro\u0161in\u0101t atbilsto\u0161o testa zi\u0146ojumu.<\/p>\n<hr \/>\n<p><strong>Aizsardz\u012bbas \u0161\u0101vi\u0146a parametri:<\/strong><\/p>\n<p>.44 Mag SJHP<br \/>\n.357 SIG FMJ FN<br \/>\n9\u00a0mm FMJ\u00a0RN<br \/>\n.357 Mag JSP<br \/>\n.40 S&amp;W FMJ<\/p>\n<p>Nodro\u0161ina ar\u012b aizsardz\u012bbu pret liel\u0101ko da\u013cu iero\u010du draudu, k\u0101 ar\u012b IIA un II klases draudiem<\/p>\n<hr \/>\n<p><strong>Lo\u017eu necaurlaid\u012bg\u0101s \u0137iveres parametri:<\/strong><br \/>\nNosaukums: NIJ lllA WENDY lo\u017eu necaurlaid\u012bga \u0137ivere<\/p>\n<p>Materi\u0101ls: Augstas stiepes Kevlar-DuPont aram\u012bda \u0161\u0137iedra<br \/>\nGalvas apk\u0101rtm\u0113rs: 52-60 cm<\/p>\n<p>Odere: Zorbium Foam Impact Pads nodro\u0161ina v\u0113sumu un sausumu ar \u016bdensnecaurlaid\u012bgu, \u0113rtu polster\u0113jumu un antibakteri\u0101lu p\u0101rkl\u0101jumu, kas izvada sviedrus. Nodro\u0161ina maz\u0101k nek\u0101 pusi no sp\u0113ka, kas nepiecie\u0161ams atk\u0101rtotiem triecieniem visos vides apst\u0101k\u013cos. Peles paliktnis ir standarta komplekt\u0101cij\u0101 ar trim triecieniztur\u012bgiem palikt\u0146iem un asto\u0146iem regul\u0113jamiem palikt\u0146iem, lai nodro\u0161in\u0101tu optim\u0101lu piem\u0113rot\u012bbu un komfortu.<\/p>\n<p>Izv\u0113les piederumi: piep\u016b\u0161am\u0101s sk\u0101bek\u013ca maskas, sejas vairogi, s\u0101nu vairogi, bru\u0146u s\u0101nu vairogi, vairogi, \u0137iveres vairogi, lo\u017eu necaurlaid\u012bgas maskas utt.<br \/>\n\u0136iveres kr\u0101sa: za\u013ca<br \/>\nMICH ir \u0137ivere, kas aptur pistoles patronas un nodro\u0161ina dro\u0161u aizsardz\u012bbu pret gru\u017eiem un kr\u012bto\u0161iem gru\u017eiem.<br \/>\nsamazin\u0101s aizsardz\u012bbu.<\/p>\n<hr \/>\n<p><strong>&#8220;Person\u0101m:<\/strong><br \/>\nNIJ lllA Kevlar WENDY ballistisk\u0101 \u0137ivere tiek gal\u0101 ar pistoles un \u0161rapne\u013cu draudiem, izmantojot sp\u0113c\u012bg\u0101kus stiprin\u0101jumus, kas ir viegl\u0101ki un \u0113rt\u0101k valk\u0101jami. \u0160\u012b \u0137ivere ir piem\u0113rota visu veidu lietot\u0101jiem. T\u0101du a\u0123ent\u016bru k\u0101 milit\u0101rpersonas, policija, SWAT, iek\u0161\u0113j\u0101s dro\u0161\u012bbas, muitas un robe\u017esardzes darbinieki var tikt apr\u012bkoti ar uzlabot\u0101m kaujas sp\u0113j\u0101m. T\u0101 ir ar\u012b laba izv\u0113le m\u0101jas aizsardz\u012bbai un cosplay.<\/p>\n<hr \/>\n<p>Ja v\u0113laties ieg\u0101d\u0101ties m\u016bsu produktus vai jums ir k\u0101di jaut\u0101jumi par m\u016bsu produktiem;<br \/>\nJa jums ir k\u0101das piel\u0101go\u0161anas vajadz\u012bbas;<br \/>\nL\u016bdzu (<a href=\"https:\/\/tyditiao.com\/lv\/sazinaties\/\">sazinieties ar mums<\/a>) nekav\u0113joties, m\u0113s jums atbild\u0113sim 1 darba dienas laik\u0101.<\/p>\n","protected":false},"excerpt":{"rendered":"<p>Laba kvalit\u0101te: Tehnisk\u0101s kvalit\u0101tes milit\u0101r\u0101 \u0137ivere ir izgatavota no augstas stipr\u012bbas DuPont Kevlar Aramid \u0161\u0137iedras, kas ir karstumiztur\u012bga un nav viegli deform\u0113jama<\/p>\n<p>Labs ballistiskais sniegums: NIJ IIIA l\u012bmenis<\/p>\n<p>\u0112rts valk\u0101\u0161anai: Zorbium Foam Impact Pillow ir apr\u012bkots ar \u016bdensnecaurlaid\u012bgu oderi un pretmikrobu p\u0101rkl\u0101jumu, kas izvada mitrumu, lai j\u016bs b\u016btu v\u0113ss un sauss.<\/p>\n<p>VIEGLA REGUL\u0112\u0160ANA: Viegla milit\u0101r\u0101s \u0137iveres CAM FIT stiprin\u0101juma sist\u0113ma ar BOA aizv\u0113r\u0161anas sist\u0113mu dro\u0161ai regul\u0113\u0161anai ar vienu roku prec\u012bzai piegu\u013c\u0113\u0161anai.<\/p>\n<p>PAPLA\u0160IN\u0100MAMS: Rail 2.0 stiprin\u0101jumu sist\u0113ma ir sader\u012bga ar visiem EXFIL Rail 2.0 stiprin\u0101jumiem. Divpus\u0113j\u0101 kard\u0101na stiprin\u0101juma sliede un kard\u0101na kron\u0161teins uz pieres \u013cauj Vendijai rad\u012bt vair\u0101k iesp\u0113ju.<\/p>\n","protected":false},"featured_media":10635,"comment_status":"open","ping_status":"closed","template":"","meta":[],"product_brand":[],"product_cat":[719,718],"product_tag":[],"woo-feed-brand":[50],"class_list":{"0":"post-14192","1":"product","2":"type-product","3":"status-publish","4":"has-post-thumbnail","6":"product_cat-lozu-necaurlaidiga-kivere","7":"product_cat-vendija","8":"woo-feed-brand-tyditiao","10":"first","11":"instock","12":"sale","13":"shipping-taxable","14":"purchasable","15":"product-type-simple"},"_links":{"self":[{"href":"https:\/\/tyditiao.com\/lv\/wp-json\/wp\/v2\/product\/14192","targetHints":{"allow":["GET"]}}],"collection":[{"href":"https:\/\/tyditiao.com\/lv\/wp-json\/wp\/v2\/product"}],"about":[{"href":"https:\/\/tyditiao.com\/lv\/wp-json\/wp\/v2\/types\/product"}],"replies":[{"embeddable":true,"href":"https:\/\/tyditiao.com\/lv\/wp-json\/wp\/v2\/comments?post=14192"}],"wp:featuredmedia":[{"embeddable":true,"href":"https:\/\/tyditiao.com\/lv\/wp-json\/wp\/v2\/media\/10635"}],"wp:attachment":[{"href":"https:\/\/tyditiao.com\/lv\/wp-json\/wp\/v2\/media?parent=14192"}],"wp:term":[{"taxonomy":"product_brand","embeddable":true,"href":"https:\/\/tyditiao.com\/lv\/wp-json\/wp\/v2\/product_brand?post=14192"},{"taxonomy":"product_cat","embeddable":true,"href":"https:\/\/tyditiao.com\/lv\/wp-json\/wp\/v2\/product_cat?post=14192"},{"taxonomy":"product_tag","embeddable":true,"href":"https:\/\/tyditiao.com\/lv\/wp-json\/wp\/v2\/product_tag?post=14192"},{"taxonomy":"woo-feed-brand","embeddable":true,"href":"https:\/\/tyditiao.com\/lv\/wp-json\/wp\/v2\/woo-feed-brand?post=14192"}],"curies":[{"name":"wp","href":"https:\/\/api.w.org\/{rel}","templated":true}]}}