{"id":14211,"date":"2022-06-13T04:11:33","date_gmt":"2023-05-23T01:55:40","guid":{"rendered":"http:\/\/tyditiao.com\/product\/polijas-militara-kivere-iiia-klases-taktiska-kevlara-kivere-energijas-kivere-ar-atro-masku-melna\/"},"modified":"2023-05-23T03:55:40","modified_gmt":"2023-05-23T01:55:40","slug":"atri-lozu-necaurlaidiga-sture-taktiska-kevlar-nijiiia-melna","status":"publish","type":"product","link":"https:\/\/tyditiao.com\/lv\/product\/atri-lozu-necaurlaidiga-sture-taktiska-kevlar-nijiiia-melna\/","title":{"rendered":"Polijas milit\u0101r\u0101 \u0137ivere, IIIA klases taktisk\u0101 kevl\u0101ra \u0137ivere, ener\u0123ijas \u0137ivere ar \u0101tro masku, melna"},"content":{"rendered":"<p><strong>Aizsardz\u012bbas klase:<\/strong><\/p>\n<p>\u0160\u012b lo\u017eu necaurlaid\u012bg\u0101 \u0137ivere ir NIJ IIIA l\u012bme\u0146a lo\u017eu necaurlaid\u012bga \u0137ivere saska\u0146\u0101 ar NIJ 0101.06 standartu, un var nodro\u0161in\u0101t atbilsto\u0161o testa zi\u0146ojumu.<\/p>\n<hr>\n<p><strong>Aizsardz\u012bbas \u0161\u0101vi\u0146a parametri:<\/strong><\/p>\n<p>.44 Mag SJHP<br \/>\n.357 SIG FMJ FN<br \/>\n9\u00a0mm FMJ\u00a0RN<br \/>\n.357 Mag JSP<br \/>\n.40 S&#038;W FMJ<\/p>\n<p>Nodro\u0161ina ar\u012b aizsardz\u012bbu pret liel\u0101ko da\u013cu iero\u010du draudu, k\u0101 ar\u012b IIA un II klases draudiem<\/p>\n<hr>\n<p><strong>Lo\u017eu necaurlaid\u012bg\u0101s \u0137iveres parametri:<\/strong><br \/>\nNosaukums: NIJ lllA FAST lo\u017eu necaurlaid\u012bga \u0137ivere<\/p>\n<p>Materi\u0101ls: Augstas stiepes Kevlar-DuPont aram\u012bda \u0161\u0137iedra<br \/>\nGalvas apk\u0101rtm\u0113rs: 52-64 cm<br \/>\nIzv\u0113les piederumi: lo\u017eu necaurlaid\u012bga maska utt.<br \/>\n\u0136iveres kr\u0101sa: melna<br \/>\nMICH ir \u0137ivere, kas aptur pistoles patronas un nodro\u0161ina dro\u0161u aizsardz\u012bbu pret gru\u017eiem un kr\u012bto\u0161iem gru\u017eiem.<br \/>\nsamazin\u0101s aizsardz\u012bbu.<\/p>\n<hr>\n<p><strong>&#8220;Person\u0101m:<\/strong><br \/>\nBallistisk\u0101 \u0137ivere NIJ lllA Kevlar FAST ir izstr\u0101d\u0101ta, lai c\u012bn\u012btos pret iero\u010du un \u0161rapne\u013cu rad\u012btajiem draudiem, un tai ir stingr\u0101ki stiprin\u0101jumi, kas nodro\u0161ina viegl\u0101ku un \u0113rt\u0101ku piegul\u0161anu. \u0160\u012b \u0137ivere ir piem\u0113rota visu veidu lietot\u0101jiem. T\u0101du a\u0123ent\u016bru k\u0101 milit\u0101rpersonas, policija, SWAT, iek\u0161\u0113j\u0101s dro\u0161\u012bbas, muitas un robe\u017esardzes darbinieki var tikt apr\u012bkoti ar uzlabot\u0101m kaujas sp\u0113j\u0101m. T\u0101 ir ar\u012b laba izv\u0113le m\u0101jas aizsardz\u012bbai un cosplay.<\/p>\n<hr>\n<p><strong>Kas ir FAST ballistisk\u0101 \u0137ivere?<\/strong><\/p>\n<p>FAST lo\u017eu necaurlaid\u012bg\u0101 \u0137ivere (ang\u013cu: Future Assault Shell Technology Helmet, turpm\u0101k tekst\u0101: FAST) Future Assault Shell Technology \u0137ivere ir kaujas \u0137ivere, ko izstr\u0101d\u0101jis ASV Armijas p\u0113tniec\u012bbas instit\u016bts un ASV armijas p\u0113tniec\u012bbas, att\u012bst\u012bbas un in\u017eenierijas centrs Natick. \u0136ivere ir izstr\u0101d\u0101ta, lai nodro\u0161in\u0101tu komfortu speci\u0101lo oper\u0101ciju operatoriem, vienlaikus nodro\u0161inot pamata ballistisko aizsardz\u012bbu. FAST \u0137ivere pirmo reizi tika par\u0101d\u012bta sabiedr\u012bbai SHOT SHOW 2009. gad\u0101, un dr\u012bz to pie\u0146\u0113ma ASV \u012bpa\u0161ie sp\u0113ki, kas darboj\u0101s Afganist\u0101n\u0101. FAST taktisk\u0101s ballistisk\u0101s \u0137iveres tagad pla\u0161i izmanto speci\u0101lajos sp\u0113kos un speci\u0101lajos policijas sp\u0113kos da\u017e\u0101d\u0101s valst\u012bs. Turkl\u0101t FAST taktisk\u0101 \u0137ivere tagad ir Norv\u0113\u0123ijas bru\u0146oto sp\u0113ku standarta kaujas \u0137ivere.<\/p>\n<hr>\n<p><strong>FAST Kevlar \u0137iveres funkcijas:<\/strong><\/p>\n<p>Sal\u012bdzinot ar parastaj\u0101m milit\u0101raj\u0101m \u0137iver\u0113m, FAST \u0137ivere ir par 25% viegl\u0101ka. Izmantojot \u0137iveres piekares sist\u0113mu, lietot\u0101ji var viegli piel\u0101got \u0137iveres piem\u0113rot\u012bbu vai bl\u012bvumu optim\u0101lam komfortam. FAST \u0137iveres ir apr\u012bkotas ar ARC slied\u0113m kreisaj\u0101 un labaj\u0101 pus\u0113 apr\u012bkojuma, piem\u0113ram, luktur\u012b\u0161u, troksni sl\u0101p\u0113jo\u0161u austi\u0146u un sakaru apr\u012bkojuma uzst\u0101d\u012b\u0161anai, k\u0101 ar\u012b nakts redzam\u012bbas vai video aparat\u016bru var uzst\u0101d\u012bt uz \u0137iveres centra caur stiprin\u0101juma adapteri, kas ir \u012bpa\u0161a c\u012b\u0146a, kas var pievienot liel\u0101ku taktisko priek\u0161roc\u012bbu. Pie \u0137iveres piestiprin\u0101tais velna filcs \u013cauj lietot\u0101jiem piestiprin\u0101t savas valsts karogu, armiju vai iest\u0101di, k\u0101 ar\u012b atbilsto\u0161us identifik\u0101cijas z\u012bmogus, piem\u0113ram, izsaukuma z\u012bmes un asinsgrupas. Turkl\u0101t, pateicoties modul\u0101rajai konstrukcijai, FAST \u0137iveres civilo versiju bez lo\u017eu necaurlaid\u012bbas funkcijas izmanto ne tikai milit\u0101rpersonas un policija, bet ar\u012b \u0101ra sportisti, \u017eurn\u0101listi, gl\u0101b\u0113ji un citi lauka darbinieki to labpr\u0101t pie\u0146em.<\/p>\n<hr>\n<p><strong>Vai taktisk\u0101 ballistisk\u0101 \u0137ivere FAST lieliski aizsarg\u0101, un k\u0101p\u0113c t\u0101 ir tik popul\u0101ra?<\/strong><\/p>\n<p>Tam ir divi iemesli: pirmk\u0101rt, tehnolo\u0123iju att\u012bst\u012bba ir rad\u012bjusi arvien vair\u0101k tehnisko apr\u012bkojumu atsevi\u0161\u0137iem karav\u012briem, kam nepiecie\u0161ama platforma tehnisko piederumu uzl\u0101d\u0113\u0161anai, kas j\u0101upur\u0113 uz aizsardz\u012bbas r\u0113\u0137ina;<br \/>\nOtrk\u0101rt, FAST lietot\u0101ji galvenok\u0101rt ir specvien\u012bbas, un kaujas distanc\u0113 speci\u0101lie sp\u0113ki vienk\u0101r\u0161i atsak\u0101s no k\u0101das aizsardz\u012bbas, platformas p\u0101rnesam\u012bba un tehniskais apr\u012bkojums tiek p\u0101rv\u0113rsts par izdz\u012bvo\u0161anas r\u0101d\u012bt\u0101jiem, un pat praktisk\u0101 pielietojum\u0101, parasti tikai \u0101tro \u0137iveru gad\u012bjum\u0101, ir Daudz\u0101s vien\u012bb\u0101s nav elementu, tikai p\u0101rn\u0113s\u0101\u0161anai.<\/p>\n<p>FAST nav balst\u012bta uz stingru aizsardz\u012bbu Nepietiek ar abpus\u0113j\u0101m austi\u0146\u0101m Galvenok\u0101rt person\u0101la \u0113rt\u012bb\u0101m, kas valk\u0101 austi\u0146as un papildu piederumus Vieglas taktisk\u0101s \u0137iveres da\u013c\u0113ji atsak\u0101s no aizsardz\u012bbas, sniedz liel\u0101ku labumu c\u012b\u0146\u0101.<\/p>\n<p>FAST \u0137iveres tiek pla\u0161i izmantotas daudz\u0101s valst\u012bs, un daudz\u0101s valst\u012bs \u0137iveres dizains ir \u013coti l\u012bdz\u012bgs amerik\u0101\u0146u FAST \u0137iver\u0113m, piem\u0113ram, Krievij\u0101, Francij\u0101 un Apvienotaj\u0101 Karalist\u0113 \u0137iveres ir izstr\u0101d\u0101tas t\u0101, lai atbilstu FAST \u0137iver\u0113m, lai gan laika gait\u0101 t\u0101s att\u012bst\u012bsies. Ar\u012b \u0161o \u0137iveru skaits main\u0101s, ta\u010du joproj\u0101m izskat\u0101s l\u012bdz\u012bgi k\u0101 FAST \u0137iverei, ac\u012bmredzamu iemeslu d\u0113\u013c \u0161\u012b \u0137ivere var efekt\u012bvi aizsarg\u0101t galvu un paildzin\u0101t karav\u012bra m\u016b\u017eu.<\/p>\n<hr>\n<p><strong>\u0100TRA Kevlar \u0137iveres cena?<\/strong><\/p>\n<p>P\u0113rciet tie\u0161i m\u016bsu vietn\u0113 un ietaupiet 15% no parast\u0101s cenas<\/p>\n<hr>\n<p>Ja v\u0113laties ieg\u0101d\u0101ties m\u016bsu produktus vai jums ir k\u0101di jaut\u0101jumi par m\u016bsu produktiem;<br \/>\nJa jums ir k\u0101das piel\u0101go\u0161anas vajadz\u012bbas;<br \/>\nL\u016bdzu, nekav\u0113joties (<a href=\"http:\/\/tyditiao.com\/en\/contact\/\">sazinieties ar mums<\/a>), m\u0113s jums atbild\u0113sim 1 darba dienas laik\u0101.<\/p>\n<p>&nbsp;<\/p>\n<p>&nbsp;<\/p>\n","protected":false},"excerpt":{"rendered":"<p>Izgatavots no augstas stipr\u012bbas DuPont Kevlar Aramid \u0161\u0137iedras, karstumiztur\u012bgs un nav viegli deform\u0113jams<\/p>\n<p>NIJ IIIA l\u012bmenis<\/p>\n<p>Galvas apk\u0101rtm\u0113ra regul\u0113\u0161anas sist\u0113ma \u013cauj regul\u0113t galvas apk\u0101rtm\u0113ru, nospie\u017eot pogu, lai sasniegtu ide\u0101lu \u0137iveres piegul\u0161anu<\/p>\n<p>Piere ir pastiprin\u0101ta ar elast\u012bg\u0101m siksn\u0101m asto\u0146k\u0101ju s\u0101nos (nakts redzam\u012bbas stat\u012bva apak\u0161\u0101), lai piestiprin\u0101tu spogu\u013cus, kameras, nakts redzam\u012bbas brilles un citas ier\u012bces<\/p>\n<p>Apr\u012bkots ar slied\u0113m, jaud\u012bg\u0101ks piederumu stiprin\u0101jums, var apr\u012bkot ar sp\u0113c\u012bgu gaismas sist\u0113mu un b\u0101kas identifik\u0101cijas gaism\u0101m, var apr\u012bkot ar\u012b ar dzirdes aizsargiem<\/p>\n","protected":false},"featured_media":10331,"comment_status":"closed","ping_status":"closed","template":"","meta":[],"product_brand":[],"product_cat":[820,719],"product_tag":[],"woo-feed-brand":[50],"class_list":{"0":"post-14211","1":"product","2":"type-product","3":"status-publish","4":"has-post-thumbnail","6":"product_cat-atri","7":"product_cat-lozu-necaurlaidiga-kivere","8":"woo-feed-brand-tyditiao","10":"first","11":"instock","12":"sale","13":"shipping-taxable","14":"purchasable","15":"product-type-simple"},"_links":{"self":[{"href":"https:\/\/tyditiao.com\/lv\/wp-json\/wp\/v2\/product\/14211","targetHints":{"allow":["GET"]}}],"collection":[{"href":"https:\/\/tyditiao.com\/lv\/wp-json\/wp\/v2\/product"}],"about":[{"href":"https:\/\/tyditiao.com\/lv\/wp-json\/wp\/v2\/types\/product"}],"replies":[{"embeddable":true,"href":"https:\/\/tyditiao.com\/lv\/wp-json\/wp\/v2\/comments?post=14211"}],"wp:featuredmedia":[{"embeddable":true,"href":"https:\/\/tyditiao.com\/lv\/wp-json\/wp\/v2\/media\/10331"}],"wp:attachment":[{"href":"https:\/\/tyditiao.com\/lv\/wp-json\/wp\/v2\/media?parent=14211"}],"wp:term":[{"taxonomy":"product_brand","embeddable":true,"href":"https:\/\/tyditiao.com\/lv\/wp-json\/wp\/v2\/product_brand?post=14211"},{"taxonomy":"product_cat","embeddable":true,"href":"https:\/\/tyditiao.com\/lv\/wp-json\/wp\/v2\/product_cat?post=14211"},{"taxonomy":"product_tag","embeddable":true,"href":"https:\/\/tyditiao.com\/lv\/wp-json\/wp\/v2\/product_tag?post=14211"},{"taxonomy":"woo-feed-brand","embeddable":true,"href":"https:\/\/tyditiao.com\/lv\/wp-json\/wp\/v2\/woo-feed-brand?post=14211"}],"curies":[{"name":"wp","href":"https:\/\/api.w.org\/{rel}","templated":true}]}}