{"id":14248,"date":"2022-06-13T04:05:41","date_gmt":"2022-06-13T02:05:41","guid":{"rendered":"http:\/\/tyditiao.com\/product\/vacijas-militara-kivere-iiia-klases-karavira-kivere-ballistiska-taktiska-atra-kivere-zala\/"},"modified":"2026-03-14T23:16:54","modified_gmt":"2026-03-14T21:16:54","slug":"atrs-lozu-necaurlaidigs-stures-tactical-kevlar-nijiiia-green","status":"publish","type":"product","link":"https:\/\/tyditiao.com\/lv\/product\/atrs-lozu-necaurlaidigs-stures-tactical-kevlar-nijiiia-green\/","title":{"rendered":"V\u0101cijas milit\u0101r\u0101 \u0137ivere, IIIA klases karav\u012bra \u0137ivere, ballistisk\u0101 taktisk\u0101 \u0101tr\u0101 \u0137ivere, za\u013ca"},"content":{"rendered":"<p><strong>Aizsardz\u012bbas klase:<\/strong><\/p>\n<p>\u0160\u012b lo\u017eu necaurlaid\u012bg\u0101 \u0137ivere ir NIJ IIIA l\u012bme\u0146a lo\u017eu necaurlaid\u012bga \u0137ivere saska\u0146\u0101 ar NIJ 0101.06 standartu, un var nodro\u0161in\u0101t atbilsto\u0161o testa zi\u0146ojumu.<\/p>\n<hr \/>\n<p><strong>Aizsardz\u012bbas \u0161\u0101vi\u0146a parametri:<\/strong><\/p>\n<p>.44 Mag SJHP<br \/>\n.357 SIG FMJ FN<br \/>\n9\u00a0mm FMJ\u00a0RN<br \/>\n.357 Mag JSP<br \/>\n.40 S&amp;W FMJ<\/p>\n<p>Nodro\u0161ina ar\u012b aizsardz\u012bbu pret liel\u0101ko da\u013cu iero\u010du draudu, k\u0101 ar\u012b IIA un II klases draudiem<\/p>\n<hr \/>\n<p><strong>Lo\u017eu necaurlaid\u012bg\u0101s \u0137iveres parametri:<\/strong><\/p>\n<p>Nosaukums: NIJ lllA FAST lo\u017eu necaurlaid\u012bga \u0137ivere<\/p>\n<p>Materi\u0101ls: Augstas stiepes Kevlar-DuPont aram\u012bda \u0161\u0137iedra<br \/>\nGalvas apk\u0101rtm\u0113rs: 52-64 cm<br \/>\nIzv\u0113les piederumi: lo\u017eu necaurlaid\u012bga maska utt.<br \/>\n\u0136iveres kr\u0101sa: za\u013ca<br \/>\nMICH ir \u0137ivere, kas aptur pistoles patronas un nodro\u0161ina dro\u0161u aizsardz\u012bbu pret gru\u017eiem un kr\u012bto\u0161iem gru\u017eiem.<br \/>\nsamazin\u0101s aizsardz\u012bbu.<\/p>\n<hr \/>\n<p><strong>&#8220;Person\u0101m:<\/strong><\/p>\n<p>Ballistisk\u0101 \u0137ivere NIJ lllA Kevlar FAST ir izstr\u0101d\u0101ta, lai c\u012bn\u012btos pret iero\u010du un \u0161rapne\u013cu rad\u012btajiem draudiem, un tai ir stingr\u0101ki stiprin\u0101jumi, kas nodro\u0161ina viegl\u0101ku un \u0113rt\u0101ku piegul\u0161anu. \u0160\u012b \u0137ivere ir piem\u0113rota visu veidu lietot\u0101jiem. T\u0101du a\u0123ent\u016bru k\u0101 milit\u0101rpersonas, policija, SWAT, iek\u0161\u0113j\u0101s dro\u0161\u012bbas, muitas un robe\u017esardzes darbinieki var tikt apr\u012bkoti ar uzlabot\u0101m kaujas sp\u0113j\u0101m. T\u0101 ir ar\u012b laba izv\u0113le m\u0101jas aizsardz\u012bbai un cosplay.<\/p>\n<hr \/>\n<p><strong>FAST milit\u0101r\u0101s taktisk\u0101s ballistisk\u0101s \u0137iveres funkcijas:<\/strong><\/p>\n<p>Sal\u012bdzinot ar parastaj\u0101m milit\u0101raj\u0101m \u0137iver\u0113m, FAST \u0137ivere ir par 25% viegl\u0101ka. Pateicoties \u0137iveres piekares sist\u0113mai, lietot\u0101ji var viegli piel\u0101got \u0137iveres piem\u0113rot\u012bbu vai bl\u012bvumu optim\u0101lam komfortam. FAST \u0137ivere ir apr\u012bkota ar ARC slied\u0113m kreisaj\u0101 un labaj\u0101 pus\u0113 t\u0101du piederumu k\u0101 luktur\u012b\u0161u, troksni sl\u0101p\u0113jo\u0161u austi\u0146u un sakaru apr\u012bkojuma, k\u0101 ar\u012b nakts redzam\u012bbas vai video ierakst\u012b\u0161anas apr\u012bkojuma uzst\u0101d\u012b\u0161anai. Adapteri var uzst\u0101d\u012bt \u0137iveres centr\u0101 caur adapteri \u0160\u012b ir \u012bpa\u0161a c\u012b\u0146a, kas var pievienot liel\u0101ku taktisko priek\u0161roc\u012bbu. Turkl\u0101t modul\u0101r\u0101s konstrukcijas d\u0113\u013c nelo\u017eu necaurlaid\u012bg\u0101s FAST \u0137iveres civilo versiju izmanto ne tikai milit\u0101rpersonas un policija, bet ar\u012b \u0101ra sportisti un lauku darbinieki, piem\u0113ram, \u017eurn\u0101listi un gl\u0101b\u0113ji, to labpr\u0101t pie\u0146em. Turkl\u0101t modul\u0101r\u0101s konstrukcijas d\u0113\u013c nelo\u017eu necaurlaid\u012bg\u0101s FAST \u0137iveres civilo versiju izmanto ne tikai milit\u0101rpersonas un policija, bet ar\u012b \u0101ra sportisti un lauku darbinieki, piem\u0113ram, \u017eurn\u0101listi un gl\u0101b\u0113ji, to labpr\u0101t pie\u0146em.<\/p>\n<hr \/>\n<p><strong>Vai FAST milit\u0101r\u0101s taktisk\u0101s ballistisk\u0101s \u0137iveres nodro\u0161ina labu aizsardz\u012bbu un k\u0101p\u0113c t\u0101s ir popul\u0101ras?<\/strong><\/p>\n<p>Ir divi iemesli: pirmk\u0101rt, tehnolo\u0123iju att\u012bst\u012bba ir padar\u012bjusi atsevi\u0161\u0137us karav\u012brus arvien vair\u0101k tehnisk\u0101 apr\u012bkojuma, kas prasa platformu tehnisko piederumu iekrau\u0161anai, un n\u0101c\u0101s upur\u0113t aizsardz\u012bbu, lai izv\u0113l\u0113tos;<br \/>\nOtrk\u0101rt, FAST lietot\u0101ji galvenok\u0101rt ir specvien\u012bbas, un speci\u0101lie sp\u0113ki vienk\u0101r\u0161i atsak\u0101s no k\u0101das aizsardz\u012bbas kaujas distanc\u0113, p\u0101rnesam\u012bba un tehniskais apr\u012bkojums platform\u0101 k\u013c\u016bst par izdz\u012bvo\u0161anas l\u012bmeni, pat praktisk\u0101 pielietojum\u0101, parasti tikai \u0101traj\u0101m \u0137iver\u0113m, tie nav vair\u0101ku vien\u012bbu elementi uz t\u0101, tikai p\u0101rn\u0113s\u0101\u0161anai.<\/p>\n<p>FAST nepa\u013caujas uz stingru aizsardz\u012bbu Nepietiek ar ausu kausiem ab\u0101s pus\u0113s. Galvenok\u0101rt person\u0101la \u0113rt\u012bbai, kas valk\u0101 austi\u0146as un papildu piederumus Vieglas taktisk\u0101s \u0137iveres da\u013c\u0113ji atsak\u0101s no aizsardz\u012bbas, sniedz liel\u0101kus ieguvumus c\u012b\u0146\u0101.<\/p>\n<p>FAST \u0137iveres tiek pla\u0161i izmantotas daudz\u0101s valst\u012bs, un daudz\u0101s valst\u012bs \u0137iveres dizains ir \u013coti l\u012bdz\u012bgs ASV FAST \u0137iver\u0113m, piem\u0113ram, krievu, fran\u010du un britu \u0137iveres ir izstr\u0101d\u0101tas saska\u0146\u0101 ar FAST \u0137iver\u0113m, lai gan t\u0101s laika gait\u0101 att\u012bst\u012bsies. \u0160\u012bs \u0137iveres ar\u012b nemit\u012bgi main\u0101s, bet joproj\u0101m izskat\u0101s \u013coti l\u012bdz\u012bgas FAST \u0137iver\u0113m ac\u012bmredzamu iemeslu d\u0113\u013c, kas efekt\u012bvi aizsarg\u0101 galvu un pagarina karav\u012bra m\u016b\u017eu.<\/p>\n<hr \/>\n<p><strong>\u0100TRA milit\u0101r\u0101s taktisk\u0101s ballistisk\u0101s \u0137iveres cena?<\/strong><\/p>\n<p>\u0160is ir m\u016bsu taktisko dro\u0161\u012bbas \u0137iveres veikals, l\u016bdzu, ieg\u0101d\u0101jieties tie\u0161i no m\u016bsu vietnes, j\u016bs varat sa\u0146emt 15% atlaidi no s\u0101kotn\u0113j\u0101s cenas<\/p>\n<p>Ja v\u0113laties ieg\u0101d\u0101ties m\u016bsu produktus vai jums ir k\u0101di jaut\u0101jumi par m\u016bsu produktiem, l\u016bdzu (<a href=\"https:\/\/tyditiao.com\/lv\/sazinaties\/\">sazinieties ar mums<\/a>) nekav\u0113joties, m\u0113s jums atbild\u0113sim 1 darba diena. Ja v\u0113laties pas\u016bt\u012bt vair\u0101k nek\u0101 5 lo\u017eu necaurlaid\u012bgas \u0137iveres vienlaikus, sa\u0146emsiet papildus atlaidi;<\/p>\n","protected":false},"excerpt":{"rendered":"<p>Izgatavots no augstas stipr\u012bbas DuPont Kevlar Aramid \u0161\u0137iedras, karstumiztur\u012bgs un nav viegli deform\u0113jams<\/p>\n<p>NIJ IIIA l\u012bmenis<\/p>\n<p>Galvas apk\u0101rtm\u0113ra regul\u0113\u0161anas sist\u0113ma var padar\u012bt \u0137iveri, lai sasniegtu ide\u0101lu valk\u0101\u0161anas efektu<\/p>\n<p>Galvas apk\u0101rtm\u0113ra regul\u0113\u0161anas sist\u0113ma \u013cauj regul\u0113t galvas apk\u0101rtm\u0113ru, nospie\u017eot pogu, lai sasniegtu ide\u0101lu \u0137iveres piegul\u0161anu<\/p>\n<p>Piere ir pastiprin\u0101ta ar elast\u012bg\u0101m siksn\u0101m asto\u0146k\u0101ju s\u0101nos (nakts redzam\u012bbas stat\u012bva apak\u0161\u0101), lai piestiprin\u0101tu spogu\u013cus, kameras, nakts redzam\u012bbas brilles un citas ier\u012bces<\/p>\n<p>Apr\u012bkots ar slied\u0113m, jaud\u012bg\u0101ks piederumu stiprin\u0101jums, var apr\u012bkot ar sp\u0113c\u012bgu gaismas sist\u0113mu un b\u0101kas identifik\u0101cijas gaism\u0101m, var apr\u012bkot ar\u012b ar dzirdes aizsardz\u012bbu<\/p>\n","protected":false},"featured_media":10312,"comment_status":"open","ping_status":"closed","template":"","meta":[],"product_brand":[],"product_cat":[820,719],"product_tag":[],"woo-feed-brand":[50],"class_list":{"0":"post-14248","1":"product","2":"type-product","3":"status-publish","4":"has-post-thumbnail","6":"product_cat-atri","7":"product_cat-lozu-necaurlaidiga-kivere","8":"woo-feed-brand-tyditiao","10":"first","11":"instock","12":"sale","13":"shipping-taxable","14":"purchasable","15":"product-type-simple"},"_links":{"self":[{"href":"https:\/\/tyditiao.com\/lv\/wp-json\/wp\/v2\/product\/14248","targetHints":{"allow":["GET"]}}],"collection":[{"href":"https:\/\/tyditiao.com\/lv\/wp-json\/wp\/v2\/product"}],"about":[{"href":"https:\/\/tyditiao.com\/lv\/wp-json\/wp\/v2\/types\/product"}],"replies":[{"embeddable":true,"href":"https:\/\/tyditiao.com\/lv\/wp-json\/wp\/v2\/comments?post=14248"}],"wp:featuredmedia":[{"embeddable":true,"href":"https:\/\/tyditiao.com\/lv\/wp-json\/wp\/v2\/media\/10312"}],"wp:attachment":[{"href":"https:\/\/tyditiao.com\/lv\/wp-json\/wp\/v2\/media?parent=14248"}],"wp:term":[{"taxonomy":"product_brand","embeddable":true,"href":"https:\/\/tyditiao.com\/lv\/wp-json\/wp\/v2\/product_brand?post=14248"},{"taxonomy":"product_cat","embeddable":true,"href":"https:\/\/tyditiao.com\/lv\/wp-json\/wp\/v2\/product_cat?post=14248"},{"taxonomy":"product_tag","embeddable":true,"href":"https:\/\/tyditiao.com\/lv\/wp-json\/wp\/v2\/product_tag?post=14248"},{"taxonomy":"woo-feed-brand","embeddable":true,"href":"https:\/\/tyditiao.com\/lv\/wp-json\/wp\/v2\/woo-feed-brand?post=14248"}],"curies":[{"name":"wp","href":"https:\/\/api.w.org\/{rel}","templated":true}]}}