{"id":14271,"date":"2022-06-13T03:55:46","date_gmt":"2023-05-23T03:48:59","guid":{"rendered":"http:\/\/tyditiao.com\/product\/militara-kivere-iiia-taktiska-ballistiska-kivere-polijas-kevlar-kivere-zala\/"},"modified":"2026-03-14T23:16:57","modified_gmt":"2026-03-14T21:16:57","slug":"mich2000-bulletproof-helm-kevlar-level-3-green","status":"publish","type":"product","link":"https:\/\/tyditiao.com\/lv\/product\/mich2000-bulletproof-helm-kevlar-level-3-green\/","title":{"rendered":"Milit\u0101r\u0101 \u0137ivere, IIIA taktisk\u0101 ballistisk\u0101 \u0137ivere, Polijas Kevlar \u0137ivere, za\u013ca"},"content":{"rendered":"<p><strong>Aizsardz\u012bbas klase:<\/strong><\/p>\n<p>\u0160\u012b lo\u017eu necaurlaid\u012bg\u0101 \u0137ivere ir NIJ IIIA l\u012bme\u0146a lo\u017eu necaurlaid\u012bga \u0137ivere saska\u0146\u0101 ar NIJ 0101.06 standartu, un var nodro\u0161in\u0101t atbilsto\u0161o testa zi\u0146ojumu.<\/p>\n<p>\u0160is produkts tiek kvalific\u0113ts ar\u012b k\u0101 uzlabot\u0101 kaujas \u0137ivere (ECH), ja to lieto kop\u0101 ar aug\u0161\u0113jo bru\u0146u pl\u0101ksni patiesai \u0161autenes aizsardz\u012bbai.<\/p>\n<hr>\n<p><strong>Aizsardz\u012bbas \u0161\u0101vi\u0146a parametri:<\/strong><\/p>\n<p>.44 Mag SJHP<br \/>\n.357 SIG FMJ FN<br \/>\n9\u00a0mm FMJ\u00a0RN<br \/>\n.357 Mag JSP<br \/>\n.40 S&#038;W FMJ<\/p>\n<p>Nodro\u0161ina ar\u012b aizsardz\u012bbu pret liel\u0101ko da\u013cu iero\u010du draudu, k\u0101 ar\u012b IIA un II klases draudiem<\/p>\n<hr>\n<p><strong>Lo\u017eu necaurlaid\u012bg\u0101s \u0137iveres parametri:<\/strong><br \/>\nNosaukums: NIJ lllA MICH2000 lo\u017eu necaurlaid\u012bga \u0137ivere<\/p>\n<p>Materi\u0101ls: Augstas stiepes Kevlar-DuPont aram\u012bda \u0161\u0137iedra<br \/>\nNosl\u012bd\u0113jums p\u0113c \u0161\u0101vi\u0146a palai\u0161anas: &lt;20 mm<br \/>\nGalvas apk\u0101rtm\u0113rs: 52-60 cm<br \/>\nOdere: P\u0101rvietojama l\u0113ni atsitiena putu odere nodro\u0161ina \u0137iveres \u0113rtumu un nov\u0113r\u0161 nogurumu un p\u0101rkar\u0161anu.<br \/>\nIzv\u0113les piederumi: lo\u017eu necaurlaid\u012bga maska utt.<br \/>\n\u0136iveres kr\u0101sa: za\u013ca<br \/>\nMICH ir \u0137ivere, kas aptur pistoles patronas un nodro\u0161ina dro\u0161u aizsardz\u012bbu pret gru\u017eiem un kr\u012bto\u0161iem gru\u017eiem.<br \/>\nsamazin\u0101s aizsardz\u012bbu.<\/p>\n<hr>\n<p><strong>&#8220;Person\u0101m:<\/strong><br \/>\nNIJ lllA Kevlar MICH2000 ballistisk\u0101 \u0137ivere iztur pistoles un \u0161rapne\u013cu draudus ar liel\u0101ku piestiprin\u0101\u0161anas sp\u0113ju, lai nodro\u0161in\u0101tu viegl\u0101ku un \u0113rt\u0101ku piegul\u0161anu. \u0160\u012b \u0137ivere ir piem\u0113rota visu veidu lietot\u0101jiem. T\u0101du a\u0123ent\u016bru k\u0101 milit\u0101rpersonas, policija, SWAT, iek\u0161\u0113j\u0101s dro\u0161\u012bbas, muitas un robe\u017esardzes darbinieki var tikt apr\u012bkoti ar uzlabot\u0101m kaujas sp\u0113j\u0101m. T\u0101 ir ar\u012b laba izv\u0113le m\u0101jas aizsardz\u012bbai un cosplay.<\/p>\n<p>MICH ir \u0137ivere, kas aptur pistoles patronas un nodro\u0161ina dro\u0161u aizsardz\u012bbu pret gru\u017eiem un kr\u012bto\u0161iem gru\u017eiem. Mich ballistisk\u0101 \u0137ivere ne tikai nodro\u0161ina nepiecie\u0161amo visaptvero\u0161o aizsardz\u012bbu pret neasiem iero\u010diem, ballistikas un citiem draudiem, bet ar\u012b ir \u013coti modul\u0101ra un \u0113rta. \u0160is produkts ir ar\u012b kvalific\u0113ts k\u0101 uzlabot\u0101 kaujas \u0137ivere (ECH), ja to lieto kop\u0101 ar aug\u0161\u0113jo bru\u0146u pl\u0101ksni, lai nodro\u0161in\u0101tu patiesu \u0161autenes aizsardz\u012bbu. Zemais griezums nodro\u0161ina lab\u0101ku p\u0101rkl\u0101jumu ab\u0101s galvas pus\u0113s nek\u0101 \u0137iveres uz auss. \u0160\u012bm \u0137iver\u0113m ir ar\u012b ausu uzga\u013ci, lai novietotu austi\u0146as un citu sakaru apr\u012bkojumu.<\/p>\n<hr>\n<p><strong>Kas ir popul\u0101r\u0101ks, MICH2000 vai FAST taktisk\u0101 ballistisk\u0101 \u0137ivere?<\/strong><br \/>\nMICH2000 ir liel\u0101ka aizsargvirsma, kas ir izdev\u012bg\u0101k, ja nepl\u0101nojat uzst\u0101d\u012bt vair\u0101kus piederumus. Ja pl\u0101nojat izv\u0113l\u0113ties daudz ekip\u0113juma, piem\u0113ram (n\u0113s\u0101jot kabatas luktur\u012bti, troksni sl\u0101p\u0113jo\u0161as austi\u0146as un sakaru iek\u0101rtas, nakts redzam\u012bbas brilles vai video ierakst\u012b\u0161anas iek\u0101rtas u.c.), ieteicams izmantot FAST, jo tas neb\u016bs p\u0101r\u0101k. smags, lai rad\u012btu spiedienu uz kaklu, netie\u0161i ietekm\u0113jot aktivit\u0101\u0161u sp\u0113ju.<\/p>\n<hr>\n<p><strong>MICH2000 milit\u0101r\u0101s \u0137iveres cena<\/strong><br \/>\nP\u0113rciet m\u016bsu vietn\u0113 un ietaupiet 15% no cenas<\/p>\n<hr>\n<p>Ja v\u0113laties ieg\u0101d\u0101ties m\u016bsu produktus vai jums ir k\u0101di jaut\u0101jumi par m\u016bsu produktiem;<br \/>\nJa jums ir k\u0101das piel\u0101go\u0161anas vajadz\u012bbas;<br \/>\nL\u016bdzu (<a href=\"http:\/\/tyditiao.com\/en\/contact\/\">sazinieties ar mums<\/a>) nekav\u0113joties, m\u0113s jums atbild\u0113sim 1 darba dienas laik\u0101.<\/p>\n","protected":false},"excerpt":{"rendered":"<p>Laba kvalit\u0101te: Izgatavots no augstas kvalit\u0101tes DuPont Kevlar Aramid \u0161\u0137iedras, karstumiztur\u012bgs un nav viegli deform\u0113jams<\/p>\n<p>Labs ballistiskais sniegums: NIJ IIIA l\u012bmenis<\/p>\n<p>L\u0113nas formas atmi\u0146as putas: mitrumu uzs\u016bco\u0161s audums vieglai t\u012br\u012b\u0161anai, modul\u0101ri spilventi\u0146i, kurus var piel\u0101got gala lietot\u0101js<\/p>\n<p>\u017d\u0101v\u0113tu s\u0113piju sist\u0113ma: paz\u012bstama ar\u012b k\u0101 nakts redzam\u012bbas b\u0101ze, var apvienot ar pro\u017eektoriem, kamer\u0101m, nakts redzam\u012bbas ier\u012bc\u0113m un citu apr\u012bkojumu<\/p>\n<p>Kreisaj\u0101 un labaj\u0101 pus\u0113 ir dzelzce\u013ca grupas: var uzst\u0101d\u012bt ar sp\u0113c\u012bgu apgaismojuma sist\u0113mu, sign\u0101la ID gaismu, austi\u0146u aizsargp\u0101rkl\u0101jumu<\/p>\n","protected":false},"featured_media":11414,"comment_status":"open","ping_status":"closed","template":"","meta":[],"product_brand":[],"product_cat":[719,801],"product_tag":[],"woo-feed-brand":[50],"class_list":{"0":"post-14271","1":"product","2":"type-product","3":"status-publish","4":"has-post-thumbnail","6":"product_cat-lozu-necaurlaidiga-kivere","7":"product_cat-mich2000-lv","8":"woo-feed-brand-tyditiao","10":"first","11":"instock","12":"sale","13":"shipping-taxable","14":"purchasable","15":"product-type-simple"},"_links":{"self":[{"href":"https:\/\/tyditiao.com\/lv\/wp-json\/wp\/v2\/product\/14271","targetHints":{"allow":["GET"]}}],"collection":[{"href":"https:\/\/tyditiao.com\/lv\/wp-json\/wp\/v2\/product"}],"about":[{"href":"https:\/\/tyditiao.com\/lv\/wp-json\/wp\/v2\/types\/product"}],"replies":[{"embeddable":true,"href":"https:\/\/tyditiao.com\/lv\/wp-json\/wp\/v2\/comments?post=14271"}],"wp:featuredmedia":[{"embeddable":true,"href":"https:\/\/tyditiao.com\/lv\/wp-json\/wp\/v2\/media\/11414"}],"wp:attachment":[{"href":"https:\/\/tyditiao.com\/lv\/wp-json\/wp\/v2\/media?parent=14271"}],"wp:term":[{"taxonomy":"product_brand","embeddable":true,"href":"https:\/\/tyditiao.com\/lv\/wp-json\/wp\/v2\/product_brand?post=14271"},{"taxonomy":"product_cat","embeddable":true,"href":"https:\/\/tyditiao.com\/lv\/wp-json\/wp\/v2\/product_cat?post=14271"},{"taxonomy":"product_tag","embeddable":true,"href":"https:\/\/tyditiao.com\/lv\/wp-json\/wp\/v2\/product_tag?post=14271"},{"taxonomy":"woo-feed-brand","embeddable":true,"href":"https:\/\/tyditiao.com\/lv\/wp-json\/wp\/v2\/woo-feed-brand?post=14271"}],"curies":[{"name":"wp","href":"https:\/\/api.w.org\/{rel}","templated":true}]}}