{"id":14309,"date":"2022-06-13T03:50:24","date_gmt":"2022-06-13T01:50:24","guid":{"rendered":"http:\/\/tyditiao.com\/product\/iiia-klases-taktiskais-aprikojums-militara-lozu-necaurlaidiga-kivere-melna\/"},"modified":"2026-03-17T13:18:07","modified_gmt":"2026-03-17T11:18:07","slug":"mich2000-bulletproof-helm-kevlar-level-3-black","status":"publish","type":"product","link":"https:\/\/tyditiao.com\/lv\/product\/mich2000-bulletproof-helm-kevlar-level-3-black\/","title":{"rendered":"IIIA klases taktiskais apr\u012bkojums, milit\u0101r\u0101 lo\u017eu necaurlaid\u012bg\u0101 \u0137ivere, melna"},"content":{"rendered":"<p><strong>Aizsardz\u012bbas klase:<\/strong><br \/>\n\u0160\u012b lo\u017eu necaurlaid\u012bg\u0101 \u0137ivere ir NIJ IIIA l\u012bme\u0146a lo\u017eu necaurlaid\u012bga \u0137ivere saska\u0146\u0101 ar NIJ 0101.06 standartu, un var nodro\u0161in\u0101t atbilsto\u0161o testa zi\u0146ojumu.<\/p>\n<hr \/>\n<p><strong>Aizsardz\u012bbas \u0161\u0101vi\u0146a parametri:<\/strong><br \/>\n.44 Mag SJHP<br \/>\n.357 SIG FMJ FN<br \/>\n9\u00a0mm FMJ\u00a0RN<br \/>\n.357 Mag JSP<br \/>\n.40 S&amp;W FMJ<\/p>\n<p>Nodro\u0161ina ar\u012b aizsardz\u012bbu pret liel\u0101ko da\u013cu iero\u010du draudu, k\u0101 ar\u012b IIA un II klases draudiem<\/p>\n<hr \/>\n<p><strong>Lo\u017eu necaurlaid\u012bg\u0101s \u0137iveres parametri:<\/strong><br \/>\nNosaukums: NIJ lllA MICH2000 lo\u017eu necaurlaid\u012bga \u0137ivere<\/p>\n<p>Materi\u0101ls: Augstas stiepes Kevlar-DuPont aram\u012bda \u0161\u0137iedra<br \/>\nGalvas apk\u0101rtm\u0113rs: 52-60 cm<br \/>\nOdere: P\u0101rvietojama l\u0113ni atsitiena putu odere nodro\u0161ina \u0137iveres \u0113rtumu un nov\u0113r\u0161 nogurumu un p\u0101rkar\u0161anu.<br \/>\nIzv\u0113les piederumi: sk\u0101bek\u013ca maska, sejas vairogs, s\u0101nu vairogs, bru\u0146u s\u0101nu vairogs, vairogs, \u0137iveres p\u0101rsegs, lo\u017eu necaurlaid\u012bga maska utt.<br \/>\n\u0136iveres kr\u0101sa: melna<br \/>\nMICH ir \u0137ivere, kas aptur pistoles patronas un nodro\u0161ina dro\u0161u aizsardz\u012bbu pret gru\u017eiem un kr\u012bto\u0161iem gru\u017eiem.<br \/>\nsamazin\u0101s aizsardz\u012bbu.<\/p>\n<hr \/>\n<p><strong>&#8220;Person\u0101m:<\/strong><br \/>\nNIJ lllA Kevlar MICH2000 ballistisk\u0101 \u0137ivere iztur pistoles un \u0161rapne\u013cu draudus ar liel\u0101ku piestiprin\u0101\u0161anas sp\u0113ju, lai nodro\u0161in\u0101tu viegl\u0101ku un \u0113rt\u0101ku piegul\u0161anu. \u0160\u012b \u0137ivere ir piem\u0113rota visu veidu lietot\u0101jiem. T\u0101du a\u0123ent\u016bru k\u0101 milit\u0101rpersonas, policija, SWAT, iek\u0161\u0113j\u0101s dro\u0161\u012bbas, muitas un robe\u017esardzes darbinieki var tikt apr\u012bkoti ar uzlabot\u0101m kaujas sp\u0113j\u0101m. T\u0101 ir ar\u012b laba izv\u0113le m\u0101jas aizsardz\u012bbai un cosplay.<\/p>\n<hr \/>\n<p><strong>Kas ir MICH2000 Kevlar milit\u0101r\u0101 \u0137ivere?<\/strong><br \/>\nModul\u0101r\u0101 integr\u0113t\u0101 sakaru \u0137ivere (MICH) ir amerik\u0101\u0146u kaujas \u0137ivere un viena no vair\u0101k\u0101m \u0137iver\u0113m, ko izmanto ASV milit\u0101rpersonas. To izstr\u0101d\u0101ja ASV armijas karav\u012bru sist\u0113mu sist\u0113mu centrs k\u0101 n\u0101kam\u0101s paaudzes aizsarg\u0137iveri, ko izmanto ASV milit\u0101rpersonas. Galvenais MICH izstr\u0101des iemesls bija aizsarg\u0101jo\u0161o, bet smago PASGT nomai\u0146a, jo tie bija viegl\u0101ki, \u0113rt\u0101ki, lab\u0101k iederas un bija viegl\u0101k uzst\u0101d\u0101mi piederumi, \u012bpa\u0161i nakts redzam\u012bbas iek\u0101rtas un sakaru austi\u0146as. Nerada lieku stresu uz kakla. S\u0101kotn\u0113ji to izmantoja gandr\u012bz tikai SOCOM un da\u017eas cie\u0161i saist\u012btas vien\u012bbas. L\u012bdz \u0161im MICH un t\u0101 atvasin\u0101jumi Advanced Combat Helmet un Modified Combat Helmet ir piln\u012bb\u0101 aizst\u0101ju\u0161i PASGT akt\u012bvaj\u0101 ASV armijas dienest\u0101 un vismaz zin\u0101m\u0101 m\u0113r\u0101 tiek izmantoti vis\u0101s ASV armijas div\u012bzij\u0101s.<\/p>\n<hr \/>\n<p><strong>Kevlar \u0137iveres MICH2000 funkcijas:<\/strong><br \/>\nMICH svars ir aptuveni 1,6 kg. MICH ir ar\u012b nedaudz maz\u0101ks nek\u0101 PASGT, tam ir par 8% maz\u0101ks darb\u012bbas r\u0101diuss, taj\u0101 tiek izmantotas jaunas, uzlabotas Kevlar \u0161\u0137iedras, un tas pied\u0101v\u0101 lab\u0101ku pistoles un \u0161\u0101vi\u0146a aizsardz\u012bbu. Amortiz\u0101cijas sist\u0113ma un \u010detru punktu stiprin\u0101jumu sist\u0113ma, kas ir l\u012bdz\u012bga skritu\u013cd\u0113\u013cu, velosip\u0113du \u0137iveru un \u016bdens \u0137iveru aizsargiem un siksn\u0101m, aizst\u0101j neilona auklas piekares sist\u0113mu, sviedru lenti un zoda siksnu, kas atrodama PASGT \u0137iver\u0113s. \u0160\u012bs izmai\u0146as nodro\u0161ina lietot\u0101jam liel\u0101ku aizsardz\u012bbu pret triecieniem un komfortu. Tam ir priek\u0161\u0113jais stiprin\u0101juma kron\u0161teins nakts redzam\u012bbas brill\u0113m (piem\u0113ram, AN\/PVS-14 vai AN\/PVS-15), kas ir l\u012bdz\u012bgs PASGT \u0137iverei. Tam ir ar\u012b siksnu p\u0101ris aizmugur\u0113, lai piestiprin\u0101tu aizsargbrilles, k\u0101 ar\u012b auduma \u0137iveres p\u0101rvalks da\u017e\u0101dos mask\u0113\u0161an\u0101s rakstos. Pretstat\u0101 &#8220;izliektajam&#8221; kont\u016bram PASGT galvenok\u0101rt ir paredz\u0113ts uzacu no\u0146em\u0161anai un s\u0101nu pacel\u0161anai l\u012bdz &#8220;l\u012bdzenam&#8221; punktam apak\u0161\u0113j\u0101 mal\u0101 aiz deni\u0146iem. Tas nedaudz samazina svaru un nodro\u0161ina lab\u0101ku situ\u0101cijas izpratni un maz\u0101k \u0161\u0137\u0113r\u0161\u013cu lietot\u0101ja redzes lauk\u0101, \u012bpa\u0161i kombin\u0101cij\u0101 ar p\u0101rtv\u0113r\u0113ja lo\u017eu necaurlaid\u012bg\u0101m vest\u0113m. Karav\u012bri jau iepriek\u0161 ir s\u016bdz\u0113ju\u0161ies, ka augst\u0101 p\u0101rtveram\u0101 apkakle un divpunktu zoda siksna spie\u017e PASGT \u0137iveres aizmuguri uz priek\u0161u, un, m\u0113\u0123inot \u0161aut no gu\u013cus st\u0101vok\u013ca, \u0137iveres mala sl\u012bd gar vi\u0146u ac\u012bm, kas MICH gad\u012bjum\u0101 ir. sa\u0161aurin\u0101ta kont\u016brveida un \u010detru punktu zoda siksna.<\/p>\n<hr \/>\n<p><strong>Kas ir popul\u0101r\u0101ks, MICH2000 vai FAST taktisk\u0101 ballistisk\u0101 \u0137ivere?<\/strong><br \/>\nMICH2000 ir liel\u0101ka aizsargvirsma, kas ir izdev\u012bg\u0101k, ja nepl\u0101nojat uzst\u0101d\u012bt daudzus piederumus. Ja pl\u0101nojat izv\u0113l\u0113ties daudz apr\u012bkojuma, piem\u0113ram, (valk\u0101jot luktur\u012bti, trok\u0161\u0146us sl\u0101p\u0113jo\u0161as austi\u0146as un sakaru iek\u0101rtas, nakts redzam\u012bbas brilles vai video aparat\u016bru u.c.), ieteicams izv\u0113l\u0113ties \u0100TRI, jo tas neb\u016bs p\u0101r\u0101k smags. , tas rad\u012bs spiedienu uz kaklu, kas netie\u0161i ietekm\u0113s aktivit\u0101tes sp\u0113jas.<\/p>\n<hr \/>\n<p><strong>MICH2000 milit\u0101r\u0101s \u0137iveres cena<\/strong><br \/>\n\u0160is ir m\u016bsu taktisko dro\u0161\u012bbas \u0137iveres veikals, l\u016bdzu, ieg\u0101d\u0101jieties tie\u0161i no m\u016bsu vietnes, j\u016bs varat sa\u0146emt 15% atlaidi no s\u0101kotn\u0113j\u0101s cenas<\/p>\n<hr \/>\n<p>Ja v\u0113laties ieg\u0101d\u0101ties m\u016bsu produktus vai jums ir k\u0101di jaut\u0101jumi par m\u016bsu produktiem;<br \/>\nJa jums ir k\u0101das piel\u0101go\u0161anas vajadz\u012bbas;<br \/>\nL\u016bdzu (<a href=\"https:\/\/tyditiao.com\/lv\/sazinaties\/\">sazinieties ar mums<\/a>) nekav\u0113joties, m\u0113s jums atbild\u0113sim 1 darba dienas laik\u0101.<\/p>\n","protected":false},"excerpt":{"rendered":"<p>Izgatavots no augstas stipr\u012bbas DuPont Kevlar Aramid \u0161\u0137iedras, karstumiztur\u012bgs un nav viegli deform\u0113jams<\/p>\n<p>NIJ IIIA l\u012bmenis<\/p>\n<p>Galvas apk\u0101rtm\u0113ra regul\u0113\u0161anas sist\u0113ma var padar\u012bt \u0137iveri, lai sasniegtu ide\u0101lu valk\u0101\u0161anas efektu<\/p>\n<p>Piere ir pastiprin\u0101ta ar elast\u012bg\u0101m siksn\u0101m asto\u0146k\u0101ju s\u0101nos (nakts redzam\u012bbas stat\u012bva apak\u0161\u0101), lai piestiprin\u0101tu spogu\u013cus, kameras, nakts redzam\u012bbas brilles un citas ier\u012bces<\/p>\n<p>Apr\u012bkots ar slied\u0113m, jaud\u012bg\u0101ks piederumu stiprin\u0101jums, var apr\u012bkot ar sp\u0113c\u012bgu gaismas sist\u0113mu un b\u0101kas identifik\u0101cijas gaism\u0101m, var apr\u012bkot ar\u012b ar dzirdes aizsardz\u012bbu<\/p>\n","protected":false},"featured_media":11395,"comment_status":"open","ping_status":"closed","template":"","meta":[],"product_brand":[],"product_cat":[719,801],"product_tag":[],"woo-feed-brand":[50],"class_list":{"0":"post-14309","1":"product","2":"type-product","3":"status-publish","4":"has-post-thumbnail","6":"product_cat-lozu-necaurlaidiga-kivere","7":"product_cat-mich2000-lv","8":"woo-feed-brand-tyditiao","10":"first","11":"instock","12":"sale","13":"shipping-taxable","14":"purchasable","15":"product-type-simple"},"_links":{"self":[{"href":"https:\/\/tyditiao.com\/lv\/wp-json\/wp\/v2\/product\/14309","targetHints":{"allow":["GET"]}}],"collection":[{"href":"https:\/\/tyditiao.com\/lv\/wp-json\/wp\/v2\/product"}],"about":[{"href":"https:\/\/tyditiao.com\/lv\/wp-json\/wp\/v2\/types\/product"}],"replies":[{"embeddable":true,"href":"https:\/\/tyditiao.com\/lv\/wp-json\/wp\/v2\/comments?post=14309"}],"wp:featuredmedia":[{"embeddable":true,"href":"https:\/\/tyditiao.com\/lv\/wp-json\/wp\/v2\/media\/11395"}],"wp:attachment":[{"href":"https:\/\/tyditiao.com\/lv\/wp-json\/wp\/v2\/media?parent=14309"}],"wp:term":[{"taxonomy":"product_brand","embeddable":true,"href":"https:\/\/tyditiao.com\/lv\/wp-json\/wp\/v2\/product_brand?post=14309"},{"taxonomy":"product_cat","embeddable":true,"href":"https:\/\/tyditiao.com\/lv\/wp-json\/wp\/v2\/product_cat?post=14309"},{"taxonomy":"product_tag","embeddable":true,"href":"https:\/\/tyditiao.com\/lv\/wp-json\/wp\/v2\/product_tag?post=14309"},{"taxonomy":"woo-feed-brand","embeddable":true,"href":"https:\/\/tyditiao.com\/lv\/wp-json\/wp\/v2\/woo-feed-brand?post=14309"}],"curies":[{"name":"wp","href":"https:\/\/api.w.org\/{rel}","templated":true}]}}