{"id":14332,"date":"2022-10-21T05:25:40","date_gmt":"2022-10-21T03:25:40","guid":{"rendered":"http:\/\/tyditiao.com\/product\/uhmwpe-nij-limenis-iiia-7-mm-05-kg-lozu-necaurlaidigs-kruskurvja-plaksne-250-x-300-mm\/"},"modified":"2026-01-25T18:30:58","modified_gmt":"2026-01-25T16:30:58","slug":"uhmwpe-nij-level-iiia-7mm-0-5kgn-brastplate-bulletproof-250x300mm","status":"publish","type":"product","link":"https:\/\/tyditiao.com\/lv\/product\/uhmwpe-nij-level-iiia-7mm-0-5kgn-brastplate-bulletproof-250x300mm\/","title":{"rendered":"UHMWPE, NIJ\u00a0l\u012bmenis IIIA, 7\u00a0MM, 0,5\u00a0KG, lo\u017eu necaurlaid\u012bgs kr\u016b\u0161kurvja pl\u0101ksne, 250\u00a0x\u00a0300\u00a0mm"},"content":{"rendered":"<p>Svars: 0,5KG<br \/>\nMateri\u0101ls: PE<br \/>\nBiezums: 7mm<br \/>\nAizsardz\u012bbas klase: NIJ IIIA l\u012bmenis (GA4)<\/p>\n<p>\u0100r\u0113jais sl\u0101nis: melns \u016bdensiztur\u012bgs poliestera audums;<br \/>\nIzm\u0113ri: 250\u00a0x\u00a0300\u00a0mm \/ 9,8\u00a0x11,8\u00a0collas<br \/>\nForma: trapecveida (trapecveida pl\u0101ksne ar nosl\u012bp\u0113tiem st\u016briem)<\/p>\n<p>Iepakojuma saraksts:<br \/>\n1 x trapecveida lo\u017eu necaurlaid\u012bga pl\u0101ksne.<\/p>\n<p>Pazi\u0146ojums:<br \/>\nAtstarojo\u0161\u0101 veste nav iek\u013cauta<\/p>\n<p>M\u0113r\u0137a lietot\u0101ji: Bru\u0146otie sp\u0113ki, SWAT, iek\u0161zemes dro\u0161\u012bba, muita un robe\u017esardze, imigr\u0101cijas kontrole un citi, kas saskaras ar iero\u010du draudiem, var b\u016bt apr\u012bkoti ar m\u016bsu produktiem. Cilv\u0113ki g\u016bst lab\u0101kus rezult\u0101tus un maz\u0101k upuru. Produkts ir ar\u012b lab\u0101k piem\u0113rots t\u0101d\u0101m situ\u0101cij\u0101m k\u0101 t\u0101lsatiksmes misijas vai t\u0101lsatiksmes misijas. T\u0101 ir ar\u012b laba izv\u0113le j\u016bsu \u0123imenes aizsardz\u012bbai<\/p>\n","protected":false},"excerpt":{"rendered":"<p>\u0160is oder\u0113jums ir izgatavots no t\u012bras PE \u0161\u0137iedras: priek\u0161roc\u012bba ir viegls svars un maz\u0101ka iesp\u0113ja p\u0113c cep\u0161anas g\u016bt sekund\u0101rus boj\u0101jumus. Kad l\u0101di\u0146\u0161 ir blo\u0137\u0113ts, tas ir iestr\u0101d\u0101ts asmen\u012b ar \u013coti zemu atsitiena iesp\u0113jam\u012bbu<\/p>\n<p>Pure PE lo\u017eu necaurlaid\u012bga pl\u0101ksne, NIJ IIIA pak\u0101pe: svars 0,5 kg, svina necaurlaid\u012bga, 54-tipa, 64-tipa pistole, 79-tipa lo\u017emet\u0113js<\/p>\n<p>Bufera sl\u0101nis: katr\u0101 lo\u017eu necaurlaid\u012bgaj\u0101 pl\u0101ksn\u0113 ir triecieniztur\u012bga EVA kokvilnas spilventi\u0146a sl\u0101nis, kas var efekt\u012bvi samazin\u0101t ietekmi uz cilv\u0113ka \u0137ermeni p\u0113c bombard\u0113\u0161anas.<\/p>\n<p>Dubult\u0101s arkas dizains: Meh\u0101nisk\u0101 gludin\u0101\u0161ana d\u0113\u013ca kreisaj\u0101 un labaj\u0101 pus\u0113 saska\u0146\u0101 ar ergonomikas principiem padara izliekt\u0101s malas perfekti piegu\u013co\u0161am \u0137ermenim<\/p>\n","protected":false},"featured_media":12098,"comment_status":"open","ping_status":"closed","template":"","meta":[],"product_brand":[],"product_cat":[884],"product_tag":[],"woo-feed-brand":[50],"class_list":{"0":"post-14332","1":"product","2":"type-product","3":"status-publish","4":"has-post-thumbnail","6":"product_cat-lozu-necaurlaidiga-krusu-plaksne","7":"woo-feed-brand-tyditiao","9":"first","10":"instock","11":"sale","12":"shipping-taxable","13":"purchasable","14":"product-type-simple"},"_links":{"self":[{"href":"https:\/\/tyditiao.com\/lv\/wp-json\/wp\/v2\/product\/14332","targetHints":{"allow":["GET"]}}],"collection":[{"href":"https:\/\/tyditiao.com\/lv\/wp-json\/wp\/v2\/product"}],"about":[{"href":"https:\/\/tyditiao.com\/lv\/wp-json\/wp\/v2\/types\/product"}],"replies":[{"embeddable":true,"href":"https:\/\/tyditiao.com\/lv\/wp-json\/wp\/v2\/comments?post=14332"}],"wp:featuredmedia":[{"embeddable":true,"href":"https:\/\/tyditiao.com\/lv\/wp-json\/wp\/v2\/media\/12098"}],"wp:attachment":[{"href":"https:\/\/tyditiao.com\/lv\/wp-json\/wp\/v2\/media?parent=14332"}],"wp:term":[{"taxonomy":"product_brand","embeddable":true,"href":"https:\/\/tyditiao.com\/lv\/wp-json\/wp\/v2\/product_brand?post=14332"},{"taxonomy":"product_cat","embeddable":true,"href":"https:\/\/tyditiao.com\/lv\/wp-json\/wp\/v2\/product_cat?post=14332"},{"taxonomy":"product_tag","embeddable":true,"href":"https:\/\/tyditiao.com\/lv\/wp-json\/wp\/v2\/product_tag?post=14332"},{"taxonomy":"woo-feed-brand","embeddable":true,"href":"https:\/\/tyditiao.com\/lv\/wp-json\/wp\/v2\/woo-feed-brand?post=14332"}],"curies":[{"name":"wp","href":"https:\/\/api.w.org\/{rel}","templated":true}]}}