{"id":16804,"date":"2025-04-17T11:28:35","date_gmt":"2025-04-17T09:28:35","guid":{"rendered":"https:\/\/tyditiao.com\/product\/ballistiska-kivere-ar-sejas-vairogu-un-zoda-aizsargu-tdtm-3-pilna-nij-iiia-aizsardziba-ideali-piemerota-ekstremaliem-taktiskajiem-apstakliem\/"},"modified":"2025-04-20T03:17:31","modified_gmt":"2025-04-20T01:17:31","slug":"ballistiska-kivere-ar-sejas-vairogu-un-zoda-aizsargu-tdtm-3-pilna-nij-iiia-aizsardziba-ideali-piemerota-ekstremaliem-taktiskajiem-apstakliem","status":"publish","type":"product","link":"https:\/\/tyditiao.com\/lv\/product\/ballistiska-kivere-ar-sejas-vairogu-un-zoda-aizsargu-tdtm-3-pilna-nij-iiia-aizsardziba-ideali-piemerota-ekstremaliem-taktiskajiem-apstakliem\/","title":{"rendered":"ballistisk\u0101 \u0137ivere ar sejas vairogu un zoda aizsargu, TDTM-3, pilna NIJ IIIA aizsardz\u012bba, ide\u0101li piem\u0113rota ekstrem\u0101liem taktiskajiem apst\u0101k\u013ciem"},"content":{"rendered":"<p>Augstas iztur\u012bbas lo\u017eu necaurlaid\u012bgs stikls: augstas kvalit\u0101tes lo\u017eu necaurlaid\u012bgs stikls nodro\u0161ina efekt\u012bvu j\u016bsu sejas aizsardz\u012bbu spr\u0101dziena vai trieciena gad\u012bjum\u0101, vienlaikus nodro\u0161inot lielisku redzam\u012bbu.<\/p>\n<p>Jaw Guard Module: modulis, kas \u012bpa\u0161i izstr\u0101d\u0101ts, lai aizsarg\u0101tu \u017eok\u013cu zonu, nodro\u0161inot papildu aizsardz\u012bbu zodam, aizsarg\u0101jot pret traum\u0101m taktisko oper\u0101ciju laik\u0101.<\/p>\n<p>\u0112rta regul\u0113\u0161anas sist\u0113ma: Apr\u012bkots ar regul\u0113jamu piekares sist\u0113mu un augsta bl\u012bvuma atmi\u0146as putu polster\u0113jumu, kas nodro\u0161ina amortiz\u0101ciju, uzs\u016bc mitrumu un sviedru, k\u0101 ar\u012b samazina nogurumu ilgsto\u0161as \u200b\u200blieto\u0161anas laik\u0101. Da\u017e\u0101du izm\u0113ru (S, M, L, XL) pieejam\u012bba garant\u0113 \u0113rtu piegul\u0161anos galvas formai. <\/p>\n<p>Mont\u0101\u017eas taktiskie piederumi: \u0137iverei ir vair\u0101ki stiprin\u0101juma punkti, kas \u013cauj \u0101tri uzst\u0101d\u012bt nakts redzam\u012bbas, sakaru iek\u0101rtas un citus taktiskos piederumus, kas atbilst specializ\u0113to kaujas oper\u0101ciju pras\u012bb\u0101m.<\/p>\n<p><strong>\u012apa\u0161as piez\u012bmes:<\/strong><\/p>\n<p>\u0160\u012b NIJ IIIA klases ballistisk\u0101 \u0137ivere nodro\u0161ina visaptvero\u0161u galvas aizsardz\u012bbu taktisko oper\u0101ciju laik\u0101. Tas bija \u012bpa\u0161i izstr\u0101d\u0101ts, lai nodro\u0161in\u0101tu karav\u012bru dro\u0161\u012bbu ekstrem\u0101los apst\u0101k\u013cos. Neatkar\u012bgi no t\u0101, vai tas ir lo\u017eu iztur\u012bgs stikls uz sejas vai lo\u017eu iztur\u012bgi modu\u013ci uz \u017eok\u013ca, tie nodro\u0161ina nep\u0101rsp\u0113jamu aizsardz\u012bbu pret \u0161rapne\u013ciem, lauskas un trieciena boj\u0101jumiem. P\u0101rdom\u0101tais dizains un komforta regul\u0113\u0161anas sist\u0113ma garant\u0113 maksim\u0101lu komfortu ilgsto\u0161as \u200b\u200bc\u012b\u0146as laik\u0101. Neatkar\u012bgi no t\u0101, vai tas notiek kaujas lauk\u0101, ties\u012bbaizsardz\u012bbas oper\u0101cij\u0101 vai apm\u0101c\u012bbu vid\u0113, m\u0113s varam sniegt jums stabilu atbalstu.    <\/p>\n<p>Ja nav \u012bpa\u0161as piez\u012bmes, noklus\u0113juma konfigur\u0101cija ir: L izm\u0113rs, kr\u0101sa za\u013ca. Papildus pied\u0101v\u0101jam pla\u0161u kr\u0101su (smil\u0161u\/melna\/za\u013ca\/MC kamufl\u0101\u017ea\/vilku br\u016bna) un izm\u0113ru (S, M, L, XL) kl\u0101stu. <\/p>\n<p>Neatkar\u012bgi no t\u0101, kur atrodaties, varat veikt pas\u016bt\u012bjumu tie\u0161i, izmantojot \u0161o saiti, un veikt pirkumu bez probl\u0113m\u0101m. Vienk\u0101r\u0161i pas\u016bt\u012bjuma piez\u012bm\u0113s nor\u0101diet nepiecie\u0161amo izm\u0113ru un kr\u0101su (piem\u0113ram: XL-melns), un j\u016bs sa\u0146emsiet savu sap\u0146u apr\u012bkojumu. M\u0113s neiekas\u0113sim papildu maksu par citu kr\u0101su un izm\u0113ru izv\u0113li.  <\/p>\n<hr>\n<p><strong>Attiec\u012bb\u0101 uz scen\u0101rijiem:<\/strong><\/p>\n<p>\u012apa\u0161o oper\u0101ciju sp\u0113ki<br \/>\nIzpilde augsta riska vid\u0113s<br \/>\nBr\u012bvdabas taktiskie sporta veidi un \u0161au\u0161anas treni\u0146i<br \/>\nGl\u0101b\u0161anas un nemieru kontroles misijas<\/p>\n<hr>\n<p><strong>Aizsardz\u012bbas \u0161\u0101vi\u0146a parametri:<\/strong><\/p>\n<p>.44 Mag SJHP<br \/>\n.357 SIG FMJ FN<br \/>\n9 mm FMJ RN<br \/>\n.357 Mag JSP<br \/>\n.40 S&amp;W FMJ<\/p>\n<p>Tas ar\u012b nodro\u0161ina aizsardz\u012bbu pret liel\u0101ko da\u013cu \u0161aujamiero\u010du apdraud\u0113jumu, k\u0101 ar\u012b IIA un II klases apdraud\u0113jumu.<\/p>\n<hr>\n<p><strong>parametrs:<\/strong><\/p>\n<p>\u0136iveres modelis: TDTM-3<br \/>\nMateri\u0101ls: \u0136ivere un mutes aizsargs ir izgatavoti no UHMWPE<br \/>\nSvars: apm\u0113ram 2,8 kg (lo\u017eu necaurlaid\u012bga \u0137ivere + lo\u017eu necaurlaid\u012bga maska \u200b\u200b+ mutes aizsargs)<br \/>\nIzm\u0113rs: S (53-59cm), M (53-59cm), L (56-59cm), L (58-62cm)<br \/>\nKr\u0101sa: melna\/za\u013ca\/MC Camo\/Wolf Brown<br \/>\nStrukt\u016bra: \u0136iveres \u0137erme\u0146a un sejas aizsargkomponenti (no\u0146emami)<br \/>\nAizsardz\u012bbas zona: \u0137iveres korpuss \u2265 0,125 mm, aizsargbrilles \u2265 0,025 m, piere \u2265 0,04 m<\/p>\n<p>&nbsp;<\/p>\n","protected":false},"excerpt":{"rendered":"<p>Visaptvero\u0161a aizsardz\u012bba: apvieno lo\u017eu iztur\u012bgu sejas aizsargu un \u017eok\u013cu aizsardz\u012bbas moduli, lai nodro\u0161in\u0101tu 360 gr\u0101du aizsardz\u012bbu visai galvai, nodro\u0161inot piln\u012bgu dro\u0161\u012bbu augsta riska vid\u0113s.<\/p>\n<p>Optimiz\u0113ts smaguma centrs, stabila piegul\u0113\u0161ana: prec\u012bzi izstr\u0101d\u0101ta \u0137iveres strukt\u016bra nodro\u0161ina racion\u0101lu smaguma centra sadal\u012bjumu, nov\u0113r\u0161ot triecienus skrienot vai lecot. Tas \u013cauj saglab\u0101t elast\u012bbu un br\u012bv\u012bbu, m\u0113r\u0137\u0113jot st\u0101vus, \u0161aujot, veicot taktiskos manevrus un citas darb\u012bbas. Kop\u0113jais svars ir samazin\u0101ts l\u012bdz maksim\u0101lajam iesp\u0113jamajam l\u012bmenim, vienlaikus saglab\u0101jot piln\u012bgu aizsardz\u012bbu.  <\/p>\n<p>NIJ IIIA aizsardz\u012bbas standarts: atbilst NIJ IIIA standartiem, efekt\u012bvi aizsarg\u0101jot pret zema vai vid\u0113ja apdraud\u0113juma uzbrukumiem, piem\u0113ram, pistoles lod\u0113m un \u0161rapne\u013ciem, uzlabojot taktisko dro\u0161\u012bbu.<\/p>\n","protected":false},"featured_media":16765,"comment_status":"open","ping_status":"closed","template":"","meta":[],"product_brand":[],"product_cat":[591,719],"product_tag":[],"woo-feed-brand":[50],"class_list":{"0":"post-16804","1":"product","2":"type-product","3":"status-publish","4":"has-post-thumbnail","6":"product_cat-ballistiska-maska","7":"product_cat-lozu-necaurlaidiga-kivere","8":"woo-feed-brand-tyditiao","10":"first","11":"instock","12":"sale","13":"shipping-taxable","14":"purchasable","15":"product-type-simple"},"_links":{"self":[{"href":"https:\/\/tyditiao.com\/lv\/wp-json\/wp\/v2\/product\/16804","targetHints":{"allow":["GET"]}}],"collection":[{"href":"https:\/\/tyditiao.com\/lv\/wp-json\/wp\/v2\/product"}],"about":[{"href":"https:\/\/tyditiao.com\/lv\/wp-json\/wp\/v2\/types\/product"}],"replies":[{"embeddable":true,"href":"https:\/\/tyditiao.com\/lv\/wp-json\/wp\/v2\/comments?post=16804"}],"wp:featuredmedia":[{"embeddable":true,"href":"https:\/\/tyditiao.com\/lv\/wp-json\/wp\/v2\/media\/16765"}],"wp:attachment":[{"href":"https:\/\/tyditiao.com\/lv\/wp-json\/wp\/v2\/media?parent=16804"}],"wp:term":[{"taxonomy":"product_brand","embeddable":true,"href":"https:\/\/tyditiao.com\/lv\/wp-json\/wp\/v2\/product_brand?post=16804"},{"taxonomy":"product_cat","embeddable":true,"href":"https:\/\/tyditiao.com\/lv\/wp-json\/wp\/v2\/product_cat?post=16804"},{"taxonomy":"product_tag","embeddable":true,"href":"https:\/\/tyditiao.com\/lv\/wp-json\/wp\/v2\/product_tag?post=16804"},{"taxonomy":"woo-feed-brand","embeddable":true,"href":"https:\/\/tyditiao.com\/lv\/wp-json\/wp\/v2\/woo-feed-brand?post=16804"}],"curies":[{"name":"wp","href":"https:\/\/api.w.org\/{rel}","templated":true}]}}