{"id":12872,"date":"2023-05-22T09:17:56","date_gmt":"2023-05-22T07:17:56","guid":{"rendered":"http:\/\/tyditiao.com\/dar\/"},"modified":"2025-01-05T04:43:35","modified_gmt":"2025-01-05T02:43:35","slug":"dar","status":"publish","type":"page","link":"https:\/\/tyditiao.com\/mt\/","title":{"rendered":"Dar"},"content":{"rendered":"\n<div class=\"wp-block-cover is-light\" style=\"min-height:240px;aspect-ratio:unset;\"><span aria-hidden=\"true\" class=\"wp-block-cover__background has-background-dim-20 has-background-dim\" style=\"background-color:#b7ad73\"><\/span><img loading=\"lazy\" decoding=\"async\" width=\"1401\" height=\"539\" class=\"wp-block-cover__image-background wp-image-1576\" alt=\"\" src=\"http:\/\/tyditiao.com\/wp-content\/uploads\/2022\/06\/2022-06-13_182159.png\" data-object-fit=\"cover\" srcset=\"https:\/\/tyditiao.com\/wp-content\/uploads\/2022\/06\/2022-06-13_182159.png 1401w, https:\/\/tyditiao.com\/wp-content\/uploads\/2022\/06\/2022-06-13_182159-600x231.png 600w, https:\/\/tyditiao.com\/wp-content\/uploads\/2022\/06\/2022-06-13_182159-300x115.png 300w, https:\/\/tyditiao.com\/wp-content\/uploads\/2022\/06\/2022-06-13_182159-1024x394.png 1024w, https:\/\/tyditiao.com\/wp-content\/uploads\/2022\/06\/2022-06-13_182159-768x295.png 768w, https:\/\/tyditiao.com\/wp-content\/uploads\/2022\/06\/2022-06-13_182159-1320x508.png 1320w\" sizes=\"auto, (max-width: 1401px) 100vw, 1401px\" \/><div class=\"wp-block-cover__inner-container is-layout-constrained wp-block-cover-is-layout-constrained\">\n<div class=\"wp-block-columns is-layout-flex wp-container-core-columns-is-layout-9d6595d7 wp-block-columns-is-layout-flex\">\n<div class=\"wp-block-column is-layout-flow wp-block-column-is-layout-flow\" style=\"flex-basis:25%\"><\/div>\n\n\n\n<div class=\"wp-block-column is-layout-flow wp-block-column-is-layout-flow\" style=\"flex-basis:50%\">\n<div style=\"height:20px\" aria-hidden=\"true\" class=\"wp-block-spacer\"><\/div>\n\n\n\n<p class=\"has-text-align-center custom-style has-text-color has-link-color has-large-font-size wp-elements-0ce0162a640a524a86fc94b181428edd\" style=\"color:#ffffff\">A\u0127na jispe\u010bjalizzaw fil-produzzjoni u l-bejg\u0127 ta &#8216;diversi stili ta&#8217; elmu ballistiku militari tattiku<\/p>\n<\/div>\n\n\n\n<div class=\"wp-block-column is-layout-flow wp-block-column-is-layout-flow\" style=\"flex-basis:25%\"><\/div>\n<\/div>\n<\/div><\/div>\n\n<div style=\"height:50px\" aria-hidden=\"true\" class=\"wp-block-spacer\"><\/div>\n\n<div class=\"wp-block-columns is-layout-flex wp-container-core-columns-is-layout-9d6595d7 wp-block-columns-is-layout-flex\">\n<div class=\"wp-block-column is-layout-flow wp-block-column-is-layout-flow\" style=\"flex-basis:10%\"><\/div>\n\n\n\n<div class=\"wp-block-column is-layout-flow wp-block-column-is-layout-flow\">\n<h2 class=\"wp-block-heading has-text-align-center\">ELMI BALLISTI\u010aI NBIG\u0126U<\/h2>\n\n\n\n<figure class=\"wp-block-gallery has-nested-images columns-4 is-cropped wp-block-gallery-1 is-layout-flex wp-block-gallery-is-layout-flex\">\n<figure class=\"wp-block-image size-medium\"><img decoding=\"async\" data-id=\"5154\" src=\"https:\/\/tyditiao.com\/wp-content\/uploads\/2022\/10\/&#x672A;&#x6807;&#x9898;-51-300x300.png\" alt=\"Vest tattika ballistiku fuq barra mg&#x127;ammar b'wiri ta 'pannell li ma jg&#x127;addix balal\" class=\"wp-image-5154\"\/><\/figure>\n\n\n<figure class=\"wp-block-image size-medium\"><img loading=\"lazy\" decoding=\"async\" width=\"300\" height=\"300\" data-id=\"1343\" src=\"http:\/\/tyditiao.com\/wp-content\/uploads\/2022\/06\/7-300x300.jpg\" alt=\"\" class=\"wp-image-1343\" srcset=\"https:\/\/tyditiao.com\/wp-content\/uploads\/2022\/06\/7-300x300.jpg 300w, https:\/\/tyditiao.com\/wp-content\/uploads\/2022\/06\/7-100x100.jpg 100w, https:\/\/tyditiao.com\/wp-content\/uploads\/2022\/06\/7-600x600.jpg 600w, https:\/\/tyditiao.com\/wp-content\/uploads\/2022\/06\/7-1024x1024.jpg 1024w, https:\/\/tyditiao.com\/wp-content\/uploads\/2022\/06\/7-150x150.jpg 150w, https:\/\/tyditiao.com\/wp-content\/uploads\/2022\/06\/7-768x768.jpg 768w, https:\/\/tyditiao.com\/wp-content\/uploads\/2022\/06\/7.jpg 1200w\" sizes=\"auto, (max-width: 300px) 100vw, 300px\" \/><\/figure>\n\n\n<figure class=\"wp-block-image size-medium\"><img decoding=\"async\" data-id=\"4955\" src=\"https:\/\/tyditiao.com\/wp-content\/uploads\/2022\/10\/&#x672A;&#x6807;&#x9898;-3-300x300.png\" alt=\"NIJ IIIA Maskra Ballistika Tattika Full Face - Skematika\" class=\"wp-image-4955\"\/><\/figure>\n\n\n<figure class=\"wp-block-image size-medium\"><img decoding=\"async\" data-id=\"5396\" src=\"https:\/\/tyditiao.com\/wp-content\/uploads\/2022\/10\/SICPE&#xFF0C;NIJ-Level-IV&#xFF0C;23MM&#xFF0C;2.5KG-300x300.png\" alt=\"SIC + PE&#xFF0C;NIJ Livell IV&#xFF0C;23MM&#xFF0C;2.5KG, breastplate bulletproof, 250X300MM\" class=\"wp-image-5396\"\/><\/figure><\/figure>\n\n\n\n<div style=\"height:50px\" aria-hidden=\"true\" class=\"wp-block-spacer\"><\/div>\n\n\n\n<h2 class=\"wp-block-heading has-text-align-center\">FAQ<\/h2>\n\n\n\n<div style=\"height:30px\" aria-hidden=\"true\" class=\"wp-block-spacer\"><\/div>\n\n\n\n<div class=\"wp-block-columns is-layout-flex wp-container-core-columns-is-layout-9d6595d7 wp-block-columns-is-layout-flex\">\n<div class=\"wp-block-column is-layout-flow wp-block-column-is-layout-flow\">\n<h6 class=\"wp-block-heading\">G\u0127andek fabbrika fi\u017cika?<\/h6>\n\n\n\n<p>Iva! G\u0127andna fabbrika fi\u017cika u ilna nipprovdu bl-ingrossa lill-bejjieg\u0127a tal-elmu Ewropej u Amerikani g\u0127al 6 snin. A\u0127na nibg\u0127atu tunnellati ta &#8216;elmi mad-dinja kollha kuljum, u dan huwa l-ma\u0127\u017cen tal-fabbrika tag\u0127na.  <\/p>\n<\/div>\n\n\n\n<div class=\"wp-block-column is-layout-flow wp-block-column-is-layout-flow\">\n<h6 class=\"wp-block-heading\">Hemm skont g\u0127ax-xiri dirett mill-fabbrika?<\/h6>\n\n\n\n<p>Naturalment, billi tordna direttament mill-websajt tal-fabbrika tag\u0127na, tista &#8216;tiffranka aktar minn 20% meta mqabbla mal-prezz tal-bejg\u0127 tan-negozjant, min\u0127abba li tiffranka direttament l-ispejje\u017c indiretti tieg\u0127ek. Fl-istess \u0127in, g\u0127andna l-\u0127sieb ukoll li nag\u0127tu profitti lill-konsumatur a\u0127\u0127ari biex jespandu n-negozju bl-imnut tag\u0127na. <\/p>\n<\/div>\n<\/div>\n\n\n\n<div class=\"wp-block-columns is-layout-flex wp-container-core-columns-is-layout-9d6595d7 wp-block-columns-is-layout-flex\">\n<div class=\"wp-block-column is-layout-flow wp-block-column-is-layout-flow\">\n<h6 class=\"wp-block-heading\">X&#8217;inhi l-ispi\u017ca tat-tba\u0127\u0127ir g\u0127al o\u0121\u0121ett? Kif malajr nista&#8217; niksibha?<\/h6>\n\n\n\n<p>It-tariffi tal-FedEx huma inklu\u017ci fil-prezzijiet kollha tal-elmu, sabiex ma jkollokx g\u0127alfejn t\u0127allas \u017cejda g\u0127at-tba\u0127\u0127ir. FEDEX Express jista &#8216;jikkonsenjalek l-elmu tieg\u0127ek fi \u017cmien 6-14-il jum ta&#8217; negozju u l-ispeditur lokali tieg\u0127ek ta&#8217; Fedex se j\u010bempelk hekk kif il-pakkett tieg\u0127ek jasal fil-belt tieg\u0127ek u jibg\u0127atu direttament lilek. <\/p>\n<\/div>\n\n\n\n<div class=\"wp-block-column is-layout-flow wp-block-column-is-layout-flow\">\n<h6 class=\"wp-block-heading\">Minn fejn tintbag\u0127at l-ordni u jien \u010bert li se nir\u010bieviha?<\/h6>\n\n\n\n<p>Trasport bil-ba\u0127ar mill-ma\u0127\u017cen tal-fabbrika tag\u0127na fi\u010b-\u010aina, bieg\u0127na numru kbir ta &#8216;elmi bulletproof lill-Istati Uniti, il-Polonja, il-\u0120ermanja, il-\u0120appun u \u0127afna pajji\u017ci o\u0127ra, u a\u0127na nibag\u0127tulek in-numru tat-tra\u010b\u010bar bil-posta wara li l-merkanzija tintbag\u0127at, tista&#8217; i\u010b\u010bekkja l-istatus tal-kunsinna fi kwalunkwe \u0127in.<\/p>\n<\/div>\n<\/div>\n\n\n\n<div class=\"wp-block-columns is-layout-flex wp-container-core-columns-is-layout-9d6595d7 wp-block-columns-is-layout-flex\">\n<div class=\"wp-block-column is-layout-flow wp-block-column-is-layout-flow\">\n<h6 class=\"wp-block-heading\">Kif tag\u0127mel ordni u kif t\u0127allas<\/h6>\n\n\n\n<p>A\u0127na na\u010b\u010bettaw biss \u0127las g\u0127al ordnijiet permezz ta&#8217; Paypal u Western Union\u3002Jekk g\u0127ad m&#8217;g\u0127andekx Paypal, jekk jog\u0127\u0121bok irre\u0121istra hawn www.paypal.com biex tixtri u t\u0127allas b&#8217;mod sigur permezz ta&#8217; Paypal\u3002Jekk tag\u0127\u017cel li t\u0127allas permezz ta&#8217; Western Union, jekk jog\u0127\u0121bok ikkuntattjana biex tikkonferma l-informazzjoni dwar il-\u0127las.<\/p>\n<\/div>\n\n\n\n<div class=\"wp-block-column is-layout-flow wp-block-column-is-layout-flow\">\n<h6 class=\"wp-block-heading\">G\u0127andi b\u017conn nixtri diversi elmi fl-istess \u0127in, nista &#8216;nikseb skont addizzjonali?<\/h6>\n\n\n\n<p>Naturalment, jekk g\u0127andek b\u017conn aktar minn 5 elmi g\u0127all-u\u017cu tieg\u0127ek jew il-bejjieg\u0127 bl-ingrossa lokali tieg\u0127ek, jekk jog\u0127\u0121bok ikkuntattjana direttament. Inti ser tir\u010bievi prezzijiet sa\u0127ansitra a\u0127jar mill-\u0127wienet attwali tag\u0127na online. Titlifhiex, g\u0127ax tiffranka spejje\u017c sinifikanti.  <\/p>\n<\/div>\n<\/div>\n\n\n\n<div style=\"height:50px\" aria-hidden=\"true\" class=\"wp-block-spacer\"><\/div>\n\n\n\n<h2 class=\"wp-block-heading has-text-align-center\">Tba\u0127\u0127ir \u0126ieles L-Oqsma Kollha<\/h2>\n\n\n\n<h4 class=\"wp-block-heading has-text-align-center\">\u017cona tal-kunsinna<\/h4>\n\n\n\n<p class=\"has-text-align-center\"><strong>Ewropa:<\/strong> Polonja, Litwanja, \u0120ermanja, Olanda, Ungerija, Renju Unit, Franza, Italja, Spanja, Awstrija, Bel\u0121ju, Lussemburgu, Irlanda, Bulgarija, Kroazja, Repubblika \u010aeka, Estonja, Finlandja, Latvja, Malta, Portugall, Rumanija, Slovakkja, Is-Slovenja, l-Isvezja, id-Danimarka, il-Gre\u010bja, l-Isvizzera, in-Norve\u0121ja, \u010aipru<\/p>\n\n\n\n<p class=\"has-text-align-center\"><strong>Asja: <\/strong>Tajwan, Macau, \u0126ong Kong, Singapor, Malasja, Tajlandja, Vjetnam, Filippini, I\u017crael, Turkija, Korea, \u0120appun, Bahrain, G\u0127arabja Sawdija, Libanu, Emirati G\u0127arab Mag\u0127quda<\/p>\n\n\n\n<p class=\"has-text-align-center\"><strong>Amerika ta &#8216;Fuq:<\/strong> Istati Uniti, Kanada, Messiku<\/p>\n\n\n\n<p class=\"has-text-align-center\"><strong>Amerika t&#8217;Isfel:<\/strong> Bra\u017cil, \u010aili, Kolombja<\/p>\n\n\n\n<p class=\"has-text-align-center\"><strong>O\u010beanja:<\/strong> Awstralja, New Zealand<\/p>\n\n\n\n<p class=\"has-text-align-center\"><strong>Afrika:<\/strong> Afrika t&#8217;Isfel<\/p>\n\n\n\n<p class=\"has-text-align-center\"><strong>Re\u0121jun \u0121did: <\/strong>l-Ukraina (m&#8217;hemm l-ebda servizz ta &#8216;kunsinna fi\u017c-\u017cona kkontestata u l-ordni se ti\u0121i kkan\u010bellata)<\/p>\n\n\n\n<h4 class=\"wp-block-heading has-text-align-center\">tba\u0127\u0127ir b&#8217;xejn<\/h4>\n\n\n\n<p class=\"has-text-align-center\">Sabiex tespandi d-daqs tas-suq tal-bejg\u0127 bl-imnut, nimplimentaw politika ta &#8216;tba\u0127\u0127ir b&#8217;xejn g\u0127all-pajji\u017ci u r-re\u0121juni kollha ta&#8217; hawn fuq, li jfisser li m&#8217;g\u0127andekx g\u0127alfejn t\u0127allas xi spejje\u017c tat-tba\u0127\u0127ir minbarra l-prezz tal-prodott innifsu.<\/p>\n\n\n\n<h4 class=\"wp-block-heading has-text-align-center\">\u0127in ta\u010b-\u010bomb tal-ordni<\/h4>\n\n\n\n<p class=\"has-text-align-center\"><strong>\u0126in tal-ippro\u010bessar tal-ordni:<\/strong> fi \u017cmien 1-6 ijiem ta &#8216;negozju wara li nir\u010bievu l-\u0127las (a\u0127na nibag\u0127tu n-numru tal-\u0121arr wara li ng\u0127addu l-konsenja lill-kumpanija tal-kurrier)<\/p>\n\n\n\n<p class=\"has-text-align-center\"><strong>\u0126in tat-tba\u0127\u0127ir Express: <\/strong>6-14-il jum tax-xog\u0127ol<\/p>\n\n\n\n<div style=\"height:50px\" aria-hidden=\"true\" class=\"wp-block-spacer\"><\/div>\n\n\n\n<h2 class=\"wp-block-heading has-text-align-center\">li t\u0127allas<\/h2>\n\n\n\n<h4 class=\"wp-block-heading has-text-align-center\">Metodi ta&#8217; \u0127las<\/h4>\n\n\n\n<p class=\"has-text-align-center\">\u017bur il-pa\u0121na ta &#8216;checkout biex t\u0127allas minn qabel permezz ta&#8217; PAYPAL jew t\u0127allas g\u0127all-ordni tieg\u0127ek permezz ta &#8216;Western Union.<\/p>\n\n\n\n<p class=\"has-text-align-center\"><strong>A. Mur fil-pa\u0121na ta &#8216;checkout u t\u0127allas minn qabel permezz ta&#8217; PAYPAL<\/strong><br\/>1. \u017bid il-prodott li tixtieq mal-karrettun tieg\u0127ek<br\/>2. Ikklikkja l-buttuna tal-karrettun fir-rokna ta &#8216;fuq tal-lemin biex tara u tikkonferma l-kwantit\u00e0 tal-prodott<br\/>3. Ikklikkja l-buttuna tal-ordni biex tid\u0127ol fil-pa\u0121na ta &#8216;checkout, ipprovdi l-indirizz tal-kunsinna, l-indirizz tal-email u informazzjoni o\u0127ra tieg\u0127ek<br\/>4. \u0126las l-ammont tal-ordni permezz ta &#8216;PayPal<br\/>5. Xiri komplut, stennija li l-merkanzija tin\u0121abar<\/p>\n\n\n\n<p class=\"has-text-align-center\"><strong>B. Western Union \u0127las g\u0127all-ordni tieg\u0127ek<\/strong><br\/>1. Il-komunikazzjoni permezz tal-posta elettronika te\u0127tie\u0121 informazzjoni b\u0127all-prodott u l-kwantit\u00e0 kif ukoll l-indirizz tal-\u0121bir<br\/>2. Ittrasferixxi biex t\u0127allas l-ammont tal-ordni<br\/>3. Xiri komplut, stennija li l-merkanzija tin\u0121abar<\/p>\n\n\n\n<h4 class=\"wp-block-heading has-text-align-center\">Appo\u0121\u0121 munita<\/h4>\n\n\n\n<p class=\"has-text-align-center\">A\u0127na na\u010b\u010bettaw kwalunkwe wa\u0127da mill-muniti li \u0121ejjin, sabiex inti tista &#8216;tag\u0127\u017cel il-munita li jaqbillek l-a\u0127jar meta t\u0127allas<\/p>\n\n\n\n<p class=\"has-text-align-center\">Dollaru \u0120did tat-Tajwan (NT$) &#8211; TWD<br\/>Zloty Pollakk (PLN) &#8211; PLN<br\/>Dollaru Amerikan (US) ($) &#8211; USD<br\/>Lira sterlina (\u00a3) &#8211; GBP<br\/>Ewro (\u20ac) &#8211; EUR<br\/>Yen \u0120appuni\u017c (\u00a5) &#8211; JPY<br\/>Dollaru Kanadi\u017c ($) &#8211; CAD<br\/>Koruna \u010aeka (K\u010d) &#8211; CZK<br\/>Peso Messikan ($) &#8211; MXN<\/p>\n\n\n\n<div style=\"height:50px\" aria-hidden=\"true\" class=\"wp-block-spacer\"><\/div>\n\n\n\n<h2 class=\"wp-block-heading has-text-align-center\">Politika ta &#8216;ritorn ta&#8217; 30 jum<\/h2>\n\n\n\n<h4 class=\"wp-block-heading has-text-align-center\">politika tar-ritorn<\/h4>\n\n\n\n<p class=\"has-text-align-center\">G\u0127andna politika ta &#8216;ritorn ta&#8217; 30 jum, li jfisser li tista &#8216;titlob ritorn fi \u017cmien 30 jum minn meta tir\u010bievi l-o\u0121\u0121ett tieg\u0127ek.<\/p>\n\n\n\n<p class=\"has-text-align-center\">Biex tkun eli\u0121ibbli g\u0127al ritorn, l-o\u0121\u0121ett irid ikun fl-istess kundizzjoni b\u0127all-o\u0121\u0121ett li r\u010bevejt, mhux milbus jew mhux u\u017cat, u fl-ippakkjar ori\u0121inali. Ikollok b\u017conn ukoll ir\u010bevuta jew prova tax-xiri. <\/p>\n\n\n\n<p class=\"has-text-align-center\">Biex tibda ritorn, tista &#8216;tikkuntattjana fuq <strong>tyditiao@gmail.com<\/strong>. Jekk ir-ritorn tieg\u0127ek ji\u0121i a\u010b\u010bettat, a\u0127na nibag\u0127tulek tikketta tar-ritorn bl-istruzzjonijiet dwar kif u fejn tibg\u0127at il-pakkett tieg\u0127ek. O\u0121\u0121etti rritornati lilna ming\u0127ajr talba minn qabel g\u0127ar-ritorn mhux se ji\u0121u a\u010b\u010bettati.  <\/p>\n\n\n\n<p class=\"has-text-align-center\">Tista&#8217; dejjem tikkuntattjana fuq <strong>tyditiao@gmail.com<\/strong> g\u0127al kwalunkwe kwistjoni ta&#8217; ritorn.<\/p>\n\n\n\n<h4 class=\"wp-block-heading has-text-align-center\">\u0127sara u problemi<\/h4>\n\n\n\n<p class=\"has-text-align-center\">Jekk jog\u0127\u0121bok i\u010b\u010bekkja l-ordni tieg\u0127ek wara li tir\u010bieviha, jekk l-o\u0121\u0121ett ikun bil-\u0127sara, difettu\u017c jew ir\u010bevejt l-o\u0121\u0121ett \u0127a\u017cin, jekk jog\u0127\u0121bok ikkuntattjana immedjatament (<a href=\"https:\/\/tyditiao.com\/mt\/kuntatt\/\">ikkuntattjana<\/a>) sabiex inkunu nistg\u0127u nsibu l-problema u nirran\u0121awha immedjatament.<\/p>\n\n\n\n<h4 class=\"wp-block-heading has-text-align-center\">skambju<\/h4>\n\n\n\n<p class=\"has-text-align-center\">L-e\u0127fef mod biex ti\u017cgura li tikseb dak li trid huwa li tirritorna l-o\u0121\u0121ett li di\u0121\u00e0 g\u0127andek, u ladarba r-ritorn tieg\u0127ek ji\u0121i a\u010b\u010bettat, tixtri l-o\u0121\u0121ett il-\u0121did separatament.<\/p>\n\n\n\n<h4 class=\"wp-block-heading has-text-align-center\">ritorn<\/h4>\n\n\n\n<p class=\"has-text-align-center\">A\u0127na ninnotifikawk ladarba r-ritorn tieg\u0127ek ikun \u0121ie ri\u010bevut u spezzjonat, u r-rifu\u017cjoni tieg\u0127ek ti\u0121i awtomatikament rimbor\u017cata g\u0127all-metodu ta &#8216;\u0127las ori\u0121inali tieg\u0127ek. Madankollu, jista&#8217; jie\u0127u xi \u017cmien biex il-bank tieg\u0127ek jew il-kumpanija tal-karta ta&#8217; kreditu tippro\u010bessa u to\u0127ro\u0121 chargeback. <\/p>\n<\/div>\n\n\n\n<div class=\"wp-block-column is-layout-flow wp-block-column-is-layout-flow\" style=\"flex-basis:10%\"><\/div>\n<\/div>\n\n<p><\/p>\n","protected":false},"excerpt":{"rendered":"<p>ELMI BALLISTI\u010aI NBIG\u0126U FAQ G\u0127andek fabbrika fi\u017cika? Iva! G\u0127andna fabbrika fi\u017cika u ilna nipprovdu bl-ingrossa lill-bejjieg\u0127a tal-elmu Ewropej u Amerikani&#8230;<\/p>\n","protected":false},"author":1,"featured_media":0,"parent":0,"menu_order":0,"comment_status":"closed","ping_status":"closed","template":"","meta":{"footnotes":""},"class_list":["post-12872","page","type-page","status-publish","hentry"],"_links":{"self":[{"href":"https:\/\/tyditiao.com\/mt\/wp-json\/wp\/v2\/pages\/12872","targetHints":{"allow":["GET"]}}],"collection":[{"href":"https:\/\/tyditiao.com\/mt\/wp-json\/wp\/v2\/pages"}],"about":[{"href":"https:\/\/tyditiao.com\/mt\/wp-json\/wp\/v2\/types\/page"}],"author":[{"embeddable":true,"href":"https:\/\/tyditiao.com\/mt\/wp-json\/wp\/v2\/users\/1"}],"replies":[{"embeddable":true,"href":"https:\/\/tyditiao.com\/mt\/wp-json\/wp\/v2\/comments?post=12872"}],"version-history":[{"count":2,"href":"https:\/\/tyditiao.com\/mt\/wp-json\/wp\/v2\/pages\/12872\/revisions"}],"predecessor-version":[{"id":16422,"href":"https:\/\/tyditiao.com\/mt\/wp-json\/wp\/v2\/pages\/12872\/revisions\/16422"}],"wp:attachment":[{"href":"https:\/\/tyditiao.com\/mt\/wp-json\/wp\/v2\/media?parent=12872"}],"curies":[{"name":"wp","href":"https:\/\/api.w.org\/{rel}","templated":true}]}}