{"id":12910,"date":"2023-05-22T09:24:01","date_gmt":"2023-05-22T07:24:01","guid":{"rendered":"http:\/\/tyditiao.com\/regoli-tal-privatezza\/"},"modified":"2023-05-22T09:24:01","modified_gmt":"2023-05-22T07:24:01","slug":"regoli-tal-privatezza","status":"publish","type":"page","link":"https:\/\/tyditiao.com\/mt\/regoli-tal-privatezza\/","title":{"rendered":"Regoli tal-privatezza"},"content":{"rendered":"<h2>Min a\u0127na<\/h2>\n<p>L-indirizz tal-websajt tag\u0127na huwa: http:\/\/tyditiao.com.<\/p>\n<h2>Kummenti<\/h2>\n<p>Meta l-vi\u017citaturi j\u0127allu kummenti fuq is-sit a\u0127na ni\u0121bru d-dejta murija fil-formola tal-kummenti, kif ukoll l-indirizz IP tal-vi\u017citatur u l-sekwenza tal-a\u0121ent tal-utent tal-browser biex ng\u0127inu l-iskoperta tal-ispam.<\/p>\n<p>String anonimizzat ma\u0127luqa mill-indirizz tal-email tieg\u0127ek (imsejja\u0127 ukoll hash) jista&#8217; ji\u0121i pprovdut lis-servizz Gravatar biex tara jekk qed tu\u017cah. Il-politika tal-privatezza tas-servizz Gravatar hija disponibbli hawn: https:\/\/automattic.com\/privacy\/. Wara l-approvazzjoni tal-kumment tieg\u0127ek, l-istampa tal-profil tieg\u0127ek hija vi\u017cibbli g\u0127all-pubbliku fil-kuntest tal-kumment tieg\u0127ek.<\/p>\n<h2>Midja<\/h2>\n<p>Jekk ittella&#8217; imma\u0121ini fuq il-websajt, g\u0127andek tevita li ttella&#8217; imma\u0121ini b&#8217;dejta tal-post inkorporata (EXIF GPS) inklu\u017ca. Vi\u017citaturi tal-websajt jistg\u0127u jni\u017c\u017clu u estratt kwalunkwe data dwar il-post minn imma\u0121ini fuq il-websajt.<\/p>\n<h2>Cookies<\/h2>\n<p>Jekk t\u0127alli kumment fuq is-sit tag\u0127na tista&#8217; tag\u0127\u017cel li tissejvja ismek, l-indirizz elettroniku u l-websajt fil-cookies. Dawn huma g\u0127all-konvenjenza tieg\u0127ek sabiex ma jkollokx g\u0127alfejn ter\u0121a\u2019 timla d-dettalji tieg\u0127ek meta t\u0127alli kumment ie\u0127or. Dawn il-cookies se jdumu g\u0127al sena.<\/p>\n<p>Jekk i\u017c\u017cur il-pa\u0121na tal-login tag\u0127na, a\u0127na nissettjaw cookie temporanja biex niddeterminaw jekk il-browser tieg\u0127ek ja\u010b\u010bettax cookies. Din il-cookie ma fiha l-ebda data personali u tintrema meta tag\u0127laq il-browser tieg\u0127ek.<\/p>\n<p>Meta tid\u0127ol, a\u0127na nistabbilixxu wkoll diversi cookies biex insalvaw l-informazzjoni tal-login tieg\u0127ek u l-g\u0127a\u017cliet tal-wiri tal-iskrin tieg\u0127ek. Il-cookies tal-login idumu jumejn, u l-cookies tal-g\u0127a\u017cliet tal-iskrin idumu g\u0127al sena. Jekk tag\u0127\u017cel &#8220;Ftakarni&#8221;, il-login tieg\u0127ek jippersisti g\u0127al \u0121img\u0127atejn. Jekk tilloggja mill-kont tieg\u0127ek, il-cookies tal-login jitne\u0127\u0127ew.<\/p>\n<p>Jekk teditja jew tippubblika artiklu, cookie addizzjonali ti\u0121i ssejvjata fil-browser tieg\u0127ek. Din il-cookie ma tinkludi l-ebda dejta personali u sempli\u010bement tindika l-ID tal-post tal-artiklu li g\u0127adek kif editjat. Tiskadi wara \u0121urnata.<\/p>\n<h2>Kontenut inkorporat minn websajts o\u0127ra<\/h2>\n<p>L-artikoli fuq dan is-sit jistg\u0127u jinkludu kontenut inkorporat (e\u017c. vidjows, stampi, artikoli, e\u010b\u010b.). Kontenut inkorporat minn websajts o\u0127ra j\u0121ib ru\u0127u e\u017catt bl-istess mod b\u0127allikieku l-vi\u017citatur ikun \u017car il-websajt l-o\u0127ra.<\/p>\n<p>Dawn il-websajts jistg\u0127u ji\u0121bru dejta dwarek, ju\u017caw cookies, ida\u0127\u0127lu tra\u010b\u010bar ta&#8217; partijiet terzi addizzjonali, u jimmonitorjaw l-interazzjoni tieg\u0127ek ma&#8217; dak il-kontenut inkorporat, inklu\u017c it-tra\u010b\u010bar tal-interazzjoni tieg\u0127ek mal-kontenut inkorporat jekk g\u0127andek kont u tkun illoggjat ma&#8217; dik il-websajt .<\/p>\n<h2>Ma\u2019 min naqsmu d-dejta tieg\u0127ek<\/h2>\n<p>Jekk titlob reset tal-password, l-indirizz IP tieg\u0127ek ji\u0121i inklu\u017c fl-email ta&#8217; reset.<\/p>\n<h2>Kemm in\u017commu d-dejta tieg\u0127ek<\/h2>\n<p>Jekk t\u0127alli kumment, il-kumment u l-metadata tieg\u0127u jin\u017cammu g\u0127al \u017cmien indefinit. Dan sabiex inkunu nistg\u0127u nirrikonoxxu u napprovaw kwalunkwe kumment ta&#8217; segwitu awtomatikament minflok ma n\u017commuhom fi kju ta&#8217; moderazzjoni.<\/p>\n<p>G\u0127all-utenti li jirre\u0121istraw fuq il-websajt tag\u0127na (jekk hemm), a\u0127na na\u0127\u017cnu wkoll l-informazzjoni personali li jipprovdu fil-profil tal-utent tag\u0127hom. L-utenti kollha jistg\u0127u jaraw, jeditjaw jew i\u0127assru l-informazzjoni personali tag\u0127hom fi kwalunkwe \u0127in (\u0127lief li ma jistg\u0127ux ibiddlu l-isem tal-utent tag\u0127hom). L-amministraturi tal-websajt jistg\u0127u wkoll jaraw u jeditjaw dik l-informazzjoni.<\/p>\n<h2>X&#8217;drittijiet g\u0127andek fuq id-dejta tieg\u0127ek<\/h2>\n<p>Jekk g\u0127andek kont fuq dan is-sit, jew \u0127allejt kummenti, tista&#8217; titlob li tir\u010bievi fajl esportat tad-dejta personali li n\u017commu dwarek, inklu\u017ca kwalunkwe dejta li pprovdtilna. Tista&#8217; wkoll titlob li n\u0127assru kwalunkwe data personali li n\u017commu dwarek. Dan ma jinkludi l-ebda data li a\u0127na obbligati li n\u017commu g\u0127al skopijiet amministrattivi, legali jew ta&#8217; sigurt\u00e0.<\/p>\n<h2>Fejn tintbag\u0127at id-dejta tieg\u0127ek<\/h2>\n<p>Il-kummenti tal-vi\u017citaturi jistg\u0127u ji\u0121u \u010b\u010bekkjati permezz ta&#8217; servizz awtomatizzat ta&#8217; skoperta ta&#8217; spam.<\/p>\n","protected":false},"excerpt":{"rendered":"<p>Min a\u0127na L-indirizz tal-websajt tag\u0127na huwa: http:\/\/tyditiao.com. Kummenti Meta l-vi\u017citaturi j\u0127allu kummenti fuq is-sit a\u0127na ni\u0121bru d-dejta murija fil-formola tal-kummenti,&#8230;<\/p>\n","protected":false},"author":1,"featured_media":0,"parent":0,"menu_order":0,"comment_status":"closed","ping_status":"open","template":"","meta":{"footnotes":""},"class_list":["post-12910","page","type-page","status-publish","hentry"],"_links":{"self":[{"href":"https:\/\/tyditiao.com\/mt\/wp-json\/wp\/v2\/pages\/12910","targetHints":{"allow":["GET"]}}],"collection":[{"href":"https:\/\/tyditiao.com\/mt\/wp-json\/wp\/v2\/pages"}],"about":[{"href":"https:\/\/tyditiao.com\/mt\/wp-json\/wp\/v2\/types\/page"}],"author":[{"embeddable":true,"href":"https:\/\/tyditiao.com\/mt\/wp-json\/wp\/v2\/users\/1"}],"replies":[{"embeddable":true,"href":"https:\/\/tyditiao.com\/mt\/wp-json\/wp\/v2\/comments?post=12910"}],"version-history":[{"count":1,"href":"https:\/\/tyditiao.com\/mt\/wp-json\/wp\/v2\/pages\/12910\/revisions"}],"predecessor-version":[{"id":12911,"href":"https:\/\/tyditiao.com\/mt\/wp-json\/wp\/v2\/pages\/12910\/revisions\/12911"}],"wp:attachment":[{"href":"https:\/\/tyditiao.com\/mt\/wp-json\/wp\/v2\/media?parent=12910"}],"curies":[{"name":"wp","href":"https:\/\/api.w.org\/{rel}","templated":true}]}}