{"id":13199,"date":"2022-10-12T08:35:45","date_gmt":"2022-10-12T06:35:45","guid":{"rendered":"http:\/\/tyditiao.com\/product\/maskra-ballistika-trasparenti-nij-iiia-li-tista-titnehha-ghall-elmi-blinji-fuq-iz-zewg-nahat\/"},"modified":"2026-01-26T09:38:45","modified_gmt":"2026-01-26T07:38:45","slug":"maskra-trasparent-proof-balal-nij-iiia-jitnehha-ghal-helmow-bil-binarji-fuq-zewg-nahat-wendy-fast-ecc","status":"publish","type":"product","link":"https:\/\/tyditiao.com\/mt\/product\/maskra-trasparent-proof-balal-nij-iiia-jitnehha-ghal-helmow-bil-binarji-fuq-zewg-nahat-wendy-fast-ecc\/","title":{"rendered":"Maskra ballistika trasparenti NIJ IIIA li tista &#8216;titne\u0127\u0127a g\u0127all-elmi b&#8217;linji fuq i\u017c-\u017cew\u0121 na\u0127at"},"content":{"rendered":"<p>Il-Maskra Ballistika Rimovibbli hija maskra ballistika \u0121dida tal-klassi IIIA li te\u0127el ma&#8217; elmu ballistiku.<\/p>\n<p>Dan il-prodott huwa adattat g\u0127all-elmi b&#8217;binarji fuq i\u017c-\u017cew\u0121 na\u0127at. Per e\u017cempju: WENDY, FAST, e\u010b\u010b.<\/p>\n<p>Klassi ta&#8217; protezzjoni: livell NIJ IIIA<\/p>\n<p>Pi\u017c: 1.50 kg (3.31 lb)<\/p>\n<p>Materjal: PC, PMMA, e\u010b\u010b.<\/p>\n<p>Daqs: 350mm (L) * 145mm (H)<\/p>\n<p>\u0126xuna tal-maskra: 22mm<\/p>\n<p>Lumino\u017cit\u00e0: 83.9%<\/p>\n<p>Validit\u00e0: 5 snin<\/p>\n<p>Jekk g\u0127andek b\u017conn elmu bulletproof, jekk jog\u0127\u0121bok mur fil-ma\u0127\u017cen tag\u0127na biex tixtrih. Grazzi!<\/p>\n<p>Dettalji tal-Ippakkjar: 1 * Protezzjoni tal-wi\u010b\u010b li ma jg\u0127addix balal (elmu mhux inklu\u017c)<\/p>\n","protected":false},"excerpt":{"rendered":"<p>Il-materjal ewlieni huwa mag\u0127mul minn PC ta &#8216;re\u017cina tal-polikarbonat trasparenti ta&#8217; kwalit\u00e0 g\u0127olja u kompost tat-tip sandwich tal-bord akriliku, b&#8217;definizzjoni g\u0127olja, ming\u0127ajr tixrid, effett tajjeb kontra l-balal<\/p>\n<p>Il-parentesi tal-maskra kontra l-balal hija mag\u0127mula minn azzar u materjali ta &#8216;sa\u0127\u0127a g\u0127olja, li jistg\u0127u ji\u0121u a\u0121\u0121ustati b&#8217;mod stabbli g\u0127al angoli differenti<\/p>\n<p>A\u0127na kkooperajna profondament mal-fornituri tal-lo\u0121istika u nistg\u0127u niggarantixxu l-kunsinna tal-merkanzija lejn kwa\u017ci kull pajji\u017c u re\u0121jun, u l-o\u0121\u0121etti kollha ordnati fuq il-websajt tal-fabbrika tag\u0127na huma \u0127ielsa mill-pusta\u0121\u0121<\/p>\n","protected":false},"featured_media":11720,"comment_status":"open","ping_status":"closed","template":"","meta":[],"product_brand":[],"product_cat":[595],"product_tag":[],"woo-feed-brand":[50],"class_list":{"0":"post-13199","1":"product","2":"type-product","3":"status-publish","4":"has-post-thumbnail","6":"product_cat-maskra-ballistika","7":"product_shipping_class-0-3-kg-mt","8":"woo-feed-brand-tyditiao","10":"first","11":"instock","12":"sale","13":"shipping-taxable","14":"purchasable","15":"product-type-simple"},"_links":{"self":[{"href":"https:\/\/tyditiao.com\/mt\/wp-json\/wp\/v2\/product\/13199","targetHints":{"allow":["GET"]}}],"collection":[{"href":"https:\/\/tyditiao.com\/mt\/wp-json\/wp\/v2\/product"}],"about":[{"href":"https:\/\/tyditiao.com\/mt\/wp-json\/wp\/v2\/types\/product"}],"replies":[{"embeddable":true,"href":"https:\/\/tyditiao.com\/mt\/wp-json\/wp\/v2\/comments?post=13199"}],"wp:featuredmedia":[{"embeddable":true,"href":"https:\/\/tyditiao.com\/mt\/wp-json\/wp\/v2\/media\/11720"}],"wp:attachment":[{"href":"https:\/\/tyditiao.com\/mt\/wp-json\/wp\/v2\/media?parent=13199"}],"wp:term":[{"taxonomy":"product_brand","embeddable":true,"href":"https:\/\/tyditiao.com\/mt\/wp-json\/wp\/v2\/product_brand?post=13199"},{"taxonomy":"product_cat","embeddable":true,"href":"https:\/\/tyditiao.com\/mt\/wp-json\/wp\/v2\/product_cat?post=13199"},{"taxonomy":"product_tag","embeddable":true,"href":"https:\/\/tyditiao.com\/mt\/wp-json\/wp\/v2\/product_tag?post=13199"},{"taxonomy":"woo-feed-brand","embeddable":true,"href":"https:\/\/tyditiao.com\/mt\/wp-json\/wp\/v2\/woo-feed-brand?post=13199"}],"curies":[{"name":"wp","href":"https:\/\/api.w.org\/{rel}","templated":true}]}}