{"id":13526,"date":"2023-03-05T03:22:19","date_gmt":"2023-05-22T14:01:36","guid":{"rendered":"http:\/\/tyditiao.com\/product\/elmu-ballistiku-mich2000-elmu-ballistiku-tattiku-3a-daqs-specjali-kulur-custom-link-dedikat-tax-xiri\/"},"modified":"2023-05-22T16:01:36","modified_gmt":"2023-05-22T14:01:36","slug":"mich2000-bulletproof-helmet-3a-tactic-ballistic-helmet-size-specjali-custom-color-dedikat-buy-link","status":"publish","type":"product","link":"https:\/\/tyditiao.com\/mt\/product\/mich2000-bulletproof-helmet-3a-tactic-ballistic-helmet-size-specjali-custom-color-dedikat-buy-link\/","title":{"rendered":"Elmu Ballistiku Mich2000, Elmu Ballistiku Tattiku 3A, Daqs Spe\u010bjali, Kulur Custom, Link Dedikat tax-Xiri"},"content":{"rendered":"<p><strong>Dwar id-daqs tal-elmu Mich2000:<\/strong>\u017bidna forom ta &#8216;produzzjoni \u017cg\u0127ar u kbar g\u0127al dan l-elmu ballistiku tattiku Mich 3A biex nil\u0127qu l-utenti bi b\u017connijiet differenti. Daqs M huwa daqs regolari u joqg\u0127od \u0127afna nies. Jekk ta\u0127seb li d-daqs \u017cg\u0127ir jista &#8216;jissodisfa a\u0127jar ir-rekwi\u017citi tieg\u0127ek jew id-drawwiet tal-ilbies, jekk jog\u0127\u0121bok ag\u0127\u017cel id-daqs \u017cg\u0127ir, inkella ag\u0127\u017cel id-daqs kbir.<\/p>\n<p><strong>Dwar il-kulur tal-elmu bulletproof Mich2000:<\/strong>Mich 3A elmu bulletproof tattiku, a\u0127na prin\u010bipalment jipprodu\u010bu tliet kuluri: iswed, kannella \u010bar u a\u0127dar. I\u017cda fl-istess \u0127in, g\u0127andna l-abbilt\u00e0 li nipprodu\u010bu kwalunkwe kulur jew mudelli varji ta &#8216;kamufla\u0121\u0121 spe\u010bifikati mill-klijenti, b\u0127al kamufla\u0121\u0121 tal-boskijiet, kamufla\u0121\u0121 tal-\u0121ungla, kamufla\u0121\u0121 tad-de\u017cert, kamufla\u0121\u0121 tal-ba\u0127ar u kamufla\u0121\u0121 urban, e\u010b\u010b Jekk qed tippjana li tordna aktar minn 10 elmi , jekk jog\u0127\u0121bok ikkuntattjana, int se tikseb dan is-servizz tal-kulur tad-dwana b&#8217;xejn, sempli\u010bement ibg\u0127atilna l-mudell tal-kulur li trid.<\/p>\n<p>Elmu MICH2000 elmu bulletproof: 0101.06 standard IIIA livell<\/p>\n<p>Materjal: Fibra ta &#8216;Aramid Kevlar-Dupont ta&#8217; Tena\u010bit\u00e0 G\u0127olja<\/p>\n<p>L-Elmu Ballistiku MICH2000 g\u0127andu wi\u010b\u010b protettiv akbar u disinn baxx li jkopri a\u0127jar il-\u0121nub tar-ras, li huwa sa\u0127ansitra aktar ta &#8216;benefi\u010b\u010bju jekk ma tippjanax li twa\u0127\u0127al \u0127afna a\u010b\u010bessorji.<\/p>\n<p>Is-sistema ta &#8216;twa\u0127\u0127il b&#8217;erba&#8217; punti tal-elmu ballistiku Mich2000 hija simili g\u0127all-protezzjoni u \u010b-\u010bineg misjuba fuq l-elmi tal-iskateboards u tar-roti.<\/p>\n","protected":false},"excerpt":{"rendered":"<p>Dwar id-daqs tal-elmu Mich2000:\u017bidna forom ta &#8216;produzzjoni \u017cg\u0127ar u kbar g\u0127al dan l-elmu ballistiku tattiku Mich 3A biex nil\u0127qu l-utenti&#8230;<\/p>\n","protected":false},"featured_media":9212,"comment_status":"open","ping_status":"closed","template":"","meta":[],"product_brand":[],"product_cat":[737,803],"product_tag":[],"woo-feed-brand":[],"class_list":{"0":"post-13526","1":"product","2":"type-product","3":"status-publish","4":"has-post-thumbnail","6":"product_cat-elmu-kontra-l-balal","7":"product_cat-mich2000-mt","9":"first","10":"instock","11":"sale","12":"shipping-taxable","13":"purchasable","14":"product-type-variable","15":"has-default-attributes"},"_links":{"self":[{"href":"https:\/\/tyditiao.com\/mt\/wp-json\/wp\/v2\/product\/13526","targetHints":{"allow":["GET"]}}],"collection":[{"href":"https:\/\/tyditiao.com\/mt\/wp-json\/wp\/v2\/product"}],"about":[{"href":"https:\/\/tyditiao.com\/mt\/wp-json\/wp\/v2\/types\/product"}],"replies":[{"embeddable":true,"href":"https:\/\/tyditiao.com\/mt\/wp-json\/wp\/v2\/comments?post=13526"}],"wp:featuredmedia":[{"embeddable":true,"href":"https:\/\/tyditiao.com\/mt\/wp-json\/wp\/v2\/media\/9212"}],"wp:attachment":[{"href":"https:\/\/tyditiao.com\/mt\/wp-json\/wp\/v2\/media?parent=13526"}],"wp:term":[{"taxonomy":"product_brand","embeddable":true,"href":"https:\/\/tyditiao.com\/mt\/wp-json\/wp\/v2\/product_brand?post=13526"},{"taxonomy":"product_cat","embeddable":true,"href":"https:\/\/tyditiao.com\/mt\/wp-json\/wp\/v2\/product_cat?post=13526"},{"taxonomy":"product_tag","embeddable":true,"href":"https:\/\/tyditiao.com\/mt\/wp-json\/wp\/v2\/product_tag?post=13526"},{"taxonomy":"woo-feed-brand","embeddable":true,"href":"https:\/\/tyditiao.com\/mt\/wp-json\/wp\/v2\/woo-feed-brand?post=13526"}],"curies":[{"name":"wp","href":"https:\/\/api.w.org\/{rel}","templated":true}]}}