{"id":13822,"date":"2023-03-05T03:08:59","date_gmt":"2023-05-22T14:13:44","guid":{"rendered":"http:\/\/tyditiao.com\/product\/habel-statiku-shih-kevlar-habel-tat-tixbit-tal-paraxut-habel-tas-sigurta-tan-nar-8-10-5mm-10m\/"},"modified":"2023-05-22T16:13:44","modified_gmt":"2023-05-22T14:13:44","slug":"habel-tal-umbrelel-elettrostatiku-shih-kevlar-tixbit-nar-sigurta-8-105-mm-10m","status":"publish","type":"product","link":"https:\/\/tyditiao.com\/mt\/product\/habel-tal-umbrelel-elettrostatiku-shih-kevlar-tixbit-nar-sigurta-8-105-mm-10m\/","title":{"rendered":"\u0126abel statiku s\u0127i\u0127 Kevlar, \u0127abel tat-tixbit tal-paraxut, \u0127abel tas-sigurt\u00e0 tan-nar, 8, 10.5mm (10m)"},"content":{"rendered":"<p>Jekk trid tixtri \u0127abel itwal, b\u0127al 50 metru, jekk jog\u0127\u0121bok tixtri 5 * 10 metri ta &#8216;\u0127abel, u mbag\u0127ad \u0127alli messa\u0121\u0121 lill-bejjieg\u0127 li g\u0127andek b\u017conn \u0127abel s\u0127i\u0127 ta&#8217; 50 metru.<\/p>\n<p><strong>Dwar il-karabiners:<\/strong>Jekk tixtri l-\u0127abel aktar minn 10 metri fit-tul, a\u0127na nag\u0127tuk \u017cew\u0121 carabiners kif immarkat fl-istampa. Tista &#8216;tinstallaha fuq i\u017c-\u017cew\u0121t itruf tal-\u0127abel, jew tista&#8217; t\u0127alliha wa\u0127edha u hija inklu\u017ca fil-pakkett. Ibg\u0127atilna linja u g\u0127arrafna d-de\u010bi\u017cjoni tieg\u0127ek<\/p>\n<p>Isem tal-Prodott: \u0126abel Statiku Kevlar s\u0127i\u0127<br \/>\nMaterjal: Kevlar<br \/>\nKulur: Kulur kif muri l-istampa<br \/>\nDijametru: 10.5mm, 8mm<br \/>\nPi\u017c nett (\u00b1 5%): 10.5mm (75g\/m) 8mm (43g\/m)<br \/>\nForza tal-\u0121bid: 10.5mm (40kN\/4000kg) 8mm (28kN\/2800kg)<br \/>\n\u010aertifikazzjoni: CE EN1891:1998<br \/>\nKaratteristi\u010bi: qawwa g\u0127olja, re\u017cistenza g\u0127at-temperatura g\u0127olja, toughness tajba, re\u017cistenza qawwija tad-dmug\u0127<br \/>\nMulti-funzjoni: tixbit, espansjoni, tifi tan-nar, xog\u0127ol mill-ajru, caving, mdendlin, e\u010b\u010b.<\/p>\n<p>Tfakkira ta\u2019 \u0127biberija: Meta ta\u0127dem jew tilg\u0127ab fl-g\u0127oli, jekk jog\u0127\u0121bok i\u010b\u010bekkja u \u017comm it-tag\u0127mir tieg\u0127ek biex tevita l-periklu kkaw\u017cat minn u\u017cu \u0127a\u017cin<\/p>\n","protected":false},"excerpt":{"rendered":"<p>Jekk trid tixtri \u0127abel itwal, b\u0127al 50 metru, jekk jog\u0127\u0121bok tixtri 5 * 10 metri ta &#8216;\u0127abel, u mbag\u0127ad \u0127alli&#8230;<\/p>\n","protected":false},"featured_media":12575,"comment_status":"open","ping_status":"closed","template":"","meta":[],"product_brand":[],"product_cat":[841],"product_tag":[],"woo-feed-brand":[],"class_list":{"0":"post-13822","1":"product","2":"type-product","3":"status-publish","4":"has-post-thumbnail","6":"product_cat-habel-tas-sigurta","8":"first","9":"instock","10":"shipping-taxable","11":"purchasable","12":"product-type-variable","13":"has-default-attributes"},"_links":{"self":[{"href":"https:\/\/tyditiao.com\/mt\/wp-json\/wp\/v2\/product\/13822","targetHints":{"allow":["GET"]}}],"collection":[{"href":"https:\/\/tyditiao.com\/mt\/wp-json\/wp\/v2\/product"}],"about":[{"href":"https:\/\/tyditiao.com\/mt\/wp-json\/wp\/v2\/types\/product"}],"replies":[{"embeddable":true,"href":"https:\/\/tyditiao.com\/mt\/wp-json\/wp\/v2\/comments?post=13822"}],"wp:featuredmedia":[{"embeddable":true,"href":"https:\/\/tyditiao.com\/mt\/wp-json\/wp\/v2\/media\/12575"}],"wp:attachment":[{"href":"https:\/\/tyditiao.com\/mt\/wp-json\/wp\/v2\/media?parent=13822"}],"wp:term":[{"taxonomy":"product_brand","embeddable":true,"href":"https:\/\/tyditiao.com\/mt\/wp-json\/wp\/v2\/product_brand?post=13822"},{"taxonomy":"product_cat","embeddable":true,"href":"https:\/\/tyditiao.com\/mt\/wp-json\/wp\/v2\/product_cat?post=13822"},{"taxonomy":"product_tag","embeddable":true,"href":"https:\/\/tyditiao.com\/mt\/wp-json\/wp\/v2\/product_tag?post=13822"},{"taxonomy":"woo-feed-brand","embeddable":true,"href":"https:\/\/tyditiao.com\/mt\/wp-json\/wp\/v2\/woo-feed-brand?post=13822"}],"curies":[{"name":"wp","href":"https:\/\/api.w.org\/{rel}","templated":true}]}}