{"id":13891,"date":"2023-03-05T02:51:52","date_gmt":"2023-05-22T14:19:48","guid":{"rendered":"http:\/\/tyditiao.com\/product\/aramid-gilda-ta-barra-najlon-qalba-ta-gewwa-habel-statiku-habel-tas-sigurta-tal-muntanji-fil-berah-6810-5-10m\/"},"modified":"2026-01-14T17:00:43","modified_gmt":"2026-01-14T15:00:43","slug":"kevlar-barra-scoranylon-qalba-statiku-habel-sigurta-barra-6810-5-10m","status":"publish","type":"product","link":"https:\/\/tyditiao.com\/mt\/product\/kevlar-barra-scoranylon-qalba-statiku-habel-sigurta-barra-6810-5-10m\/","title":{"rendered":"Aramid \u0121ilda ta &#8216;barra + najlon qalba ta&#8217; \u0121ewwa \u0127abel statiku \u0127abel tas-sigurt\u00e0 tal-muntanji fil-bera\u0127 6,8,10.5 (10m)"},"content":{"rendered":"<p>Jekk g\u0127andek b\u017conn tixtri \u0127abel itwal, b\u0127al 80 metru, jekk jog\u0127\u0121bok tixtri 8 * 10 metri ta &#8216;\u0127abel, u mbag\u0127ad \u0127alli messa\u0121\u0121 lill-bejjieg\u0127 li g\u0127andek b\u017conn \u0127abel s\u0127i\u0127 ta&#8217; 80 metru.<\/p>\n<p><strong>Dwar il-karabiners fi\u017c-\u017cew\u0121t itruf tal-\u0127abel statiku:<\/strong>Jekk it-tul tal-\u0127abel li xtrajt jaqbe\u017c l-10 metri, a\u0127na nag\u0127tuk \u017cew\u0121 carabiners immarkati fl-istampa. Tista &#8216;tag\u0127\u017cel li twa\u0127\u0127alha fuq i\u017c-\u017cew\u0121t itruf tal-\u0127abel, jew m&#8217;g\u0127andekx b\u017conn li twa\u0127\u0127alha u tibg\u0127atha bil-\u0127abel fil-pakkett, sempli\u010bement ibg\u0127atilna nota u g\u0127arrafna d-de\u010bi\u017cjoni tieg\u0127ek<\/p>\n<p>Isem tal-prodott: fibra Aramid + \u0127abel statiku tan-najlon<br \/>\nKulur: Kulur kif muri l-istampa<br \/>\nDijametru: 6mm 8mm 10mm<br \/>\nPi\u017c nett (\u00b15%): 6mm (27g\/m) 8mm (42g\/m) 10mm (65g\/m)<br \/>\nForza tal-\u0121bid: 6mm(7KN\/700KG) 8mm(16KN\/1600KG) 10mm(36KN\/3600KG)<br \/>\nMaterjal tad-dehra: aramid<br \/>\nMaterjal tal-qalba: Najlon<br \/>\n\u010aertifikazzjoni: CE EN1891:1998<br \/>\nMulti-funzjoni: tixbit, teleskoping, tifi tan-nar, xog\u0127ol fl-g\u0127oli, krejnijiet, e\u010b\u010b.<\/p>\n","protected":false},"excerpt":{"rendered":"<p>Jekk g\u0127andek b\u017conn tixtri \u0127abel itwal, b\u0127al 80 metru, jekk jog\u0127\u0121bok tixtri 8 * 10 metri ta &#8216;\u0127abel, u mbag\u0127ad&#8230;<\/p>\n","protected":false},"featured_media":12556,"comment_status":"open","ping_status":"closed","template":"","meta":[],"product_brand":[],"product_cat":[841],"product_tag":[],"woo-feed-brand":[50],"class_list":{"0":"post-13891","1":"product","2":"type-product","3":"status-publish","4":"has-post-thumbnail","6":"product_cat-habel-tas-sigurta","7":"woo-feed-brand-tyditiao","9":"first","10":"instock","11":"shipping-taxable","12":"purchasable","13":"product-type-variable","14":"has-default-attributes"},"_links":{"self":[{"href":"https:\/\/tyditiao.com\/mt\/wp-json\/wp\/v2\/product\/13891","targetHints":{"allow":["GET"]}}],"collection":[{"href":"https:\/\/tyditiao.com\/mt\/wp-json\/wp\/v2\/product"}],"about":[{"href":"https:\/\/tyditiao.com\/mt\/wp-json\/wp\/v2\/types\/product"}],"replies":[{"embeddable":true,"href":"https:\/\/tyditiao.com\/mt\/wp-json\/wp\/v2\/comments?post=13891"}],"wp:featuredmedia":[{"embeddable":true,"href":"https:\/\/tyditiao.com\/mt\/wp-json\/wp\/v2\/media\/12556"}],"wp:attachment":[{"href":"https:\/\/tyditiao.com\/mt\/wp-json\/wp\/v2\/media?parent=13891"}],"wp:term":[{"taxonomy":"product_brand","embeddable":true,"href":"https:\/\/tyditiao.com\/mt\/wp-json\/wp\/v2\/product_brand?post=13891"},{"taxonomy":"product_cat","embeddable":true,"href":"https:\/\/tyditiao.com\/mt\/wp-json\/wp\/v2\/product_cat?post=13891"},{"taxonomy":"product_tag","embeddable":true,"href":"https:\/\/tyditiao.com\/mt\/wp-json\/wp\/v2\/product_tag?post=13891"},{"taxonomy":"woo-feed-brand","embeddable":true,"href":"https:\/\/tyditiao.com\/mt\/wp-json\/wp\/v2\/woo-feed-brand?post=13891"}],"curies":[{"name":"wp","href":"https:\/\/api.w.org\/{rel}","templated":true}]}}