{"id":13972,"date":"2022-10-21T05:22:48","date_gmt":"2023-05-22T15:54:08","guid":{"rendered":"http:\/\/tyditiao.com\/product\/azzar-li-ma-jghaddix-balal-nij-iii-5mm-2-6kg-sider-kontra-l-balal-250x300mm\/"},"modified":"2023-05-22T17:54:08","modified_gmt":"2023-05-22T15:54:08","slug":"bulletproof-steel-nij-level-iii-5mm-2-6kg-bustier-bulletproof-250x300mm","status":"publish","type":"product","link":"https:\/\/tyditiao.com\/mt\/product\/bulletproof-steel-nij-level-iii-5mm-2-6kg-bustier-bulletproof-250x300mm\/","title":{"rendered":"Azzar li ma jg\u0127addix balal, NIJ III, 5MM, 2.6KG, Sider kontra l-balal, 250X300MM"},"content":{"rendered":"<p>Pi\u017c: 2.6 kg<br \/>\nMaterjal: azzar bulletproof;<br \/>\n\u0126xuna: 5MM<br \/>\nKlassi ta&#8217; protezzjoni: Klassi NIJ III (GA5)<\/p>\n<p>Daqs: 25cm * 30cm<br \/>\nForma: Trapezoid (Bord Trapezoid b&#8217;kantunieri \u010banfrinati)<\/p>\n<p>Il-lista ta &#8216;affarijiet li se nippakja:<br \/>\n1 x Trapezoidal Bulletproof Plate.<\/p>\n<p>Avvi\u017c:<br \/>\nVest li jirrifletti mhux inklu\u017c<\/p>\n<p>Utenti: difi\u017ca tal-familja, persunal relatat mar-riskju, difi\u017ca tal-munita bankarja, persunal militari barrani, persunal ta &#8216;kunflitt armat barrani, persunal tas-sigurt\u00e0, ba\u0127rin, gwardji tal-fruntiera, e\u010b\u010b.<\/p>\n","protected":false},"excerpt":{"rendered":"<p>Mag\u0127mul minn pjan\u010ba tal-azzar spe\u010bjali li ma jg\u0127addix mill-balal: l-istess livell ta &#8216;protezzjoni, bil-vanta\u0121\u0121 li tkun irqiq u \u0127afif.<\/p>\n<p>Saff buffer: Hemm saff ta &#8216;kuxxinett tal-qoton EVA li ma jg\u0127addix xokk \u0121ewwa kull pjan\u010ba bulletproof, li jista&#8217; effettivament inaqqas l-impatt fuq il-\u0121isem tal-bniedem wara li jkun ibbumbardjat<\/p>\n<p>Disinn ta &#8216;arkata doppja: Mog\u0127dija mekkanika fuq in-na\u0127at tax-xellug u tal-lemin tal-bord skont prin\u010bipji ergonomi\u010bi tag\u0127mel it-truf arkati tajbin mal-\u0121isem perfettament<\/p>\n<p>Applikazzjoni: G\u0127as-sigurt\u00e0, u\u017caha ma &#8216;sdieri tatti\u010bi, \u0121kieket, backpacks ballisti\u010bi, korazza tal-\u0121isem varji, e\u010b\u010b.<\/p>\n","protected":false},"featured_media":11986,"comment_status":"open","ping_status":"closed","template":"","meta":[],"product_brand":[],"product_cat":[885],"product_tag":[],"woo-feed-brand":[50],"class_list":{"0":"post-13972","1":"product","2":"type-product","3":"status-publish","4":"has-post-thumbnail","6":"product_cat-pjanca-tas-sider-bulletproof","7":"woo-feed-brand-tyditiao","9":"first","10":"instock","11":"sale","12":"shipping-taxable","13":"purchasable","14":"product-type-simple"},"_links":{"self":[{"href":"https:\/\/tyditiao.com\/mt\/wp-json\/wp\/v2\/product\/13972","targetHints":{"allow":["GET"]}}],"collection":[{"href":"https:\/\/tyditiao.com\/mt\/wp-json\/wp\/v2\/product"}],"about":[{"href":"https:\/\/tyditiao.com\/mt\/wp-json\/wp\/v2\/types\/product"}],"replies":[{"embeddable":true,"href":"https:\/\/tyditiao.com\/mt\/wp-json\/wp\/v2\/comments?post=13972"}],"wp:featuredmedia":[{"embeddable":true,"href":"https:\/\/tyditiao.com\/mt\/wp-json\/wp\/v2\/media\/11986"}],"wp:attachment":[{"href":"https:\/\/tyditiao.com\/mt\/wp-json\/wp\/v2\/media?parent=13972"}],"wp:term":[{"taxonomy":"product_brand","embeddable":true,"href":"https:\/\/tyditiao.com\/mt\/wp-json\/wp\/v2\/product_brand?post=13972"},{"taxonomy":"product_cat","embeddable":true,"href":"https:\/\/tyditiao.com\/mt\/wp-json\/wp\/v2\/product_cat?post=13972"},{"taxonomy":"product_tag","embeddable":true,"href":"https:\/\/tyditiao.com\/mt\/wp-json\/wp\/v2\/product_tag?post=13972"},{"taxonomy":"woo-feed-brand","embeddable":true,"href":"https:\/\/tyditiao.com\/mt\/wp-json\/wp\/v2\/woo-feed-brand?post=13972"}],"curies":[{"name":"wp","href":"https:\/\/api.w.org\/{rel}","templated":true}]}}