{"id":14021,"date":"2022-10-21T05:17:38","date_gmt":"2023-05-23T00:43:53","guid":{"rendered":"http:\/\/tyditiao.com\/product\/aluminape-nij-livell-iii-20mm-2kg-breastplate-bulletproof-insert-ballistiku-250x300mm\/"},"modified":"2023-07-10T11:31:31","modified_gmt":"2023-07-10T09:31:31","slug":"alumina-nij-level-iii-20mm-2kg-napore-bulletproof-250x300mm","status":"publish","type":"product","link":"https:\/\/tyditiao.com\/mt\/product\/alumina-nij-level-iii-20mm-2kg-napore-bulletproof-250x300mm\/","title":{"rendered":"Alumina+PE, NIJ Livell III, 20MM, 2KG, breastplate bulletproof, insert ballistiku 250X300MM"},"content":{"rendered":"<p>Pi\u017c: 2kg<br \/>\nMaterjal: Alumina + PE<br \/>\n\u0126xuna: 20MM<br \/>\nKlassi ta&#8217; protezzjoni: Klassi NIJ III (GA5)<\/p>\n<p>Saff ta &#8216;barra: drapp iswed tal-poliester li ma jg\u0127addix ilma minnu;<br \/>\nDimensjonijiet: 250x300mm \/ 9.8&#8217;x11.8&#8217;<br \/>\nForma: Trapezoid (Bord Trapezoid b&#8217;kantunieri \u010banfrinati)<\/p>\n<p>Il-lista ta &#8216;affarijiet li se nippakja:<br \/>\n1 x Trapezoidal Bulletproof Plate.<\/p>\n<p>Avvi\u017c:<br \/>\nVest li jirrifletti mhux inklu\u017c<\/p>\n<p>Utenti fil-mira: Forzi Armati, SWAT, Sigurt\u00e0 Interna, Protezzjoni tad-Dwana u tal-Fruntieri, Kontroll tal-Immigrazzjoni, u o\u0127rajn li jiffa\u010b\u010bjaw theddid tal-armi jistg\u0127u jkunu mg\u0127ammra bil-prodotti tag\u0127na. In-nies jiksbu ri\u017cultati a\u0127jar u inqas vittmi. Il-prodott huwa wkoll adattat a\u0127jar g\u0127al sitwazzjonijiet b\u0127al missjonijiet fuq distanza twila jew missjonijiet fuq distanza twila. Hija wkoll g\u0127a\u017cla tajba g\u0127all-protezzjoni tal-familja tieg\u0127ek stess<\/p>\n<p>Inserzjonijiet ballisti\u010bi \u0127afna drabi jintu\u017caw fl-armatura tal-\u0121isem jew flokkijiet tatti\u010bi. Hemm \u017cew\u0121 tipi ta &#8216;skrata\u010b bulletproof: frontali u tal-\u0121enb. Il-pannell ta &#8216;quddiem jipprote\u0121i s-sider u d-dahar, u l-pannelli tal-\u0121enb jipprote\u0121u l-\u0121nub tal-\u0121isem. I\u010b-chamfers normalment jipprote\u0121u n-na\u0127a ta &#8216;quddiem tas-sider, u l-kwadri jipprote\u0121u d-dahar.<\/p>\n<p>Hemm erba &#8216;tipi ta&#8217; materjali ta &#8216;pjan\u010ba li ma jg\u0127addix mill-balal: azzar kontra l-balal, polyethylene PE, PE + alumina, PE + karbur tas-silikon.<\/p>\n<p>Inserzjonijiet ta\u010b-\u010beramika bulletproof huma \u0121eneralment mag\u0127mula minn materjali b\u0127al \u010beramika u polyethylene PE. Ir-regola hija: meta bullet tolqot skarto\u010b\u010b bulletproof, il-bullet tolqot l-ewwel il-qu\u010b\u010bata tas-saff ta\u010b-\u010beramika. Il-forza ta &#8216;impatt enormi tal-projettili ti\u0121i tra\u017cmessa lill-ambjent, u tassorbi l-ener\u0121ija kinetika enormi tal-projettili. Meta l-projettili jg\u0127addi mis-saff ta\u010b-\u010beramika, jitlef \u0127afna mill-ener\u0121ija kinetika tieg\u0127u. Meta l-projettili jil\u0127aq is-saff tal-polyethylene, il-polyethylene jiddissipa l-ener\u0121ija kinetika tal-projettili billi ji\u0121\u0121ebbed u tge\u017cwir il-projettili u frammenti, bi ftit effett fuq il-\u0121isem, li jipprovdi protezzjoni e\u010b\u010bellenti.<\/p>\n","protected":false},"excerpt":{"rendered":"<p>Fl-istess klassifikazzjoni ballistika, huwa e\u0127fef mill-azzar u inqas g\u0127ali mill-karbur tas-silikon, g\u0127alhekk ballistika ta\u010b-\u010beramika tal-alumina hija bilan\u010b tajjeb.<\/p>\n<p>Is-saff ta &#8216;fuq huwa mag\u0127mul minn drapp tal-poliester re\u017cistenti g\u0127all-ilma, u l-pannell huwa re\u017cistenti g\u0127all-ilma u re\u017cistenti g\u0127at-tebg\u0127a.<\/p>\n<p>Saff buffer: Kull pjan\u010ba bulletproof hija mwa\u0127\u0127la mas-saff ta &#8216;\u0121ewwa tal-kuxxinett EVA kontra x-xokk, li jista&#8217; effettivament inaqqas l-impatt fuq il-\u0121isem tal-bniedem wara l-isplu\u017cjoni<\/p>\n<p>Materjal tal-pjan\u010ba: is-saff ta &#8216;fuq huwa pjan\u010ba ta\u010b-\u010beramika tal-aluminju, u s-saff ta&#8217; isfel huwa pjan\u010ba bulletproof PE;<\/p>\n","protected":false},"featured_media":11948,"comment_status":"open","ping_status":"closed","template":"","meta":[],"product_brand":[],"product_cat":[885],"product_tag":[],"woo-feed-brand":[50],"class_list":{"0":"post-14021","1":"product","2":"type-product","3":"status-publish","4":"has-post-thumbnail","6":"product_cat-pjanca-tas-sider-bulletproof","7":"woo-feed-brand-tyditiao","9":"first","10":"instock","11":"sale","12":"shipping-taxable","13":"purchasable","14":"product-type-simple"},"_links":{"self":[{"href":"https:\/\/tyditiao.com\/mt\/wp-json\/wp\/v2\/product\/14021","targetHints":{"allow":["GET"]}}],"collection":[{"href":"https:\/\/tyditiao.com\/mt\/wp-json\/wp\/v2\/product"}],"about":[{"href":"https:\/\/tyditiao.com\/mt\/wp-json\/wp\/v2\/types\/product"}],"replies":[{"embeddable":true,"href":"https:\/\/tyditiao.com\/mt\/wp-json\/wp\/v2\/comments?post=14021"}],"wp:featuredmedia":[{"embeddable":true,"href":"https:\/\/tyditiao.com\/mt\/wp-json\/wp\/v2\/media\/11948"}],"wp:attachment":[{"href":"https:\/\/tyditiao.com\/mt\/wp-json\/wp\/v2\/media?parent=14021"}],"wp:term":[{"taxonomy":"product_brand","embeddable":true,"href":"https:\/\/tyditiao.com\/mt\/wp-json\/wp\/v2\/product_brand?post=14021"},{"taxonomy":"product_cat","embeddable":true,"href":"https:\/\/tyditiao.com\/mt\/wp-json\/wp\/v2\/product_cat?post=14021"},{"taxonomy":"product_tag","embeddable":true,"href":"https:\/\/tyditiao.com\/mt\/wp-json\/wp\/v2\/product_tag?post=14021"},{"taxonomy":"woo-feed-brand","embeddable":true,"href":"https:\/\/tyditiao.com\/mt\/wp-json\/wp\/v2\/woo-feed-brand?post=14021"}],"curies":[{"name":"wp","href":"https:\/\/api.w.org\/{rel}","templated":true}]}}