{"id":14040,"date":"2022-10-21T05:15:35","date_gmt":"2022-10-21T03:15:35","guid":{"rendered":"http:\/\/tyditiao.com\/product\/aluminape-nij-iv-23mm-2-9kg-breastplate-bulletproof-250x300mm\/"},"modified":"2026-01-26T09:37:09","modified_gmt":"2026-01-26T07:37:09","slug":"alumina-nij-level-iv-23mm-2-9kgnustro-bulletproof-250x300mm","status":"publish","type":"product","link":"https:\/\/tyditiao.com\/mt\/product\/alumina-nij-level-iv-23mm-2-9kgnustro-bulletproof-250x300mm\/","title":{"rendered":"Alumina+PE, NIJ IV, 23MM, 2.9KG, breastplate bulletproof, 250X300MM"},"content":{"rendered":"<p>Pi\u017c: 2.9 kg<br \/>\nMaterjal: Alumina + PE<br \/>\n\u0126xuna: 23MM<br \/>\nKlassi ta&#8217; protezzjoni: Klassi NIJ III (GA6)<\/p>\n<p>Saff ta &#8216;barra: drapp iswed tal-poliester li ma jg\u0127addix ilma minnu;<br \/>\nDimensjonijiet: 250x300mm \/ 9.8&#8217;x11.8&#8217;<br \/>\nForma: Trapezoid (Bord Trapezoid b&#8217;kantunieri \u010banfrinati)<\/p>\n<p>Il-lista ta &#8216;affarijiet li se nippakja:<br \/>\n1 x Trapezoidal Bulletproof Plate.<\/p>\n<p>Avvi\u017c:<br \/>\nVest li jirrifletti mhux inklu\u017c<\/p>\n<p>Utenti fil-mira: Forzi Armati, SWAT, Sigurt\u00e0 Interna, Protezzjoni tad-Dwana u tal-Fruntieri, Kontroll tal-Immigrazzjoni, u o\u0127rajn li jiffa\u010b\u010bjaw theddid tal-armi jistg\u0127u jkunu mg\u0127ammra bil-prodotti tag\u0127na. In-nies jiksbu ri\u017cultati a\u0127jar u inqas vittmi. Il-prodott huwa wkoll adattat a\u0127jar g\u0127al sitwazzjonijiet b\u0127al missjonijiet fuq distanza twila jew missjonijiet fuq distanza twila. Hija wkoll g\u0127a\u017cla tajba g\u0127all-protezzjoni tal-familja tieg\u0127ek stess<\/p>\n<p>Inserzjonijiet ta\u010b-\u010beramika bulletproof huma \u0121eneralment mag\u0127mula minn materjali b\u0127a\u010b-\u010beramika u l-polyethylene PE. Ir-regola hija: meta bullet tolqot iskarto\u010b\u010b bulletproof, il-bullet tolqot il-qu\u010b\u010bata tas-saff ta\u010b-\u010beramika l-ewwel. Il-forza ta &#8216;impatt enormi tal-projettili ti\u0121i tra\u017cmessa lill-ambjent, u tassorbi l-ener\u0121ija kinetika enormi tal-projettili. Meta l-projettili jg\u0127addi mis-saff ta\u010b-\u010beramika, jitlef \u0127afna mill-ener\u0121ija kinetika tieg\u0127u. Meta l-projettili jil\u0127aq is-saff tal-polyethylene, il-polyethylene jiddissipa l-ener\u0121ija kinetika tal-projettili billi ji\u0121\u0121ebbed u tge\u017cwir il-projettili u frammenti, bi ftit effett fuq il-\u0121isem, li jipprovdi protezzjoni e\u010b\u010bellenti.<\/p>\n","protected":false},"excerpt":{"rendered":"<p>Fl-istess klassifikazzjoni ballistika, hija e\u0127fef mill-azzar u inqas g\u0127alja mill-karbur tas-silikon, g\u0127alhekk ballistika ta\u010b-\u010beramika tal-alumina hija bilan\u010b tajjeb.<\/p>\n<p>Is-saff ta &#8216;fuq huwa mag\u0127mul minn drapp tal-poliester re\u017cistenti g\u0127all-ilma, u l-pannell huwa re\u017cistenti g\u0127all-ilma u re\u017cistenti g\u0127at-tebg\u0127a.<\/p>\n<p>Saff buffer: Kull pjan\u010ba bulletproof hija mwa\u0127\u0127la mas-saff ta &#8216;\u0121ewwa tal-kuxxinett EVA kontra x-xokk, li jista&#8217; effettivament inaqqas l-impatt fuq il-\u0121isem tal-bniedem wara l-isplu\u017cjoni<\/p>\n<p>Materjal tal-pjan\u010ba: is-saff ta &#8216;fuq huwa pjan\u010ba ta\u010b-\u010beramika tal-aluminju, u s-saff ta&#8217; isfel huwa pjan\u010ba bulletproof PE;<\/p>\n","protected":false},"featured_media":11967,"comment_status":"open","ping_status":"closed","template":"","meta":[],"product_brand":[],"product_cat":[885],"product_tag":[],"woo-feed-brand":[50],"class_list":{"0":"post-14040","1":"product","2":"type-product","3":"status-publish","4":"has-post-thumbnail","6":"product_cat-pjanca-tas-sider-bulletproof","7":"woo-feed-brand-tyditiao","9":"first","10":"instock","11":"sale","12":"shipping-taxable","13":"purchasable","14":"product-type-simple"},"_links":{"self":[{"href":"https:\/\/tyditiao.com\/mt\/wp-json\/wp\/v2\/product\/14040","targetHints":{"allow":["GET"]}}],"collection":[{"href":"https:\/\/tyditiao.com\/mt\/wp-json\/wp\/v2\/product"}],"about":[{"href":"https:\/\/tyditiao.com\/mt\/wp-json\/wp\/v2\/types\/product"}],"replies":[{"embeddable":true,"href":"https:\/\/tyditiao.com\/mt\/wp-json\/wp\/v2\/comments?post=14040"}],"wp:featuredmedia":[{"embeddable":true,"href":"https:\/\/tyditiao.com\/mt\/wp-json\/wp\/v2\/media\/11967"}],"wp:attachment":[{"href":"https:\/\/tyditiao.com\/mt\/wp-json\/wp\/v2\/media?parent=14040"}],"wp:term":[{"taxonomy":"product_brand","embeddable":true,"href":"https:\/\/tyditiao.com\/mt\/wp-json\/wp\/v2\/product_brand?post=14040"},{"taxonomy":"product_cat","embeddable":true,"href":"https:\/\/tyditiao.com\/mt\/wp-json\/wp\/v2\/product_cat?post=14040"},{"taxonomy":"product_tag","embeddable":true,"href":"https:\/\/tyditiao.com\/mt\/wp-json\/wp\/v2\/product_tag?post=14040"},{"taxonomy":"woo-feed-brand","embeddable":true,"href":"https:\/\/tyditiao.com\/mt\/wp-json\/wp\/v2\/woo-feed-brand?post=14040"}],"curies":[{"name":"wp","href":"https:\/\/api.w.org\/{rel}","templated":true}]}}