{"id":14078,"date":"2022-10-21T05:10:23","date_gmt":"2022-10-21T03:10:23","guid":{"rendered":"http:\/\/tyditiao.com\/product\/sic-pe-nij-livell-iv-23mm-2-5kg-insert-ballistiku-tal-breastplate-li-ma-jghaddix-balal-250x300mm\/"},"modified":"2026-01-26T09:37:27","modified_gmt":"2026-01-26T07:37:27","slug":"sicpe-nij-level-iv-23mm-2-5kgn-breastplate-bullet-proof-250x300mm","status":"publish","type":"product","link":"https:\/\/tyditiao.com\/mt\/product\/sicpe-nij-level-iv-23mm-2-5kgn-breastplate-bullet-proof-250x300mm\/","title":{"rendered":"SIC + PE, NIJ Livell IV, 23MM, 2.5KG, insert ballistiku tal-breastplate li ma jg\u0127addix balal, 250X300MM"},"content":{"rendered":"<p>Isem: NIJ Grad IV Ultra-Light Silicon Carbide Bulletproof Plate<\/p>\n<p>Standard: NIJ 0101.06 Klassi IV, nistg\u0127u nipprovdu r-rapport tat-test korrispondenti.<\/p>\n<p>Materjal: SiC + UHMW-PE<\/p>\n<p>Pi\u017c: 2.5KG + 0.05KG \/ 2.20 + 0.11LB<\/p>\n<p>\u0126xuna: 23mm<\/p>\n<p>Saff ta &#8216;barra: drapp iswed tal-poliester li ma jg\u0127addix ilma minnu;<br \/>\nDimensjonijiet: 250x300mm \/ 9.8&#8217;x11.8&#8217;<br \/>\nForma: Trapezoid (Bord Trapezoid b&#8217;kantunieri \u010banfrinati)<\/p>\n<p>Il-lista ta &#8216;affarijiet li se nippakja:<br \/>\n1 x Trapezoidal Bulletproof Plate.<\/p>\n<p>Avvi\u017c:<br \/>\nVest li jirrifletti mhux inklu\u017c<\/p>\n<p>Utenti fil-mira: NIJ Klassi IV Superlight Sic Bulletproof Plates g\u0127all-u\u017cu kontra theddid relatat mal-armi. Forzi armati, a\u0121enziji SWAT, a\u0121enziji tas-sigurt\u00e0 interna, a\u0121enziji tad-dwana u g\u0127all-protezzjoni tal-fruntieri, a\u0121enziji ta &#8216;kontroll tal-immigrazzjoni, u a\u0121enziji o\u0127ra f&#8217;riskju ta&#8217; armi tan-nar jistg\u0127u jkunu mg\u0127ammra bil-prodotti tag\u0127na. In-nies jiksbu ri\u017cultati a\u0127jar u inqas vittmi. Il-prodott huwa wkoll adattat a\u0127jar g\u0127al sitwazzjonijiet b\u0127al missjonijiet fuq distanza twila jew missjonijiet fuq distanza twila. Hija wkoll g\u0127a\u017cla tajba g\u0127all-protezzjoni tal-familja tieg\u0127ek stess<\/p>\n<p><!--aktar--><\/p>\n<p>Parametri ta&#8217; projettili li NIJ IV jista&#8217; jiddefendi kontra:<\/p>\n<p>Djar s\u0127i\u0127 tal-metall 7.62 x 51mm M80 (FMJ) \/ Ballun tan-NATO;<\/p>\n<p>7.62 x 39mm AK47 Lead Core (LC) \/ Mild Steel Core (MSC);<\/p>\n<p>5.56 x 45 mm M193 \u010aomb (LC) \/ NATO SS109 Ball;<\/p>\n<p>Inserzjonijiet ballisti\u010bi \u0127afna drabi jintu\u017caw fl-armatura tal-\u0121isem jew flokkijiet tatti\u010bi. Hemm \u017cew\u0121 tipi ta &#8216;skrata\u010b bulletproof: frontali u tal-\u0121enb. Il-pannell ta &#8216;quddiem jipprote\u0121i s-sider u d-dahar, u l-pannelli tal-\u0121enb jipprote\u0121u l-\u0121nub tal-\u0121isem. I\u010b-chamfers normalment jipprote\u0121u n-na\u0127a ta &#8216;quddiem tas-sider, u l-kwadri jipprote\u0121u d-dahar.<\/p>\n<p>Hemm erba &#8216;tipi ta&#8217; materjali ta &#8216;pjan\u010ba li ma jg\u0127addix mill-balal: azzar kontra l-balal, polyethylene PE, PE + alumina, PE + karbur tas-silikon. Disponibbli f&#8217;varjet\u00e0 ta &#8216;mudelli materjali, din il-batterija hija PE + silikon pur.<\/p>\n<p>Inserzjonijiet ta\u010b-\u010beramika bulletproof huma \u0121eneralment mag\u0127mula minn materjali b\u0127al \u010beramika u polyethylene PE. Ir-regola hija: meta bullet tolqot iskarto\u010b\u010b bulletproof, il-bullet tolqot il-qu\u010b\u010bata tas-saff ta\u010b-\u010beramika l-ewwel. Il-forza ta &#8216;impatt enormi tal-projettili ti\u0121i tra\u017cmessa lill-ambjent, u tassorbi l-ener\u0121ija kinetika enormi tal-projettili. Meta l-projettili jg\u0127addi mis-saff ta\u010b-\u010beramika, jitlef \u0127afna mill-ener\u0121ija kinetika tieg\u0127u. Meta l-projettili jil\u0127aq is-saff tal-polyethylene, il-polyethylene jiddissipa l-ener\u0121ija kinetika tal-projettili billi ji\u0121\u0121ebbed u tge\u017cwir il-projettili u frammenti, bi ftit effett fuq il-\u0121isem, li jipprovdi protezzjoni e\u010b\u010bellenti.<\/p>\n","protected":false},"excerpt":{"rendered":"<p>Pjan\u010ba ballistika ultra-dawl mag\u0127mul minn karbur tas-silikon ta &#8216;grad IV NIJ li jista&#8217; jifla\u0127 it-theddida ta &#8216;rawnds ta&#8217; xkubetta konvenzjonali.<\/p>\n<p>Pro\u010bess matur: se juri prestazzjoni protettiva stabbli u e\u010b\u010bellenti.<\/p>\n<p>E\u0127fef u aktar konvenjenti minn pannelli ta\u010b-\u010beramika tal-alumina.<\/p>\n<p>Is-saff ta &#8216;fuq huwa mag\u0127mul minn drapp tal-poliester re\u017cistenti g\u0127all-ilma, u l-pannell huwa re\u017cistenti g\u0127all-ilma u re\u017cistenti g\u0127at-tebg\u0127a.<\/p>\n","protected":false},"featured_media":12043,"comment_status":"open","ping_status":"closed","template":"","meta":[],"product_brand":[],"product_cat":[885],"product_tag":[],"woo-feed-brand":[50],"class_list":{"0":"post-14078","1":"product","2":"type-product","3":"status-publish","4":"has-post-thumbnail","6":"product_cat-pjanca-tas-sider-bulletproof","7":"woo-feed-brand-tyditiao","9":"first","10":"instock","11":"sale","12":"shipping-taxable","13":"purchasable","14":"product-type-simple"},"_links":{"self":[{"href":"https:\/\/tyditiao.com\/mt\/wp-json\/wp\/v2\/product\/14078","targetHints":{"allow":["GET"]}}],"collection":[{"href":"https:\/\/tyditiao.com\/mt\/wp-json\/wp\/v2\/product"}],"about":[{"href":"https:\/\/tyditiao.com\/mt\/wp-json\/wp\/v2\/types\/product"}],"replies":[{"embeddable":true,"href":"https:\/\/tyditiao.com\/mt\/wp-json\/wp\/v2\/comments?post=14078"}],"wp:featuredmedia":[{"embeddable":true,"href":"https:\/\/tyditiao.com\/mt\/wp-json\/wp\/v2\/media\/12043"}],"wp:attachment":[{"href":"https:\/\/tyditiao.com\/mt\/wp-json\/wp\/v2\/media?parent=14078"}],"wp:term":[{"taxonomy":"product_brand","embeddable":true,"href":"https:\/\/tyditiao.com\/mt\/wp-json\/wp\/v2\/product_brand?post=14078"},{"taxonomy":"product_cat","embeddable":true,"href":"https:\/\/tyditiao.com\/mt\/wp-json\/wp\/v2\/product_cat?post=14078"},{"taxonomy":"product_tag","embeddable":true,"href":"https:\/\/tyditiao.com\/mt\/wp-json\/wp\/v2\/product_tag?post=14078"},{"taxonomy":"woo-feed-brand","embeddable":true,"href":"https:\/\/tyditiao.com\/mt\/wp-json\/wp\/v2\/woo-feed-brand?post=14078"}],"curies":[{"name":"wp","href":"https:\/\/api.w.org\/{rel}","templated":true}]}}