{"id":14097,"date":"2022-10-18T08:54:02","date_gmt":"2022-10-18T06:54:02","guid":{"rendered":"http:\/\/tyditiao.com\/product\/cs-taghmir-ghat-tahrig-vest-tal-balal-vest-tattiku-ta-barra-ta-rilaxx-rapidu-inkluz-pjanci-bulletproof-2xpe-iiia-10x12\/"},"modified":"2026-01-26T09:37:40","modified_gmt":"2026-01-26T07:37:40","slug":"cs-training-equipment-outdoor-ballistic-vest-quick-release-tactical-vest-in-the-kit-bulletproof-plate-2xpe-iiia-10x12","status":"publish","type":"product","link":"https:\/\/tyditiao.com\/mt\/product\/cs-training-equipment-outdoor-ballistic-vest-quick-release-tactical-vest-in-the-kit-bulletproof-plate-2xpe-iiia-10x12\/","title":{"rendered":"CS Tag\u0127mir g\u0127at-Ta\u0127ri\u0121 Vest tal-Balal, Vest Tattiku ta&#8217; Barra ta&#8217; Rilaxx Rapidu Inklu\u017c Pjan\u010bi Bulletproof 2XPE IIIA 10&#215;12"},"content":{"rendered":"<p>Il-\u0121nub u l-ispallejn ta &#8216;dan il-prodott huma a\u0121\u0121ustabbli bil-Velcro, sabiex utenti ta&#8217; kull daqs jistg\u0127u jilbsuh.<br \/>\nSaff ta &#8216;\u0121ewwa: materjal ta&#8217; sa\u0127\u0127a g\u0127olja<br \/>\nSaff ta &#8216;barra: drapp Oxford re\u017cistenti g\u0127all-brix, qoton jew najlon, re\u017cistenti g\u0127at-tbajja&#8217; u durabbli.<\/p>\n<p>&nbsp;<\/p>\n<p>Livell ta&#8217; difi\u017ca: pjan\u010ba tal-balal PE default, NIJIIIA,<br \/>\nProtezzjoni insert: UHMW-PE<br \/>\n\u0126xuna: ~ 8mm \/ ~ 0.3&#8242;<br \/>\nValidit\u00e0: 5 snin<br \/>\nTipi ta&#8217; projettili li jistg\u0127u ji\u0121u difi\u017ci kontra:<br \/>\n\u0120akketta tal-metall S\u0127i\u0127a ta&#8217; 9mm (FMJ) \/ Ras Tonda (RN)<br \/>\n.44 Universal Jacket Hollow Point (JHP)<\/p>\n<p>Utenti fil-mira:<br \/>\nSdieri tal-balal mo\u0127bija NIJ Klassi IIIA jipprote\u0121u kontra perikli relatati mal-armi. U g\u0127andha aktar a\u010b\u010bessorji u tokkupa \u017cona akbar. Id-daqs jista &#8216;ji\u0121i a\u0121\u0121ustat bil-Velkro fuq il-\u0121nub u l-ispallejn. Il-prodotti tag\u0127na jistg\u0127u jkunu mg\u0127ammra bi forzi armati, a\u0121enziji SWAT, a\u0121enziji tas-sigurt\u00e0 interna, a\u0121enziji doganali u g\u0127all-protezzjoni tal-fruntieri, a\u0121enziji ta &#8216;kontroll tal-immigrazzjoni u a\u0121enziji o\u0127ra f&#8217;riskju ta&#8217; armi tan-nar. In-nies jiksbu ri\u017cultati a\u0127jar u inqas vittmi.<\/p>\n","protected":false},"excerpt":{"rendered":"<p>DAQS a\u0121\u0121ustabbli: Daqs a\u0121\u0121ustabbli bil-Velkro fuq il-\u0121nub u l-ispallejn, daqs wie\u0127ed g\u0127al kul\u0127add.<\/p>\n<p>Irrealizza rilaxx ta &#8216;malajr: Il-bokkla ta&#8217; rilaxx ta &#8216;malajr tal-qadd hija fa\u010bli biex topera.<\/p>\n<p>\u0126a\u017cna Abbundanti: But stash inkorporat, u l-but tal-utilit\u00e0 jista &#8216;ji\u0121i installat jew imne\u0127\u0127i skond il-b\u017connijiet tieg\u0127ek.<\/p>\n<p>Mg\u0127ammar bi pjan\u010bi bulletproof NIJ IIIA ta &#8216;quddiem u ta&#8217; wara: jista &#8216;jittratta t-theddida ta&#8217; balal tal-pistola.<\/p>\n<p>\u017bid id-difi\u017ca tieg\u0127ek b&#8217;mod liberu: il-\u0121akketta tista &#8216;ti\u0121i mg\u0127ammra b&#8217;inserzjonijiet kontra l-balal ta&#8217; livelli differenti.<\/p>\n","protected":false},"featured_media":11891,"comment_status":"open","ping_status":"closed","template":"","meta":[],"product_brand":[],"product_cat":[860],"product_tag":[],"woo-feed-brand":[50],"class_list":{"0":"post-14097","1":"product","2":"type-product","3":"status-publish","4":"has-post-thumbnail","6":"product_cat-vest-tattika","7":"product_shipping_class-0-3-kg-mt","8":"woo-feed-brand-tyditiao","10":"first","11":"instock","12":"sale","13":"shipping-taxable","14":"purchasable","15":"product-type-simple"},"_links":{"self":[{"href":"https:\/\/tyditiao.com\/mt\/wp-json\/wp\/v2\/product\/14097","targetHints":{"allow":["GET"]}}],"collection":[{"href":"https:\/\/tyditiao.com\/mt\/wp-json\/wp\/v2\/product"}],"about":[{"href":"https:\/\/tyditiao.com\/mt\/wp-json\/wp\/v2\/types\/product"}],"replies":[{"embeddable":true,"href":"https:\/\/tyditiao.com\/mt\/wp-json\/wp\/v2\/comments?post=14097"}],"wp:featuredmedia":[{"embeddable":true,"href":"https:\/\/tyditiao.com\/mt\/wp-json\/wp\/v2\/media\/11891"}],"wp:attachment":[{"href":"https:\/\/tyditiao.com\/mt\/wp-json\/wp\/v2\/media?parent=14097"}],"wp:term":[{"taxonomy":"product_brand","embeddable":true,"href":"https:\/\/tyditiao.com\/mt\/wp-json\/wp\/v2\/product_brand?post=14097"},{"taxonomy":"product_cat","embeddable":true,"href":"https:\/\/tyditiao.com\/mt\/wp-json\/wp\/v2\/product_cat?post=14097"},{"taxonomy":"product_tag","embeddable":true,"href":"https:\/\/tyditiao.com\/mt\/wp-json\/wp\/v2\/product_tag?post=14097"},{"taxonomy":"woo-feed-brand","embeddable":true,"href":"https:\/\/tyditiao.com\/mt\/wp-json\/wp\/v2\/woo-feed-brand?post=14097"}],"curies":[{"name":"wp","href":"https:\/\/api.w.org\/{rel}","templated":true}]}}