{"id":14156,"date":"2022-06-13T04:38:14","date_gmt":"2023-05-23T01:35:19","guid":{"rendered":"http:\/\/tyditiao.com\/product\/elmu-protettiv-militari-elmu-kevlar-klassi-iiia-elmu-tattiku-ballistiku-wendy-militari-iswed\/"},"modified":"2023-05-23T03:35:19","modified_gmt":"2023-05-23T01:35:19","slug":"wendy-bulletproof-elmu-kevlar-elmu-tattika-iswed","status":"publish","type":"product","link":"https:\/\/tyditiao.com\/mt\/product\/wendy-bulletproof-elmu-kevlar-elmu-tattika-iswed\/","title":{"rendered":"Elmu protettiv militari, elmu Kevlar Klassi IIIA, elmu tattiku ballistiku wendy militari, iswed"},"content":{"rendered":"<p>L-elmu protettiv militari tattiku wendy NIJ IIIA huwa ddisinjat biex ikun super \u0127afif u komdu \u0127afna biex jintlibes. A\u0121\u0121ustament ta &#8216;id wa\u0127da malajr u fa\u010bli ji\u017cgura a\u0121\u0121ustament pre\u010bi\u017c. Huwa wkoll mg\u0127ammar b&#8217;kuxxinetti li jassorbu l-ener\u0121ija ta &#8216;kwalit\u00e0 g\u0127olja, li jistg\u0127u jassorbu b&#8217;mod effettiv il-forza ta&#8217; l-impatt, inaqqsu d-deformazzjoni tal-\u0121isem ta &#8216;l-elmu wara li l-bullet tolqot, u jnaqqsu r-rata ta&#8217; korriment u s-severit\u00e0 ta &#8216;l-utent. L-elmu tattiku militari wendy huwa mg\u0127ammar b&#8217;binarji ta &#8216;immuntar universali u ser\u0127an g\u0127ar-ras, li jag\u0127ti lil Wendy possibbiltajiet akbar. Meta mqabbel ma &#8216;l-elmu kontra l-balal MICH, il-pi\u017c e\u0127fef ifisser li m&#8217;g\u0127andux g\u0127alfejn i\u017c\u017cid aktar pi\u017c fuq ir-ras, i\u017cda jista&#8217; jintu\u017ca biex i\u0121orr tag\u0127mir aktar modern, li huwa aktar adattat g\u0127all-iskambju ta &#8216;informazzjoni bejn timijiet.<\/p>\n<hr>\n<p><strong>Klassi tad-difi\u017ca:<\/strong><\/p>\n<p>Dan l-elmu bulletproof huwa elmu bulletproof NIJ Livell IIIA skond l-istandard NIJ 0101.06, u r-rapport tat-test korrispondenti jista &#8216;ji\u0121i pprovdut.<\/p>\n<hr>\n<p><strong>Parametri tal-projettili tad-difi\u017ca:<\/strong><\/p>\n<p>.44 Mag SJHP<br \/>\n.357 SIG FMJ FN<br \/>\n9mm FMJ RN<br \/>\n.357 Mag JSP<br \/>\n.40 S&amp;W FMJ<\/p>\n<p>Jipprovdi wkoll protezzjoni kontra l-bi\u010b\u010ba l-kbira tat-theddid tal-pistoli kif ukoll it-theddid tal-Klassi IIA u II<\/p>\n<hr>\n<p><strong>Parametri ta &#8216; l-elmu bulletproof:<\/strong><br \/>\nIsem: Elmu protettiv militari tattiku ta &#8216;Wendy NIJ IIIA<\/p>\n<p>Materjal: Fibra Aramid Kevlar-DuPont Tensili G\u0127olja<\/p>\n<p>\u010airkonferenza tar-ras: 52-60 \u010bm<\/p>\n<p>Inforra: Il-pads tal-impatt tal-fowm Zorbium i\u017commuk frisk u niexef b&#8217;kisja komda li ma jg\u0127addix ilma minnha u kisja antibatterika li tne\u0127\u0127i l-g\u0127araq. Tag\u0127ti inqas minn nofs il-forza me\u0127tie\u0121a g\u0127al xokkijiet ripetittivi ta\u0127t il-kundizzjonijiet ambjentali kollha. L-elmu ji\u0121i standard bi tliet pads tal-impatt addizzjonali u tmien pads a\u0121\u0121ustabbli li jistg\u0127u ji\u0121u installati b&#8217;mod flessibbli skont ir-rekwi\u017citi tal-utent g\u0127all-a\u0127jar tajbin u kumdit\u00e0.<\/p>\n<p>A\u010b\u010bessorji mhux obbligatorji: maskri tal-ossi\u0121nu li jintef\u0127u, tarki tal-wi\u010b\u010b, tarki tal-\u0121enb, tarki tal-\u0121enb armati, tarki protettivi, tarki tal-elmu, maskri li ma jag\u0127mlux \u0127sara lill-balal, e\u010b\u010b.<\/p>\n<p>Kulur tal-elmu: Iswed<br \/>\nIl-MICH huwa elmu li jwaqqaf ir-rawnds tal-pistola u jipprovdi protezzjoni affidabbli kontra debris u debris li jaqg\u0127u.<br \/>\nse tnaqqas il-protezzjoni.<\/p>\n<hr>\n<p><strong>&#8220;G\u0127an-nies:<\/strong><br \/>\nL-Elmu Ballistiku NIJ lllA Kevlar WENDY jimmani\u0121\u0121ja t-theddid ta &#8216;pistola u shrapnel, g\u0127andu konnettivit\u00e0 akbar ta&#8217; twa\u0127\u0127il, huwa e\u0127fef u aktar komdu biex jintlibes. Dan l-elmu huwa adattat g\u0127at-tipi kollha ta &#8216;utenti. Persunal minn a\u0121enziji b\u0127all-militar, il-pulizija, is-SWAT, is-sigurt\u00e0 interna, id-dwana u l-gwardji tal-fruntiera jistg\u0127u jkunu mg\u0127ammra b&#8217;kapa\u010bitajiet ta &#8216;\u0121lieda mtejba. Hija wkoll g\u0127a\u017cla tajba g\u0127all-protezzjoni tad-dar u l-cosplay.<\/p>\n<hr>\n<p>Hawn il-\u0127anut tattiku tag\u0127na ta &#8216;l-elmu protettiv g\u0127al 15% off fuq il-pjattaforma Allegro.<\/p>\n<p>Jekk trid tixtri l-prodotti tag\u0127na jew g\u0127andek xi mistoqsijiet dwar il-prodotti tag\u0127na, jekk jog\u0127\u0121bok (<a href=\"http:\/\/tyditiao.com\/en\/contact\/\">ikkuntattjana<\/a>) minnufih, a\u0127na nwie\u0121buk fi \u017cmien \u0121urnata tax-xog\u0127ol. Jekk trid tordna aktar minn 5 elmi bulletproof fl-istess \u0127in, ikollok skont addizzjonali;<\/p>\n<p>&nbsp;<\/p>\n","protected":false},"excerpt":{"rendered":"<p>Prestazzjoni tajba kontra l-balal: NIJ Level lllA, protezzjoni perfetta tar-ras.<\/p>\n<p>Komdu biex tilbes: Is-sar\u0121 Zorbium Foam Impact g\u0127andu kisi li ma jg\u0127addix ilma minnu u kisja antibatterika li tne\u0127\u0127i l-umdit\u00e0 biex i\u017c\u017commok frisk u niexef waqt li tkun tilbesha.<\/p>\n<p>A\u0120\u0120USTAMENT FA\u010aLI: Sistema ta &#8216;qfil tal-elmu CAM FIT Militari \u0127afif b&#8217;Sistema ta&#8217; G\u0127eluq BOA Tipprovdi A\u0121\u0121ustament ta &#8216;Idejn Wa\u0127da Rapidu u Fa\u010bli u Twa\u0127\u0127il Pre\u010bi\u017c.<\/p>\n<p>KWALIT\u00c0 TAJBA: Wendy&#8217;s Tactical Military Protective Helmet NIJ IIIA huwa mag\u0127mul minn fibra DuPont Kevlar Aramid durabbli \u0127afna, re\u017cistenti g\u0127as-s\u0127ana u mhux se jiddeforma<\/p>\n<p>Estensibilit\u00e0 Tajba: Is-Sistema tal-Irbit tal-Ferrovija 2.0 hija kompatibbli mal-Qafliet EXFIL Rail 2.0 kollha. Il-binarji tal-immuntar tal-gimbal b&#8217;\u017cew\u0121 na\u0127at u l-gimbal tal-forehead huma fa\u010bli biex ji\u0121u installati u kkonfigurati, kuffji tal-widna, dwal tal-pistoli, kameras, dwal strobe, apparati g\u0127all-vi\u017cjoni bil-lejl, kameras GoPro, u nu\u010b\u010balijiet NVG.<\/p>\n","protected":false},"featured_media":10542,"comment_status":"closed","ping_status":"closed","template":"","meta":[],"product_brand":[],"product_cat":[737,736],"product_tag":[],"woo-feed-brand":[50],"class_list":{"0":"post-14156","1":"product","2":"type-product","3":"status-publish","4":"has-post-thumbnail","6":"product_cat-elmu-kontra-l-balal","7":"product_cat-wendy-mt","8":"woo-feed-brand-tyditiao","10":"first","11":"instock","12":"sale","13":"shipping-taxable","14":"purchasable","15":"product-type-simple"},"_links":{"self":[{"href":"https:\/\/tyditiao.com\/mt\/wp-json\/wp\/v2\/product\/14156","targetHints":{"allow":["GET"]}}],"collection":[{"href":"https:\/\/tyditiao.com\/mt\/wp-json\/wp\/v2\/product"}],"about":[{"href":"https:\/\/tyditiao.com\/mt\/wp-json\/wp\/v2\/types\/product"}],"replies":[{"embeddable":true,"href":"https:\/\/tyditiao.com\/mt\/wp-json\/wp\/v2\/comments?post=14156"}],"wp:featuredmedia":[{"embeddable":true,"href":"https:\/\/tyditiao.com\/mt\/wp-json\/wp\/v2\/media\/10542"}],"wp:attachment":[{"href":"https:\/\/tyditiao.com\/mt\/wp-json\/wp\/v2\/media?parent=14156"}],"wp:term":[{"taxonomy":"product_brand","embeddable":true,"href":"https:\/\/tyditiao.com\/mt\/wp-json\/wp\/v2\/product_brand?post=14156"},{"taxonomy":"product_cat","embeddable":true,"href":"https:\/\/tyditiao.com\/mt\/wp-json\/wp\/v2\/product_cat?post=14156"},{"taxonomy":"product_tag","embeddable":true,"href":"https:\/\/tyditiao.com\/mt\/wp-json\/wp\/v2\/product_tag?post=14156"},{"taxonomy":"woo-feed-brand","embeddable":true,"href":"https:\/\/tyditiao.com\/mt\/wp-json\/wp\/v2\/woo-feed-brand?post=14156"}],"curies":[{"name":"wp","href":"https:\/\/api.w.org\/{rel}","templated":true}]}}