{"id":14213,"date":"2022-06-13T04:11:33","date_gmt":"2023-05-23T01:56:24","guid":{"rendered":"http:\/\/tyditiao.com\/product\/elmu-militari-pollakk-elmu-tattiku-kevlar-klassi-iiia-elmu-tal-energija-bmaskra-mghaggla-iswed\/"},"modified":"2023-05-23T03:56:24","modified_gmt":"2023-05-23T01:56:24","slug":"fast-bulletproof-tmun-tattika-kevlar-nijiiia-iswed","status":"publish","type":"product","link":"https:\/\/tyditiao.com\/mt\/product\/fast-bulletproof-tmun-tattika-kevlar-nijiiia-iswed\/","title":{"rendered":"Elmu Militari Pollakk, Elmu Tattiku Kevlar Klassi IIIA, Elmu tal-Ener\u0121ija b&#8217;Maskra Mg\u0127a\u0121\u0121la, Iswed"},"content":{"rendered":"<p><strong>Klassi tad-difi\u017ca:<\/strong><\/p>\n<p>Dan l-elmu bulletproof huwa elmu bulletproof NIJ Livell IIIA skond l-istandard NIJ 0101.06, u r-rapport tat-test korrispondenti jista &#8216;ji\u0121i pprovdut.<\/p>\n<hr>\n<p><strong>Parametri tal-projettili tad-difi\u017ca:<\/strong><\/p>\n<p>.44 Mag SJHP<br \/>\n.357 SIG FMJ FN<br \/>\n9mm FMJ RN<br \/>\n.357 Mag JSP<br \/>\n.40 S&amp;W FMJ<\/p>\n<p>Jipprovdi wkoll protezzjoni kontra l-bi\u010b\u010ba l-kbira tat-theddid tal-pistoli kif ukoll it-theddid tal-Klassi IIA u II<\/p>\n<hr>\n<p><strong>Parametri ta &#8216; l-elmu bulletproof:<\/strong><br \/>\nIsem: NIJ lllA FAST elmu kontra l-balal<\/p>\n<p>Materjal: Fibra Aramid Kevlar-DuPont Tensili G\u0127olja<br \/>\n\u010airkonferenza tar-ras: 52-64 \u010bm<br \/>\nA\u010b\u010bessorji mhux obbligatorji: maskra kontra l-balal, e\u010b\u010b.<br \/>\nKulur tal-elmu: Iswed<br \/>\nIl-MICH huwa elmu li jwaqqaf ir-rawnds tal-pistola u jipprovdi protezzjoni affidabbli kontra debris u debris li jaqg\u0127u.<br \/>\nse tnaqqas il-protezzjoni.<\/p>\n<hr>\n<p><strong>&#8220;G\u0127an-nies:<\/strong><br \/>\nL-elmu ballistiku NIJ lllA Kevlar FAST huwa ddisinjat biex jittratta t-theddida ta &#8216;pistoli u shrapnel, b&#8217;annessi aktar b&#8217;sa\u0127\u0127ithom g\u0127al tajbin e\u0127fef u aktar komdi. Dan l-elmu huwa adattat g\u0127at-tipi kollha ta &#8216;utenti. Persunal minn a\u0121enziji b\u0127all-militar, il-pulizija, is-SWAT, is-sigurt\u00e0 interna, id-dwana u l-gwardji tal-fruntiera jistg\u0127u jkunu mg\u0127ammra b&#8217;kapa\u010bitajiet ta &#8216;\u0121lieda mtejba. Hija wkoll g\u0127a\u017cla tajba g\u0127all-protezzjoni tad-dar u l-cosplay.<\/p>\n<hr>\n<p><strong>X&#8217;inhu elmu ballistiku FAST?<\/strong><\/p>\n<p>Elmu bulletproof FAST (Ingli\u017c: Future Assault Shell Technology Helmet, minn hawn &#8216;il quddiem imsejja\u0127: FAST) Future Assault Shell Technology Helmet huwa elmu ta&#8217; \u0121lieda \u017cviluppat mill-Istitut tar-Ri\u010berka tal-Armata tal-Istati Uniti u \u010b-\u010aentru ta &#8216;Ri\u010berka, \u017bvilupp u In\u0121inerija tal-Armata tal-Istati Uniti Natick. L-elmu huwa ddisinjat biex jipprovdi kumdit\u00e0 g\u0127all-operaturi ta &#8216;operazzjonijiet spe\u010bjali filwaqt li jipprovdi protezzjoni ballistika ba\u017cika. L-elmu FAST intwera g\u0127all-ewwel darba lill-pubbliku waqt SHOT SHOW fl-2009 u dalwaqt \u0121ie adottat mill-forzi spe\u010bjali tal-Istati Uniti li joperaw fl-Afganistan. Elmi ballisti\u010bi tatti\u010bi FAST issa huma w\u017cati \u0127afna f&#8217;forzi spe\u010bjali u forzi spe\u010bjali tal-pulizija f&#8217;diversi pajji\u017ci. Barra minn hekk, l-elmu tattiku FAST issa huwa l-elmu tal-\u0121lied standard g\u0127all-Forzi Armati Norve\u0121i\u017ci.<\/p>\n<hr>\n<p><strong>Karatteristi\u010bi tal-elmu FAST Kevlar:<\/strong><\/p>\n<p>Meta mqabbel ma &#8216;elmi militari normali, l-elmu FAST huwa 25% e\u0127fef. Bis-sistema ta &#8216;sospensjoni tal-elmu, l-utenti jistg\u0127u fa\u010bilment ja\u0121\u0121ustaw it-twa\u0127\u0127il jew l-issikkar tal-elmu g\u0127all-aqwa kumdit\u00e0. Elmi FAST huma mg\u0127ammra b&#8217;binarji ARC fuq in-na\u0127at tax-xellug u tal-lemin g\u0127all-immuntar ta &#8216;tag\u0127mir b\u0127al flashlights, headphones li jikkan\u010bellaw il-\u0127oss u tag\u0127mir ta&#8217; komunikazzjoni, kif ukoll tag\u0127mir ta &#8216;vi\u017cjoni bil-lejl jew vidjo jistg\u0127u ji\u0121u mmuntati fuq i\u010b-\u010bentru tal-elmu permezz tal-adapter tal-muntatura, li hija mi\u0121\u0121ielda spe\u010bjali, li tista &#8216;\u017c\u017cid vanta\u0121\u0121 tattiku akbar. Ix-xitan jin\u0127ass imwa\u0127\u0127al mal-elmu jippermetti lill-utenti jwa\u0127\u0127lu l-bandiera, l-armata jew l-istituzzjoni ta &#8216;pajji\u017chom, kif ukoll timbri ta&#8217; identifikazzjoni xierqa b\u0127al sinjali tas-sej\u0127a u tipi tad-demm. Barra minn hekk, min\u0127abba d-disinn modulari, il-ver\u017cjoni \u010bivili tal-elmu FAST ming\u0127ajr funzjoni bulletproof mhix biss u\u017cata mill-militar u l-pulizija, i\u017cda wkoll adottata bil-\u0127erqa minn atleti fil-bera\u0127, \u0121urnalisti, rescuers u \u0127addiema o\u0127ra tal-qasam.<\/p>\n<hr>\n<p><strong>Huwa l-elmu ballistiku tattiku FAST protezzjoni kbira u g\u0127aliex huwa daqshekk popolari?<\/strong><\/p>\n<p>Hemm \u017cew\u0121 ra\u0121unijiet: L-ewwel, l-avvanz tat-teknolo\u0121ija wassal g\u0127al aktar u aktar tag\u0127mir tekniku g\u0127al suldati individwali, li je\u0127tie\u0121 pjattaforma g\u0127all-i\u010b\u010bar\u0121jar ta &#8216;a\u010b\u010bessorji tekni\u010bi, li g\u0127andhom ji\u0121u sagrifikati g\u0127ad-detriment tal-protezzjoni;<br \/>\nIt-tieni nett, l-utenti FAST huma prin\u010bipalment forzi spe\u010bjali, u f&#8217;distanza tal-\u0121lieda kontra l-forzi spe\u010bjali sempli\u010bement i\u010bedu xi protezzjoni, il-portabbilt\u00e0 u t-tag\u0127mir tekniku fuq il-pjattaforma jinbidlu f&#8217;rati ta &#8216;sopravivenza, u anke f&#8217;applikazzjonijiet pratti\u010bi, \u0121eneralment biss fil-ka\u017c ta&#8217; elmi velo\u010bi, hemm M&#8217;hemm l-ebda elementi fuq \u0127afna unitajiet, biss g\u0127all-portabbilt\u00e0.<\/p>\n<p>FAST mhix ibba\u017cata fuq protezzjoni stretta L-ebda earmuffs b&#8217;\u017cew\u0121 na\u0127at mhumiex bi\u017c\u017cejjed Prin\u010bipalment g\u0127all-konvenjenza tal-persunal li jilbes headphones u a\u010b\u010bessorji addizzjonali Elmi tatti\u010bi \u0127fief ma j\u010bedu parzjalment il-protezzjoni j\u0121ibu benefi\u010b\u010bji akbar fil-\u0121lieda.<\/p>\n<p>Elmi FAST huma w\u017cati \u0127afna f&#8217;\u0127afna pajji\u017ci, u \u0127afna pajji\u017ci g\u0127andhom disinji tal-elmi simili \u0127afna g\u0127all-elmi FAST Amerikani, b\u0127ar-Russja, Franza, u l-elmi tar-Renju Unit huma ddisinjati biex jikkonformaw mal-elmi FAST, g\u0127alkemm se jevolvu ma\u017c-\u017cmien. In-numru ta &#8216;dawn l-elmi qed jinbidel ukoll, i\u017cda xorta jidher simili g\u0127all-elmu FAST, g\u0127al ra\u0121unijiet ovvji, dan l-elmu jista&#8217; jipprote\u0121i b&#8217;mod effettiv ir-ras u jimmassimizza l-\u0127ajja tas-suldat.<\/p>\n<hr>\n<p><strong>FAST Kevlar elmu prezz?<\/strong><\/p>\n<p>Ixtri direttament mill-websajt tag\u0127na u iffranka 15% off mill-prezz regolari<\/p>\n<hr>\n<p>Jekk trid tixtri l-prodotti tag\u0127na jew g\u0127andek xi mistoqsijiet dwar il-prodotti tag\u0127na;<br \/>\nJekk g\u0127andek xi \u0127ti\u0121ijiet ta &#8216;adattament;<br \/>\nJekk jog\u0127\u0121bok (<a href=\"http:\/\/tyditiao.com\/en\/contact\/\">ikkuntattjana<\/a>) immedjatament, a\u0127na nwie\u0121buk fi \u017cmien \u0121urnata tax-xog\u0127ol.<\/p>\n<p>&nbsp;<\/p>\n<p>&nbsp;<\/p>\n","protected":false},"excerpt":{"rendered":"<p>Mag\u0127mula minn fibra DuPont Kevlar Aramid ta &#8216;sa\u0127\u0127a g\u0127olja, re\u017cistenti g\u0127as-s\u0127ana u mhux fa\u010bli biex ti\u0121i deformata<\/p>\n<p>NIJ Livell IIIA<\/p>\n<p>Is-sistema ta&#8217; a\u0121\u0121ustament ta\u010b-\u010birkonferenza tar-ras tippermettilek ta\u0121\u0121usta \u010b-\u010birkonferenza tar-ras bil-mess ta &#8216;buttuna biex tikseb it-twa\u0127\u0127il ideali tal-elmu<\/p>\n<p>Il-forehead hija rinfurzata b&#8217;\u010bineg elasti\u010bi fuq il-\u0121nub tal-qarnit (qieg\u0127 tal-istand tal-vi\u017cjoni bil-lejl) biex iwa\u0127\u0127lu mirja, kameras, gogils tal-vi\u017cjoni bil-lejl u apparat ie\u0127or<\/p>\n<p>Mg\u0127ammar b&#8217;binarji, immuntar ta &#8216;a\u010b\u010bessorji aktar b&#8217;sa\u0127\u0127tu, jista&#8217; jkun mg\u0127ammar b&#8217;sistema ta &#8216;dawl b&#8217;sa\u0127\u0127itha u dwal ta&#8217; identifikazzjoni tal-beacon, jistg\u0127u wkoll ikunu mg\u0127ammra bi protezzjoni tas-smig\u0127<\/p>\n","protected":false},"featured_media":10333,"comment_status":"closed","ping_status":"closed","template":"","meta":[],"product_brand":[],"product_cat":[737,822],"product_tag":[],"woo-feed-brand":[50],"class_list":{"0":"post-14213","1":"product","2":"type-product","3":"status-publish","4":"has-post-thumbnail","6":"product_cat-elmu-kontra-l-balal","7":"product_cat-fast-mt","8":"woo-feed-brand-tyditiao","10":"first","11":"instock","12":"sale","13":"shipping-taxable","14":"purchasable","15":"product-type-simple"},"_links":{"self":[{"href":"https:\/\/tyditiao.com\/mt\/wp-json\/wp\/v2\/product\/14213","targetHints":{"allow":["GET"]}}],"collection":[{"href":"https:\/\/tyditiao.com\/mt\/wp-json\/wp\/v2\/product"}],"about":[{"href":"https:\/\/tyditiao.com\/mt\/wp-json\/wp\/v2\/types\/product"}],"replies":[{"embeddable":true,"href":"https:\/\/tyditiao.com\/mt\/wp-json\/wp\/v2\/comments?post=14213"}],"wp:featuredmedia":[{"embeddable":true,"href":"https:\/\/tyditiao.com\/mt\/wp-json\/wp\/v2\/media\/10333"}],"wp:attachment":[{"href":"https:\/\/tyditiao.com\/mt\/wp-json\/wp\/v2\/media?parent=14213"}],"wp:term":[{"taxonomy":"product_brand","embeddable":true,"href":"https:\/\/tyditiao.com\/mt\/wp-json\/wp\/v2\/product_brand?post=14213"},{"taxonomy":"product_cat","embeddable":true,"href":"https:\/\/tyditiao.com\/mt\/wp-json\/wp\/v2\/product_cat?post=14213"},{"taxonomy":"product_tag","embeddable":true,"href":"https:\/\/tyditiao.com\/mt\/wp-json\/wp\/v2\/product_tag?post=14213"},{"taxonomy":"woo-feed-brand","embeddable":true,"href":"https:\/\/tyditiao.com\/mt\/wp-json\/wp\/v2\/woo-feed-brand?post=14213"}],"curies":[{"name":"wp","href":"https:\/\/api.w.org\/{rel}","templated":true}]}}