{"id":14232,"date":"2022-06-13T04:08:57","date_gmt":"2022-06-13T02:08:57","guid":{"rendered":"http:\/\/tyditiao.com\/product\/elmu-tas-suldat-elmu-tattiku-tal-klassi-iiia-tal-fibra-aramid-elmu-fast-kevlar-kannella-car\/"},"modified":"2026-01-26T09:42:52","modified_gmt":"2026-01-26T07:42:52","slug":"fast-bulletproof-tmun-tattika-kevlar-nijiiia-kannella-car","status":"publish","type":"product","link":"https:\/\/tyditiao.com\/mt\/product\/fast-bulletproof-tmun-tattika-kevlar-nijiiia-kannella-car\/","title":{"rendered":"Elmu tas-Suldat, Elmu Tattiku tal-Klassi IIIA tal-Fibra Aramid, Elmu Fast Kevlar, Kannella \u010bar"},"content":{"rendered":"<p><strong>Klassi tad-difi\u017ca:<\/strong><\/p>\n<p>Dan l-elmu bulletproof huwa elmu bulletproof NIJ Livell IIIA skond l-istandard NIJ 0101.06, u r-rapport tat-test korrispondenti jista &#8216;ji\u0121i pprovdut.<\/p>\n<hr \/>\n<p><strong>Parametri tal-projettili tad-difi\u017ca:<\/strong><\/p>\n<p>.44 Mag SJHP<br \/>\n.357 SIG FMJ FN<br \/>\n9mm FMJ RN<br \/>\n.357 Mag JSP<br \/>\n.40 S&amp;W FMJ<\/p>\n<p>Jipprovdi wkoll protezzjoni kontra l-bi\u010b\u010ba l-kbira tat-theddid tal-pistoli kif ukoll it-theddid tal-Klassi IIA u II<\/p>\n<hr \/>\n<p><strong>Parametri ta &#8216; l-elmu bulletproof:<\/strong><\/p>\n<p>Isem: NIJ lllA FAST elmu kontra l-balal<\/p>\n<p>Materjal: Fibra Aramid Kevlar-DuPont Tensili G\u0127olja<br \/>\n\u010airkonferenza tar-ras: 52-64 \u010bm<br \/>\nA\u010b\u010bessorji mhux obbligatorji: maskra kontra l-balal, e\u010b\u010b.<br \/>\nKulur tal-elmu: Kannella \u010bar<\/p>\n<p>Elmu kontra l-balal jikkonsisti f&#8217;qoxra ta &#8216;l-elmu (inklu\u017ca protezzjoni tax-xoffa) u sistema ta&#8217; sospensjoni buffer (inklu\u017ca headband, saff buffer, \u010binga tal-geddum, links tal-katina, e\u010b\u010b.). Komdu u stabbli biex jilbsu;<\/p>\n<p>Il-wi\u010b\u010b ta &#8216;barra tal-qoxra ta&#8217; l-elmu huwa uniformi u bla xkiel, ming\u0127ajr kontaminazzjoni ta &#8216;materja barranija, infafet, tqaxxir u difetti o\u0127ra.<\/p>\n<p>Prestazzjoni ritardant tal-fjammi tal-qoxra tal-elmu: \u0127in kontinwu ta &#8216;\u0127ruq fuq il-wi\u010b\u010b ta&#8217; 5S;<\/p>\n<p>Il-forza tal-apparat ta\u010b-\u010binga tal-geddum: velo\u010bit\u00e0 ta &#8216;\u0127arba ta&#8217; emer\u0121enza ta &#8216;500N, rilaxx meta l-forza esterna hija 1000N;<\/p>\n<p>Li ma jg\u0127addix ilma minnha: L-elmu li ma jg\u0127addix mill-balal mhux se jinqasam, jinfaxxa jew jiddelamina fuq il-wi\u010b\u010b tal-qoxra tal-elmu meta mg\u0127addas fl-ilma g\u0127al 24 sieg\u0127a f&#8217;temperatura tal-kamra. L-ebda parti mill-kuxxin tas-sospensjoni ma nqalg\u0127et wara \u017cew\u0121 xuttijiet b\u2019su\u010b\u010bess<\/p>\n<p>Il-MICH huwa elmu li jwaqqaf ir-rawnds tal-pistola u jipprovdi protezzjoni affidabbli kontra debris u debris li jaqg\u0127u.<br \/>\nse tnaqqas il-protezzjoni.<\/p>\n<hr \/>\n<p><strong>&#8220;G\u0127an-nies:<\/strong><\/p>\n<p>L-elmu ballistiku NIJ lllA Kevlar FAST huwa ddisinjat biex jittratta t-theddida ta &#8216;pistoli u shrapnel, b&#8217;annessi aktar b&#8217;sa\u0127\u0127ithom g\u0127al tajbin e\u0127fef u aktar komdi. Dan l-elmu huwa adattat g\u0127at-tipi kollha ta &#8216;utenti. Persunal minn a\u0121enziji b\u0127all-militar, il-pulizija, is-SWAT, is-sigurt\u00e0 interna, id-dwana u l-gwardji tal-fruntiera jistg\u0127u jkunu mg\u0127ammra b&#8217;kapa\u010bitajiet ta &#8216;\u0121lieda mtejba. Hija wkoll g\u0127a\u017cla tajba g\u0127all-protezzjoni tad-dar u l-cosplay.<\/p>\n<hr \/>\n<p><strong>X&#8217;inhu elmu ballistiku FAST?<\/strong><\/p>\n<p>Elmu bulletproof FAST (Ingli\u017c: Future Assault Shell Technology Helmet, minn hawn &#8216;il quddiem imsejja\u0127: FAST) Future Assault Shell Technology Helmet huwa elmu ta&#8217; \u0121lieda \u017cviluppat mill-Istitut tar-Ri\u010berka tal-Armata tal-Istati Uniti u \u010b-\u010aentru ta &#8216;Ri\u010berka, \u017bvilupp u In\u0121inerija tal-Armata tal-Istati Uniti Natick. L-elmu huwa ddisinjat biex jipprovdi kumdit\u00e0 g\u0127all-operaturi ta &#8216;operazzjonijiet spe\u010bjali filwaqt li jipprovdi protezzjoni ballistika ba\u017cika. L-elmu FAST intwera g\u0127all-ewwel darba lill-pubbliku waqt SHOT SHOW fl-2009 u dalwaqt \u0121ie adottat mill-forzi spe\u010bjali tal-Istati Uniti li joperaw fl-Afganistan. Elmi ballisti\u010bi tatti\u010bi FAST issa huma w\u017cati \u0127afna f&#8217;forzi spe\u010bjali u forzi spe\u010bjali tal-pulizija f&#8217;diversi pajji\u017ci. Barra minn hekk, l-elmu tattiku FAST issa huwa l-elmu tal-\u0121lied standard g\u0127all-Forzi Armati Norve\u0121i\u017ci.<\/p>\n<hr \/>\n<p><strong>Karatteristi\u010bi ta &#8216;FAST Fiber Aramid Tactical Soldier Helmet:<\/strong><\/p>\n<p>Meta mqabbel ma &#8216;elmi militari normali, l-elmu FAST huwa 25% e\u0127fef. Grazzi g\u0127as-sistema ta &#8216;sospensjoni ta&#8217; l-elmu, l-utenti jistg\u0127u fa\u010bilment ja\u0121\u0121ustaw it-twa\u0127\u0127il jew l-issikkar ta &#8216;l-elmu g\u0127all-a\u0127jar kumdit\u00e0. L-elmu FAST huwa mg\u0127ammar b&#8217;binarji ARC fuq in-na\u0127at tax-xellug u tal-lemin g\u0127all-immuntar ta &#8216;a\u010b\u010bessorji b\u0127al flashlights, headphones li jikkan\u010bellaw il-\u0127oss u tag\u0127mir ta&#8217; komunikazzjoni, kif ukoll vi\u017cjoni bil-lejl jew tag\u0127mir ta &#8216;re\u0121istrazzjoni bil-vidjo. L-adapter jista &#8216;ji\u0121i mmuntat fi\u010b-\u010bentru tal-elmu permezz tal-adapter Din hija \u0121lieda spe\u010bjali li tista&#8217; \u017c\u017cid vanta\u0121\u0121 tattiku akbar. Barra minn hekk, min\u0127abba d-disinn modulari, il-ver\u017cjoni \u010bivili tal-elmu FAST li ma jg\u0127addix mill-balal mhux biss tintu\u017ca mill-militar u l-pulizija, i\u017cda wkoll a\u010b\u010bettata bil-\u0127erqa minn sportivi ta &#8216;barra u \u0127addiema tal-qasam b\u0127al \u0121urnalisti u salvata\u0121\u0121. Barra minn hekk, min\u0127abba d-disinn modulari, il-ver\u017cjoni \u010bivili tal-elmu FAST li ma jg\u0127addix mill-balal mhux biss tintu\u017ca mill-militar u l-pulizija, i\u017cda wkoll a\u010b\u010bettata bil-\u0127erqa minn sportivi ta &#8216;barra u \u0127addiema tal-qasam b\u0127al \u0121urnalisti u salvata\u0121\u0121.<\/p>\n<hr \/>\n<p><strong>Huwa l-elmu tas-suldat tattiku tal-fibra FAST aramid protezzjoni tajba, g\u0127aliex hija popolari?<\/strong><\/p>\n<p>Hemm \u017cew\u0121 ra\u0121unijiet: L-ewwel, l-avvanz tat-teknolo\u0121ija g\u0127amel suldati individwali aktar u aktar tag\u0127mir tekniku, li je\u0127tie\u0121u pjattaforma biex jg\u0127abbi a\u010b\u010bessorji tekni\u010bi, u kellhom jissagrifikaw il-protezzjoni biex jag\u0127\u017clu;<br \/>\nIt-tieni nett, l-utenti FAST huma prin\u010bipalment forzi spe\u010bjali, u l-forzi spe\u010bjali sempli\u010bement i\u010bedu xi protezzjoni fid-distanza tal-\u0121lied, il-portabbilt\u00e0 u t-tag\u0127mir tekniku fuq il-pjattaforma jsiru r-rata ta &#8216;sopravivenza, anke f&#8217;applikazzjonijiet pratti\u010bi, \u0121eneralment biss g\u0127al elmi velo\u010bi, mhumiex elementi ta &#8216;unitajiet multipli fuqha, biss g\u0127all-portabbilt\u00e0.<\/p>\n<p>FAST ma jiddependux fuq protezzjoni stretta L-ebda tazzi tal-widnejn fuq i\u017c-\u017cew\u0121 na\u0127at huwa bi\u017c\u017cejjed Prin\u010bipalment g\u0127all-kumdit\u00e0 tal-persunal li jilbes headphones u a\u010b\u010bessorji addizzjonali Elmi tatti\u010bi \u0127fief jirrinunzjaw parzjalment protezzjoni j\u0121ibu benefi\u010b\u010bji akbar fil-\u0121lieda.<\/p>\n<p>L-elmi FAST jintu\u017caw \u0127afna f&#8217;\u0127afna pajji\u017ci, u \u0127afna pajji\u017ci g\u0127andhom disinji ta &#8216;elmi simili \u0127afna g\u0127all-elmi FAST tal-Istati Uniti, b\u0127all-elmi Russi, Fran\u010bi\u017ci u Ingli\u017ci huma ddisinjati skont elmi FAST, g\u0127alkemm se jevolvu ma\u017c-\u017cmien. Dawn l-elmi qed jinbidlu wkoll kontinwament, i\u017cda xorta jidhru simili \u0127afna g\u0127all-elmi FAST, g\u0127al ra\u0121unijiet ovvji, li jipprote\u0121u b&#8217;mod effettiv ir-ras u jimmassimizzaw il-\u0127ajja tas-suldat.<\/p>\n<hr \/>\n<p><strong>FAST fibra aramid tattika suldat elmu prezz?<\/strong><\/p>\n<p>Ixtri direttament mill-websajt tag\u0127na u iffranka 15% off mill-prezz regolari<\/p>\n<p>Jekk trid tixtri l-prodotti tag\u0127na jew g\u0127andek xi mistoqsijiet dwar il-prodotti tag\u0127na, jekk jog\u0127\u0121bok (<a href=\"https:\/\/tyditiao.com\/mt\/kuntatt\/\">ikkuntattjana<\/a>) minnufih, a\u0127na nwie\u0121buk fi \u017cmien \u0121urnata tax-xog\u0127ol. <span style=\"color: #ff0000;\">Jekk trid tordna aktar minn 5 elmi kontra l-balal fl-istess \u0127in, ikollok skont addizzjonali;<\/span><\/p>\n","protected":false},"excerpt":{"rendered":"<p>Mag\u0127mula minn fibra DuPont Kevlar Aramid ta &#8216;sa\u0127\u0127a g\u0127olja, re\u017cistenti g\u0127as-s\u0127ana u mhux fa\u010bli biex ti\u0121i deformata<\/p>\n<p>NIJ Livell IIIA<\/p>\n<p>Is-sistema ta&#8217; a\u0121\u0121ustament ta\u010b-\u010birkonferenza tar-ras tippermettilek ta\u0121\u0121usta \u010b-\u010birkonferenza tar-ras bil-mess ta &#8216;buttuna biex tikseb it-twa\u0127\u0127il ideali tal-elmu<\/p>\n<p>Il-forehead hija rinfurzata b&#8217;\u010bineg elasti\u010bi fuq il-\u0121nub tal-qarnit (qieg\u0127 tal-istand tal-vi\u017cjoni bil-lejl) biex iwa\u0127\u0127lu mirja, kameras, gogils tal-vi\u017cjoni bil-lejl u apparat ie\u0127or<\/p>\n<p>Mg\u0127ammar b&#8217;binarji, immuntar ta &#8216;a\u010b\u010bessorji aktar b&#8217;sa\u0127\u0127tu, jista&#8217; jkun mg\u0127ammar b&#8217;sistema ta &#8216;dawl b&#8217;sa\u0127\u0127itha u dwal ta&#8217; identifikazzjoni tal-beacon, jistg\u0127u wkoll ikunu mg\u0127ammra bi protezzjoni tas-smig\u0127<\/p>\n","protected":false},"featured_media":10257,"comment_status":"open","ping_status":"closed","template":"","meta":[],"product_brand":[],"product_cat":[737,822],"product_tag":[],"woo-feed-brand":[50],"class_list":{"0":"post-14232","1":"product","2":"type-product","3":"status-publish","4":"has-post-thumbnail","6":"product_cat-elmu-kontra-l-balal","7":"product_cat-fast-mt","8":"woo-feed-brand-tyditiao","10":"first","11":"instock","12":"sale","13":"shipping-taxable","14":"purchasable","15":"product-type-simple"},"_links":{"self":[{"href":"https:\/\/tyditiao.com\/mt\/wp-json\/wp\/v2\/product\/14232","targetHints":{"allow":["GET"]}}],"collection":[{"href":"https:\/\/tyditiao.com\/mt\/wp-json\/wp\/v2\/product"}],"about":[{"href":"https:\/\/tyditiao.com\/mt\/wp-json\/wp\/v2\/types\/product"}],"replies":[{"embeddable":true,"href":"https:\/\/tyditiao.com\/mt\/wp-json\/wp\/v2\/comments?post=14232"}],"wp:featuredmedia":[{"embeddable":true,"href":"https:\/\/tyditiao.com\/mt\/wp-json\/wp\/v2\/media\/10257"}],"wp:attachment":[{"href":"https:\/\/tyditiao.com\/mt\/wp-json\/wp\/v2\/media?parent=14232"}],"wp:term":[{"taxonomy":"product_brand","embeddable":true,"href":"https:\/\/tyditiao.com\/mt\/wp-json\/wp\/v2\/product_brand?post=14232"},{"taxonomy":"product_cat","embeddable":true,"href":"https:\/\/tyditiao.com\/mt\/wp-json\/wp\/v2\/product_cat?post=14232"},{"taxonomy":"product_tag","embeddable":true,"href":"https:\/\/tyditiao.com\/mt\/wp-json\/wp\/v2\/product_tag?post=14232"},{"taxonomy":"woo-feed-brand","embeddable":true,"href":"https:\/\/tyditiao.com\/mt\/wp-json\/wp\/v2\/woo-feed-brand?post=14232"}],"curies":[{"name":"wp","href":"https:\/\/api.w.org\/{rel}","templated":true}]}}