{"id":14250,"date":"2022-06-13T04:05:41","date_gmt":"2022-06-13T02:05:41","guid":{"rendered":"http:\/\/tyditiao.com\/product\/elmu-militari-germaniz-elmu-tas-suldat-tal-klassi-iiia-elmu-ballistiku-tattiku-rapidu-ahdar\/"},"modified":"2026-03-14T23:16:54","modified_gmt":"2026-03-14T21:16:54","slug":"fast-bulletproof-tmun-tattika-kevlar-nijiiia-ahdar","status":"publish","type":"product","link":"https:\/\/tyditiao.com\/mt\/product\/fast-bulletproof-tmun-tattika-kevlar-nijiiia-ahdar\/","title":{"rendered":"Elmu Militari \u0120ermani\u017c, Elmu tas-Suldat tal-Klassi IIIA, Elmu Ballistiku Tattiku Rapidu, A\u0127dar"},"content":{"rendered":"<p><strong>Klassi tad-difi\u017ca:<\/strong><\/p>\n<p>Dan l-elmu bulletproof huwa elmu bulletproof NIJ Livell IIIA skond l-istandard NIJ 0101.06, u r-rapport tat-test korrispondenti jista &#8216;ji\u0121i pprovdut.<\/p>\n<hr \/>\n<p><strong>Parametri tal-projettili tad-difi\u017ca:<\/strong><\/p>\n<p>.44 Mag SJHP<br \/>\n.357 SIG FMJ FN<br \/>\n9mm FMJ RN<br \/>\n.357 Mag JSP<br \/>\n.40 S&amp;W FMJ<\/p>\n<p>Jipprovdi wkoll protezzjoni kontra l-bi\u010b\u010ba l-kbira tat-theddid tal-pistoli kif ukoll it-theddid tal-Klassi IIA u II<\/p>\n<hr \/>\n<p><strong>Parametri ta &#8216; l-elmu bulletproof:<\/strong><\/p>\n<p>Isem: NIJ lllA FAST elmu kontra l-balal<\/p>\n<p>Materjal: Fibra Aramid Kevlar-DuPont Tensili G\u0127olja<br \/>\n\u010airkonferenza tar-ras: 52-64 \u010bm<br \/>\nA\u010b\u010bessorji mhux obbligatorji: maskra kontra l-balal, e\u010b\u010b.<br \/>\nKulur tal-elmu: a\u0127dar<br \/>\nIl-MICH huwa elmu li jwaqqaf ir-rawnds tal-pistola u jipprovdi protezzjoni affidabbli kontra debris u debris li jaqg\u0127u.<br \/>\nse tnaqqas il-protezzjoni.<\/p>\n<hr \/>\n<p><strong>&#8220;G\u0127an-nies:<\/strong><\/p>\n<p>L-elmu ballistiku NIJ lllA Kevlar FAST huwa ddisinjat biex jittratta t-theddida ta &#8216;pistoli u shrapnel, b&#8217;annessi aktar b&#8217;sa\u0127\u0127ithom g\u0127al tajbin e\u0127fef u aktar komdi. Dan l-elmu huwa adattat g\u0127at-tipi kollha ta &#8216;utenti. Persunal minn a\u0121enziji b\u0127all-militar, il-pulizija, is-SWAT, is-sigurt\u00e0 interna, id-dwana u l-gwardji tal-fruntiera jistg\u0127u jkunu mg\u0127ammra b&#8217;kapa\u010bitajiet ta &#8216;\u0121lieda mtejba. Hija wkoll g\u0127a\u017cla tajba g\u0127all-protezzjoni tad-dar u l-cosplay.<\/p>\n<hr \/>\n<p><strong>Karatteristi\u010bi tal-Elmu Ballistiku Tattiku Militari FAST:<\/strong><\/p>\n<p>Meta mqabbel ma &#8216;elmi militari normali, l-elmu FAST huwa 25% e\u0127fef. Grazzi g\u0127as-sistema ta &#8216;sospensjoni ta&#8217; l-elmu, l-utenti jistg\u0127u fa\u010bilment ja\u0121\u0121ustaw it-twa\u0127\u0127il jew l-issikkar ta &#8216;l-elmu g\u0127all-a\u0127jar kumdit\u00e0. L-elmu FAST huwa mg\u0127ammar b&#8217;binarji ARC fuq in-na\u0127at tax-xellug u tal-lemin g\u0127all-immuntar ta &#8216;a\u010b\u010bessorji b\u0127al flashlights, headphones li jikkan\u010bellaw il-\u0127oss u tag\u0127mir ta&#8217; komunikazzjoni, kif ukoll vi\u017cjoni bil-lejl jew tag\u0127mir ta &#8216;re\u0121istrazzjoni bil-vidjo. L-adapter jista &#8216;ji\u0121i mmuntat fi\u010b-\u010bentru tal-elmu permezz tal-adapter Din hija \u0121lieda spe\u010bjali li tista&#8217; \u017c\u017cid vanta\u0121\u0121 tattiku akbar. Barra minn hekk, min\u0127abba d-disinn modulari, il-ver\u017cjoni \u010bivili tal-elmu FAST li ma jg\u0127addix mill-balal mhux biss tintu\u017ca mill-militar u l-pulizija, i\u017cda wkoll a\u010b\u010bettata bil-\u0127erqa minn sportivi ta &#8216;barra u \u0127addiema tal-qasam b\u0127al \u0121urnalisti u salvata\u0121\u0121. Barra minn hekk, min\u0127abba d-disinn modulari, il-ver\u017cjoni \u010bivili tal-elmu FAST li ma jg\u0127addix mill-balal mhux biss tintu\u017ca mill-militar u l-pulizija, i\u017cda wkoll a\u010b\u010bettata bil-\u0127erqa minn sportivi ta &#8216;barra u \u0127addiema tal-qasam b\u0127al \u0121urnalisti u salvata\u0121\u0121.<\/p>\n<hr \/>\n<p><strong>L-elmi ballisti\u010bi tatti\u010bi militari FAST jipprovdu protezzjoni tajba u g\u0127aliex huma popolari?<\/strong><\/p>\n<p>Hemm \u017cew\u0121 ra\u0121unijiet: L-ewwel, l-avvanz tat-teknolo\u0121ija g\u0127amel suldati individwali aktar u aktar tag\u0127mir tekniku, li je\u0127tie\u0121u pjattaforma biex jg\u0127abbi a\u010b\u010bessorji tekni\u010bi, u kellhom jissagrifikaw il-protezzjoni biex jag\u0127\u017clu;<br \/>\nIt-tieni nett, l-utenti FAST huma prin\u010bipalment forzi spe\u010bjali, u l-forzi spe\u010bjali sempli\u010bement i\u010bedu xi protezzjoni fid-distanza tal-\u0121lied, il-portabbilt\u00e0 u t-tag\u0127mir tekniku fuq il-pjattaforma jsiru r-rata ta &#8216;sopravivenza, anke f&#8217;applikazzjonijiet pratti\u010bi, \u0121eneralment biss g\u0127al elmi velo\u010bi, mhumiex elementi multipli unitajiet fuqha, biss g\u0127all-portabbilt\u00e0.<\/p>\n<p>FAST ma jiddependux fuq protezzjoni stretta L-ebda tazzi tal-widnejn fuq i\u017c-\u017cew\u0121 na\u0127at huwa bi\u017c\u017cejjed Prin\u010bipalment g\u0127all-kumdit\u00e0 tal-persunal li jilbes headphones u a\u010b\u010bessorji addizzjonali Elmi tatti\u010bi \u0127fief jirrinunzjaw parzjalment protezzjoni j\u0121ibu benefi\u010b\u010bji akbar fil-\u0121lieda.<\/p>\n<p>L-elmi FAST jintu\u017caw \u0127afna f&#8217;\u0127afna pajji\u017ci, u \u0127afna pajji\u017ci g\u0127andhom disinji ta &#8216;elmi simili \u0127afna g\u0127all-elmi FAST tal-Istati Uniti, b\u0127all-elmi Russi, Fran\u010bi\u017ci u Ingli\u017ci huma ddisinjati skont elmi FAST, g\u0127alkemm se jevolvu ma\u017c-\u017cmien. Dawn l-elmi qed jinbidlu wkoll kontinwament, i\u017cda xorta jidhru simili \u0127afna g\u0127all-elmi FAST, g\u0127al ra\u0121unijiet ovvji, li jipprote\u0121u b&#8217;mod effettiv ir-ras u jimmassimizzaw il-\u0127ajja tas-suldat.<\/p>\n<hr \/>\n<p><strong>Prezz tal-elmu ballistiku tattika militari VELO\u010a?<\/strong><\/p>\n<p>Dan huwa l-ma\u0127\u017cen tal-elmu tas-sigurt\u00e0 tattika tag\u0127na, jekk jog\u0127\u0121bok tixtri direttament mill-websajt tag\u0127na, tista &#8216;tikseb 15% off mill-prezz ori\u0121inali<\/p>\n<p>Jekk trid tixtri l-prodotti tag\u0127na jew g\u0127andek xi mistoqsijiet dwar il-prodotti tag\u0127na, jekk jog\u0127\u0121bok (<a href=\"https:\/\/tyditiao.com\/mt\/kuntatt\/\">ikkuntattjana<\/a>) minnufih, a\u0127na nwie\u0121buk fi \u017cmien \u0121urnata tax-xog\u0127ol. Jekk trid tordna aktar minn 5 elmi bulletproof fl-istess \u0127in, ikollok skont addizzjonali;<\/p>\n","protected":false},"excerpt":{"rendered":"<p>Mag\u0127mul minn fibra DuPont Kevlar Aramid ta&#8217; sa\u0127\u0127a g\u0127olja, re\u017cistenti g\u0127as-s\u0127ana u mhux fa\u010bli biex ti\u0121i deformata<\/p>\n<p>NIJ Livell IIIA<\/p>\n<p>Sistema ta &#8216;a\u0121\u0121ustament ta\u010b-\u010birkonferenza tar-ras, tista&#8217; tag\u0127mel l-elmu biex tikseb l-effett ideali tal-ilbies<\/p>\n<p>Is-sistema ta&#8217; a\u0121\u0121ustament ta\u010b-\u010birkonferenza tar-ras tippermettilek ta\u0121\u0121usta \u010b-\u010birkonferenza tar-ras bil-mess ta &#8216;buttuna biex tikseb it-twa\u0127\u0127il ideali tal-elmu<\/p>\n<p>Il-forehead hija rinfurzata b&#8217;\u010bineg elasti\u010bi fuq il-\u0121nub tal-qarnit (qieg\u0127 tal-istand tal-vi\u017cjoni bil-lejl) biex iwa\u0127\u0127lu mirja, kameras, gogils tal-vi\u017cjoni bil-lejl u apparat ie\u0127or<\/p>\n<p>Mg\u0127ammar b&#8217;binarji, immuntar ta &#8216;a\u010b\u010bessorji aktar b&#8217;sa\u0127\u0127tu, jista&#8217; jkun mg\u0127ammar b&#8217;sistema ta &#8216;dawl b&#8217;sa\u0127\u0127itha u dwal ta&#8217; identifikazzjoni tal-beacon, jistg\u0127u wkoll ikunu mg\u0127ammra bi protezzjoni tas-smig\u0127<\/p>\n","protected":false},"featured_media":10314,"comment_status":"open","ping_status":"closed","template":"","meta":[],"product_brand":[],"product_cat":[737,822],"product_tag":[],"woo-feed-brand":[50],"class_list":{"0":"post-14250","1":"product","2":"type-product","3":"status-publish","4":"has-post-thumbnail","6":"product_cat-elmu-kontra-l-balal","7":"product_cat-fast-mt","8":"woo-feed-brand-tyditiao","10":"first","11":"instock","12":"sale","13":"shipping-taxable","14":"purchasable","15":"product-type-simple"},"_links":{"self":[{"href":"https:\/\/tyditiao.com\/mt\/wp-json\/wp\/v2\/product\/14250","targetHints":{"allow":["GET"]}}],"collection":[{"href":"https:\/\/tyditiao.com\/mt\/wp-json\/wp\/v2\/product"}],"about":[{"href":"https:\/\/tyditiao.com\/mt\/wp-json\/wp\/v2\/types\/product"}],"replies":[{"embeddable":true,"href":"https:\/\/tyditiao.com\/mt\/wp-json\/wp\/v2\/comments?post=14250"}],"wp:featuredmedia":[{"embeddable":true,"href":"https:\/\/tyditiao.com\/mt\/wp-json\/wp\/v2\/media\/10314"}],"wp:attachment":[{"href":"https:\/\/tyditiao.com\/mt\/wp-json\/wp\/v2\/media?parent=14250"}],"wp:term":[{"taxonomy":"product_brand","embeddable":true,"href":"https:\/\/tyditiao.com\/mt\/wp-json\/wp\/v2\/product_brand?post=14250"},{"taxonomy":"product_cat","embeddable":true,"href":"https:\/\/tyditiao.com\/mt\/wp-json\/wp\/v2\/product_cat?post=14250"},{"taxonomy":"product_tag","embeddable":true,"href":"https:\/\/tyditiao.com\/mt\/wp-json\/wp\/v2\/product_tag?post=14250"},{"taxonomy":"woo-feed-brand","embeddable":true,"href":"https:\/\/tyditiao.com\/mt\/wp-json\/wp\/v2\/woo-feed-brand?post=14250"}],"curies":[{"name":"wp","href":"https:\/\/api.w.org\/{rel}","templated":true}]}}