{"id":14295,"date":"2022-06-13T03:53:55","date_gmt":"2022-06-13T01:53:55","guid":{"rendered":"http:\/\/tyditiao.com\/product\/armatura-kontra-l-balal-elmu-tattiku-tal-klassi-iiia-elmu-tal-forzi-specjali-mich2000-kannella-car\/"},"modified":"2026-01-26T09:41:48","modified_gmt":"2026-01-26T07:41:48","slug":"mich2000-bulletproof-helm-kevlar-livell-3-kannella-car","status":"publish","type":"product","link":"https:\/\/tyditiao.com\/mt\/product\/mich2000-bulletproof-helm-kevlar-livell-3-kannella-car\/","title":{"rendered":"Armatura kontra l-balal, elmu tattiku tal-Klassi IIIA, elmu tal-forzi spe\u010bjali mich2000, kannella \u010bar"},"content":{"rendered":"<p>Il-MICH huwa elmu li jwaqqaf ir-rawnds tal-pistola u jipprovdi protezzjoni affidabbli kontra debris u debris li jaqg\u0127u. Il-qatg\u0127a baxxa tipprovdi kopertura a\u0127jar fuq i\u017c-\u017cew\u0121 na\u0127at tar-ras minn elmi tal-widna. Dawn l-elmi ji\u0121u wkoll ma\u2019 ear cups biex jakkomodaw headphones u tag\u0127mir ie\u0127or ta\u2019 komunikazzjoni.<\/p>\n<hr \/>\n<p><strong>Klassi tad-difi\u017ca:<\/strong><\/p>\n<p>Dan l-elmu bulletproof huwa elmu bulletproof NIJ Livell IIIA skond l-istandard NIJ 0101.06, u r-rapport tat-test korrispondenti jista &#8216;ji\u0121i pprovdut.<\/p>\n<p>Dan il-prodott jikkwalifika wkoll b\u0127ala Elmu ta&#8217; \u0120lieda Mtejba (ECH) meta jintu\u017ca ma&#8217; pjan\u010ba ta&#8217; armatura ta&#8217; fuq g\u0127al protezzjoni vera ta&#8217; xkubetta<\/p>\n<hr \/>\n<p><strong>Parametri tal-projettili tad-difi\u017ca:<\/strong><\/p>\n<p>.44 Mag SJHP<br \/>\n.357 SIG FMJ FN<br \/>\n9mm FMJ RN<br \/>\n.357 Mag JSP<br \/>\n.40 S&amp;W FMJ<\/p>\n<p>Jipprovdi wkoll protezzjoni kontra l-bi\u010b\u010ba l-kbira tat-theddid tal-pistoli kif ukoll it-theddid tal-Klassi IIA u II<\/p>\n<hr \/>\n<p><strong>Parametri ta &#8216; l-elmu bulletproof:<\/strong><br \/>\nIsem: NIJ lllA MICH2000 elmu bulletproof<\/p>\n<p>Materjal: Fibra Aramid Kevlar-DuPont Tensili G\u0127olja<br \/>\n\u010airkonferenza tar-ras: 52-60 cm (a\u0121\u0121ustament tad-dahar tad-dahar f&#8217;\u017cew\u0121 stadji u \u010binga tal-geddum a\u0121\u0121ustabbli)<br \/>\nInforra: Kisja tal-fowm ta &#8216;rebound bil-mod li tista&#8217; ter\u0121a &#8216;ti\u0121i posizzjonata \u017c\u017comm l-elmu komdu u tevita l-g\u0127eja u s-s\u0127ana \u017cejda.<br \/>\nA\u010b\u010bessorji mhux obbligatorji: maskra kontra l-balal, e\u010b\u010b.<br \/>\nKulur tal-elmu: Kannella \u010bar<br \/>\nIl-MICH huwa elmu li jwaqqaf ir-rawnds tal-pistola u jipprovdi protezzjoni affidabbli kontra debris u debris li jaqg\u0127u.<br \/>\nse tnaqqas il-protezzjoni.<\/p>\n<hr \/>\n<p><strong>&#8220;G\u0127an-nies:<\/strong><br \/>\nL-Elmu Ballistiku NIJ lllA Kevlar MICH2000 jimmani\u0121\u0121ja t-theddid ta &#8216;pistola u shrapnel b&#8217;kapa\u010bit\u00e0 akbar ta&#8217; twa\u0127\u0127il g\u0127al a\u0121\u0121ustament e\u0127fef u aktar komdu. Dan l-elmu huwa adattat g\u0127at-tipi kollha ta &#8216;utenti. Persunal minn a\u0121enziji b\u0127all-militar, il-pulizija, l-SWAT, is-sigurt\u00e0 interna, id-dwana u l-gwardji tal-fruntiera jistg\u0127u jkunu mg\u0127ammra b\u2019kapa\u010bitajiet ta\u2019 \u0121lieda mtejba. Hija wkoll g\u0127a\u017cla tajba g\u0127all-protezzjoni tad-dar u l-cosplay.<\/p>\n<hr \/>\n<p>Jekk trid tixtri l-prodotti tag\u0127na jew g\u0127andek xi mistoqsijiet dwar il-prodotti tag\u0127na;<br \/>\nJekk g\u0127andek xi \u0127ti\u0121ijiet ta &#8216;adattament;<br \/>\nJekk jog\u0127\u0121bok (<a href=\"https:\/\/tyditiao.com\/mt\/kuntatt\/\">ikkuntattjana<\/a>) immedjatament, a\u0127na nwie\u0121buk fi \u017cmien \u0121urnata tax-xog\u0127ol.<\/p>\n","protected":false},"excerpt":{"rendered":"<p>\u017bona ta &#8216;protezzjoni kbira: I\u017c-\u017cona ta&#8217; protezzjoni hija akbar minn dik ta &#8216;elmi tradizzjonali kontra l-balal, li tipprovdi protezzjoni tajba g\u0127all-parti tal-widna<\/p>\n<p>Kwalit\u00e0 Tajba: Mag\u0127mula minn fibra DuPont Kevlar Aramid ta &#8216;kwalit\u00e0 g\u0127olja, re\u017cistenti g\u0127as-s\u0127ana u mhux deformata fa\u010bilment<\/p>\n<p>Prestazzjoni ballistika tajba: livell NIJ IIIA<\/p>\n<p>Is-sistema tat-tnixxif tas-si\u010b\u010b u s-sett tal-binarji tax-xellug u tal-lemin jippermettulek tinstalla sett tal-widna, dawl tan-nar, kamera, lista tal-flash, vi\u017cjoni bil-lejl, kamera GoPro, nu\u010b\u010balijiet NVG<\/p>\n<p>Prestazzjoni tajba ta &#8216;titjib: maskra ta&#8217; l-ossi\u0121nu li tista &#8216;ti\u0121i a\u0121\u0121ornata, elmu, tarka tal-\u0121enb, tarka tal-\u0121enb korazzata, tarka protettiva, kopertura ta&#8217; l-elmu<\/p>\n","protected":false},"featured_media":10200,"comment_status":"open","ping_status":"closed","template":"","meta":[],"product_brand":[],"product_cat":[737,803],"product_tag":[],"woo-feed-brand":[50],"class_list":{"0":"post-14295","1":"product","2":"type-product","3":"status-publish","4":"has-post-thumbnail","6":"product_cat-elmu-kontra-l-balal","7":"product_cat-mich2000-mt","8":"woo-feed-brand-tyditiao","10":"first","11":"instock","12":"sale","13":"shipping-taxable","14":"purchasable","15":"product-type-simple"},"_links":{"self":[{"href":"https:\/\/tyditiao.com\/mt\/wp-json\/wp\/v2\/product\/14295","targetHints":{"allow":["GET"]}}],"collection":[{"href":"https:\/\/tyditiao.com\/mt\/wp-json\/wp\/v2\/product"}],"about":[{"href":"https:\/\/tyditiao.com\/mt\/wp-json\/wp\/v2\/types\/product"}],"replies":[{"embeddable":true,"href":"https:\/\/tyditiao.com\/mt\/wp-json\/wp\/v2\/comments?post=14295"}],"wp:featuredmedia":[{"embeddable":true,"href":"https:\/\/tyditiao.com\/mt\/wp-json\/wp\/v2\/media\/10200"}],"wp:attachment":[{"href":"https:\/\/tyditiao.com\/mt\/wp-json\/wp\/v2\/media?parent=14295"}],"wp:term":[{"taxonomy":"product_brand","embeddable":true,"href":"https:\/\/tyditiao.com\/mt\/wp-json\/wp\/v2\/product_brand?post=14295"},{"taxonomy":"product_cat","embeddable":true,"href":"https:\/\/tyditiao.com\/mt\/wp-json\/wp\/v2\/product_cat?post=14295"},{"taxonomy":"product_tag","embeddable":true,"href":"https:\/\/tyditiao.com\/mt\/wp-json\/wp\/v2\/product_tag?post=14295"},{"taxonomy":"woo-feed-brand","embeddable":true,"href":"https:\/\/tyditiao.com\/mt\/wp-json\/wp\/v2\/woo-feed-brand?post=14295"}],"curies":[{"name":"wp","href":"https:\/\/api.w.org\/{rel}","templated":true}]}}