{"id":14312,"date":"2022-06-13T03:50:24","date_gmt":"2022-06-13T01:50:24","guid":{"rendered":"http:\/\/tyditiao.com\/product\/taghmir-tattiku-tal-klassi-iiia-elmu-militari-kontra-l-balal-iswed\/"},"modified":"2026-03-17T13:18:07","modified_gmt":"2026-03-17T11:18:07","slug":"mich2000-bulletproof-helm-kevlar-livell-3-iswed","status":"publish","type":"product","link":"https:\/\/tyditiao.com\/mt\/product\/mich2000-bulletproof-helm-kevlar-livell-3-iswed\/","title":{"rendered":"Tag\u0127mir tattiku tal-Klassi IIIA, elmu militari kontra l-balal, iswed"},"content":{"rendered":"<p><strong>Klassi tad-difi\u017ca:<\/strong><br \/>\nDan l-elmu bulletproof huwa elmu bulletproof NIJ Livell IIIA skond l-istandard NIJ 0101.06, u r-rapport tat-test korrispondenti jista &#8216;ji\u0121i pprovdut.<\/p>\n<hr \/>\n<p><strong>Parametri tal-projettili tad-difi\u017ca:<\/strong><br \/>\n.44 Mag SJHP<br \/>\n.357 SIG FMJ FN<br \/>\n9mm FMJ RN<br \/>\n.357 Mag JSP<br \/>\n.40 S&amp;W FMJ<\/p>\n<p>Jipprovdi wkoll protezzjoni kontra l-bi\u010b\u010ba l-kbira tat-theddid tal-pistoli kif ukoll it-theddid tal-Klassi IIA u II<\/p>\n<hr \/>\n<p><strong>Parametri ta &#8216; l-elmu bulletproof:<\/strong><br \/>\nIsem: NIJ lllA MICH2000 elmu bulletproof<\/p>\n<p>Materjal: Fibra Aramid Kevlar-DuPont Tensili G\u0127olja<br \/>\n\u010airkonferenza tar-ras: 52-60 \u010bm<br \/>\nInforra: Kisja tal-fowm ta &#8216;rebound bil-mod li tista&#8217; ter\u0121a &#8216;ti\u0121i posizzjonata \u017c\u017comm l-elmu komdu u tevita l-g\u0127eja u s-s\u0127ana \u017cejda.<br \/>\nA\u010b\u010bessorji mhux obbligatorji: maskra tal-ossi\u0121nu, tarka tal-wi\u010b\u010b, tarka tal-\u0121enb, tarka tal-\u0121enb tal-korazza, tarka, kopertura tal-elmu, maskra li ma jg\u0127addix balal, e\u010b\u010b.<br \/>\nKulur tal-elmu: Iswed<br \/>\nIl-MICH huwa elmu li jwaqqaf ir-rawnds tal-pistola u jipprovdi protezzjoni affidabbli kontra debris u debris li jaqg\u0127u.<br \/>\nse tnaqqas il-protezzjoni.<\/p>\n<hr \/>\n<p><strong>&#8220;G\u0127an-nies:<\/strong><br \/>\nL-Elmu Ballistiku NIJ lllA Kevlar MICH2000 jimmani\u0121\u0121a t-theddid ta &#8216;pistola u shrapnel b&#8217;kapa\u010bit\u00e0 akbar ta&#8217; twa\u0127\u0127il g\u0127al a\u0121\u0121ustament e\u0127fef u aktar komdu. Dan l-elmu huwa adattat g\u0127at-tipi kollha ta &#8216;utenti. Persunal minn a\u0121enziji b\u0127all-militar, il-pulizija, is-SWAT, is-sigurt\u00e0 interna, id-dwana u l-gwardji tal-fruntiera jistg\u0127u jkunu mg\u0127ammra b&#8217;kapa\u010bitajiet ta &#8216;\u0121lieda mtejba. Hija wkoll g\u0127a\u017cla tajba g\u0127all-protezzjoni tad-dar u l-cosplay.<\/p>\n<hr \/>\n<p><strong>X&#8217;inhu l-elmu militari MICH2000 Kevlar?<\/strong><br \/>\nL-Elmu tal-Komunikazzjoni Integrata Modulari (MICH) huwa elmu tal-\u0121lieda kontra l-Amerika u wie\u0127ed minn diversi elmi u\u017cati mill-militar Amerikan. \u0120ie \u017cviluppat mi\u010b-\u010aentru tas-Sistemi tas-Sistemi tas-Suldati tal-Armata tal-Istati Uniti b\u0127ala l-elmu protettiv tal-\u0121lieda kontra l-\u0121enerazzjoni li jmiss u\u017cat mill-militar tal-Istati Uniti. Ir-ra\u0121uni ewlenija g\u0127all-i\u017cvilupp tal-MICH kienet li tissostitwixxi l-PAGTs protettivi i\u017cda tqal, peress li kienu e\u0127fef, aktar komdi, tajbin a\u0127jar, u kienu aktar fa\u010bli biex ji\u0121u installati a\u010b\u010bessorji, spe\u010bjalment tag\u0127mir ta &#8216;vi\u017cjoni bil-lejl u kuffji tal-widna tal-komunikazzjoni. Ma jikkaw\u017cax stress bla b\u017conn fuq l-g\u0127onq. Inizjalment, intu\u017ca kwa\u017ci esklussivament minn SOCOM u xi entitajiet relatati mill-qrib. Sal-lum, il-MICH u d-derivattivi tieg\u0127u, l-Advanced Combat Helmet u l-Modified Combat Helmet, \u0127adu post kompletament il- PASGT fis-servizz attiv tal-Armata tal-Istati Uniti u jintu\u017caw, tal-inqas sa \u010bertu punt, fid-divi\u017cjonijiet kollha tal-Armata tal-Istati Uniti.<\/p>\n<hr \/>\n<p><strong>Karatteristi\u010bi tal-elmu MICH2000 Kevlar:<\/strong><br \/>\nIl-pi\u017c tal-MICH huwa madwar 1.6 kg. Il-MICH huwa wkoll kemmxejn i\u017cg\u0127ar mill-PAGT, g\u0127andu firxa ta &#8216;8% inqas, ju\u017ca fibri Kevlar \u0121odda u aktar avvanzati, u joffri protezzjoni a\u0127jar g\u0127all-pistola u l-projettili. Sistema ta &#8216;ttaffi u sistema ta&#8217; qfil b&#8217;erba &#8216;punti, simili g\u0127all-protetturi u \u010bineg fuq skateboards, elmi tar-roti u elmi tal-ilma, jissostitwixxu s-sistema ta&#8217; sospensjoni tal-korda tan-najlon, l-g\u0127araq u \u010b-\u010binga tal-geddum misjuba fuq l-elmi PASGT. Din il-bidla tipprovdi lil min jilbisha protezzjoni u kumdit\u00e0 akbar mill-impatt. G\u0127andu bracket ta &#8216;immuntar ta&#8217; quddiem g\u0127al gogils tal-vi\u017cjoni bil-lejl (b\u0127al AN\/PVS-14 jew AN\/PVS-15), simili g\u0127al dak fuq l-elmu PASGT. G\u0127andu wkoll par \u010bineg fuq wara biex jitwa\u0127\u0127lu nu\u010b\u010balijiet tas-sigurt\u00e0, kif ukoll kopertura ta &#8216;l-elmu tad-drapp f&#8217;diversi mudelli ta&#8217; kamufla\u0121\u0121. G\u0127all-kuntrarju ta &#8216;kontorn &#8220;mg\u0127aw\u0121a&#8221;, PASGT huwa primarjament dwar it-tne\u0127\u0127ija tal-brows u t-tg\u0127ollija tal-\u0121nub g\u0127al punt &#8220;\u010batt&#8221; fuq ix-xifer t&#8217;isfel wara t-tempji. Dan inaqqas xi ftit il-pi\u017c u jippermetti g\u0127arfien a\u0127jar tas-sitwazzjoni u inqas ostakli fil-kamp vi\u017civ tal-utent, spe\u010bjalment meta kkombinat ma &#8216;sdieri tal-balal inter\u010betturi. Is-suldati pre\u010bedentement ilmentaw li l-g\u0127onq g\u0127oli tal-inter\u010bettazzjoni u \u010b-\u010binga tal-geddum b&#8217;\u017cew\u0121 punti jimbuttaw in-na\u0127a ta &#8216;wara tal-elmu PASGT &#8216;il quddiem, u meta jippruvaw jisparaw minn po\u017cizzjoni suxxettibbli, it-tarf tal-elmu ji\u017c\u017cer\u017caq minn g\u0127ajnejhom, li f&#8217;MICH, g\u0127andu \u010binga tal-geddum imdejqa Contoured u erba &#8216;punti.<\/p>\n<hr \/>\n<p><strong>Liema huwa l-aktar popolari, elmu ballistiku tattiku MICH2000 jew FAST?<\/strong><br \/>\nIl-MICH2000 g\u0127andu wi\u010b\u010b protettiv akbar, li huwa aktar ta &#8216;benefi\u010b\u010bju jekk ma tippjanax li tinstalla \u0127afna a\u010b\u010bessorji. Jekk qed tippjana li tag\u0127\u017cel \u0127afna tag\u0127mir, b\u0127al (liebes flashlight, headphones li jikkan\u010bellaw il-\u0127sejjes u tag\u0127mir ta &#8216;komunikazzjoni, nu\u010b\u010balijiet ta&#8217; vi\u017cjoni bil-lejl jew tag\u0127mir tal-vidjo, e\u010b\u010b.), Huwa rakkomandat li tag\u0127\u017cel FAST, g\u0127ax mhux se jkun tqil wisq , se tag\u0127mel pressjoni fuq l-g\u0127onq, li se taffettwa indirettament il-\u0127ila ta &#8216; l-attivit\u00e0.<\/p>\n<hr \/>\n<p><strong>prezz tal-elmu militari MICH2000<\/strong><br \/>\nDan huwa l-ma\u0127\u017cen tal-elmu tas-sigurt\u00e0 tattika tag\u0127na, jekk jog\u0127\u0121bok tixtri direttament mill-websajt tag\u0127na, tista &#8216;tikseb 15% off mill-prezz ori\u0121inali<\/p>\n<hr \/>\n<p>Jekk trid tixtri l-prodotti tag\u0127na jew g\u0127andek xi mistoqsijiet dwar il-prodotti tag\u0127na;<br \/>\nJekk g\u0127andek xi \u0127ti\u0121ijiet ta &#8216;adattament;<br \/>\nJekk jog\u0127\u0121bok (<a href=\"https:\/\/tyditiao.com\/mt\/kuntatt\/\">ikkuntattjana<\/a>) immedjatament, a\u0127na nwie\u0121buk fi \u017cmien \u0121urnata tax-xog\u0127ol.<\/p>\n","protected":false},"excerpt":{"rendered":"<p>Mag\u0127mul minn fibra DuPont Kevlar Aramid ta&#8217; sa\u0127\u0127a g\u0127olja, re\u017cistenti g\u0127as-s\u0127ana u mhux fa\u010bli biex ti\u0121i deformata<\/p>\n<p>NIJ Livell IIIA<\/p>\n<p>Sistema ta &#8216;a\u0121\u0121ustament ta\u010b-\u010birkonferenza tar-ras, tista&#8217; tag\u0127mel l-elmu biex tikseb l-effett ideali tal-ilbies<\/p>\n<p>Il-forehead hija rinfurzata b&#8217;\u010bineg elasti\u010bi fuq il-\u0121nub tal-qarnit (qieg\u0127 tal-istand tal-vi\u017cjoni bil-lejl) biex iwa\u0127\u0127lu mirja, kameras, gogils tal-vi\u017cjoni bil-lejl u apparat ie\u0127or<\/p>\n<p>Mg\u0127ammar b&#8217;binarji, immuntar ta &#8216;a\u010b\u010bessorji aktar b&#8217;sa\u0127\u0127tu, jista&#8217; jkun mg\u0127ammar b&#8217;sistema ta &#8216;dawl b&#8217;sa\u0127\u0127itha u dwal ta&#8217; identifikazzjoni tal-beacon, jistg\u0127u wkoll ikunu mg\u0127ammra bi protezzjoni tas-smig\u0127<\/p>\n","protected":false},"featured_media":11397,"comment_status":"open","ping_status":"closed","template":"","meta":[],"product_brand":[],"product_cat":[737,803],"product_tag":[],"woo-feed-brand":[50],"class_list":{"0":"post-14312","1":"product","2":"type-product","3":"status-publish","4":"has-post-thumbnail","6":"product_cat-elmu-kontra-l-balal","7":"product_cat-mich2000-mt","8":"woo-feed-brand-tyditiao","10":"first","11":"instock","12":"sale","13":"shipping-taxable","14":"purchasable","15":"product-type-simple"},"_links":{"self":[{"href":"https:\/\/tyditiao.com\/mt\/wp-json\/wp\/v2\/product\/14312","targetHints":{"allow":["GET"]}}],"collection":[{"href":"https:\/\/tyditiao.com\/mt\/wp-json\/wp\/v2\/product"}],"about":[{"href":"https:\/\/tyditiao.com\/mt\/wp-json\/wp\/v2\/types\/product"}],"replies":[{"embeddable":true,"href":"https:\/\/tyditiao.com\/mt\/wp-json\/wp\/v2\/comments?post=14312"}],"wp:featuredmedia":[{"embeddable":true,"href":"https:\/\/tyditiao.com\/mt\/wp-json\/wp\/v2\/media\/11397"}],"wp:attachment":[{"href":"https:\/\/tyditiao.com\/mt\/wp-json\/wp\/v2\/media?parent=14312"}],"wp:term":[{"taxonomy":"product_brand","embeddable":true,"href":"https:\/\/tyditiao.com\/mt\/wp-json\/wp\/v2\/product_brand?post=14312"},{"taxonomy":"product_cat","embeddable":true,"href":"https:\/\/tyditiao.com\/mt\/wp-json\/wp\/v2\/product_cat?post=14312"},{"taxonomy":"product_tag","embeddable":true,"href":"https:\/\/tyditiao.com\/mt\/wp-json\/wp\/v2\/product_tag?post=14312"},{"taxonomy":"woo-feed-brand","embeddable":true,"href":"https:\/\/tyditiao.com\/mt\/wp-json\/wp\/v2\/woo-feed-brand?post=14312"}],"curies":[{"name":"wp","href":"https:\/\/api.w.org\/{rel}","templated":true}]}}