{"id":14333,"date":"2022-10-21T05:25:40","date_gmt":"2022-10-21T03:25:40","guid":{"rendered":"http:\/\/tyditiao.com\/product\/uhmwpe-nij-livell-iiia-7mm-0-5kg-pjanca-tas-sider-bulletproof-250x300mm\/"},"modified":"2026-01-26T09:36:49","modified_gmt":"2026-01-26T07:36:49","slug":"uhmwpe-nij-level-iiia-7mm-0-5kgn-breastplate-bulletproof-250x300mm","status":"publish","type":"product","link":"https:\/\/tyditiao.com\/mt\/product\/uhmwpe-nij-level-iiia-7mm-0-5kgn-breastplate-bulletproof-250x300mm\/","title":{"rendered":"UHMWPE, NIJ Livell IIIA, 7MM, 0.5KG, Pjan\u010ba tas-sider Bulletproof, 250X300MM"},"content":{"rendered":"<p>Pi\u017c: 0.5KG<br \/>\nMaterjal: PE<br \/>\n\u0126xuna: 7MM<br \/>\nKlassi ta&#8217; protezzjoni: livell NIJ IIIA (GA4)<\/p>\n<p>Saff ta &#8216;barra: drapp iswed tal-poliester li ma jg\u0127addix ilma minnu;<br \/>\nDimensjonijiet: 250x300mm \/ 9.8&#8217;x11.8&#8217;<br \/>\nForma: Trapezoid (Bord Trapezoid b&#8217;kantunieri \u010banfrinati)<\/p>\n<p>Il-lista ta &#8216;affarijiet li se nippakja:<br \/>\n1 x Trapezoidal Bulletproof Plate.<\/p>\n<p>Avvi\u017c:<br \/>\nVest li jirrifletti mhux inklu\u017c<\/p>\n<p>Utenti fil-mira: Forzi Armati, SWAT, Sigurt\u00e0 Interna, Protezzjoni tad-Dwana u tal-Fruntieri, Kontroll tal-Immigrazzjoni, u o\u0127rajn li jiffa\u010b\u010bjaw theddid tal-armi jistg\u0127u jkunu mg\u0127ammra bil-prodotti tag\u0127na. In-nies jiksbu ri\u017cultati a\u0127jar u inqas vittmi. Il-prodott huwa wkoll adattat a\u0127jar g\u0127al sitwazzjonijiet b\u0127al missjonijiet fuq distanza twila jew missjonijiet fuq distanza twila. Hija wkoll g\u0127a\u017cla tajba g\u0127all-protezzjoni tal-familja tieg\u0127ek stess<\/p>\n","protected":false},"excerpt":{"rendered":"<p>Din l-inforra hija mag\u0127mula minn fibra PE pura: il-vanta\u0121\u0121 huwa pi\u017c \u0127afif u inqas \u010bans ta &#8216;\u0127sara sekondarja wara l-qali. Ladarba msakkra, il-projettili huwa inkorporat fix-xafra bi probabbilt\u00e0 baxxa \u0127afna ta &#8216;rebound<\/p>\n<p>Pjan\u010ba bulletproof PE pura, grad NIJ IIIA: pi\u017c 0.5 kg, prova ta\u010b-\u010bomb, 54-tip, 64-tip pistola, 79-tip submachine gun<\/p>\n<p>Saff buffer: Hemm saff ta &#8216;kuxxinett tal-qoton EVA li ma jg\u0127addix xokk \u0121ewwa kull pjan\u010ba bulletproof, li jista&#8217; effettivament inaqqas l-impatt fuq il-\u0121isem tal-bniedem wara li jkun ibbumbardjat<\/p>\n<p>Disinn ta &#8216;arkata doppja: Mog\u0127dija mekkanika fuq in-na\u0127at tax-xellug u tal-lemin tal-bord skont prin\u010bipji ergonomi\u010bi tag\u0127mel it-truf arkati tajbin mal-\u0121isem perfettament<\/p>\n","protected":false},"featured_media":12100,"comment_status":"open","ping_status":"closed","template":"","meta":[],"product_brand":[],"product_cat":[885],"product_tag":[],"woo-feed-brand":[50],"class_list":{"0":"post-14333","1":"product","2":"type-product","3":"status-publish","4":"has-post-thumbnail","6":"product_cat-pjanca-tas-sider-bulletproof","7":"woo-feed-brand-tyditiao","9":"first","10":"instock","11":"sale","12":"shipping-taxable","13":"purchasable","14":"product-type-simple"},"_links":{"self":[{"href":"https:\/\/tyditiao.com\/mt\/wp-json\/wp\/v2\/product\/14333","targetHints":{"allow":["GET"]}}],"collection":[{"href":"https:\/\/tyditiao.com\/mt\/wp-json\/wp\/v2\/product"}],"about":[{"href":"https:\/\/tyditiao.com\/mt\/wp-json\/wp\/v2\/types\/product"}],"replies":[{"embeddable":true,"href":"https:\/\/tyditiao.com\/mt\/wp-json\/wp\/v2\/comments?post=14333"}],"wp:featuredmedia":[{"embeddable":true,"href":"https:\/\/tyditiao.com\/mt\/wp-json\/wp\/v2\/media\/12100"}],"wp:attachment":[{"href":"https:\/\/tyditiao.com\/mt\/wp-json\/wp\/v2\/media?parent=14333"}],"wp:term":[{"taxonomy":"product_brand","embeddable":true,"href":"https:\/\/tyditiao.com\/mt\/wp-json\/wp\/v2\/product_brand?post=14333"},{"taxonomy":"product_cat","embeddable":true,"href":"https:\/\/tyditiao.com\/mt\/wp-json\/wp\/v2\/product_cat?post=14333"},{"taxonomy":"product_tag","embeddable":true,"href":"https:\/\/tyditiao.com\/mt\/wp-json\/wp\/v2\/product_tag?post=14333"},{"taxonomy":"woo-feed-brand","embeddable":true,"href":"https:\/\/tyditiao.com\/mt\/wp-json\/wp\/v2\/woo-feed-brand?post=14333"}],"curies":[{"name":"wp","href":"https:\/\/api.w.org\/{rel}","templated":true}]}}