{"id":16855,"date":"2025-04-17T11:28:35","date_gmt":"2025-04-17T09:28:35","guid":{"rendered":"https:\/\/tyditiao.com\/product\/elmu-ballistiku-btarka-tal-wicc-u-lqugh-tal-geddum-tdtm-3-protezzjoni-shiha-nij-iiia-ideali-ghal-kundizzjonijiet-tattici-estremi\/"},"modified":"2025-04-22T15:37:20","modified_gmt":"2025-04-22T13:37:20","slug":"elmu-ballistiku-btarka-tal-wicc-u-lqugh-tal-geddum-tdtm-3-protezzjoni-shiha-nij-iiia-ideali-ghal-kundizzjonijiet-tattici-estremi","status":"publish","type":"product","link":"https:\/\/tyditiao.com\/mt\/product\/elmu-ballistiku-btarka-tal-wicc-u-lqugh-tal-geddum-tdtm-3-protezzjoni-shiha-nij-iiia-ideali-ghal-kundizzjonijiet-tattici-estremi\/","title":{"rendered":"elmu ballistiku b&#8217;tarka tal-wi\u010b\u010b u lqug\u0127 tal-geddum, TDTM-3, protezzjoni s\u0127i\u0127a NIJ IIIA, ideali g\u0127al kundizzjonijiet tatti\u010bi estremi"},"content":{"rendered":"<p>\u0126\u0121ie\u0121 bullet-proof ta &#8216;qawwa g\u0127olja: \u0126\u0121ie\u0121 bullet-proof ta&#8217; kwalit\u00e0 g\u0127olja jipprovdi protezzjoni effettiva g\u0127all-wi\u010b\u010b tieg\u0127ek fil-ka\u017c ta &#8216;splu\u017cjoni jew impatt filwaqt li ji\u017cgura vi\u017cibilit\u00e0 e\u010b\u010bellenti.<\/p>\n<p>Modulu tal-Gwardja tax-Xdaq: Modulu ddisinjat spe\u010bifikament biex jipprote\u0121i \u017c-\u017cona tax-xedaq, li jipprovdi protezzjoni addizzjonali lill-geddum, jipprote\u0121i kontra korrimenti waqt operazzjonijiet tatti\u010bi.<\/p>\n<p>Sistema ta &#8216;a\u0121\u0121ustament komda: Mg\u0127ammar b&#8217;sistema ta&#8217; sospensjoni a\u0121\u0121ustabbli u ikkuttunar tal-fowm tal-memorja ta &#8216;densit\u00e0 g\u0127olja li jipprovdi ttaffi, jassorbi l-umdit\u00e0 u l-g\u0127araq, u jnaqqas l-g\u0127eja waqt u\u017cu fit-tul. Id-disponibbilt\u00e0 ta &#8216;daqsijiet differenti (S, M, L, XL) tiggarantixxi tajbin komdu g\u0127all-forma tar-ras. <\/p>\n<p>Immuntar ta &#8216;a\u010b\u010bessorji tatti\u010bi: L-elmu g\u0127andu punti ta&#8217; mmuntar multipli li jippermettu installazzjoni ta &#8216;malajr ta&#8217; vi\u017cjoni bil-lejl, tag\u0127mir ta &#8216;komunikazzjoni u a\u010b\u010bessorji tatti\u010bi o\u0127ra, li jissodisfaw ir-rekwi\u017citi ta&#8217; operazzjonijiet ta &#8216;\u0121lied spe\u010bjalizzati.<\/p>\n<p><strong>Noti Spe\u010bjali:<\/strong><\/p>\n<p>Dan l-elmu ballistiku tal-klassi NIJ IIIA jipprovdi protezzjoni komprensiva tar-ras waqt operazzjonijiet tatti\u010bi. Kien iddisinjat apposta biex ji\u017cgura s-sigurt\u00e0 tas-suldati f&#8217;kundizzjonijiet estremi. Kemm jekk huwa \u0127\u0121ie\u0121 re\u017cistenti g\u0127all-balal fuq il-wi\u010b\u010b jew moduli re\u017cistenti g\u0127all-balal fuq ix-xedaq, jipprovdu protezzjoni ming\u0127ajr paragun kontra shrapnel, frammenti u \u0127sara mill-impatt. Id-disinn ma\u0127sub sew u s-sistema ta &#8216;a\u0121\u0121ustament tal-kumdit\u00e0 jiggarantixxu kumdit\u00e0 massima waqt il-\u0121lieda fit-tul. Kemm jekk fuq il-kamp tal-battalja, operazzjoni tal-infurzar tal-li\u0121i, jew ambjent ta &#8216;ta\u0127ri\u0121, nistg\u0127u nipprovdulek appo\u0121\u0121 sod.    <\/p>\n<p>Jekk ma jkunx hemm rimarka spe\u010bjali, il-konfigurazzjoni default hija: daqs L, kulur a\u0127dar. Barra minn hekk, noffru firxa wiesg\u0127a ta &#8216;kuluri (ramel\/iswed\/a\u0127dar\/MC camouflage\/lupu kannella) u daqsijiet (S, M, L, XL) minn fejn jag\u0127\u017clu. <\/p>\n<p>Irrispettivament minn fejn int, tista &#8216;tag\u0127mel l-ordni tieg\u0127ek direttament permezz ta&#8217; din il-link u tag\u0127mel ix-xiri tieg\u0127ek ming\u0127ajr ebda problema. Sempli\u010bement spe\u010bifika d-daqs u l-kulur li g\u0127andek b\u017conn fin-noti tal-ordni (per e\u017cempju: XL-iswed) u tir\u010bievi t-tag\u0127mir tal-\u0127olm tieg\u0127ek. A\u0127na mhux se ni\u010b\u010bar\u0121jaw mi\u017cati addizzjonali g\u0127all-g\u0127a\u017cla ta &#8216;kuluri u daqsijiet o\u0127ra.  <\/p>\n<hr>\n<p><strong>Rigward ix-xenarji:<\/strong><\/p>\n<p>Forzi ta&#8217; Operazzjonijiet Spe\u010bjali<br \/>\nInfurzar f&#8217;Ambjenti ta&#8217; Riskju G\u0127oli<br \/>\nTa\u0127ri\u0121 ta&#8217; Sport Tattiku ta&#8217; Barra u Sparar<br \/>\nMissjonijiet ta&#8217; salvata\u0121\u0121 u kontroll ta&#8217; irvelli<\/p>\n<hr>\n<p><strong>Parametri tal-projettili difensivi:<\/strong><\/p>\n<p>.44 Mag SJHP<br \/>\n.357 SIG FMJ FN<br \/>\n9mm FMJ RN<br \/>\n.357 Mag JSP<br \/>\n.40 S&amp;W FMJ<\/p>\n<p>Jipprovdi wkoll protezzjoni kontra l-bi\u010b\u010ba l-kbira tat-theddid tal-armi tan-nar, kif ukoll it-theddid tal-Klassi IIA u II.<\/p>\n<hr>\n<p><strong>parametru:<\/strong><\/p>\n<p>Mudell tal-elmu: TDTM-3<br \/>\nMaterjal: L-elmu u l-protezzjoni tal-\u0127alq huma mag\u0127mula minn UHMWPE<br \/>\nPi\u017c: madwar 2.8 kg (elmu kontra l-balal + maskra kontra l-balal + gwardja tal-\u0127alq)<br \/>\nDaqs: S (53-59cm), M (53-59cm), L (56-59cm), L (58-62cm)<br \/>\nKulur: Iswed\/A\u0127dar\/MC Camo\/Wolf Kannella<br \/>\nStruttura: Komponenti tal-protezzjoni tal-\u0121isem u tal-wi\u010b\u010b tal-elmu (li jinqalg\u0127u)<br \/>\n\u017bona ta &#8216;protezzjoni: korp ta&#8217; l-elmu \u2265 0.125 mm, gogils \u2265 0.025 m, forehead \u2265 0.04 m<\/p>\n<p>&nbsp;<\/p>\n","protected":false},"excerpt":{"rendered":"<p>Protezzjoni komprensiva: Tg\u0127aqqad ilqug\u0127 tal-wi\u010b\u010b re\u017cistenti g\u0127all-balal u modulu ta &#8216;protezzjoni tax-xedaq biex jipprovdi protezzjoni ta&#8217; 360 grad g\u0127ar-ras kollha, u ji\u017cgura sigurt\u00e0 s\u0127i\u0127a f&#8217;ambjenti ta &#8216;riskju g\u0127oli.<\/p>\n<p>\u010aentru ta &#8216;gravit\u00e0 ottimizzat, tajbin stabbli: L-istruttura tal-elmu ddisinjata b&#8217;mod pre\u010bi\u017c ti\u017cgura distribuzzjoni razzjonali ta\u010b-\u010bentru tal-gravit\u00e0, telimina xokkijiet meta ti\u0121ri jew jaqbe\u017c. Dan jippermettilek i\u017c\u017comm il-flessibbilt\u00e0 u l-libert\u00e0 meta timmira f&#8217;po\u017cizzjoni wieqfa, tispara, twettaq manuvri tatti\u010bi u attivitajiet o\u0127ra. Il-pi\u017c \u0121enerali \u0121ie mnaqqas g\u0127al-livell massimu possibbli filwaqt li tin\u017camm protezzjoni s\u0127i\u0127a.  <\/p>\n<p>Standard ta &#8216;Protezzjoni NIJ IIIA: Jissodisfa l-istandards NIJ IIIA, jipprote\u0121i b&#8217;mod effettiv kontra attakki ta&#8217; theddida baxxa g\u0127al medja b\u0127al balal ta &#8216;l-idejn u shrapnel, ittejjeb is-sigurt\u00e0 tattika.<\/p>\n","protected":false},"featured_media":16768,"comment_status":"open","ping_status":"closed","template":"","meta":[],"product_brand":[],"product_cat":[737,595],"product_tag":[],"woo-feed-brand":[50],"class_list":{"0":"post-16855","1":"product","2":"type-product","3":"status-publish","4":"has-post-thumbnail","6":"product_cat-elmu-kontra-l-balal","7":"product_cat-maskra-ballistika","8":"woo-feed-brand-tyditiao","10":"first","11":"instock","12":"sale","13":"shipping-taxable","14":"purchasable","15":"product-type-simple"},"_links":{"self":[{"href":"https:\/\/tyditiao.com\/mt\/wp-json\/wp\/v2\/product\/16855","targetHints":{"allow":["GET"]}}],"collection":[{"href":"https:\/\/tyditiao.com\/mt\/wp-json\/wp\/v2\/product"}],"about":[{"href":"https:\/\/tyditiao.com\/mt\/wp-json\/wp\/v2\/types\/product"}],"replies":[{"embeddable":true,"href":"https:\/\/tyditiao.com\/mt\/wp-json\/wp\/v2\/comments?post=16855"}],"wp:featuredmedia":[{"embeddable":true,"href":"https:\/\/tyditiao.com\/mt\/wp-json\/wp\/v2\/media\/16768"}],"wp:attachment":[{"href":"https:\/\/tyditiao.com\/mt\/wp-json\/wp\/v2\/media?parent=16855"}],"wp:term":[{"taxonomy":"product_brand","embeddable":true,"href":"https:\/\/tyditiao.com\/mt\/wp-json\/wp\/v2\/product_brand?post=16855"},{"taxonomy":"product_cat","embeddable":true,"href":"https:\/\/tyditiao.com\/mt\/wp-json\/wp\/v2\/product_cat?post=16855"},{"taxonomy":"product_tag","embeddable":true,"href":"https:\/\/tyditiao.com\/mt\/wp-json\/wp\/v2\/product_tag?post=16855"},{"taxonomy":"woo-feed-brand","embeddable":true,"href":"https:\/\/tyditiao.com\/mt\/wp-json\/wp\/v2\/woo-feed-brand?post=16855"}],"curies":[{"name":"wp","href":"https:\/\/api.w.org\/{rel}","templated":true}]}}