{"id":12874,"date":"2023-05-22T09:18:16","date_gmt":"2023-05-22T07:18:16","guid":{"rendered":"http:\/\/tyditiao.com\/hjem\/"},"modified":"2025-01-04T16:01:31","modified_gmt":"2025-01-04T14:01:31","slug":"hjem","status":"publish","type":"page","link":"https:\/\/tyditiao.com\/no\/","title":{"rendered":"Hjem"},"content":{"rendered":"\n<div class=\"wp-block-cover is-light\" style=\"min-height:240px;aspect-ratio:unset;\"><span aria-hidden=\"true\" class=\"wp-block-cover__background has-background-dim-20 has-background-dim\" style=\"background-color:#b7ad73\"><\/span><img loading=\"lazy\" decoding=\"async\" width=\"1401\" height=\"539\" class=\"wp-block-cover__image-background wp-image-1576\" alt=\"\" src=\"http:\/\/tyditiao.com\/wp-content\/uploads\/2022\/06\/2022-06-13_182159.png\" data-object-fit=\"cover\" srcset=\"https:\/\/tyditiao.com\/wp-content\/uploads\/2022\/06\/2022-06-13_182159.png 1401w, https:\/\/tyditiao.com\/wp-content\/uploads\/2022\/06\/2022-06-13_182159-600x231.png 600w, https:\/\/tyditiao.com\/wp-content\/uploads\/2022\/06\/2022-06-13_182159-300x115.png 300w, https:\/\/tyditiao.com\/wp-content\/uploads\/2022\/06\/2022-06-13_182159-1024x394.png 1024w, https:\/\/tyditiao.com\/wp-content\/uploads\/2022\/06\/2022-06-13_182159-768x295.png 768w, https:\/\/tyditiao.com\/wp-content\/uploads\/2022\/06\/2022-06-13_182159-1320x508.png 1320w\" sizes=\"auto, (max-width: 1401px) 100vw, 1401px\" \/><div class=\"wp-block-cover__inner-container is-layout-constrained wp-block-cover-is-layout-constrained\">\n<div class=\"wp-block-columns is-layout-flex wp-container-core-columns-is-layout-9d6595d7 wp-block-columns-is-layout-flex\">\n<div class=\"wp-block-column is-layout-flow wp-block-column-is-layout-flow\" style=\"flex-basis:25%\"><\/div>\n\n\n\n<div class=\"wp-block-column is-layout-flow wp-block-column-is-layout-flow\" style=\"flex-basis:50%\">\n<div style=\"height:20px\" aria-hidden=\"true\" class=\"wp-block-spacer\"><\/div>\n\n\n\n<p class=\"has-text-align-center custom-style has-text-color has-link-color has-large-font-size wp-elements-6a78f93d726373a0b2d4ddc10ba9285b\" style=\"color:#ffffff\">Vi spesialiserer oss p\u00e5 produksjon og salg av ulike stiler av taktisk milit\u00e6r ballistisk hjelm<\/p>\n<\/div>\n\n\n\n<div class=\"wp-block-column is-layout-flow wp-block-column-is-layout-flow\" style=\"flex-basis:25%\"><\/div>\n<\/div>\n<\/div><\/div>\n\n<div style=\"height:50px\" aria-hidden=\"true\" class=\"wp-block-spacer\"><\/div>\n\n<div class=\"wp-block-columns is-layout-flex wp-container-core-columns-is-layout-9d6595d7 wp-block-columns-is-layout-flex\">\n<div class=\"wp-block-column is-layout-flow wp-block-column-is-layout-flow\" style=\"flex-basis:10%\"><\/div>\n\n\n\n<div class=\"wp-block-column is-layout-flow wp-block-column-is-layout-flow\">\n<h2 class=\"wp-block-heading has-text-align-center\">BALLISTISKE HJELMER VI SELGER<\/h2>\n\n\n\n<figure class=\"wp-block-gallery has-nested-images columns-4 is-cropped wp-block-gallery-1 is-layout-flex wp-block-gallery-is-layout-flex\">\n<figure class=\"wp-block-image size-medium\"><img decoding=\"async\" data-id=\"5154\" src=\"https:\/\/tyditiao.com\/wp-content\/uploads\/2022\/10\/&#x672A;&#x6807;&#x9898;-51-300x300.png\" alt=\"Utend&#xF8;rs ballistisk taktisk vest utstyrt med et skuddsikkert paneldisplay\" class=\"wp-image-5154\"\/><\/figure>\n\n\n<figure class=\"wp-block-image size-medium\"><img loading=\"lazy\" decoding=\"async\" width=\"300\" height=\"300\" data-id=\"1343\" src=\"http:\/\/tyditiao.com\/wp-content\/uploads\/2022\/06\/7-300x300.jpg\" alt=\"\" class=\"wp-image-1343\" srcset=\"https:\/\/tyditiao.com\/wp-content\/uploads\/2022\/06\/7-300x300.jpg 300w, https:\/\/tyditiao.com\/wp-content\/uploads\/2022\/06\/7-100x100.jpg 100w, https:\/\/tyditiao.com\/wp-content\/uploads\/2022\/06\/7-600x600.jpg 600w, https:\/\/tyditiao.com\/wp-content\/uploads\/2022\/06\/7-1024x1024.jpg 1024w, https:\/\/tyditiao.com\/wp-content\/uploads\/2022\/06\/7-150x150.jpg 150w, https:\/\/tyditiao.com\/wp-content\/uploads\/2022\/06\/7-768x768.jpg 768w, https:\/\/tyditiao.com\/wp-content\/uploads\/2022\/06\/7.jpg 1200w\" sizes=\"auto, (max-width: 300px) 100vw, 300px\" \/><\/figure>\n\n\n<figure class=\"wp-block-image size-medium\"><img decoding=\"async\" data-id=\"4955\" src=\"https:\/\/tyditiao.com\/wp-content\/uploads\/2022\/10\/&#x672A;&#x6807;&#x9898;-3-300x300.png\" alt=\"NIJ IIIA Full Face Tactical Ballistic Mask - Skjematisk\" class=\"wp-image-4955\"\/><\/figure>\n\n\n<figure class=\"wp-block-image size-medium\"><img decoding=\"async\" data-id=\"5396\" src=\"https:\/\/tyditiao.com\/wp-content\/uploads\/2022\/10\/SICPE&#xFF0C;NIJ-Level-IV&#xFF0C;23MM&#xFF0C;2.5KG-300x300.png\" alt=\"SIC+PE&#xFF0C;NIJ Level IV&#xFF0C;23MM&#xFF0C;2.5KG, skuddsikker brystplate, 250X300MM\" class=\"wp-image-5396\"\/><\/figure><\/figure>\n\n\n\n<div style=\"height:50px\" aria-hidden=\"true\" class=\"wp-block-spacer\"><\/div>\n\n\n\n<h2 class=\"wp-block-heading has-text-align-center\">FAQ<\/h2>\n\n\n\n<div style=\"height:30px\" aria-hidden=\"true\" class=\"wp-block-spacer\"><\/div>\n\n\n\n<div class=\"wp-block-columns is-layout-flex wp-container-core-columns-is-layout-9d6595d7 wp-block-columns-is-layout-flex\">\n<div class=\"wp-block-column is-layout-flow wp-block-column-is-layout-flow\">\n<h6 class=\"wp-block-heading\">Har du en fysisk fabrikk?<\/h6>\n\n\n\n<p>Ja! Vi har en fysisk fabrikk og har levert engrossalg til europeiske og amerikanske hjelmselgere i 6 \u00e5r. Vi sender tonnevis med hjelmer over hele verden hver dag, og dette er fabrikkbutikken v\u00e5r.  <\/p>\n<\/div>\n\n\n\n<div class=\"wp-block-column is-layout-flow wp-block-column-is-layout-flow\">\n<h6 class=\"wp-block-heading\">Er det rabatt for \u00e5 kj\u00f8pe direkte fra fabrikken?<\/h6>\n\n\n\n<p>Selvf\u00f8lgelig, ved \u00e5 bestille direkte fra v\u00e5r fabrikks nettside, kan du spare mer enn 20 % sammenlignet med forhandlerens salgspris, fordi det direkte sparer dine indirekte kostnader. Samtidig har vi ogs\u00e5 tenkt \u00e5 gi fortjeneste til sluttforbrukeren for \u00e5 utvide detaljhandelen v\u00e5r. <\/p>\n<\/div>\n<\/div>\n\n\n\n<div class=\"wp-block-columns is-layout-flex wp-container-core-columns-is-layout-9d6595d7 wp-block-columns-is-layout-flex\">\n<div class=\"wp-block-column is-layout-flow wp-block-column-is-layout-flow\">\n<h6 class=\"wp-block-heading\">Hva er fraktkostnaden for en vare? Hvor snart kan jeg f\u00e5 det?<\/h6>\n\n\n\n<p>FedEx-avgifter er inkludert i alle hjelmpriser, s\u00e5 du slipper \u00e5 betale ekstra for frakt. FEDEX Express kan levere hjelmen til deg innen 6-14 virkedager, og din lokale Fedex-avsender vil ringe deg s\u00e5 snart pakken ankommer byen din og sende den direkte til deg. <\/p>\n<\/div>\n\n\n\n<div class=\"wp-block-column is-layout-flow wp-block-column-is-layout-flow\">\n<h6 class=\"wp-block-heading\">Hvor sendes bestillingen fra og er jeg sikker p\u00e5 at jeg vil motta den?<\/h6>\n\n\n\n<p>Frakt fra v\u00e5rt fabrikklager i Kina, vi har solgt et stort antall skuddsikre hjelmer til USA, Polen, Tyskland, Japan og mange andre land, og vi vil sende deg sporingsnummeret per post etter at varene er sendt, du kan sjekk leveringsstatusen n\u00e5r som helst.<\/p>\n<\/div>\n<\/div>\n\n\n\n<div class=\"wp-block-columns is-layout-flex wp-container-core-columns-is-layout-9d6595d7 wp-block-columns-is-layout-flex\">\n<div class=\"wp-block-column is-layout-flow wp-block-column-is-layout-flow\">\n<h6 class=\"wp-block-heading\">Hvordan legge inn en bestilling og hvordan betale<\/h6>\n\n\n\n<p>Vi aksepterer kun betaling for bestillinger via Paypal og Western Union\u3002Hvis du ikke har Paypal enn\u00e5, vennligst registrer deg her www.paypal.com for \u00e5 kj\u00f8pe og betale sikkert via Paypal\u3002Hvis du velger \u00e5 betale via Western Union, vennligst kontakt oss for \u00e5 bekrefte informasjonen om betaling.<\/p>\n<\/div>\n\n\n\n<div class=\"wp-block-column is-layout-flow wp-block-column-is-layout-flow\">\n<h6 class=\"wp-block-heading\">Jeg m\u00e5 kj\u00f8pe flere hjelmer samtidig, kan jeg f\u00e5 ekstra rabatt?<\/h6>\n\n\n\n<p>Selvf\u00f8lgelig, hvis du trenger mer enn 5 hjelmer til eget bruk eller din lokale grossist, vennligst kontakt oss direkte. Du vil f\u00e5 enda bedre priser enn v\u00e5re n\u00e5v\u00e6rende nettbutikker. Ikke g\u00e5 glipp av det, for det vil spare deg for betydelige kostnader.  <\/p>\n<\/div>\n<\/div>\n\n\n\n<div style=\"height:50px\" aria-hidden=\"true\" class=\"wp-block-spacer\"><\/div>\n\n\n\n<h2 class=\"wp-block-heading has-text-align-center\">Gratis frakt alle omr\u00e5der<\/h2>\n\n\n\n<h4 class=\"wp-block-heading has-text-align-center\">leveringsomr\u00e5de<\/h4>\n\n\n\n<p class=\"has-text-align-center\"><strong>Europa: <\/strong>Polen, Litauen, Tyskland, Nederland, Ungarn, Storbritannia, Frankrike, Italia, Spania, \u00d8sterrike, Belgia, Luxembourg, Irland, Bulgaria, Kroatia, Tsjekkia, Estland, Finland, Latvia, Malta, Portugal, Romania, Slovakia, Slovenia, Sverige, Danmark, Hellas, Sveits, Norge, Kypros<\/p>\n\n\n\n<p class=\"has-text-align-center\"><strong>Asia: <\/strong>Taiwan, Macau, Hong Kong, Singapore, Malaysia, Thailand, Vietnam, Filippinene, Israel, Tyrkia, Korea, Japan, Bahrain, Saudi-Arabia, Libanon, De forente arabiske emirater<\/p>\n\n\n\n<p class=\"has-text-align-center\"><strong>Nord-Amerika: <\/strong>USA, Canada, Mexico<\/p>\n\n\n\n<p class=\"has-text-align-center\"><strong>S\u00f8r-Amerika: <\/strong>Brasil, Chile, Colombia<\/p>\n\n\n\n<p class=\"has-text-align-center\"><strong>Oseania: <\/strong>Australia, New Zealand<\/p>\n\n\n\n<p class=\"has-text-align-center\"><strong>Afrika: <\/strong>S\u00f8r-Afrika<\/p>\n\n\n\n<p class=\"has-text-align-center\"><strong>Ny region: <\/strong>Ukraina (det er ingen leveringstjeneste i det omstridte omr\u00e5det og bestillingen vil bli kansellert)<\/p>\n\n\n\n<h4 class=\"wp-block-heading has-text-align-center\">gratis frakt<\/h4>\n\n\n\n<p class=\"has-text-align-center\">For \u00e5 utvide detaljhandelsmarkedet implementerer vi en gratis fraktpolicy for alle de ovennevnte landene og regionene, noe som betyr at du ikke trenger \u00e5 betale andre fraktkostnader enn prisen p\u00e5 selve produktet.<\/p>\n\n\n\n<h4 class=\"wp-block-heading has-text-align-center\">ledetid for bestilling<\/h4>\n\n\n\n<p class=\"has-text-align-center\"><strong>Behandlingstid for ordre: <\/strong>innen 1-6 virkedager etter mottak av betalingen (vi sender forsendelsesnummeret etter \u00e5 ha overlevert forsendelsen til budfirmaet)<\/p>\n\n\n\n<p class=\"has-text-align-center\"><strong>Ekspressleveringstid: <\/strong>6-14 virkedager<\/p>\n\n\n\n<div style=\"height:50px\" aria-hidden=\"true\" class=\"wp-block-spacer\"><\/div>\n\n\n\n<h2 class=\"wp-block-heading has-text-align-center\">\u00e5 betale<\/h2>\n\n\n\n<h4 class=\"wp-block-heading has-text-align-center\">Betalingsmetoder<\/h4>\n\n\n\n<p class=\"has-text-align-center\">Bes\u00f8k betalingssiden for \u00e5 forh\u00e5ndsbetale via PAYPAL eller betale for bestillingen din via Western Union.<\/p>\n\n\n\n<p class=\"has-text-align-center\"><strong>A. G\u00e5 til betalingssiden og forh\u00e5ndsbetal via PAYPAL<\/strong><br\/>1. Legg produktet du liker i handlekurven<br\/>2. Klikk p\u00e5 handlekurv-knappen i \u00f8vre h\u00f8yre hj\u00f8rne for \u00e5 se og bekrefte produktantallet<br\/>3. Klikk p\u00e5 bestillingsknappen for \u00e5 g\u00e5 inn p\u00e5 betalingssiden, oppgi leveringsadresse, e-postadresse og annen informasjon<br\/>4. Betal bestillingsbel\u00f8pet via PayPal<br\/>5. Handling fullf\u00f8rt, venter p\u00e5 at varene skal hentes<\/p>\n\n\n\n<p class=\"has-text-align-center\"><strong>B. Western Union-betaling for bestillingen din<\/strong><br\/>1. Kommunikasjon via e-post krever informasjon som produkt og mengde samt henteadresse<br\/>2. Overf\u00f8r for \u00e5 betale ordrebel\u00f8pet<br\/>3. Handling fullf\u00f8rt, venter p\u00e5 at varene skal hentes<\/p>\n\n\n\n<h4 class=\"wp-block-heading has-text-align-center\">St\u00f8ttevaluta<\/h4>\n\n\n\n<p class=\"has-text-align-center\">Vi aksepterer hvilken som helst av f\u00f8lgende valutaer, slik at du kan velge den valutaen som passer deg best n\u00e5r du betaler<\/p>\n\n\n\n<p class=\"has-text-align-center\">Ny Taiwan Dollar (NT$) &#8211; TWD<br\/>Polske zloty (PLN) &#8211; PLN<br\/>Amerikanske dollar (US) ($) &#8211; USD<br\/>Pund sterling (\u00a3) &#8211; GBP<br\/>Euro (\u20ac) &#8211; EUR<br\/>Japanske yen (\u00a5) &#8211; JPY<br\/>Kanadiske dollar ($) &#8211; CAD<br\/>Tsjekkiske koruna (K\u010d) &#8211; CZK<br\/>Meksikansk peso ($) &#8211; MXN<\/p>\n\n\n\n<div style=\"height:50px\" aria-hidden=\"true\" class=\"wp-block-spacer\"><\/div>\n\n\n\n<h2 class=\"wp-block-heading has-text-align-center\">30 dagers returrett<\/h2>\n\n\n\n<h4 class=\"wp-block-heading has-text-align-center\">returrett<\/h4>\n\n\n\n<p class=\"has-text-align-center\">Vi har en 30-dagers returrett, noe som betyr at du kan be om retur innen 30 dager etter at du har mottatt varen din.<\/p>\n\n\n\n<p class=\"has-text-align-center\">For \u00e5 v\u00e6re kvalifisert for retur m\u00e5 varen v\u00e6re i samme stand som varen du mottok, ubrukt eller ubrukt, og i originalemballasjen. Du trenger ogs\u00e5 en kvittering eller kj\u00f8psbevis. <\/p>\n\n\n\n<p class=\"has-text-align-center\">For \u00e5 starte en retur kan du kontakte oss p\u00e5 <strong>tyditiao@gmail.com<\/strong>. Hvis returen din blir akseptert, sender vi deg en returetikett med instruksjoner om hvordan og hvor du skal sende pakken din. Varer som returneres til oss uten forutg\u00e5ende foresp\u00f8rsel om retur vil ikke bli akseptert.  <\/p>\n\n\n\n<p class=\"has-text-align-center\">Du kan alltid kontakte oss p\u00e5 <strong>tyditiao@gmail.com<\/strong> for eventuelle returproblemer.<\/p>\n\n\n\n<h4 class=\"wp-block-heading has-text-align-center\">skader og problemer<\/h4>\n\n\n\n<p class=\"has-text-align-center\">Vennligst sjekk bestillingen din etter \u00e5 ha mottatt den, hvis varen er skadet, defekt eller du har mottatt feil vare, vennligst kontakt oss umiddelbart (<a href=\"https:\/\/tyditiao.com\/no\/kontakt\/\">kontakt oss<\/a>) slik at vi kan finne problemet og fikse det umiddelbart.<\/p>\n\n\n\n<h4 class=\"wp-block-heading has-text-align-center\">Utveksling<\/h4>\n\n\n\n<p class=\"has-text-align-center\">Den raskeste m\u00e5ten \u00e5 sikre at du f\u00e5r det du \u00f8nsker, er \u00e5 returnere varen du allerede har, og n\u00e5r returen er akseptert, kj\u00f8p den nye varen separat.<\/p>\n\n\n\n<h4 class=\"wp-block-heading has-text-align-center\">komme tilbake<\/h4>\n\n\n\n<p class=\"has-text-align-center\">Vi vil varsle deg n\u00e5r returen er mottatt og inspisert, og refusjonen vil automatisk bli refundert til den opprinnelige betalingsm\u00e5ten. Det kan imidlertid ta litt tid f\u00f8r banken eller kredittkortselskapet behandler og utsteder en tilbakef\u00f8ring. <\/p>\n<\/div>\n\n\n\n<div class=\"wp-block-column is-layout-flow wp-block-column-is-layout-flow\" style=\"flex-basis:10%\"><\/div>\n<\/div>\n\n<p><\/p>\n","protected":false},"excerpt":{"rendered":"<p>BALLISTISKE HJELMER VI SELGER FAQ Har du en fysisk fabrikk? Ja! Vi har en fysisk fabrikk og har levert engrossalg&#8230;<\/p>\n","protected":false},"author":1,"featured_media":0,"parent":0,"menu_order":0,"comment_status":"closed","ping_status":"closed","template":"","meta":{"footnotes":""},"class_list":["post-12874","page","type-page","status-publish","hentry"],"_links":{"self":[{"href":"https:\/\/tyditiao.com\/no\/wp-json\/wp\/v2\/pages\/12874","targetHints":{"allow":["GET"]}}],"collection":[{"href":"https:\/\/tyditiao.com\/no\/wp-json\/wp\/v2\/pages"}],"about":[{"href":"https:\/\/tyditiao.com\/no\/wp-json\/wp\/v2\/types\/page"}],"author":[{"embeddable":true,"href":"https:\/\/tyditiao.com\/no\/wp-json\/wp\/v2\/users\/1"}],"replies":[{"embeddable":true,"href":"https:\/\/tyditiao.com\/no\/wp-json\/wp\/v2\/comments?post=12874"}],"version-history":[{"count":4,"href":"https:\/\/tyditiao.com\/no\/wp-json\/wp\/v2\/pages\/12874\/revisions"}],"predecessor-version":[{"id":16397,"href":"https:\/\/tyditiao.com\/no\/wp-json\/wp\/v2\/pages\/12874\/revisions\/16397"}],"wp:attachment":[{"href":"https:\/\/tyditiao.com\/no\/wp-json\/wp\/v2\/media?parent=12874"}],"curies":[{"name":"wp","href":"https:\/\/api.w.org\/{rel}","templated":true}]}}