{"id":13200,"date":"2022-10-12T08:35:45","date_gmt":"2022-10-12T06:35:45","guid":{"rendered":"http:\/\/tyditiao.com\/product\/gjennomsiktig-ballistisk-maske-nij-iiia-avtakbar-for-hjelmer-med-skinner-pa-begge-sider\/"},"modified":"2026-01-26T05:44:45","modified_gmt":"2026-01-26T03:44:45","slug":"gjennomsiktig-skuddsikker-maske-nij-iiia-avtakbar-for-helming-med-skinner-pa-begge-sider-wendy-fast-osv","status":"publish","type":"product","link":"https:\/\/tyditiao.com\/no\/produkt\/gjennomsiktig-skuddsikker-maske-nij-iiia-avtakbar-for-helming-med-skinner-pa-begge-sider-wendy-fast-osv\/","title":{"rendered":"Gjennomsiktig ballistisk maske NIJ IIIA avtakbar for hjelmer med skinner p\u00e5 begge sider"},"content":{"rendered":"<p>The Removable Ballistic Mask er en ny klasse IIIA ballistisk maske som festes til en ballistisk hjelm.<\/p>\n<p>Dette produktet passer for hjelmer med skinner p\u00e5 begge sider. For eksempel: WENDY, FAST, etc.<\/p>\n<p>Beskyttelsesklasse: NIJ IIIA niv\u00e5<\/p>\n<p>Vekt: 1,50 kg (3,31 lb)<\/p>\n<p>Materiale: PC, PMMA, etc.<\/p>\n<p>St\u00f8rrelse: 350mm(L)*145mm(H)<\/p>\n<p>Masketykkelse: 22mm<\/p>\n<p>Lysstyrke: 83,9 %<\/p>\n<p>Gyldighet: 5 \u00e5r<\/p>\n<p>Hvis du trenger skuddsikker hjelm, vennligst g\u00e5 til butikken v\u00e5r for \u00e5 kj\u00f8pe den. Takk!<\/p>\n<p>Emballasjedetaljer: 1 * skuddsikker ansiktsskjerm (hjelm ikke inkludert)<\/p>\n","protected":false},"excerpt":{"rendered":"<p>Hovedmaterialet er laget av h\u00f8ykvalitets gjennomsiktig polykarbonatharpiks PC og akrylbrett sandwich type kompositt, med h\u00f8y definisjon, ingen sprut, god skuddsikker effekt<\/p>\n<p>Den skuddsikre maskebraketten er laget av st\u00e5l og h\u00f8yfaste materialer, som stabilt kan justeres til forskjellige vinkler<\/p>\n<p>Vi har samarbeidet dypt med logistikkleverand\u00f8rer og kan garantere levering av varer til nesten alle land og regioner, og alle varer som bestilles p\u00e5 v\u00e5r fabrikknettside er portofrie<\/p>\n","protected":false},"featured_media":11721,"comment_status":"open","ping_status":"closed","template":"","meta":[],"product_brand":[],"product_cat":[597],"product_tag":[],"woo-feed-brand":[50],"class_list":{"0":"post-13200","1":"product","2":"type-product","3":"status-publish","4":"has-post-thumbnail","6":"product_cat-ballistisk-maske","7":"product_shipping_class-0-3-kg-no","8":"woo-feed-brand-tyditiao","10":"first","11":"instock","12":"sale","13":"shipping-taxable","14":"purchasable","15":"product-type-simple"},"_links":{"self":[{"href":"https:\/\/tyditiao.com\/no\/wp-json\/wp\/v2\/product\/13200","targetHints":{"allow":["GET"]}}],"collection":[{"href":"https:\/\/tyditiao.com\/no\/wp-json\/wp\/v2\/product"}],"about":[{"href":"https:\/\/tyditiao.com\/no\/wp-json\/wp\/v2\/types\/product"}],"replies":[{"embeddable":true,"href":"https:\/\/tyditiao.com\/no\/wp-json\/wp\/v2\/comments?post=13200"}],"wp:featuredmedia":[{"embeddable":true,"href":"https:\/\/tyditiao.com\/no\/wp-json\/wp\/v2\/media\/11721"}],"wp:attachment":[{"href":"https:\/\/tyditiao.com\/no\/wp-json\/wp\/v2\/media?parent=13200"}],"wp:term":[{"taxonomy":"product_brand","embeddable":true,"href":"https:\/\/tyditiao.com\/no\/wp-json\/wp\/v2\/product_brand?post=13200"},{"taxonomy":"product_cat","embeddable":true,"href":"https:\/\/tyditiao.com\/no\/wp-json\/wp\/v2\/product_cat?post=13200"},{"taxonomy":"product_tag","embeddable":true,"href":"https:\/\/tyditiao.com\/no\/wp-json\/wp\/v2\/product_tag?post=13200"},{"taxonomy":"woo-feed-brand","embeddable":true,"href":"https:\/\/tyditiao.com\/no\/wp-json\/wp\/v2\/woo-feed-brand?post=13200"}],"curies":[{"name":"wp","href":"https:\/\/api.w.org\/{rel}","templated":true}]}}