{"id":13536,"date":"2023-03-05T03:22:19","date_gmt":"2023-05-22T14:01:54","guid":{"rendered":"http:\/\/tyditiao.com\/product\/mich2000-ballistisk-hjelm-3a-taktisk-ballistisk-hjelm-spesialstorrelse-tilpasset-farge-dedikert-kjopslenke\/"},"modified":"2023-05-22T16:01:54","modified_gmt":"2023-05-22T14:01:54","slug":"mich2000-skuddsikker-hjelm-3a-taktisk-ballistisk-hjelm-spesiell-storrelse-tilpasset-farge-dedikert-kjopslink","status":"publish","type":"product","link":"https:\/\/tyditiao.com\/no\/produkt\/mich2000-skuddsikker-hjelm-3a-taktisk-ballistisk-hjelm-spesiell-storrelse-tilpasset-farge-dedikert-kjopslink\/","title":{"rendered":"Mich2000 ballistisk hjelm, 3A taktisk ballistisk hjelm, spesialst\u00f8rrelse, tilpasset farge, dedikert kj\u00f8pslenke"},"content":{"rendered":"<p><strong>Om Mich2000 hjelmst\u00f8rrelse:<\/strong> Vi har lagt til sm\u00e5 og store produksjonsformer for denne Mich 3A taktiske ballistiske hjelmen for \u00e5 m\u00f8te brukere med ulike behov. St\u00f8rrelse M er en vanlig st\u00f8rrelse og passer de fleste. Hvis du tror den lille st\u00f8rrelsen bedre kan m\u00f8te dine egne krav eller bruksvaner, vennligst velg den lille st\u00f8rrelsen, ellers velg den store st\u00f8rrelsen.<\/p>\n<p><strong>Om fargen p\u00e5 Mich2000 skuddsikker hjelm:<\/strong> Mich 3A taktisk skuddsikker hjelm, vi produserer hovedsakelig tre farger: svart, lysebrun og gr\u00f8nn. Men samtidig har vi muligheten til \u00e5 produsere hvilken som helst farge eller ulike kamuflasjem\u00f8nstre spesifisert av kundene, for eksempel skogkamuflasje, jungelkamuflasje, \u00f8rkenkamuflasje, marin kamuflasje og urban kamuflasje osv. Hvis du planlegger \u00e5 bestille mer enn 10 hjelmer , vennligst kontakt oss, du vil f\u00e5 denne tilpassede fargetjenesten gratis, bare send oss fargem\u00f8nsteret du \u00f8nsker.<\/p>\n<p>MICH2000 hjelm skuddsikker hjelm: 0101.06 standard IIIA niv\u00e5<\/p>\n<p>Materiale: High Tenacity Kevlar-Dupont Aramid Fiber<\/p>\n<p>MICH2000 ballistisk hjelm har en st\u00f8rre beskyttende overflate og et lavt snitt som dekker sidene av hodet bedre, noe som er enda mer fordelaktig hvis du ikke planlegger \u00e5 montere mye tilbeh\u00f8r.<\/p>\n<p>Firepunktsfestesystemet til Mich2000 ballistisk hjelm ligner p\u00e5 beskyttelsen og stroppene som finnes p\u00e5 skateboard- og sykkelhjelmer.<\/p>\n","protected":false},"excerpt":{"rendered":"<p>Om Mich2000 hjelmst\u00f8rrelse: Vi har lagt til sm\u00e5 og store produksjonsformer for denne Mich 3A taktiske ballistiske hjelmen for \u00e5&#8230;<\/p>\n","protected":false},"featured_media":9213,"comment_status":"open","ping_status":"closed","template":"","meta":[],"product_brand":[],"product_cat":[804,746],"product_tag":[],"woo-feed-brand":[],"class_list":{"0":"post-13536","1":"product","2":"type-product","3":"status-publish","4":"has-post-thumbnail","6":"product_cat-mich2000-no","7":"product_cat-skuddsikker-hjelm","9":"first","10":"instock","11":"sale","12":"shipping-taxable","13":"purchasable","14":"product-type-variable","15":"has-default-attributes"},"_links":{"self":[{"href":"https:\/\/tyditiao.com\/no\/wp-json\/wp\/v2\/product\/13536","targetHints":{"allow":["GET"]}}],"collection":[{"href":"https:\/\/tyditiao.com\/no\/wp-json\/wp\/v2\/product"}],"about":[{"href":"https:\/\/tyditiao.com\/no\/wp-json\/wp\/v2\/types\/product"}],"replies":[{"embeddable":true,"href":"https:\/\/tyditiao.com\/no\/wp-json\/wp\/v2\/comments?post=13536"}],"wp:featuredmedia":[{"embeddable":true,"href":"https:\/\/tyditiao.com\/no\/wp-json\/wp\/v2\/media\/9213"}],"wp:attachment":[{"href":"https:\/\/tyditiao.com\/no\/wp-json\/wp\/v2\/media?parent=13536"}],"wp:term":[{"taxonomy":"product_brand","embeddable":true,"href":"https:\/\/tyditiao.com\/no\/wp-json\/wp\/v2\/product_brand?post=13536"},{"taxonomy":"product_cat","embeddable":true,"href":"https:\/\/tyditiao.com\/no\/wp-json\/wp\/v2\/product_cat?post=13536"},{"taxonomy":"product_tag","embeddable":true,"href":"https:\/\/tyditiao.com\/no\/wp-json\/wp\/v2\/product_tag?post=13536"},{"taxonomy":"woo-feed-brand","embeddable":true,"href":"https:\/\/tyditiao.com\/no\/wp-json\/wp\/v2\/woo-feed-brand?post=13536"}],"curies":[{"name":"wp","href":"https:\/\/api.w.org\/{rel}","templated":true}]}}