{"id":13932,"date":"2023-01-16T12:36:49","date_gmt":"2023-01-16T10:36:49","guid":{"rendered":"http:\/\/tyditiao.com\/product\/skjulbar-kroppsrustning-skuddsikker-vest-med-nij-iiia-beskyttelsesniva-personlig-utendors-sikkerhetsutstyr\/"},"modified":"2026-01-26T05:43:32","modified_gmt":"2026-01-26T03:43:32","slug":"skjulebar-skuddsikker-vest-skuddsikker-vest-med-ni-iiia-beskyttelsesniva-personlig-sikkerhetsutstyr-utendors","status":"publish","type":"product","link":"https:\/\/tyditiao.com\/no\/produkt\/skjulebar-skuddsikker-vest-skuddsikker-vest-med-ni-iiia-beskyttelsesniva-personlig-sikkerhetsutstyr-utendors\/","title":{"rendered":"Skjulbar kroppsrustning, skuddsikker vest med NIJ IIIA beskyttelsesniv\u00e5, personlig utend\u00f8rs sikkerhetsutstyr"},"content":{"rendered":"<p>Materiale: Ultrah\u00f8ymolekyl\u00e6rt PE-materiale, som t\u00e5ler flere skudd samtidig som det forblir fleksibelt. Den har egenskapene til letthet, mykhet, komfort, utmerket UV-motstand, lav fuktighetsf\u00f8lsomhet og vannbestandighet.<\/p>\n<p>Beskyttelsesklasse: NIJ IIIA beskyttelse foran og bak<\/p>\n<p>Blokkerbare kuler:<br \/>\n.44 Magnum<br \/>\n.40 S&amp;W, .357 Magnum, .45<br \/>\nmaskinpistol 9mm<br \/>\nHalvkappede hulpunktkuler (SJHP).<br \/>\nFull Metal Projectile Calibration 9 mm, nominell vekt 8,0 g (124 g), st\u00f8thastighet 426 m\/s (1400 fot\/s) eller mindre<br \/>\nGir ogs\u00e5 beskyttelse mot de fleste h\u00e5ndv\u00e5pentrusler samt trusler av klasse IIA og II<\/p>\n<p>Farge: Sort<br \/>\nKj\u00f8nn: Unisex<br \/>\nKlestype: Vest, Topp<br \/>\nErmetype: Ermel\u00f8s<br \/>\nFunksjon: skuddsikker<br \/>\nst\u00f8rrelse: \u00e9n st\u00f8rrelse<br \/>\nVekt: 2,5 kg<br \/>\nVask: Innerf\u00f4r og yttert\u00f8y kan skilles, det indre skuddsikre laget kan ikke vaskes, bare rengj\u00f8r det ytre laget<\/p>\n<p>Pakke: 1 x skuddsikker vest (NIJ IIIA)<\/p>\n","protected":false},"excerpt":{"rendered":"<p>Myk og lett: fleksibel, behagelig \u00e5 ha p\u00e5 seg, p\u00e5virker i utgangspunktet ikke menneskekroppen \u00e5 l\u00f8pe eller sitte p\u00e5 huk<\/p>\n<p>Flott skjul: Justerbar p\u00e5 4 forskjellige punkter med borrel\u00e5sb\u00e5nd for enkel skjul under kl\u00e6rne dine<\/p>\n<p>NIJ IIIA-beskyttelse: det h\u00f8yeste beskyttelsesniv\u00e5et som er tilgjengelig for skuddsikre vester<\/p>\n<p>God ekspansjonsytelse: de fremre og bakre panserlommene kan festes med skuddsikre st\u00e5lplater for \u00e5 gi ekstra beskyttelse i henhold til deres egne behov<\/p>\n<p>Aktuelle personer: Journalister og milit\u00e6rt personell reiser gjennom krigsherjede omr\u00e5der, og kan ogs\u00e5 brukes til hjemmeforsvar for \u00e5 beskytte sin egen sikkerhet og kropp mot kuler og rusk<\/p>\n","protected":false},"featured_media":12424,"comment_status":"open","ping_status":"closed","template":"","meta":[],"product_brand":[],"product_cat":[861],"product_tag":[],"woo-feed-brand":[50],"class_list":{"0":"post-13932","1":"product","2":"type-product","3":"status-publish","4":"has-post-thumbnail","6":"product_cat-taktisk-vest-no","7":"woo-feed-brand-tyditiao","9":"first","10":"instock","11":"sale","12":"shipping-taxable","13":"purchasable","14":"product-type-simple"},"_links":{"self":[{"href":"https:\/\/tyditiao.com\/no\/wp-json\/wp\/v2\/product\/13932","targetHints":{"allow":["GET"]}}],"collection":[{"href":"https:\/\/tyditiao.com\/no\/wp-json\/wp\/v2\/product"}],"about":[{"href":"https:\/\/tyditiao.com\/no\/wp-json\/wp\/v2\/types\/product"}],"replies":[{"embeddable":true,"href":"https:\/\/tyditiao.com\/no\/wp-json\/wp\/v2\/comments?post=13932"}],"wp:featuredmedia":[{"embeddable":true,"href":"https:\/\/tyditiao.com\/no\/wp-json\/wp\/v2\/media\/12424"}],"wp:attachment":[{"href":"https:\/\/tyditiao.com\/no\/wp-json\/wp\/v2\/media?parent=13932"}],"wp:term":[{"taxonomy":"product_brand","embeddable":true,"href":"https:\/\/tyditiao.com\/no\/wp-json\/wp\/v2\/product_brand?post=13932"},{"taxonomy":"product_cat","embeddable":true,"href":"https:\/\/tyditiao.com\/no\/wp-json\/wp\/v2\/product_cat?post=13932"},{"taxonomy":"product_tag","embeddable":true,"href":"https:\/\/tyditiao.com\/no\/wp-json\/wp\/v2\/product_tag?post=13932"},{"taxonomy":"woo-feed-brand","embeddable":true,"href":"https:\/\/tyditiao.com\/no\/wp-json\/wp\/v2\/woo-feed-brand?post=13932"}],"curies":[{"name":"wp","href":"https:\/\/api.w.org\/{rel}","templated":true}]}}