{"id":13949,"date":"2022-10-21T05:25:40","date_gmt":"2022-10-21T03:25:40","guid":{"rendered":"http:\/\/tyditiao.com\/product\/uhmwpe-nij-level-iiia-7mm-05kg-skuddsikker-brystplate-250x300mm\/"},"modified":"2026-01-26T05:43:45","modified_gmt":"2026-01-26T03:43:45","slug":"uhmwpe-nij-level-iiia-7mm-0-5kgn-brystplate-skuddsikker-250x300mm","status":"publish","type":"product","link":"https:\/\/tyditiao.com\/no\/produkt\/uhmwpe-nij-level-iiia-7mm-0-5kgn-brystplate-skuddsikker-250x300mm\/","title":{"rendered":"UHMWPE, NIJ Level IIIA, 7MM, 0,5KG, skuddsikker brystplate, 250X300MM"},"content":{"rendered":"<p>Vekt: 0,5 kg<br \/>\nMateriale: PE<br \/>\nTykkelse: 7MM<br \/>\nBeskyttelsesklasse: NIJ IIIA-niv\u00e5 (GA4)<\/p>\n<p>Ytre lag: svart vanntett polyesterstoff;<br \/>\nDimensjoner: 250&#215;300 mm \/ 9,8&#8217;x11,8&#8242;<br \/>\nForm: Trapes (trapesplate med avfasede hj\u00f8rner)<\/p>\n<p>Pakkeliste:<br \/>\n1 x Trapesformet skuddsikker plate.<\/p>\n<p>Legge merke til:<br \/>\nRefleksvest f\u00f8lger ikke med<\/p>\n<p>M\u00e5lbrukere: Forsvaret, SWAT, Homeland Security, Customs and Border Protection, Immigration Control, og andre som m\u00f8ter v\u00e5pentrusler kan utstyres med produktene v\u00e5re. Folk f\u00e5r bedre resultater og f\u00e6rre skader. Produktet er ogs\u00e5 bedre egnet for situasjoner som langdistanseoppdrag eller langdistanseoppdrag. Det er ogs\u00e5 et godt valg for din egen familiebeskyttelse<\/p>\n","protected":false},"excerpt":{"rendered":"<p>Denne foringen er laget av ren PE-fiber: fordelen er lav vekt og mindre sjanse for sekund\u00e6r skade etter steking. N\u00e5r det er l\u00e5st, er prosjektilet innebygd i bladet med sv\u00e6rt lav sannsynlighet for tilbakeslag<\/p>\n<p>Ren PE skuddsikker plate, NIJ IIIA-kvalitet: vekt 0,5 kg, blysikker, 54-type, 64-type pistol, 79-type maskinpistol<\/p>\n<p>Bufferlag: Det er et lag med st\u00f8tsikker EVA-bomullspute inne i hver skuddsikker plate, som effektivt kan redusere innvirkningen p\u00e5 menneskekroppen etter \u00e5 ha blitt bombet<\/p>\n<p>Dobbel buedesign: Mekanisk stryking p\u00e5 venstre og h\u00f8yre side av brettet i henhold til ergonomiske prinsipper gj\u00f8r at de buede kantene passer perfekt til kroppen<\/p>\n","protected":false},"featured_media":12101,"comment_status":"open","ping_status":"closed","template":"","meta":[],"product_brand":[],"product_cat":[875],"product_tag":[],"woo-feed-brand":[50],"class_list":{"0":"post-13949","1":"product","2":"type-product","3":"status-publish","4":"has-post-thumbnail","6":"product_cat-skuddsikker-brystplate","7":"woo-feed-brand-tyditiao","9":"first","10":"instock","11":"sale","12":"shipping-taxable","13":"purchasable","14":"product-type-simple"},"_links":{"self":[{"href":"https:\/\/tyditiao.com\/no\/wp-json\/wp\/v2\/product\/13949","targetHints":{"allow":["GET"]}}],"collection":[{"href":"https:\/\/tyditiao.com\/no\/wp-json\/wp\/v2\/product"}],"about":[{"href":"https:\/\/tyditiao.com\/no\/wp-json\/wp\/v2\/types\/product"}],"replies":[{"embeddable":true,"href":"https:\/\/tyditiao.com\/no\/wp-json\/wp\/v2\/comments?post=13949"}],"wp:featuredmedia":[{"embeddable":true,"href":"https:\/\/tyditiao.com\/no\/wp-json\/wp\/v2\/media\/12101"}],"wp:attachment":[{"href":"https:\/\/tyditiao.com\/no\/wp-json\/wp\/v2\/media?parent=13949"}],"wp:term":[{"taxonomy":"product_brand","embeddable":true,"href":"https:\/\/tyditiao.com\/no\/wp-json\/wp\/v2\/product_brand?post=13949"},{"taxonomy":"product_cat","embeddable":true,"href":"https:\/\/tyditiao.com\/no\/wp-json\/wp\/v2\/product_cat?post=13949"},{"taxonomy":"product_tag","embeddable":true,"href":"https:\/\/tyditiao.com\/no\/wp-json\/wp\/v2\/product_tag?post=13949"},{"taxonomy":"woo-feed-brand","embeddable":true,"href":"https:\/\/tyditiao.com\/no\/wp-json\/wp\/v2\/woo-feed-brand?post=13949"}],"curies":[{"name":"wp","href":"https:\/\/api.w.org\/{rel}","templated":true}]}}