{"id":13973,"date":"2022-10-21T05:22:48","date_gmt":"2023-05-22T15:54:28","guid":{"rendered":"http:\/\/tyditiao.com\/product\/skottsikkert-stal-nij-iii-5mm-26kg-skuddsikkert-brystplate-250x300mm\/"},"modified":"2023-05-22T17:54:28","modified_gmt":"2023-05-22T15:54:28","slug":"skuddsikkert-stal-nij-niva-iii-5mm-2-6kg-bustier-skuddsikker-250x300mm","status":"publish","type":"product","link":"https:\/\/tyditiao.com\/no\/produkt\/skuddsikkert-stal-nij-niva-iii-5mm-2-6kg-bustier-skuddsikker-250x300mm\/","title":{"rendered":"Skottsikkert st\u00e5l, NIJ III, 5MM, 2,6KG, skuddsikkert brystplate, 250X300MM"},"content":{"rendered":"<p>Vekt: 2,6 kg<br \/>\nMateriale: skuddsikkert st\u00e5l;<br \/>\nTykkelse: 5MM<br \/>\nBeskyttelsesklasse: NIJ III klasse (GA5)<\/p>\n<p>St\u00f8rrelse: 25cm * 30cm<br \/>\nForm: Trapes (trapesplate med avfasede hj\u00f8rner)<\/p>\n<p>Pakkeliste:<br \/>\n1 x Trapesformet skuddsikker plate.<\/p>\n<p>Legge merke til:<br \/>\nRefleksvest f\u00f8lger ikke med<\/p>\n<p>Brukere: familieforsvar, risikorelatert personell, bankvalutaforsvar, utenlandsk milit\u00e6rpersonell, utenlandsk v\u00e6pnet konfliktpersonell, sikkerhetspersonell, sj\u00f8menn, grensevakter, etc.<\/p>\n","protected":false},"excerpt":{"rendered":"<p>Laget av spesiell skuddsikker st\u00e5lplate: samme beskyttelsesniv\u00e5, med fordelen av \u00e5 v\u00e6re tynn og lett.<\/p>\n<p>Bufferlag: Det er et lag med st\u00f8tsikker EVA-bomullspute inne i hver skuddsikker plate, som effektivt kan redusere innvirkningen p\u00e5 menneskekroppen etter \u00e5 ha blitt bombet<\/p>\n<p>Dobbel buedesign: Mekanisk stryking p\u00e5 venstre og h\u00f8yre side av brettet i henhold til ergonomiske prinsipper gj\u00f8r at de buede kantene passer perfekt til kroppen<\/p>\n<p>Bruk: For sikkerhets skyld, bruk den med taktiske vester, jakker, ballistiske ryggsekker, diverse kroppsrustninger, etc.<\/p>\n","protected":false},"featured_media":11987,"comment_status":"open","ping_status":"closed","template":"","meta":[],"product_brand":[],"product_cat":[875],"product_tag":[],"woo-feed-brand":[50],"class_list":{"0":"post-13973","1":"product","2":"type-product","3":"status-publish","4":"has-post-thumbnail","6":"product_cat-skuddsikker-brystplate","7":"woo-feed-brand-tyditiao","9":"first","10":"instock","11":"sale","12":"shipping-taxable","13":"purchasable","14":"product-type-simple"},"_links":{"self":[{"href":"https:\/\/tyditiao.com\/no\/wp-json\/wp\/v2\/product\/13973","targetHints":{"allow":["GET"]}}],"collection":[{"href":"https:\/\/tyditiao.com\/no\/wp-json\/wp\/v2\/product"}],"about":[{"href":"https:\/\/tyditiao.com\/no\/wp-json\/wp\/v2\/types\/product"}],"replies":[{"embeddable":true,"href":"https:\/\/tyditiao.com\/no\/wp-json\/wp\/v2\/comments?post=13973"}],"wp:featuredmedia":[{"embeddable":true,"href":"https:\/\/tyditiao.com\/no\/wp-json\/wp\/v2\/media\/11987"}],"wp:attachment":[{"href":"https:\/\/tyditiao.com\/no\/wp-json\/wp\/v2\/media?parent=13973"}],"wp:term":[{"taxonomy":"product_brand","embeddable":true,"href":"https:\/\/tyditiao.com\/no\/wp-json\/wp\/v2\/product_brand?post=13973"},{"taxonomy":"product_cat","embeddable":true,"href":"https:\/\/tyditiao.com\/no\/wp-json\/wp\/v2\/product_cat?post=13973"},{"taxonomy":"product_tag","embeddable":true,"href":"https:\/\/tyditiao.com\/no\/wp-json\/wp\/v2\/product_tag?post=13973"},{"taxonomy":"woo-feed-brand","embeddable":true,"href":"https:\/\/tyditiao.com\/no\/wp-json\/wp\/v2\/woo-feed-brand?post=13973"}],"curies":[{"name":"wp","href":"https:\/\/api.w.org\/{rel}","templated":true}]}}