{"id":14060,"date":"2022-10-21T05:13:02","date_gmt":"2023-05-23T00:58:18","guid":{"rendered":"http:\/\/tyditiao.com\/product\/sic-pe-nij-iii-20mm-18kg-skuddsikker-brystplate-ballistisk-innsats-250x300mm\/"},"modified":"2023-05-23T02:58:18","modified_gmt":"2023-05-23T00:58:18","slug":"sicpe-nij-level-iii-20mm-1-8kgn-cuirass-skuddsikker-250x300mm","status":"publish","type":"product","link":"https:\/\/tyditiao.com\/no\/produkt\/sicpe-nij-level-iii-20mm-1-8kgn-cuirass-skuddsikker-250x300mm\/","title":{"rendered":"SIC + PE, NIJ III, 20MM, 1,8KG, skuddsikker brystplate, ballistisk innsats, 250X300MM"},"content":{"rendered":"<p>Vekt: 1,8 kg<br \/>\nMateriale: Ski+PE<br \/>\nTykkelse: 20MM<br \/>\nBeskyttelsesklasse: NIJ III klasse (GA5)<\/p>\n<p>Ytre lag: svart vanntett polyesterstoff;<br \/>\nDimensjoner: 250&#215;300 mm \/ 9,8&#8217;x11,8&#8242;<br \/>\nForm: Trapes (trapesplate med avfasede hj\u00f8rner)<\/p>\n<p>Pakkeliste:<br \/>\n1 x Trapesformet skuddsikker plate.<\/p>\n<p>Legge merke til:<br \/>\nRefleksvest f\u00f8lger ikke med<\/p>\n<p>M\u00e5lbrukere: Forsvaret, SWAT, Homeland Security, Customs and Border Protection, Immigration Control, og andre som m\u00f8ter v\u00e5pentrusler kan utstyres med produktene v\u00e5re. Folk f\u00e5r bedre resultater og f\u00e6rre skader. Produktet egner seg ogs\u00e5 bedre for situasjoner som langdistanseoppdrag eller langdistanseoppdrag. Det er ogs\u00e5 et godt valg for din egen familiebeskyttelse<\/p>\n<p>Ballistiske innsatser brukes ofte i kroppsrustninger eller taktiske vester. Det finnes to typer skuddsikre patroner: frontal og side. Frontpanelet beskytter brystet og ryggen, og sidepanelene beskytter sidene av kroppen. Avfagene beskytter vanligvis forsiden av brystet, og rutene beskytter ryggen.<\/p>\n<p>Det er fire typer skuddsikre platematerialer: skuddsikkert st\u00e5l, PE polyetylen, PE+aluminiumoksyd, PE+silisiumkarbid. Tilgjengelig i en rekke materialmodeller, er dette batteriet rent PE + silisium.<\/p>\n<p>Keramiske skuddsikre innsatser er vanligvis laget av materialer som keramikk og polyetylen PE. Regelen er: n\u00e5r en kule treffer en skuddsikker patron, treffer kulen toppen av det keramiske laget f\u00f8rst. Den enorme slagkraften til prosjektilet overf\u00f8res til omgivelsene, og absorberer den enorme kinetiske energien til prosjektilet. N\u00e5r prosjektilet passerer gjennom det keramiske laget, mister det mesteparten av sin kinetiske energi. N\u00e5r prosjektilet n\u00e5r polyetylenlaget, sprer polyetylenet den kinetiske energien til prosjektilet ved \u00e5 strekke og pakke prosjektilet og fragmentene, med liten effekt p\u00e5 kroppen, og gir utmerket beskyttelse.<\/p>\n","protected":false},"excerpt":{"rendered":"<p>NIJ 0101.06 Grade III ultralett skuddsikker plate av silisiumkarbid, tilsvarende testrapport kan leveres.<\/p>\n<p>Moden prosess: vil vise stabil og utmerket beskyttelsesytelse.<\/p>\n<p>Lettere og mer praktisk enn alumina keramiske paneler.<\/p>\n<p>Topplaget er laget av vannavst\u00f8tende polyesterstoff, og panelet er vanntett og flekkbestandig.<\/p>\n","protected":false},"featured_media":12025,"comment_status":"open","ping_status":"closed","template":"","meta":[],"product_brand":[],"product_cat":[875],"product_tag":[],"woo-feed-brand":[50],"class_list":{"0":"post-14060","1":"product","2":"type-product","3":"status-publish","4":"has-post-thumbnail","6":"product_cat-skuddsikker-brystplate","7":"woo-feed-brand-tyditiao","9":"first","10":"instock","11":"sale","12":"shipping-taxable","13":"purchasable","14":"product-type-simple"},"_links":{"self":[{"href":"https:\/\/tyditiao.com\/no\/wp-json\/wp\/v2\/product\/14060","targetHints":{"allow":["GET"]}}],"collection":[{"href":"https:\/\/tyditiao.com\/no\/wp-json\/wp\/v2\/product"}],"about":[{"href":"https:\/\/tyditiao.com\/no\/wp-json\/wp\/v2\/types\/product"}],"replies":[{"embeddable":true,"href":"https:\/\/tyditiao.com\/no\/wp-json\/wp\/v2\/comments?post=14060"}],"wp:featuredmedia":[{"embeddable":true,"href":"https:\/\/tyditiao.com\/no\/wp-json\/wp\/v2\/media\/12025"}],"wp:attachment":[{"href":"https:\/\/tyditiao.com\/no\/wp-json\/wp\/v2\/media?parent=14060"}],"wp:term":[{"taxonomy":"product_brand","embeddable":true,"href":"https:\/\/tyditiao.com\/no\/wp-json\/wp\/v2\/product_brand?post=14060"},{"taxonomy":"product_cat","embeddable":true,"href":"https:\/\/tyditiao.com\/no\/wp-json\/wp\/v2\/product_cat?post=14060"},{"taxonomy":"product_tag","embeddable":true,"href":"https:\/\/tyditiao.com\/no\/wp-json\/wp\/v2\/product_tag?post=14060"},{"taxonomy":"woo-feed-brand","embeddable":true,"href":"https:\/\/tyditiao.com\/no\/wp-json\/wp\/v2\/woo-feed-brand?post=14060"}],"curies":[{"name":"wp","href":"https:\/\/api.w.org\/{rel}","templated":true}]}}