{"id":14098,"date":"2022-10-18T08:54:02","date_gmt":"2022-10-18T06:54:02","guid":{"rendered":"http:\/\/tyditiao.com\/product\/cs-treningsutstyr-skuddsikker-vest-hurtigutlosende-ytre-taktisk-vest-inkludert-2xpe-iiia-10x12-skuddsikre-plater\/"},"modified":"2026-01-26T05:44:20","modified_gmt":"2026-01-26T03:44:20","slug":"cs-treningsutstyr-utendors-ballistisk-vest-hurtigutlosning-taktisk-vest-i-settet-skuddsikker-plate-2xpe-iiia-10x12","status":"publish","type":"product","link":"https:\/\/tyditiao.com\/no\/produkt\/cs-treningsutstyr-utendors-ballistisk-vest-hurtigutlosning-taktisk-vest-i-settet-skuddsikker-plate-2xpe-iiia-10x12\/","title":{"rendered":"CS treningsutstyr skuddsikker vest, hurtigutl\u00f8sende ytre taktisk vest inkludert 2XPE IIIA 10&#215;12 skuddsikre plater"},"content":{"rendered":"<p>Sidene og skuldrene p\u00e5 dette produktet er justerbare med borrel\u00e5s, slik at brukere i alle st\u00f8rrelser kan bruke det.<br \/>\nInnerlag: materiale med h\u00f8y styrke<br \/>\nYtre lag: slitesterk oxford-klut, bomull eller nylon, flekkbestandig og slitesterk.<\/p>\n<p>&nbsp;<\/p>\n<p>Forsvarsniv\u00e5: Standard PE skuddsikker plate, NIJIIIA,<br \/>\nBeskyttelsesinnsats: UHMW-PE<br \/>\nTykkelse: ~8mm\/~0,3&#8242;<br \/>\nGyldighet: 5 \u00e5r<br \/>\nTyper prosjektiler som kan forsvares mot:<br \/>\n9 mm full metalljakke (FMJ) \/ rundt hode (RN)<br \/>\n.44 Universal Jacket Hollow Point (JHP)<\/p>\n<p>M\u00e5lrett mot brukere:<br \/>\nSkjulte NIJ klasse IIIA skuddsikre vester beskytter mot v\u00e5penrelaterte farer. Og den har mer tilbeh\u00f8r og opptar et st\u00f8rre omr\u00e5de. St\u00f8rrelsen kan justeres med borrel\u00e5s p\u00e5 sidene og skuldrene. V\u00e5re produkter kan utstyres med v\u00e6pnede styrker, SWAT-byr\u00e5er, interne sikkerhetsbyr\u00e5er, toll- og grensebeskyttelsesbyr\u00e5er, immigrasjonskontrollbyr\u00e5er og andre byr\u00e5er med risiko for skytev\u00e5pen. Folk f\u00e5r bedre resultater og f\u00e6rre ofre.<\/p>\n","protected":false},"excerpt":{"rendered":"<p>JUSTERBAR ST\u00d8RRELSE: Justerbar st\u00f8rrelse med borrel\u00e5s p\u00e5 sidene og skuldrene, \u00e9n st\u00f8rrelse passer alle.<\/p>\n<p>Realiser hurtigutl\u00f8ser: Midjehurtigutl\u00f8serspennen er enkel \u00e5 betjene.<\/p>\n<p>Rikelig med lagringsplass: Innebygd oppbevaringslomme, og verkt\u00f8ylommen kan installeres eller fjernes i henhold til dine behov.<\/p>\n<p>Utstyrt med NIJ IIIA skuddsikre plater foran og bak: kan h\u00e5ndtere trusselen fra pistolkuler.<\/p>\n<p>\u00d8k forsvaret fritt: jakken kan utstyres med skuddsikre innsatser i forskjellige niv\u00e5er.<\/p>\n","protected":false},"featured_media":11892,"comment_status":"open","ping_status":"closed","template":"","meta":[],"product_brand":[],"product_cat":[861],"product_tag":[],"woo-feed-brand":[50],"class_list":{"0":"post-14098","1":"product","2":"type-product","3":"status-publish","4":"has-post-thumbnail","6":"product_cat-taktisk-vest-no","7":"product_shipping_class-0-3-kg-no","8":"woo-feed-brand-tyditiao","10":"first","11":"instock","12":"sale","13":"shipping-taxable","14":"purchasable","15":"product-type-simple"},"_links":{"self":[{"href":"https:\/\/tyditiao.com\/no\/wp-json\/wp\/v2\/product\/14098","targetHints":{"allow":["GET"]}}],"collection":[{"href":"https:\/\/tyditiao.com\/no\/wp-json\/wp\/v2\/product"}],"about":[{"href":"https:\/\/tyditiao.com\/no\/wp-json\/wp\/v2\/types\/product"}],"replies":[{"embeddable":true,"href":"https:\/\/tyditiao.com\/no\/wp-json\/wp\/v2\/comments?post=14098"}],"wp:featuredmedia":[{"embeddable":true,"href":"https:\/\/tyditiao.com\/no\/wp-json\/wp\/v2\/media\/11892"}],"wp:attachment":[{"href":"https:\/\/tyditiao.com\/no\/wp-json\/wp\/v2\/media?parent=14098"}],"wp:term":[{"taxonomy":"product_brand","embeddable":true,"href":"https:\/\/tyditiao.com\/no\/wp-json\/wp\/v2\/product_brand?post=14098"},{"taxonomy":"product_cat","embeddable":true,"href":"https:\/\/tyditiao.com\/no\/wp-json\/wp\/v2\/product_cat?post=14098"},{"taxonomy":"product_tag","embeddable":true,"href":"https:\/\/tyditiao.com\/no\/wp-json\/wp\/v2\/product_tag?post=14098"},{"taxonomy":"woo-feed-brand","embeddable":true,"href":"https:\/\/tyditiao.com\/no\/wp-json\/wp\/v2\/woo-feed-brand?post=14098"}],"curies":[{"name":"wp","href":"https:\/\/api.w.org\/{rel}","templated":true}]}}