{"id":14176,"date":"2022-06-13T04:36:04","date_gmt":"2022-06-13T02:36:04","guid":{"rendered":"http:\/\/tyditiao.com\/product\/militaerhjelm-kroppsrustning-i-klasse-iiia-wendys-militaere-taktiske-hjelm-lysebrun\/"},"modified":"2026-01-26T05:45:29","modified_gmt":"2026-01-26T03:45:29","slug":"wendys-skuddsikker-hjelm-kevlar-hjelm-taktisk-lysebrun","status":"publish","type":"product","link":"https:\/\/tyditiao.com\/no\/produkt\/wendys-skuddsikker-hjelm-kevlar-hjelm-taktisk-lysebrun\/","title":{"rendered":"Milit\u00e6rhjelm, kroppsrustning i klasse IIIA, Wendys milit\u00e6re taktiske hjelm, lysebrun"},"content":{"rendered":"<p>Den wendy milit\u00e6re taktiske IIIA ballistiske hjelmen er designet for \u00e5 v\u00e6re superlett og veldig behagelig \u00e5 ha p\u00e5. Rask og enkel enh\u00e5ndsjustering sikrer en presis passform. Den er ogs\u00e5 utstyrt med h\u00f8ykvalitets energiabsorberende puter, som effektivt kan absorbere slagkraften, redusere deformasjonen av hjelmkroppen etter at kulen treffer, og redusere skadefrekvensen og alvorlighetsgraden til brukeren. Wendy milit\u00e6r taktiske hjelmen er utstyrt med universelle monteringsskinner og en nakkest\u00f8tte, noe som gir Wendy st\u00f8rre muligheter. Sammenlignet med MICH skuddsikre hjelmen betyr den lettere vekten at den ikke trenger \u00e5 belaste hodet mer, men kan brukes til \u00e5 b\u00e6re mer moderne utstyr, som er mer egnet for informasjonsutveksling mellom lag.<\/p>\n<hr \/>\n<p><strong>Forsvarsklasse:<\/strong><\/p>\n<p>Denne skuddsikre hjelmen er en NIJ Level IIIA skuddsikker hjelm i henhold til NIJ 0101.06-standarden, og den tilsvarende testrapporten kan leveres.<\/p>\n<hr \/>\n<p><strong>Forsvarsprosjektilparametere:<\/strong><\/p>\n<p>.44 Mag SJHP<br \/>\n.357 SIG FMJ FN<br \/>\n9mm FMJ RN<br \/>\n.357 Mag JSP<br \/>\n.40 S&amp;W FMJ<\/p>\n<p>Gir ogs\u00e5 beskyttelse mot de fleste h\u00e5ndv\u00e5pentrusler samt trusler av klasse IIA og II<\/p>\n<hr \/>\n<p><strong>Parametere for skuddsikker hjelm:<\/strong><br \/>\nNavn: NIJ llla WENDY skuddsikker hjelm<\/p>\n<p>Materiale: Kevlar-DuPont Aramidfiber med h\u00f8y strekkfasthet<\/p>\n<p>Hodeomkrets: 52-60 cm<\/p>\n<p>F\u00f4r: Slagputer av zorbiumskum holder deg kj\u00f8lig og t\u00f8rr med et vanntett, behagelig f\u00f4r og et antibakterielt belegg som leder bort svette. Leverer mindre enn halvparten av kraften som kreves for repeterende st\u00f8t under alle milj\u00f8forhold. Hjelmen leveres som standard med tre ekstra slagputer og \u00e5tte justerbare puter som kan installeres fleksibelt i henhold til brukerkrav for optimal passform og komfort.<\/p>\n<p>Valgfritt tilbeh\u00f8r: oppbl\u00e5sbare oksygenmasker, ansiktsskjermer, sideskjold, pansrede sideskjold, beskyttelsesskjold, hjelmskjold, skuddsikre masker, etc.<\/p>\n<p>Hjelmfarge: Lysebrun<br \/>\nMICH er en hjelm som stopper pistolskudd og gir p\u00e5litelig beskyttelse mot rusk og fallende rusk.<br \/>\nvil redusere beskyttelsen.<\/p>\n<hr \/>\n<p><strong>&laquo;For folk:<\/strong><br \/>\nNIJ lllA Kevlar WENDY ballistisk hjelm h\u00e5ndterer trusler med pistoler og splinter med sterkere festefester som er lettere og mer behagelige \u00e5 ha p\u00e5. Denne hjelmen passer for alle typer brukere. Ansatte fra byr\u00e5er som milit\u00e6ret, politiet, SWAT, intern sikkerhet, tollvesen og grensevakter kan utstyres med forbedrede kampevner. Det er ogs\u00e5 et godt valg for hjemmebeskyttelse og cosplay.<\/p>\n<hr \/>\n<p>Hvis du har sp\u00f8rsm\u00e5l om produktene v\u00e5re f\u00f8r du er klar til \u00e5 kj\u00f8pe produktene v\u00e5re,<\/p>\n<p>Vennligst (<a href=\"https:\/\/tyditiao.com\/no\/kontakt\/\">kontakt oss<\/a>) umiddelbart, s\u00e5 svarer vi innen 1 virkedag. \u00d8nsker du \u00e5 bestille flere enn 5 skuddsikre hjelmer samtidig, f\u00e5r du en ekstra rabatt;<\/p>\n","protected":false},"excerpt":{"rendered":"<p>God skuddsikker ytelse: NIJ Level lllA, perfekt hodebeskyttelse.<\/p>\n<p>God kvalitet: Wendy Military Tactical Helmet er laget av slitesterk Dupont Kevlar aramidfiber, som er varmebestandig og ikke lett \u00e5 deformere.<\/p>\n<p>ENKEL JUSTERING: Lett Military CAM FIT-hjelmfestesystem med BOA-lukkesystem gir rask og enkel enh\u00e5ndsjustering og presis passform.<\/p>\n<p>Komfortabel \u00e5 ha p\u00e5: Zorbium Foam Impact-sadelen har et vanntett f\u00f4r og et antibakterielt belegg som transporterer bort fuktighet for \u00e5 holde deg kj\u00f8lig og t\u00f8rr mens du har den p\u00e5.<\/p>\n<p>Utvidelse: Rail 2.0-festesystemet er kompatibelt med alle EXFIL Rail 2.0-fester. Dobbeltsidige gimbal-monteringsskinner og pannegimbal er enkle \u00e5 installere og konfigurere, hodesett, pistollys, kameraer, blitslys, nattsynsenheter, GoPro-kameraer og NVG-briller.<\/p>\n","protected":false},"featured_media":10771,"comment_status":"closed","ping_status":"closed","template":"","meta":[],"product_brand":[],"product_cat":[746,745],"product_tag":[],"woo-feed-brand":[50],"class_list":{"0":"post-14176","1":"product","2":"type-product","3":"status-publish","4":"has-post-thumbnail","6":"product_cat-skuddsikker-hjelm","7":"product_cat-wendy-no","8":"woo-feed-brand-tyditiao","10":"first","11":"instock","12":"sale","13":"shipping-taxable","14":"purchasable","15":"product-type-simple"},"_links":{"self":[{"href":"https:\/\/tyditiao.com\/no\/wp-json\/wp\/v2\/product\/14176","targetHints":{"allow":["GET"]}}],"collection":[{"href":"https:\/\/tyditiao.com\/no\/wp-json\/wp\/v2\/product"}],"about":[{"href":"https:\/\/tyditiao.com\/no\/wp-json\/wp\/v2\/types\/product"}],"replies":[{"embeddable":true,"href":"https:\/\/tyditiao.com\/no\/wp-json\/wp\/v2\/comments?post=14176"}],"wp:featuredmedia":[{"embeddable":true,"href":"https:\/\/tyditiao.com\/no\/wp-json\/wp\/v2\/media\/10771"}],"wp:attachment":[{"href":"https:\/\/tyditiao.com\/no\/wp-json\/wp\/v2\/media?parent=14176"}],"wp:term":[{"taxonomy":"product_brand","embeddable":true,"href":"https:\/\/tyditiao.com\/no\/wp-json\/wp\/v2\/product_brand?post=14176"},{"taxonomy":"product_cat","embeddable":true,"href":"https:\/\/tyditiao.com\/no\/wp-json\/wp\/v2\/product_cat?post=14176"},{"taxonomy":"product_tag","embeddable":true,"href":"https:\/\/tyditiao.com\/no\/wp-json\/wp\/v2\/product_tag?post=14176"},{"taxonomy":"woo-feed-brand","embeddable":true,"href":"https:\/\/tyditiao.com\/no\/wp-json\/wp\/v2\/woo-feed-brand?post=14176"}],"curies":[{"name":"wp","href":"https:\/\/api.w.org\/{rel}","templated":true}]}}