{"id":14195,"date":"2022-06-13T04:32:01","date_gmt":"2022-06-13T02:32:01","guid":{"rendered":"http:\/\/tyditiao.com\/product\/ny-kevlar-hjelm-klasse-iiia-militaerhjelm-militaer-kamphjelm-team-wendy-gronn\/"},"modified":"2026-01-26T05:45:43","modified_gmt":"2026-01-26T03:45:43","slug":"wendys-skuddsikker-hjelm-kevlar-hjelm-taktisk-gronn","status":"publish","type":"product","link":"https:\/\/tyditiao.com\/no\/produkt\/wendys-skuddsikker-hjelm-kevlar-hjelm-taktisk-gronn\/","title":{"rendered":"Ny Kevlar-hjelm, klasse IIIA milit\u00e6rhjelm, Milit\u00e6r kamphjelm Team Wendy, Gr\u00f8nn"},"content":{"rendered":"<p>Light Soldier Helmet Wendys hjelm er designet for \u00e5 v\u00e6re superlett og veldig behagelig \u00e5 ha p\u00e5. Den er ogs\u00e5 utstyrt med h\u00f8ykvalitets energiabsorberende innsatser, som effektivt kan absorbere slagkraften, redusere deformasjonen av hjelmkroppen n\u00e5r kulen treffer hjelmen, og redusere skadefrekvensen og graden av brukeren. Dobbeltsidig med universelle monteringsskinner og en kardanbrakett p\u00e5 pannen, slik at Wendy kan skape flere muligheter.<\/p>\n<hr \/>\n<p><strong>Forsvarsklasse:<\/strong><\/p>\n<p>Denne skuddsikre hjelmen er en NIJ Level IIIA skuddsikker hjelm i henhold til NIJ 0101.06-standarden, og den tilsvarende testrapporten kan leveres.<\/p>\n<hr \/>\n<p><strong>Forsvarsprosjektilparametere:<\/strong><\/p>\n<p>.44 Mag SJHP<br \/>\n.357 SIG FMJ FN<br \/>\n9mm FMJ RN<br \/>\n.357 Mag JSP<br \/>\n.40 S&amp;W FMJ<\/p>\n<p>Gir ogs\u00e5 beskyttelse mot de fleste h\u00e5ndv\u00e5pentrusler samt trusler av klasse IIA og II<\/p>\n<hr \/>\n<p><strong>Parametere for skuddsikker hjelm:<\/strong><br \/>\nNavn: NIJ llla WENDY skuddsikker hjelm<\/p>\n<p>Materiale: Kevlar-DuPont Aramidfiber med h\u00f8y strekkfasthet<br \/>\nHodeomkrets: 52-60 cm<\/p>\n<p>F\u00f4r: Zorbium Foam Impact Pads holder deg kj\u00f8lig og t\u00f8rr med vanntett, komfortabel polstring og et antibakterielt deksel som leder bort svette. Leverer mindre enn halvparten av kraften som kreves for repeterende st\u00f8t under alle milj\u00f8forhold. Musematten leveres som standard med tre slagfaste puter og \u00e5tte justerbare puter for optimal passform og komfort.<\/p>\n<p>Valgfritt tilbeh\u00f8r: oppbl\u00e5sbare oksygenmasker, ansiktsskjermer, sideskjold, pansrede sideskjold, skjold, hjelmskjold, skuddsikre masker, etc.<br \/>\nHjelmfarge: Gr\u00f8nn<br \/>\nMICH er en hjelm som stopper pistolskudd og gir p\u00e5litelig beskyttelse mot rusk og fallende rusk.<br \/>\nvil redusere beskyttelsen.<\/p>\n<hr \/>\n<p><strong>&laquo;For folk:<\/strong><br \/>\nNIJ lllA Kevlar WENDY ballistisk hjelm h\u00e5ndterer trusler med pistoler og splinter med sterkere festefester som er lettere og mer behagelige \u00e5 ha p\u00e5. Denne hjelmen passer for alle typer brukere. Ansatte fra byr\u00e5er som milit\u00e6ret, politiet, SWAT, intern sikkerhet, tollvesen og grensevakter kan utstyres med forbedrede kampevner. Det er ogs\u00e5 et godt valg for hjemmebeskyttelse og cosplay.<\/p>\n<hr \/>\n<p>Hvis du \u00f8nsker \u00e5 kj\u00f8pe v\u00e5re produkter eller har sp\u00f8rsm\u00e5l om v\u00e5re produkter;<br \/>\nHvis du har noen tilpasningsbehov;<br \/>\nVennligst (<a href=\"https:\/\/tyditiao.com\/no\/kontakt\/\">kontakt oss<\/a>) umiddelbart, vi vil svare deg innen 1 virkedag<\/p>\n","protected":false},"excerpt":{"rendered":"<p>God kvalitet: Milit\u00e6rhjelmen av teknisk kvalitet er laget av h\u00f8ystyrke DuPont Kevlar Aramid-fiber, som er varmebestandig og ikke lett \u00e5 deformere<\/p>\n<p>God ballistisk ytelse: NIJ niv\u00e5 IIIA<\/p>\n<p>Komfortabel \u00e5 ha p\u00e5: Zorbium Foam Impact Pillow har et vanntett f\u00f4r og antimikrobielt belegg som transporterer bort fuktighet for \u00e5 holde deg kj\u00f8lig og t\u00f8rr.<\/p>\n<p>ENKEL JUSTERING: Lett milit\u00e6rhjelm CAM FIT-monteringssystem med BOA-lukkesystem for sikker enh\u00e5ndsjustering for en presis passform.<\/p>\n<p>UTVIDELSEBAR: Rail 2.0-festesystemet er kompatibelt med alle EXFIL Rail 2.0-fester. Den dobbeltsidige gimbal-monteringsskinnen og gimbal-braketten p\u00e5 pannen lar Wendy skape flere muligheter.<\/p>\n","protected":false},"featured_media":10638,"comment_status":"open","ping_status":"closed","template":"","meta":[],"product_brand":[],"product_cat":[746,745],"product_tag":[],"woo-feed-brand":[50],"class_list":{"0":"post-14195","1":"product","2":"type-product","3":"status-publish","4":"has-post-thumbnail","6":"product_cat-skuddsikker-hjelm","7":"product_cat-wendy-no","8":"woo-feed-brand-tyditiao","10":"first","11":"instock","12":"sale","13":"shipping-taxable","14":"purchasable","15":"product-type-simple"},"_links":{"self":[{"href":"https:\/\/tyditiao.com\/no\/wp-json\/wp\/v2\/product\/14195","targetHints":{"allow":["GET"]}}],"collection":[{"href":"https:\/\/tyditiao.com\/no\/wp-json\/wp\/v2\/product"}],"about":[{"href":"https:\/\/tyditiao.com\/no\/wp-json\/wp\/v2\/types\/product"}],"replies":[{"embeddable":true,"href":"https:\/\/tyditiao.com\/no\/wp-json\/wp\/v2\/comments?post=14195"}],"wp:featuredmedia":[{"embeddable":true,"href":"https:\/\/tyditiao.com\/no\/wp-json\/wp\/v2\/media\/10638"}],"wp:attachment":[{"href":"https:\/\/tyditiao.com\/no\/wp-json\/wp\/v2\/media?parent=14195"}],"wp:term":[{"taxonomy":"product_brand","embeddable":true,"href":"https:\/\/tyditiao.com\/no\/wp-json\/wp\/v2\/product_brand?post=14195"},{"taxonomy":"product_cat","embeddable":true,"href":"https:\/\/tyditiao.com\/no\/wp-json\/wp\/v2\/product_cat?post=14195"},{"taxonomy":"product_tag","embeddable":true,"href":"https:\/\/tyditiao.com\/no\/wp-json\/wp\/v2\/product_tag?post=14195"},{"taxonomy":"woo-feed-brand","embeddable":true,"href":"https:\/\/tyditiao.com\/no\/wp-json\/wp\/v2\/woo-feed-brand?post=14195"}],"curies":[{"name":"wp","href":"https:\/\/api.w.org\/{rel}","templated":true}]}}