{"id":14214,"date":"2022-06-13T04:11:33","date_gmt":"2023-05-23T01:56:46","guid":{"rendered":"http:\/\/tyditiao.com\/product\/polsk-militaerhjelm-klasse-iiia-taktisk-kevlarhjelm-energihjelm-med-hurtigmaske-svart\/"},"modified":"2023-05-23T03:56:46","modified_gmt":"2023-05-23T01:56:46","slug":"rask-skuddsikker-hjelm-taktisk-kevlar-nijiiia-svart","status":"publish","type":"product","link":"https:\/\/tyditiao.com\/no\/produkt\/rask-skuddsikker-hjelm-taktisk-kevlar-nijiiia-svart\/","title":{"rendered":"Polsk milit\u00e6rhjelm, klasse IIIA taktisk kevlarhjelm, energihjelm med hurtigmaske, svart"},"content":{"rendered":"<p><strong>Forsvarsklasse:<\/strong><\/p>\n<p>Denne skuddsikre hjelmen er en NIJ Level IIIA skuddsikker hjelm i henhold til NIJ 0101.06-standarden, og den tilsvarende testrapporten kan leveres.<\/p>\n<hr>\n<p><strong>Forsvarsprosjektilparametere:<\/strong><\/p>\n<p>.44 Mag SJHP<br \/>\n.357 SIG FMJ FN<br \/>\n9mm FMJ RN<br \/>\n.357 Mag JSP<br \/>\n.40 S&#038;W FMJ<\/p>\n<p>Gir ogs\u00e5 beskyttelse mot de fleste h\u00e5ndv\u00e5pentrusler samt trusler av klasse IIA og II<\/p>\n<hr>\n<p><strong>Parametere for skuddsikker hjelm:<\/strong><br \/>\nNavn: NIJ lllA FAST skuddsikker hjelm<\/p>\n<p>Materiale: Kevlar-DuPont Aramidfiber med h\u00f8y strekkfasthet<br \/>\nHodeomkrets: 52-64 cm<br \/>\nValgfritt tilbeh\u00f8r: skuddsikker maske, etc.<br \/>\nHjelmfarge: Sort<br \/>\nMICH er en hjelm som stopper pistolskudd og gir p\u00e5litelig beskyttelse mot rusk og fallende rusk.<br \/>\nvil redusere beskyttelsen.<\/p>\n<hr>\n<p><strong>&laquo;For folk:<\/strong><br \/>\nNIJ lllA Kevlar FAST ballistisk hjelm er designet for \u00e5 h\u00e5ndtere trusselen fra v\u00e5pen og splinter, med sterkere fester for en lettere og mer komfortabel passform. Denne hjelmen passer for alle typer brukere. Ansatte fra byr\u00e5er som milit\u00e6ret, politiet, SWAT, intern sikkerhet, tollvesen og grensevakter kan utstyres med forbedrede kampevner. Det er ogs\u00e5 et godt valg for hjemmebeskyttelse og cosplay.<\/p>\n<hr>\n<p><strong>Hva er en FAST ballistisk hjelm?<\/strong><\/p>\n<p>FAST skuddsikker hjelm (engelsk: Future Assault Shell Technology Helmet, heretter referert til som: FAST) Future Assault Shell Technology Helmet er en kamphjelm utviklet av US Army Research Institute og US Army Research, Development and Engineering Center Natick. Hjelmen er designet for \u00e5 gi komfort for spesielle operasjonsoperat\u00f8rer samtidig som den gir grunnleggende ballistisk beskyttelse. FAST-hjelmen ble f\u00f8rst vist frem for publikum p\u00e5 SHOT SHOW i 2009 og ble snart tatt i bruk av amerikanske spesialstyrker som opererte i Afghanistan. FAST taktiske ballistiske hjelmer er n\u00e5 mye brukt i spesialstyrker og spesialpolitistyrker i forskjellige land. I tillegg er den taktiske hjelmen FAST n\u00e5 standard kamphjelm for det norske forsvaret.<\/p>\n<hr>\n<p><strong>Funksjoner til FAST Kevlar-hjelmen:<\/strong><\/p>\n<p>Sammenlignet med vanlige milit\u00e6rhjelmer er FAST-hjelmen 25 % lettere. Med hjelmopphengssystemet kan brukerne enkelt justere passformen eller stramheten til hjelmen for optimal komfort. FAST-hjelmer er utstyrt med ARC-skinner p\u00e5 venstre og h\u00f8yre side for montering av utstyr som lommelykter, st\u00f8ydempende hodetelefoner og kommunikasjonsutstyr, samt nattsyn eller videoutstyr kan monteres p\u00e5 midten av hjelmen gjennom monteringsadapteren, som er en spesiell kamp, som kan legge til en st\u00f8rre taktisk fordel. Djevelen f\u00f8ltes festet til hjelmen lar brukere feste sitt lands flagg, h\u00e6r eller institusjon, samt passende identifiserende stempler som kallesignaler og blodtyper. I tillegg, p\u00e5 grunn av den modul\u00e6re designen, blir den sivile versjonen av FAST-hjelmen uten skuddsikker funksjon ikke bare brukt av milit\u00e6ret og politiet, men ogs\u00e5 ivrig adoptert av friluftsidrettsut\u00f8vere, journalister, redningsmenn og andre feltarbeidere.<\/p>\n<hr>\n<p><strong>Er den taktiske ballistiske hjelmen FAST god beskyttelse, og hvorfor er den s\u00e5 popul\u00e6r?<\/strong><\/p>\n<p>Det er to grunner: For det f\u00f8rste har fremskritt innen teknologi f\u00f8rt til mer og mer teknisk utstyr for individuelle soldater, som krever en plattform for lading av teknisk tilbeh\u00f8r, som m\u00e5 ofres p\u00e5 bekostning av beskyttelse;<br \/>\nFor det andre er FAST-brukere hovedsakelig spesialstyrker, og p\u00e5 kampavstand gir spesialstyrker rett og slett opp en viss beskyttelse, portabiliteten og det tekniske utstyret p\u00e5 plattformen blir omgjort til overlevelsesrater, og til og med i praktiske applikasjoner, vanligvis bare i tilfelle av raske hjelmer, Det er ingen elementer p\u00e5 mange enheter, bare for portabilitet.<\/p>\n<p>FAST er ikke basert p\u00e5 streng beskyttelse. Ingen dobbeltsidige \u00f8reklokker er ikke nok. Hovedsakelig for \u00e5 gj\u00f8re det lettere for ansatte som bruker hodetelefoner og ekstra tilbeh\u00f8r Lette taktiske hjelmer gir delvis opp beskyttelsen og gir st\u00f8rre fordeler i kamp.<\/p>\n<p>FAST-hjelmer er mye brukt i mange land, og mange land har hjelmdesign som ligner veldig p\u00e5 amerikanske FAST-hjelmer, som Russland, Frankrike og Storbritannia, hjelmer er designet for \u00e5 samsvare med FAST-hjelmer, selv om de vil utvikle seg over tid. Antallet p\u00e5 disse hjelmene endrer seg ogs\u00e5, men ligner fortsatt p\u00e5 FAST-hjelmen, av \u00e5penbare grunner kan denne hjelmen effektivt beskytte hodet og maksimere livet til soldaten.<\/p>\n<hr>\n<p><strong>RASK Kevlar-hjelmpris?<\/strong><\/p>\n<p>Kj\u00f8p direkte fra nettsiden v\u00e5r og spar 15 % av ordin\u00e6r pris<\/p>\n<hr>\n<p>Hvis du \u00f8nsker \u00e5 kj\u00f8pe v\u00e5re produkter eller har sp\u00f8rsm\u00e5l om v\u00e5re produkter;<br \/>\nHvis du har noen tilpasningsbehov;<br \/>\nVennligst (<a href=\"http:\/\/tyditiao.com\/en\/contact\/\">kontakt oss<\/a>) umiddelbart, vi vil svare deg innen 1 virkedag<\/p>\n<p>&nbsp;<\/p>\n<p>&nbsp;<\/p>\n","protected":false},"excerpt":{"rendered":"<p>Laget av h\u00f8ystyrke DuPont Kevlar Aramid fiber, varmebestandig og ikke lett \u00e5 deformere<\/p>\n<p>NIJ niv\u00e5 IIIA<\/p>\n<p>Justeringssystemet for hodeomkrets lar deg justere hodeomkretsen ved \u00e5 trykke p\u00e5 en knapp for \u00e5 oppn\u00e5 den ideelle passformen til hjelmen<\/p>\n<p>Pannen er forsterket med elastiske stropper p\u00e5 sidene av blekkspruten (nederst p\u00e5 nattsynstativet) for \u00e5 feste speil, kameraer, nattsynsbriller og andre enheter<\/p>\n<p>Utstyrt med skinner, kraftigere tilbeh\u00f8rsmontering, kan utstyres med sterkt lyssystem og beacon identifikasjonslys, kan ogs\u00e5 utstyres med h\u00f8rselsvern<\/p>\n","protected":false},"featured_media":10334,"comment_status":"closed","ping_status":"closed","template":"","meta":[],"product_brand":[],"product_cat":[823,746],"product_tag":[],"woo-feed-brand":[50],"class_list":{"0":"post-14214","1":"product","2":"type-product","3":"status-publish","4":"has-post-thumbnail","6":"product_cat-fort","7":"product_cat-skuddsikker-hjelm","8":"woo-feed-brand-tyditiao","10":"first","11":"instock","12":"sale","13":"shipping-taxable","14":"purchasable","15":"product-type-simple"},"_links":{"self":[{"href":"https:\/\/tyditiao.com\/no\/wp-json\/wp\/v2\/product\/14214","targetHints":{"allow":["GET"]}}],"collection":[{"href":"https:\/\/tyditiao.com\/no\/wp-json\/wp\/v2\/product"}],"about":[{"href":"https:\/\/tyditiao.com\/no\/wp-json\/wp\/v2\/types\/product"}],"replies":[{"embeddable":true,"href":"https:\/\/tyditiao.com\/no\/wp-json\/wp\/v2\/comments?post=14214"}],"wp:featuredmedia":[{"embeddable":true,"href":"https:\/\/tyditiao.com\/no\/wp-json\/wp\/v2\/media\/10334"}],"wp:attachment":[{"href":"https:\/\/tyditiao.com\/no\/wp-json\/wp\/v2\/media?parent=14214"}],"wp:term":[{"taxonomy":"product_brand","embeddable":true,"href":"https:\/\/tyditiao.com\/no\/wp-json\/wp\/v2\/product_brand?post=14214"},{"taxonomy":"product_cat","embeddable":true,"href":"https:\/\/tyditiao.com\/no\/wp-json\/wp\/v2\/product_cat?post=14214"},{"taxonomy":"product_tag","embeddable":true,"href":"https:\/\/tyditiao.com\/no\/wp-json\/wp\/v2\/product_tag?post=14214"},{"taxonomy":"woo-feed-brand","embeddable":true,"href":"https:\/\/tyditiao.com\/no\/wp-json\/wp\/v2\/woo-feed-brand?post=14214"}],"curies":[{"name":"wp","href":"https:\/\/api.w.org\/{rel}","templated":true}]}}